{"id":987,"date":"2024-10-25T11:41:20","date_gmt":"2024-10-25T11:41:20","guid":{"rendered":"https:\/\/eurobands.com\/?post_type=product&#038;p=987"},"modified":"2025-01-30T14:56:19","modified_gmt":"2025-01-30T14:56:19","slug":"tasma-transferowa-wzmocniona-siatka-39308","status":"publish","type":"product","link":"https:\/\/eurobands.com\/pl\/product\/scrim-reinforced-transfer-tape-39308\/","title":{"rendered":"Ta\u015bma transferowa wzmocniona w\u0142\u00f3knin\u0105 - 39308"},"content":{"rendered":"<p>Wzmocniona w\u0142\u00f3knin\u0105 ta\u015bma transferowa przeznaczona do laminowania szerokiej gamy materia\u0142\u00f3w.<br \/>\nDoskonale sprawdza si\u0119 przy laminowaniu pianek kom\u00f3rkowych o lekkiej strukturze i drobnych porach.<br \/>\nCharakteryzuje si\u0119 wysok\u0105 odporno\u015bci\u0105 na warunki atmosferyczne, du\u017c\u0105 przyczepno\u015bci\u0105 i odporno\u015bci\u0105 na odrywanie.<br \/>\nZapewnia r\u00f3wnie\u017c dobr\u0105 adhezj\u0119 do PP, PE i EPDM.<\/p>","protected":false},"excerpt":{"rendered":"<p>Scrim reinforced transfer tape used for the lamination of a wide variety of materials Lamination of lightly structured and small pore cellular foams Good weatherability, high tack, high peel adhesion Good adhesion on PP, PE and EPDM<\/p>","protected":false},"featured_media":1030,"comment_status":"open","ping_status":"closed","template":"","meta":[],"product_cat":[31],"product_tag":[],"class_list":{"0":"post-987","1":"product","2":"type-product","3":"status-publish","4":"has-post-thumbnail","6":"product_cat-assembly","8":"first","9":"instock","10":"shipping-taxable","11":"product-type-simple"},"yoast_head":"<!-- This site is optimized with the Yoast SEO plugin v26.1.1 - https:\/\/yoast.com\/wordpress\/plugins\/seo\/ -->\n<title>Scrim reinforced transfer tape - 39308 - Eurobands<\/title>\n<meta name=\"description\" content=\"Scrim reinforced transfer tape for laminating various materials, including foams. High tack, peel adhesion, weatherability, and adhesion to PP, PE, and EPDM\" \/>\n<meta name=\"robots\" content=\"index, follow, max-snippet:-1, max-image-preview:large, max-video-preview:-1\" \/>\n<link rel=\"canonical\" href=\"https:\/\/eurobands.com\/pl\/produkt\/tasma-transferowa-wzmocniona-siatka-39308\/\" \/>\n<meta property=\"og:locale\" content=\"pl_PL\" \/>\n<meta property=\"og:type\" content=\"article\" \/>\n<meta property=\"og:title\" content=\"Scrim reinforced transfer tape - 39308 - Eurobands\" \/>\n<meta property=\"og:description\" content=\"Scrim reinforced transfer tape for laminating various materials, including foams. High tack, peel adhesion, weatherability, and adhesion to PP, PE, and EPDM\" \/>\n<meta property=\"og:url\" content=\"https:\/\/eurobands.com\/pl\/produkt\/tasma-transferowa-wzmocniona-siatka-39308\/\" \/>\n<meta property=\"og:site_name\" content=\"Eurobands\" \/>\n<meta property=\"article:modified_time\" content=\"2025-01-30T14:56:19+00:00\" \/>\n<meta property=\"og:image\" content=\"https:\/\/eurobands.com\/wp-content\/uploads\/2024\/10\/39308-1024x1024.png\" \/>\n\t<meta property=\"og:image:width\" content=\"1024\" \/>\n\t<meta property=\"og:image:height\" content=\"1024\" \/>\n\t<meta property=\"og:image:type\" content=\"image\/png\" \/>\n<meta name=\"twitter:card\" content=\"summary_large_image\" \/>\n<meta name=\"twitter:label1\" content=\"Szacowany czas czytania\" \/>\n\t<meta name=\"twitter:data1\" content=\"1 minuta\" \/>\n<script type=\"application\/ld+json\" class=\"yoast-schema-graph\">{\"@context\":\"https:\/\/schema.org\",\"@graph\":[{\"@type\":\"WebPage\",\"@id\":\"https:\/\/eurobands.com\/product\/scrim-reinforced-transfer-tape-39308\/\",\"url\":\"https:\/\/eurobands.com\/product\/scrim-reinforced-transfer-tape-39308\/\",\"name\":\"Scrim reinforced transfer tape - 39308 - Eurobands\",\"isPartOf\":{\"@id\":\"https:\/\/eurobands.com\/#website\"},\"primaryImageOfPage\":{\"@id\":\"https:\/\/eurobands.com\/product\/scrim-reinforced-transfer-tape-39308\/#primaryimage\"},\"image\":{\"@id\":\"https:\/\/eurobands.com\/product\/scrim-reinforced-transfer-tape-39308\/#primaryimage\"},\"thumbnailUrl\":\"https:\/\/eurobands.com\/wp-content\/uploads\/2024\/10\/39308.png\",\"datePublished\":\"2024-10-25T11:41:20+00:00\",\"dateModified\":\"2025-01-30T14:56:19+00:00\",\"description\":\"Scrim reinforced transfer tape for laminating various materials, including foams. High tack, peel adhesion, weatherability, and adhesion to PP, PE, and EPDM\",\"breadcrumb\":{\"@id\":\"https:\/\/eurobands.com\/product\/scrim-reinforced-transfer-tape-39308\/#breadcrumb\"},\"inLanguage\":\"pl-PL\",\"potentialAction\":[{\"@type\":\"ReadAction\",\"target\":[\"https:\/\/eurobands.com\/product\/scrim-reinforced-transfer-tape-39308\/\"]}]},{\"@type\":\"ImageObject\",\"inLanguage\":\"pl-PL\",\"@id\":\"https:\/\/eurobands.com\/product\/scrim-reinforced-transfer-tape-39308\/#primaryimage\",\"url\":\"https:\/\/eurobands.com\/wp-content\/uploads\/2024\/10\/39308.png\",\"contentUrl\":\"https:\/\/eurobands.com\/wp-content\/uploads\/2024\/10\/39308.png\",\"width\":400,\"height\":400,\"caption\":\"Lamination tape for foams and various materials, with high tack, strong peel adhesion and good weather resistance, adheres to PP, PE and EPDM.\"},{\"@type\":\"BreadcrumbList\",\"@id\":\"https:\/\/eurobands.com\/product\/scrim-reinforced-transfer-tape-39308\/#breadcrumb\",\"itemListElement\":[{\"@type\":\"ListItem\",\"position\":1,\"name\":\"Home\",\"item\":\"https:\/\/eurobands.com\/\"},{\"@type\":\"ListItem\",\"position\":2,\"name\":\"Shop\",\"item\":\"https:\/\/eurobands.com\/shop\/\"},{\"@type\":\"ListItem\",\"position\":3,\"name\":\"Scrim reinforced transfer tape &#8211; 39308\"}]},{\"@type\":\"WebSite\",\"@id\":\"https:\/\/eurobands.com\/#website\",\"url\":\"https:\/\/eurobands.com\/\",\"name\":\"Eurobands\",\"description\":\"\",\"publisher\":{\"@id\":\"https:\/\/eurobands.com\/#organization\"},\"potentialAction\":[{\"@type\":\"SearchAction\",\"target\":{\"@type\":\"EntryPoint\",\"urlTemplate\":\"https:\/\/eurobands.com\/?s={search_term_string}\"},\"query-input\":{\"@type\":\"PropertyValueSpecification\",\"valueRequired\":true,\"valueName\":\"search_term_string\"}}],\"inLanguage\":\"pl-PL\"},{\"@type\":\"Organization\",\"@id\":\"https:\/\/eurobands.com\/#organization\",\"name\":\"Eurobands\",\"url\":\"https:\/\/eurobands.com\/\",\"logo\":{\"@type\":\"ImageObject\",\"inLanguage\":\"pl-PL\",\"@id\":\"https:\/\/eurobands.com\/#\/schema\/logo\/image\/\",\"url\":\"https:\/\/eurobands.com\/wp-content\/uploads\/2024\/03\/EUROBANDS-LOGO_RGB.png\",\"contentUrl\":\"https:\/\/eurobands.com\/wp-content\/uploads\/2024\/03\/EUROBANDS-LOGO_RGB.png\",\"width\":12098,\"height\":3014,\"caption\":\"Eurobands\"},\"image\":{\"@id\":\"https:\/\/eurobands.com\/#\/schema\/logo\/image\/\"}}]}<\/script>\n<!-- \/ Yoast SEO plugin. -->","yoast_head_json":{"title":"Ta\u015bma transferowa wzmocniona w\u0142\u00f3knin\u0105 - 39308 - Eurobands","description":"Wzmocniona w\u0142\u00f3knin\u0105 ta\u015bma transferowa do laminowania r\u00f3\u017cnych materia\u0142\u00f3w, w tym pianek. Wysoka przyczepno\u015b\u0107, odporno\u015b\u0107 na odrywanie, odporno\u015b\u0107 na warunki atmosferyczne i przyczepno\u015b\u0107 do PP, PE i EPDM.","robots":{"index":"index","follow":"follow","max-snippet":"max-snippet:-1","max-image-preview":"max-image-preview:large","max-video-preview":"max-video-preview:-1"},"canonical":"https:\/\/eurobands.com\/pl\/produkt\/tasma-transferowa-wzmocniona-siatka-39308\/","og_locale":"pl_PL","og_type":"article","og_title":"Scrim reinforced transfer tape - 39308 - Eurobands","og_description":"Scrim reinforced transfer tape for laminating various materials, including foams. High tack, peel adhesion, weatherability, and adhesion to PP, PE, and EPDM","og_url":"https:\/\/eurobands.com\/pl\/produkt\/tasma-transferowa-wzmocniona-siatka-39308\/","og_site_name":"Eurobands","article_modified_time":"2025-01-30T14:56:19+00:00","og_image":[{"width":1024,"height":1024,"url":"https:\/\/eurobands.com\/wp-content\/uploads\/2024\/10\/39308-1024x1024.png","type":"image\/png"}],"twitter_card":"summary_large_image","twitter_misc":{"Szacowany czas czytania":"1 minuta"},"schema":{"@context":"https:\/\/schema.org","@graph":[{"@type":"WebPage","@id":"https:\/\/eurobands.com\/product\/scrim-reinforced-transfer-tape-39308\/","url":"https:\/\/eurobands.com\/product\/scrim-reinforced-transfer-tape-39308\/","name":"Ta\u015bma transferowa wzmocniona w\u0142\u00f3knin\u0105 - 39308 - Eurobands","isPartOf":{"@id":"https:\/\/eurobands.com\/#website"},"primaryImageOfPage":{"@id":"https:\/\/eurobands.com\/product\/scrim-reinforced-transfer-tape-39308\/#primaryimage"},"image":{"@id":"https:\/\/eurobands.com\/product\/scrim-reinforced-transfer-tape-39308\/#primaryimage"},"thumbnailUrl":"https:\/\/eurobands.com\/wp-content\/uploads\/2024\/10\/39308.png","datePublished":"2024-10-25T11:41:20+00:00","dateModified":"2025-01-30T14:56:19+00:00","description":"Wzmocniona w\u0142\u00f3knin\u0105 ta\u015bma transferowa do laminowania r\u00f3\u017cnych materia\u0142\u00f3w, w tym pianek. Wysoka przyczepno\u015b\u0107, odporno\u015b\u0107 na odrywanie, odporno\u015b\u0107 na warunki atmosferyczne i przyczepno\u015b\u0107 do PP, PE i EPDM.","breadcrumb":{"@id":"https:\/\/eurobands.com\/product\/scrim-reinforced-transfer-tape-39308\/#breadcrumb"},"inLanguage":"pl-PL","potentialAction":[{"@type":"ReadAction","target":["https:\/\/eurobands.com\/product\/scrim-reinforced-transfer-tape-39308\/"]}]},{"@type":"ImageObject","inLanguage":"pl-PL","@id":"https:\/\/eurobands.com\/product\/scrim-reinforced-transfer-tape-39308\/#primaryimage","url":"https:\/\/eurobands.com\/wp-content\/uploads\/2024\/10\/39308.png","contentUrl":"https:\/\/eurobands.com\/wp-content\/uploads\/2024\/10\/39308.png","width":400,"height":400,"caption":"Lamination tape for foams and various materials, with high tack, strong peel adhesion and good weather resistance, adheres to PP, PE and EPDM."},{"@type":"BreadcrumbList","@id":"https:\/\/eurobands.com\/product\/scrim-reinforced-transfer-tape-39308\/#breadcrumb","itemListElement":[{"@type":"ListItem","position":1,"name":"Home","item":"https:\/\/eurobands.com\/"},{"@type":"ListItem","position":2,"name":"Shop","item":"https:\/\/eurobands.com\/shop\/"},{"@type":"ListItem","position":3,"name":"Scrim reinforced transfer tape &#8211; 39308"}]},{"@type":"WebSite","@id":"https:\/\/eurobands.com\/#website","url":"https:\/\/eurobands.com\/","name":"Eurobandy","description":"","publisher":{"@id":"https:\/\/eurobands.com\/#organization"},"potentialAction":[{"@type":"SearchAction","target":{"@type":"EntryPoint","urlTemplate":"https:\/\/eurobands.com\/?s={search_term_string}"},"query-input":{"@type":"PropertyValueSpecification","valueRequired":true,"valueName":"search_term_string"}}],"inLanguage":"pl-PL"},{"@type":"Organization","@id":"https:\/\/eurobands.com\/#organization","name":"Eurobandy","url":"https:\/\/eurobands.com\/","logo":{"@type":"ImageObject","inLanguage":"pl-PL","@id":"https:\/\/eurobands.com\/#\/schema\/logo\/image\/","url":"https:\/\/eurobands.com\/wp-content\/uploads\/2024\/03\/EUROBANDS-LOGO_RGB.png","contentUrl":"https:\/\/eurobands.com\/wp-content\/uploads\/2024\/03\/EUROBANDS-LOGO_RGB.png","width":12098,"height":3014,"caption":"Eurobands"},"image":{"@id":"https:\/\/eurobands.com\/#\/schema\/logo\/image\/"}}]}},"_links":{"self":[{"href":"https:\/\/eurobands.com\/pl\/wp-json\/wp\/v2\/product\/987","targetHints":{"allow":["GET"]}}],"collection":[{"href":"https:\/\/eurobands.com\/pl\/wp-json\/wp\/v2\/product"}],"about":[{"href":"https:\/\/eurobands.com\/pl\/wp-json\/wp\/v2\/types\/product"}],"replies":[{"embeddable":true,"href":"https:\/\/eurobands.com\/pl\/wp-json\/wp\/v2\/comments?post=987"}],"wp:featuredmedia":[{"embeddable":true,"href":"https:\/\/eurobands.com\/pl\/wp-json\/wp\/v2\/media\/1030"}],"wp:attachment":[{"href":"https:\/\/eurobands.com\/pl\/wp-json\/wp\/v2\/media?parent=987"}],"wp:term":[{"taxonomy":"product_cat","embeddable":true,"href":"https:\/\/eurobands.com\/pl\/wp-json\/wp\/v2\/product_cat?post=987"},{"taxonomy":"product_tag","embeddable":true,"href":"https:\/\/eurobands.com\/pl\/wp-json\/wp\/v2\/product_tag?post=987"}],"curies":[{"name":"wp","href":"https:\/\/api.w.org\/{rel}","templated":true}]}}