{"id":961,"date":"2024-10-25T11:41:40","date_gmt":"2024-10-25T11:41:40","guid":{"rendered":"https:\/\/eurobands.com\/?post_type=product&#038;p=961"},"modified":"2025-01-30T14:47:41","modified_gmt":"2025-01-30T14:47:41","slug":"tasma-klejaca-do-powierzchni-porowatych-08035","status":"publish","type":"product","link":"https:\/\/eurobands.com\/pl\/product\/adhesive-tape-for-porous-surface-08035\/","title":{"rendered":"Ta\u015bma klej\u0105ca do powierzchni porowatych - 08035"},"content":{"rendered":"<p>Ta\u015bma samoprzylepna specjalnie zaprojektowana do przylegania do p\u0142askich i porowatych materia\u0142\u00f3w, takich jak kamie\u0144, beton, metale i szk\u0142o.<br \/>\nNadaje si\u0119 do uszczelniania ok\u0142adzin i elewacji<br \/>\nKlej zapewnia doskona\u0142e wi\u0105zanie, kt\u00f3re z czasem ro\u015bnie i zapewnia wodoszczelne uszczelnienie<br \/>\nMa wysok\u0105 przyczepno\u015b\u0107 pocz\u0105tkow\u0105, pozostaje elastyczny i jest \u0142atwy w aplikacji<\/p>","protected":false},"excerpt":{"rendered":"<p>Adhesive tape specially designed to adhere on flat and porous materials such as stone, concrete, metals and glass Suitable for cladding and fa\u00e7ade sealing The adhesive offers a perfect bonding which grows in time and and provides a watertight seal Has high initial tack, stays flexible and is easy to apply<\/p>","protected":false},"featured_media":1009,"comment_status":"open","ping_status":"closed","template":"","meta":[],"product_cat":[28],"product_tag":[],"class_list":{"0":"post-961","1":"product","2":"type-product","3":"status-publish","4":"has-post-thumbnail","6":"product_cat-sealing","8":"first","9":"instock","10":"shipping-taxable","11":"product-type-simple"},"yoast_head":"<!-- This site is optimized with the Yoast SEO plugin v26.1.1 - https:\/\/yoast.com\/wordpress\/plugins\/seo\/ -->\n<title>Adhesive tape for porous surface - 08035 - Eurobands<\/title>\n<meta name=\"description\" content=\"Adhesive tape for flat and porous surfaces like stone, concrete, metals, and glass. Ideal for cladding and fa\u00e7ade sealing with strong, watertight bonding.\" \/>\n<meta name=\"robots\" content=\"index, follow, max-snippet:-1, max-image-preview:large, max-video-preview:-1\" \/>\n<link rel=\"canonical\" href=\"https:\/\/eurobands.com\/pl\/produkt\/tasma-klejaca-do-powierzchni-porowatych-08035\/\" \/>\n<meta property=\"og:locale\" content=\"pl_PL\" \/>\n<meta property=\"og:type\" content=\"article\" \/>\n<meta property=\"og:title\" content=\"Adhesive tape for porous surface - 08035 - Eurobands\" \/>\n<meta property=\"og:description\" content=\"Adhesive tape for flat and porous surfaces like stone, concrete, metals, and glass. Ideal for cladding and fa\u00e7ade sealing with strong, watertight bonding.\" \/>\n<meta property=\"og:url\" content=\"https:\/\/eurobands.com\/pl\/produkt\/tasma-klejaca-do-powierzchni-porowatych-08035\/\" \/>\n<meta property=\"og:site_name\" content=\"Eurobands\" \/>\n<meta property=\"article:modified_time\" content=\"2025-01-30T14:47:41+00:00\" \/>\n<meta property=\"og:image\" content=\"https:\/\/eurobands.com\/wp-content\/uploads\/2024\/10\/08035-1024x1024.png\" \/>\n\t<meta property=\"og:image:width\" content=\"1024\" \/>\n\t<meta property=\"og:image:height\" content=\"1024\" \/>\n\t<meta property=\"og:image:type\" content=\"image\/png\" \/>\n<meta name=\"twitter:card\" content=\"summary_large_image\" \/>\n<meta name=\"twitter:label1\" content=\"Szacowany czas czytania\" \/>\n\t<meta name=\"twitter:data1\" content=\"1 minuta\" \/>\n<script type=\"application\/ld+json\" class=\"yoast-schema-graph\">{\"@context\":\"https:\/\/schema.org\",\"@graph\":[{\"@type\":\"WebPage\",\"@id\":\"https:\/\/eurobands.com\/product\/adhesive-tape-for-porous-surface-08035\/\",\"url\":\"https:\/\/eurobands.com\/product\/adhesive-tape-for-porous-surface-08035\/\",\"name\":\"Adhesive tape for porous surface - 08035 - Eurobands\",\"isPartOf\":{\"@id\":\"https:\/\/eurobands.com\/#website\"},\"primaryImageOfPage\":{\"@id\":\"https:\/\/eurobands.com\/product\/adhesive-tape-for-porous-surface-08035\/#primaryimage\"},\"image\":{\"@id\":\"https:\/\/eurobands.com\/product\/adhesive-tape-for-porous-surface-08035\/#primaryimage\"},\"thumbnailUrl\":\"https:\/\/eurobands.com\/wp-content\/uploads\/2024\/10\/08035.png\",\"datePublished\":\"2024-10-25T11:41:40+00:00\",\"dateModified\":\"2025-01-30T14:47:41+00:00\",\"description\":\"Adhesive tape for flat and porous surfaces like stone, concrete, metals, and glass. Ideal for cladding and fa\u00e7ade sealing with strong, watertight bonding.\",\"breadcrumb\":{\"@id\":\"https:\/\/eurobands.com\/product\/adhesive-tape-for-porous-surface-08035\/#breadcrumb\"},\"inLanguage\":\"pl-PL\",\"potentialAction\":[{\"@type\":\"ReadAction\",\"target\":[\"https:\/\/eurobands.com\/product\/adhesive-tape-for-porous-surface-08035\/\"]}]},{\"@type\":\"ImageObject\",\"inLanguage\":\"pl-PL\",\"@id\":\"https:\/\/eurobands.com\/product\/adhesive-tape-for-porous-surface-08035\/#primaryimage\",\"url\":\"https:\/\/eurobands.com\/wp-content\/uploads\/2024\/10\/08035.png\",\"contentUrl\":\"https:\/\/eurobands.com\/wp-content\/uploads\/2024\/10\/08035.png\",\"width\":400,\"height\":400,\"caption\":\"Sealing tape for flat and porous materials such as stone, concrete, metal and glass. Flexible, watertight, high tack and easy to apply.\"},{\"@type\":\"BreadcrumbList\",\"@id\":\"https:\/\/eurobands.com\/product\/adhesive-tape-for-porous-surface-08035\/#breadcrumb\",\"itemListElement\":[{\"@type\":\"ListItem\",\"position\":1,\"name\":\"Home\",\"item\":\"https:\/\/eurobands.com\/\"},{\"@type\":\"ListItem\",\"position\":2,\"name\":\"Shop\",\"item\":\"https:\/\/eurobands.com\/shop\/\"},{\"@type\":\"ListItem\",\"position\":3,\"name\":\"Adhesive tape for porous surface &#8211; 08035\"}]},{\"@type\":\"WebSite\",\"@id\":\"https:\/\/eurobands.com\/#website\",\"url\":\"https:\/\/eurobands.com\/\",\"name\":\"Eurobands\",\"description\":\"\",\"publisher\":{\"@id\":\"https:\/\/eurobands.com\/#organization\"},\"potentialAction\":[{\"@type\":\"SearchAction\",\"target\":{\"@type\":\"EntryPoint\",\"urlTemplate\":\"https:\/\/eurobands.com\/?s={search_term_string}\"},\"query-input\":{\"@type\":\"PropertyValueSpecification\",\"valueRequired\":true,\"valueName\":\"search_term_string\"}}],\"inLanguage\":\"pl-PL\"},{\"@type\":\"Organization\",\"@id\":\"https:\/\/eurobands.com\/#organization\",\"name\":\"Eurobands\",\"url\":\"https:\/\/eurobands.com\/\",\"logo\":{\"@type\":\"ImageObject\",\"inLanguage\":\"pl-PL\",\"@id\":\"https:\/\/eurobands.com\/#\/schema\/logo\/image\/\",\"url\":\"https:\/\/eurobands.com\/wp-content\/uploads\/2024\/03\/EUROBANDS-LOGO_RGB.png\",\"contentUrl\":\"https:\/\/eurobands.com\/wp-content\/uploads\/2024\/03\/EUROBANDS-LOGO_RGB.png\",\"width\":12098,\"height\":3014,\"caption\":\"Eurobands\"},\"image\":{\"@id\":\"https:\/\/eurobands.com\/#\/schema\/logo\/image\/\"}}]}<\/script>\n<!-- \/ Yoast SEO plugin. -->","yoast_head_json":{"title":"Ta\u015bma klej\u0105ca do powierzchni porowatych - 08035 - Eurobands","description":"Ta\u015bma klej\u0105ca do p\u0142askich i porowatych powierzchni, takich jak kamie\u0144, beton, metale i szk\u0142o. Idealna do uszczelniania ok\u0142adzin i elewacji dzi\u0119ki mocnemu, wodoszczelnemu wi\u0105zaniu.","robots":{"index":"index","follow":"follow","max-snippet":"max-snippet:-1","max-image-preview":"max-image-preview:large","max-video-preview":"max-video-preview:-1"},"canonical":"https:\/\/eurobands.com\/pl\/produkt\/tasma-klejaca-do-powierzchni-porowatych-08035\/","og_locale":"pl_PL","og_type":"article","og_title":"Adhesive tape for porous surface - 08035 - Eurobands","og_description":"Adhesive tape for flat and porous surfaces like stone, concrete, metals, and glass. Ideal for cladding and fa\u00e7ade sealing with strong, watertight bonding.","og_url":"https:\/\/eurobands.com\/pl\/produkt\/tasma-klejaca-do-powierzchni-porowatych-08035\/","og_site_name":"Eurobands","article_modified_time":"2025-01-30T14:47:41+00:00","og_image":[{"width":1024,"height":1024,"url":"https:\/\/eurobands.com\/wp-content\/uploads\/2024\/10\/08035-1024x1024.png","type":"image\/png"}],"twitter_card":"summary_large_image","twitter_misc":{"Szacowany czas czytania":"1 minuta"},"schema":{"@context":"https:\/\/schema.org","@graph":[{"@type":"WebPage","@id":"https:\/\/eurobands.com\/product\/adhesive-tape-for-porous-surface-08035\/","url":"https:\/\/eurobands.com\/product\/adhesive-tape-for-porous-surface-08035\/","name":"Ta\u015bma klej\u0105ca do powierzchni porowatych - 08035 - Eurobands","isPartOf":{"@id":"https:\/\/eurobands.com\/#website"},"primaryImageOfPage":{"@id":"https:\/\/eurobands.com\/product\/adhesive-tape-for-porous-surface-08035\/#primaryimage"},"image":{"@id":"https:\/\/eurobands.com\/product\/adhesive-tape-for-porous-surface-08035\/#primaryimage"},"thumbnailUrl":"https:\/\/eurobands.com\/wp-content\/uploads\/2024\/10\/08035.png","datePublished":"2024-10-25T11:41:40+00:00","dateModified":"2025-01-30T14:47:41+00:00","description":"Ta\u015bma klej\u0105ca do p\u0142askich i porowatych powierzchni, takich jak kamie\u0144, beton, metale i szk\u0142o. Idealna do uszczelniania ok\u0142adzin i elewacji dzi\u0119ki mocnemu, wodoszczelnemu wi\u0105zaniu.","breadcrumb":{"@id":"https:\/\/eurobands.com\/product\/adhesive-tape-for-porous-surface-08035\/#breadcrumb"},"inLanguage":"pl-PL","potentialAction":[{"@type":"ReadAction","target":["https:\/\/eurobands.com\/product\/adhesive-tape-for-porous-surface-08035\/"]}]},{"@type":"ImageObject","inLanguage":"pl-PL","@id":"https:\/\/eurobands.com\/product\/adhesive-tape-for-porous-surface-08035\/#primaryimage","url":"https:\/\/eurobands.com\/wp-content\/uploads\/2024\/10\/08035.png","contentUrl":"https:\/\/eurobands.com\/wp-content\/uploads\/2024\/10\/08035.png","width":400,"height":400,"caption":"Sealing tape for flat and porous materials such as stone, concrete, metal and glass. Flexible, watertight, high tack and easy to apply."},{"@type":"BreadcrumbList","@id":"https:\/\/eurobands.com\/product\/adhesive-tape-for-porous-surface-08035\/#breadcrumb","itemListElement":[{"@type":"ListItem","position":1,"name":"Home","item":"https:\/\/eurobands.com\/"},{"@type":"ListItem","position":2,"name":"Shop","item":"https:\/\/eurobands.com\/shop\/"},{"@type":"ListItem","position":3,"name":"Adhesive tape for porous surface &#8211; 08035"}]},{"@type":"WebSite","@id":"https:\/\/eurobands.com\/#website","url":"https:\/\/eurobands.com\/","name":"Eurobandy","description":"","publisher":{"@id":"https:\/\/eurobands.com\/#organization"},"potentialAction":[{"@type":"SearchAction","target":{"@type":"EntryPoint","urlTemplate":"https:\/\/eurobands.com\/?s={search_term_string}"},"query-input":{"@type":"PropertyValueSpecification","valueRequired":true,"valueName":"search_term_string"}}],"inLanguage":"pl-PL"},{"@type":"Organization","@id":"https:\/\/eurobands.com\/#organization","name":"Eurobandy","url":"https:\/\/eurobands.com\/","logo":{"@type":"ImageObject","inLanguage":"pl-PL","@id":"https:\/\/eurobands.com\/#\/schema\/logo\/image\/","url":"https:\/\/eurobands.com\/wp-content\/uploads\/2024\/03\/EUROBANDS-LOGO_RGB.png","contentUrl":"https:\/\/eurobands.com\/wp-content\/uploads\/2024\/03\/EUROBANDS-LOGO_RGB.png","width":12098,"height":3014,"caption":"Eurobands"},"image":{"@id":"https:\/\/eurobands.com\/#\/schema\/logo\/image\/"}}]}},"_links":{"self":[{"href":"https:\/\/eurobands.com\/pl\/wp-json\/wp\/v2\/product\/961","targetHints":{"allow":["GET"]}}],"collection":[{"href":"https:\/\/eurobands.com\/pl\/wp-json\/wp\/v2\/product"}],"about":[{"href":"https:\/\/eurobands.com\/pl\/wp-json\/wp\/v2\/types\/product"}],"replies":[{"embeddable":true,"href":"https:\/\/eurobands.com\/pl\/wp-json\/wp\/v2\/comments?post=961"}],"wp:featuredmedia":[{"embeddable":true,"href":"https:\/\/eurobands.com\/pl\/wp-json\/wp\/v2\/media\/1009"}],"wp:attachment":[{"href":"https:\/\/eurobands.com\/pl\/wp-json\/wp\/v2\/media?parent=961"}],"wp:term":[{"taxonomy":"product_cat","embeddable":true,"href":"https:\/\/eurobands.com\/pl\/wp-json\/wp\/v2\/product_cat?post=961"},{"taxonomy":"product_tag","embeddable":true,"href":"https:\/\/eurobands.com\/pl\/wp-json\/wp\/v2\/product_tag?post=961"}],"curies":[{"name":"wp","href":"https:\/\/api.w.org\/{rel}","templated":true}]}}