{"id":1214,"date":"2024-10-25T11:39:32","date_gmt":"2024-10-25T11:39:32","guid":{"rendered":"https:\/\/eurobands.com\/?post_type=product&#038;p=1214"},"modified":"2025-01-31T13:30:32","modified_gmt":"2025-01-31T13:30:32","slug":"uniwersalna-tasma-zrywalna-06119","status":"publish","type":"product","link":"https:\/\/eurobands.com\/pl\/product\/universal-tearable-tape-06119\/","title":{"rendered":"Uniwersalna ta\u015bma zrywalna - 06119"},"content":{"rendered":"<p>Uniwersalna ta\u015bma zrywalna stosowana do prowizorycznych napraw, sklejania i \u0142\u0105czenia r\u00f3\u017cnych materia\u0142\u00f3w.<br \/>\nU\u017cywany do klejenia grzbiet\u00f3w ksi\u0105\u017cek i dekoracji<br \/>\nDost\u0119pne w r\u00f3\u017cnych kolorach<\/p>","protected":false},"excerpt":{"rendered":"<p>Uniwersalna ta\u015bma \u0142amana, s\u0142u\u017c\u0105ca do prowizorycznych napraw, sklejania i \u0142\u0105czenia r\u00f3\u017cnorodnych materia\u0142\u00f3w. Stosowana do oklejania grzbiet\u00f3w ksi\u0105\u017cek i do dekoracji. Dost\u0119pna w wielu kolorach.<\/p>","protected":false},"featured_media":1237,"comment_status":"open","ping_status":"closed","template":"","meta":[],"product_cat":[61],"product_tag":[],"class_list":{"0":"post-1214","1":"product","2":"type-product","3":"status-publish","4":"has-post-thumbnail","6":"product_cat-general-purpose","8":"first","9":"instock","10":"shipping-taxable","11":"product-type-simple"},"yoast_head":"<!-- This site is optimized with the Yoast SEO plugin v26.1.1 - https:\/\/yoast.com\/wordpress\/plugins\/seo\/ -->\n<title>Universal tearable tape - 06119 - Eurobands<\/title>\n<meta name=\"description\" content=\"Universal tearable tape for repairs, bonding, and book spine gluing. Also suitable for decorating, available in various colors.\" \/>\n<meta name=\"robots\" content=\"index, follow, max-snippet:-1, max-image-preview:large, max-video-preview:-1\" \/>\n<link rel=\"canonical\" href=\"https:\/\/eurobands.com\/pl\/produkt\/uniwersalna-tasma-zrywalna-06119\/\" \/>\n<meta property=\"og:locale\" content=\"pl_PL\" \/>\n<meta property=\"og:type\" content=\"article\" \/>\n<meta property=\"og:title\" content=\"Universal tearable tape - 06119 - Eurobands\" \/>\n<meta property=\"og:description\" content=\"Universal tearable tape for repairs, bonding, and book spine gluing. Also suitable for decorating, available in various colors.\" \/>\n<meta property=\"og:url\" content=\"https:\/\/eurobands.com\/pl\/produkt\/uniwersalna-tasma-zrywalna-06119\/\" \/>\n<meta property=\"og:site_name\" content=\"Eurobands\" \/>\n<meta property=\"article:modified_time\" content=\"2025-01-31T13:30:32+00:00\" \/>\n<meta property=\"og:image\" content=\"https:\/\/eurobands.com\/wp-content\/uploads\/2024\/10\/06119-RD-1024x1024.png\" \/>\n\t<meta property=\"og:image:width\" content=\"1024\" \/>\n\t<meta property=\"og:image:height\" content=\"1024\" \/>\n\t<meta property=\"og:image:type\" content=\"image\/png\" \/>\n<meta name=\"twitter:card\" content=\"summary_large_image\" \/>\n<meta name=\"twitter:label1\" content=\"Szacowany czas czytania\" \/>\n\t<meta name=\"twitter:data1\" content=\"1 minuta\" \/>\n<script type=\"application\/ld+json\" class=\"yoast-schema-graph\">{\"@context\":\"https:\/\/schema.org\",\"@graph\":[{\"@type\":\"WebPage\",\"@id\":\"https:\/\/eurobands.com\/product\/universal-tearable-tape-06119\/\",\"url\":\"https:\/\/eurobands.com\/product\/universal-tearable-tape-06119\/\",\"name\":\"Universal tearable tape - 06119 - Eurobands\",\"isPartOf\":{\"@id\":\"https:\/\/eurobands.com\/#website\"},\"primaryImageOfPage\":{\"@id\":\"https:\/\/eurobands.com\/product\/universal-tearable-tape-06119\/#primaryimage\"},\"image\":{\"@id\":\"https:\/\/eurobands.com\/product\/universal-tearable-tape-06119\/#primaryimage\"},\"thumbnailUrl\":\"https:\/\/eurobands.com\/wp-content\/uploads\/2024\/10\/06119-RD.png\",\"datePublished\":\"2024-10-25T11:39:32+00:00\",\"dateModified\":\"2025-01-31T13:30:32+00:00\",\"description\":\"Universal tearable tape for repairs, bonding, and book spine gluing. Also suitable for decorating, available in various colors.\",\"breadcrumb\":{\"@id\":\"https:\/\/eurobands.com\/product\/universal-tearable-tape-06119\/#breadcrumb\"},\"inLanguage\":\"pl-PL\",\"potentialAction\":[{\"@type\":\"ReadAction\",\"target\":[\"https:\/\/eurobands.com\/product\/universal-tearable-tape-06119\/\"]}]},{\"@type\":\"ImageObject\",\"inLanguage\":\"pl-PL\",\"@id\":\"https:\/\/eurobands.com\/product\/universal-tearable-tape-06119\/#primaryimage\",\"url\":\"https:\/\/eurobands.com\/wp-content\/uploads\/2024\/10\/06119-RD.png\",\"contentUrl\":\"https:\/\/eurobands.com\/wp-content\/uploads\/2024\/10\/06119-RD.png\",\"width\":400,\"height\":400,\"caption\":\"Universal tearable tape for quick repairs, bonding materials, book spine gluing and decoration, available in multiple colors.\"},{\"@type\":\"BreadcrumbList\",\"@id\":\"https:\/\/eurobands.com\/product\/universal-tearable-tape-06119\/#breadcrumb\",\"itemListElement\":[{\"@type\":\"ListItem\",\"position\":1,\"name\":\"Home\",\"item\":\"https:\/\/eurobands.com\/\"},{\"@type\":\"ListItem\",\"position\":2,\"name\":\"Shop\",\"item\":\"https:\/\/eurobands.com\/shop\/\"},{\"@type\":\"ListItem\",\"position\":3,\"name\":\"Universal tearable tape &#8211; 06119\"}]},{\"@type\":\"WebSite\",\"@id\":\"https:\/\/eurobands.com\/#website\",\"url\":\"https:\/\/eurobands.com\/\",\"name\":\"Eurobands\",\"description\":\"\",\"publisher\":{\"@id\":\"https:\/\/eurobands.com\/#organization\"},\"potentialAction\":[{\"@type\":\"SearchAction\",\"target\":{\"@type\":\"EntryPoint\",\"urlTemplate\":\"https:\/\/eurobands.com\/?s={search_term_string}\"},\"query-input\":{\"@type\":\"PropertyValueSpecification\",\"valueRequired\":true,\"valueName\":\"search_term_string\"}}],\"inLanguage\":\"pl-PL\"},{\"@type\":\"Organization\",\"@id\":\"https:\/\/eurobands.com\/#organization\",\"name\":\"Eurobands\",\"url\":\"https:\/\/eurobands.com\/\",\"logo\":{\"@type\":\"ImageObject\",\"inLanguage\":\"pl-PL\",\"@id\":\"https:\/\/eurobands.com\/#\/schema\/logo\/image\/\",\"url\":\"https:\/\/eurobands.com\/wp-content\/uploads\/2024\/03\/EUROBANDS-LOGO_RGB.png\",\"contentUrl\":\"https:\/\/eurobands.com\/wp-content\/uploads\/2024\/03\/EUROBANDS-LOGO_RGB.png\",\"width\":12098,\"height\":3014,\"caption\":\"Eurobands\"},\"image\":{\"@id\":\"https:\/\/eurobands.com\/#\/schema\/logo\/image\/\"}}]}<\/script>\n<!-- \/ Yoast SEO plugin. -->","yoast_head_json":{"title":"Uniwersalna ta\u015bma zrywalna - 06119 - Eurobands","description":"Uniwersalna ta\u015bma zrywalna do napraw, klejenia i podklejania grzbiet\u00f3w ksi\u0105\u017cek. Nadaje si\u0119 r\u00f3wnie\u017c do dekoracji, dost\u0119pna w r\u00f3\u017cnych kolorach.","robots":{"index":"index","follow":"follow","max-snippet":"max-snippet:-1","max-image-preview":"max-image-preview:large","max-video-preview":"max-video-preview:-1"},"canonical":"https:\/\/eurobands.com\/pl\/produkt\/uniwersalna-tasma-zrywalna-06119\/","og_locale":"pl_PL","og_type":"article","og_title":"Universal tearable tape - 06119 - Eurobands","og_description":"Universal tearable tape for repairs, bonding, and book spine gluing. Also suitable for decorating, available in various colors.","og_url":"https:\/\/eurobands.com\/pl\/produkt\/uniwersalna-tasma-zrywalna-06119\/","og_site_name":"Eurobands","article_modified_time":"2025-01-31T13:30:32+00:00","og_image":[{"width":1024,"height":1024,"url":"https:\/\/eurobands.com\/wp-content\/uploads\/2024\/10\/06119-RD-1024x1024.png","type":"image\/png"}],"twitter_card":"summary_large_image","twitter_misc":{"Szacowany czas czytania":"1 minuta"},"schema":{"@context":"https:\/\/schema.org","@graph":[{"@type":"WebPage","@id":"https:\/\/eurobands.com\/product\/universal-tearable-tape-06119\/","url":"https:\/\/eurobands.com\/product\/universal-tearable-tape-06119\/","name":"Uniwersalna ta\u015bma zrywalna - 06119 - Eurobands","isPartOf":{"@id":"https:\/\/eurobands.com\/#website"},"primaryImageOfPage":{"@id":"https:\/\/eurobands.com\/product\/universal-tearable-tape-06119\/#primaryimage"},"image":{"@id":"https:\/\/eurobands.com\/product\/universal-tearable-tape-06119\/#primaryimage"},"thumbnailUrl":"https:\/\/eurobands.com\/wp-content\/uploads\/2024\/10\/06119-RD.png","datePublished":"2024-10-25T11:39:32+00:00","dateModified":"2025-01-31T13:30:32+00:00","description":"Uniwersalna ta\u015bma zrywalna do napraw, klejenia i podklejania grzbiet\u00f3w ksi\u0105\u017cek. Nadaje si\u0119 r\u00f3wnie\u017c do dekoracji, dost\u0119pna w r\u00f3\u017cnych kolorach.","breadcrumb":{"@id":"https:\/\/eurobands.com\/product\/universal-tearable-tape-06119\/#breadcrumb"},"inLanguage":"pl-PL","potentialAction":[{"@type":"ReadAction","target":["https:\/\/eurobands.com\/product\/universal-tearable-tape-06119\/"]}]},{"@type":"ImageObject","inLanguage":"pl-PL","@id":"https:\/\/eurobands.com\/product\/universal-tearable-tape-06119\/#primaryimage","url":"https:\/\/eurobands.com\/wp-content\/uploads\/2024\/10\/06119-RD.png","contentUrl":"https:\/\/eurobands.com\/wp-content\/uploads\/2024\/10\/06119-RD.png","width":400,"height":400,"caption":"Universal tearable tape for quick repairs, bonding materials, book spine gluing and decoration, available in multiple colors."},{"@type":"BreadcrumbList","@id":"https:\/\/eurobands.com\/product\/universal-tearable-tape-06119\/#breadcrumb","itemListElement":[{"@type":"ListItem","position":1,"name":"Home","item":"https:\/\/eurobands.com\/"},{"@type":"ListItem","position":2,"name":"Shop","item":"https:\/\/eurobands.com\/shop\/"},{"@type":"ListItem","position":3,"name":"Universal tearable tape &#8211; 06119"}]},{"@type":"WebSite","@id":"https:\/\/eurobands.com\/#website","url":"https:\/\/eurobands.com\/","name":"Eurobandy","description":"","publisher":{"@id":"https:\/\/eurobands.com\/#organization"},"potentialAction":[{"@type":"SearchAction","target":{"@type":"EntryPoint","urlTemplate":"https:\/\/eurobands.com\/?s={search_term_string}"},"query-input":{"@type":"PropertyValueSpecification","valueRequired":true,"valueName":"search_term_string"}}],"inLanguage":"pl-PL"},{"@type":"Organization","@id":"https:\/\/eurobands.com\/#organization","name":"Eurobandy","url":"https:\/\/eurobands.com\/","logo":{"@type":"ImageObject","inLanguage":"pl-PL","@id":"https:\/\/eurobands.com\/#\/schema\/logo\/image\/","url":"https:\/\/eurobands.com\/wp-content\/uploads\/2024\/03\/EUROBANDS-LOGO_RGB.png","contentUrl":"https:\/\/eurobands.com\/wp-content\/uploads\/2024\/03\/EUROBANDS-LOGO_RGB.png","width":12098,"height":3014,"caption":"Eurobands"},"image":{"@id":"https:\/\/eurobands.com\/#\/schema\/logo\/image\/"}}]}},"_links":{"self":[{"href":"https:\/\/eurobands.com\/pl\/wp-json\/wp\/v2\/product\/1214","targetHints":{"allow":["GET"]}}],"collection":[{"href":"https:\/\/eurobands.com\/pl\/wp-json\/wp\/v2\/product"}],"about":[{"href":"https:\/\/eurobands.com\/pl\/wp-json\/wp\/v2\/types\/product"}],"replies":[{"embeddable":true,"href":"https:\/\/eurobands.com\/pl\/wp-json\/wp\/v2\/comments?post=1214"}],"wp:featuredmedia":[{"embeddable":true,"href":"https:\/\/eurobands.com\/pl\/wp-json\/wp\/v2\/media\/1237"}],"wp:attachment":[{"href":"https:\/\/eurobands.com\/pl\/wp-json\/wp\/v2\/media?parent=1214"}],"wp:term":[{"taxonomy":"product_cat","embeddable":true,"href":"https:\/\/eurobands.com\/pl\/wp-json\/wp\/v2\/product_cat?post=1214"},{"taxonomy":"product_tag","embeddable":true,"href":"https:\/\/eurobands.com\/pl\/wp-json\/wp\/v2\/product_tag?post=1214"}],"curies":[{"name":"wp","href":"https:\/\/api.w.org\/{rel}","templated":true}]}}