{"id":1206,"date":"2024-10-25T11:39:32","date_gmt":"2024-10-25T11:39:32","guid":{"rendered":"https:\/\/eurobands.com\/?post_type=product&#038;p=1206"},"modified":"2024-10-25T11:39:33","modified_gmt":"2024-10-25T11:39:33","slug":"31315-do-dozownika-atg","status":"publish","type":"product","link":"https:\/\/eurobands.com\/pl\/product\/31315-for-atg-dispenser\/","title":{"rendered":"31315 DLA DOZOWNIKA ATG"},"content":{"rendered":"<p>Og\u00f3lne zastosowania zwi\u0105zane z monta\u017cem i \u0142\u0105czeniem.<br \/>\nMonta\u017c POS.<br \/>\nMonta\u017c artyku\u0142\u00f3w promocyjnych.<br \/>\nBardzo dobra odporno\u015b\u0107 na temperatur\u0119, dobra odporno\u015b\u0107 na promieniowanie UV i odporno\u015b\u0107 na starzenie<\/p>","protected":false},"excerpt":{"rendered":"<p>General mounting and bonding applications. POS assembly. Mounting promotional items. Very good temperature resistance, good UV resistance &#038; aging resistance<\/p>","protected":false},"featured_media":1229,"comment_status":"open","ping_status":"closed","template":"","meta":[],"product_cat":[31],"product_tag":[],"class_list":{"0":"post-1206","1":"product","2":"type-product","3":"status-publish","4":"has-post-thumbnail","6":"product_cat-assembly","8":"first","9":"instock","10":"shipping-taxable","11":"product-type-simple"},"yoast_head":"<!-- This site is optimized with the Yoast SEO plugin v26.1.1 - https:\/\/yoast.com\/wordpress\/plugins\/seo\/ -->\n<title>31315 FOR ATG DISPENSER - Eurobands<\/title>\n<meta name=\"robots\" content=\"index, follow, max-snippet:-1, max-image-preview:large, max-video-preview:-1\" \/>\n<link rel=\"canonical\" href=\"https:\/\/eurobands.com\/pl\/produkt\/31315-do-dozownika-atg\/\" \/>\n<meta property=\"og:locale\" content=\"pl_PL\" \/>\n<meta property=\"og:type\" content=\"article\" \/>\n<meta property=\"og:title\" content=\"31315 FOR ATG DISPENSER - Eurobands\" \/>\n<meta property=\"og:description\" content=\"General mounting and bonding applications. POS assembly. Mounting promotional items. Very good temperature resistance, good UV resistance &#038; aging resistance\" \/>\n<meta property=\"og:url\" content=\"https:\/\/eurobands.com\/pl\/produkt\/31315-do-dozownika-atg\/\" \/>\n<meta property=\"og:site_name\" content=\"Eurobands\" \/>\n<meta property=\"article:modified_time\" content=\"2024-10-25T11:39:33+00:00\" \/>\n<meta property=\"og:image\" content=\"https:\/\/eurobands.com\/wp-content\/uploads\/2024\/10\/31315-1024x1024.png\" \/>\n\t<meta property=\"og:image:width\" content=\"1024\" \/>\n\t<meta property=\"og:image:height\" content=\"1024\" \/>\n\t<meta property=\"og:image:type\" content=\"image\/png\" \/>\n<meta name=\"twitter:card\" content=\"summary_large_image\" \/>\n<script type=\"application\/ld+json\" class=\"yoast-schema-graph\">{\"@context\":\"https:\/\/schema.org\",\"@graph\":[{\"@type\":\"WebPage\",\"@id\":\"https:\/\/eurobands.com\/product\/31315-for-atg-dispenser\/\",\"url\":\"https:\/\/eurobands.com\/product\/31315-for-atg-dispenser\/\",\"name\":\"31315 FOR ATG DISPENSER - Eurobands\",\"isPartOf\":{\"@id\":\"https:\/\/eurobands.com\/#website\"},\"primaryImageOfPage\":{\"@id\":\"https:\/\/eurobands.com\/product\/31315-for-atg-dispenser\/#primaryimage\"},\"image\":{\"@id\":\"https:\/\/eurobands.com\/product\/31315-for-atg-dispenser\/#primaryimage\"},\"thumbnailUrl\":\"https:\/\/eurobands.com\/wp-content\/uploads\/2024\/10\/31315.png\",\"datePublished\":\"2024-10-25T11:39:32+00:00\",\"dateModified\":\"2024-10-25T11:39:33+00:00\",\"breadcrumb\":{\"@id\":\"https:\/\/eurobands.com\/product\/31315-for-atg-dispenser\/#breadcrumb\"},\"inLanguage\":\"pl-PL\",\"potentialAction\":[{\"@type\":\"ReadAction\",\"target\":[\"https:\/\/eurobands.com\/product\/31315-for-atg-dispenser\/\"]}]},{\"@type\":\"ImageObject\",\"inLanguage\":\"pl-PL\",\"@id\":\"https:\/\/eurobands.com\/product\/31315-for-atg-dispenser\/#primaryimage\",\"url\":\"https:\/\/eurobands.com\/wp-content\/uploads\/2024\/10\/31315.png\",\"contentUrl\":\"https:\/\/eurobands.com\/wp-content\/uploads\/2024\/10\/31315.png\",\"width\":400,\"height\":400,\"caption\":\"Assembly tape for mounting and bonding, ideal for POS displays and promotional items. Strong adhesion with UV, temperature and aging resistance.\"},{\"@type\":\"BreadcrumbList\",\"@id\":\"https:\/\/eurobands.com\/product\/31315-for-atg-dispenser\/#breadcrumb\",\"itemListElement\":[{\"@type\":\"ListItem\",\"position\":1,\"name\":\"Home\",\"item\":\"https:\/\/eurobands.com\/\"},{\"@type\":\"ListItem\",\"position\":2,\"name\":\"Shop\",\"item\":\"https:\/\/eurobands.com\/shop\/\"},{\"@type\":\"ListItem\",\"position\":3,\"name\":\"31315 FOR ATG DISPENSER\"}]},{\"@type\":\"WebSite\",\"@id\":\"https:\/\/eurobands.com\/#website\",\"url\":\"https:\/\/eurobands.com\/\",\"name\":\"Eurobands\",\"description\":\"\",\"publisher\":{\"@id\":\"https:\/\/eurobands.com\/#organization\"},\"potentialAction\":[{\"@type\":\"SearchAction\",\"target\":{\"@type\":\"EntryPoint\",\"urlTemplate\":\"https:\/\/eurobands.com\/?s={search_term_string}\"},\"query-input\":{\"@type\":\"PropertyValueSpecification\",\"valueRequired\":true,\"valueName\":\"search_term_string\"}}],\"inLanguage\":\"pl-PL\"},{\"@type\":\"Organization\",\"@id\":\"https:\/\/eurobands.com\/#organization\",\"name\":\"Eurobands\",\"url\":\"https:\/\/eurobands.com\/\",\"logo\":{\"@type\":\"ImageObject\",\"inLanguage\":\"pl-PL\",\"@id\":\"https:\/\/eurobands.com\/#\/schema\/logo\/image\/\",\"url\":\"https:\/\/eurobands.com\/wp-content\/uploads\/2024\/03\/EUROBANDS-LOGO_RGB.png\",\"contentUrl\":\"https:\/\/eurobands.com\/wp-content\/uploads\/2024\/03\/EUROBANDS-LOGO_RGB.png\",\"width\":12098,\"height\":3014,\"caption\":\"Eurobands\"},\"image\":{\"@id\":\"https:\/\/eurobands.com\/#\/schema\/logo\/image\/\"}}]}<\/script>\n<!-- \/ Yoast SEO plugin. -->","yoast_head_json":{"title":"31315 DO DYSPENSERA ATG - Eurobands","robots":{"index":"index","follow":"follow","max-snippet":"max-snippet:-1","max-image-preview":"max-image-preview:large","max-video-preview":"max-video-preview:-1"},"canonical":"https:\/\/eurobands.com\/pl\/produkt\/31315-do-dozownika-atg\/","og_locale":"pl_PL","og_type":"article","og_title":"31315 FOR ATG DISPENSER - Eurobands","og_description":"General mounting and bonding applications. POS assembly. Mounting promotional items. Very good temperature resistance, good UV resistance &#038; aging resistance","og_url":"https:\/\/eurobands.com\/pl\/produkt\/31315-do-dozownika-atg\/","og_site_name":"Eurobands","article_modified_time":"2024-10-25T11:39:33+00:00","og_image":[{"width":1024,"height":1024,"url":"https:\/\/eurobands.com\/wp-content\/uploads\/2024\/10\/31315-1024x1024.png","type":"image\/png"}],"twitter_card":"summary_large_image","schema":{"@context":"https:\/\/schema.org","@graph":[{"@type":"WebPage","@id":"https:\/\/eurobands.com\/product\/31315-for-atg-dispenser\/","url":"https:\/\/eurobands.com\/product\/31315-for-atg-dispenser\/","name":"31315 DO DYSPENSERA ATG - Eurobands","isPartOf":{"@id":"https:\/\/eurobands.com\/#website"},"primaryImageOfPage":{"@id":"https:\/\/eurobands.com\/product\/31315-for-atg-dispenser\/#primaryimage"},"image":{"@id":"https:\/\/eurobands.com\/product\/31315-for-atg-dispenser\/#primaryimage"},"thumbnailUrl":"https:\/\/eurobands.com\/wp-content\/uploads\/2024\/10\/31315.png","datePublished":"2024-10-25T11:39:32+00:00","dateModified":"2024-10-25T11:39:33+00:00","breadcrumb":{"@id":"https:\/\/eurobands.com\/product\/31315-for-atg-dispenser\/#breadcrumb"},"inLanguage":"pl-PL","potentialAction":[{"@type":"ReadAction","target":["https:\/\/eurobands.com\/product\/31315-for-atg-dispenser\/"]}]},{"@type":"ImageObject","inLanguage":"pl-PL","@id":"https:\/\/eurobands.com\/product\/31315-for-atg-dispenser\/#primaryimage","url":"https:\/\/eurobands.com\/wp-content\/uploads\/2024\/10\/31315.png","contentUrl":"https:\/\/eurobands.com\/wp-content\/uploads\/2024\/10\/31315.png","width":400,"height":400,"caption":"Assembly tape for mounting and bonding, ideal for POS displays and promotional items. Strong adhesion with UV, temperature and aging resistance."},{"@type":"BreadcrumbList","@id":"https:\/\/eurobands.com\/product\/31315-for-atg-dispenser\/#breadcrumb","itemListElement":[{"@type":"ListItem","position":1,"name":"Home","item":"https:\/\/eurobands.com\/"},{"@type":"ListItem","position":2,"name":"Shop","item":"https:\/\/eurobands.com\/shop\/"},{"@type":"ListItem","position":3,"name":"31315 FOR ATG DISPENSER"}]},{"@type":"WebSite","@id":"https:\/\/eurobands.com\/#website","url":"https:\/\/eurobands.com\/","name":"Eurobandy","description":"","publisher":{"@id":"https:\/\/eurobands.com\/#organization"},"potentialAction":[{"@type":"SearchAction","target":{"@type":"EntryPoint","urlTemplate":"https:\/\/eurobands.com\/?s={search_term_string}"},"query-input":{"@type":"PropertyValueSpecification","valueRequired":true,"valueName":"search_term_string"}}],"inLanguage":"pl-PL"},{"@type":"Organization","@id":"https:\/\/eurobands.com\/#organization","name":"Eurobandy","url":"https:\/\/eurobands.com\/","logo":{"@type":"ImageObject","inLanguage":"pl-PL","@id":"https:\/\/eurobands.com\/#\/schema\/logo\/image\/","url":"https:\/\/eurobands.com\/wp-content\/uploads\/2024\/03\/EUROBANDS-LOGO_RGB.png","contentUrl":"https:\/\/eurobands.com\/wp-content\/uploads\/2024\/03\/EUROBANDS-LOGO_RGB.png","width":12098,"height":3014,"caption":"Eurobands"},"image":{"@id":"https:\/\/eurobands.com\/#\/schema\/logo\/image\/"}}]}},"_links":{"self":[{"href":"https:\/\/eurobands.com\/pl\/wp-json\/wp\/v2\/product\/1206","targetHints":{"allow":["GET"]}}],"collection":[{"href":"https:\/\/eurobands.com\/pl\/wp-json\/wp\/v2\/product"}],"about":[{"href":"https:\/\/eurobands.com\/pl\/wp-json\/wp\/v2\/types\/product"}],"replies":[{"embeddable":true,"href":"https:\/\/eurobands.com\/pl\/wp-json\/wp\/v2\/comments?post=1206"}],"wp:featuredmedia":[{"embeddable":true,"href":"https:\/\/eurobands.com\/pl\/wp-json\/wp\/v2\/media\/1229"}],"wp:attachment":[{"href":"https:\/\/eurobands.com\/pl\/wp-json\/wp\/v2\/media?parent=1206"}],"wp:term":[{"taxonomy":"product_cat","embeddable":true,"href":"https:\/\/eurobands.com\/pl\/wp-json\/wp\/v2\/product_cat?post=1206"},{"taxonomy":"product_tag","embeddable":true,"href":"https:\/\/eurobands.com\/pl\/wp-json\/wp\/v2\/product_tag?post=1206"}],"curies":[{"name":"wp","href":"https:\/\/api.w.org\/{rel}","templated":true}]}}