{"id":1134,"date":"2024-10-25T11:39:54","date_gmt":"2024-10-25T11:39:54","guid":{"rendered":"https:\/\/eurobands.com\/?post_type=product&#038;p=1134"},"modified":"2025-01-31T13:22:51","modified_gmt":"2025-01-31T13:22:51","slug":"tasma-pet-77223","status":"publish","type":"product","link":"https:\/\/eurobands.com\/pl\/product\/pet-tape-77223\/","title":{"rendered":"Ta\u015bma PET - 77223"},"content":{"rendered":"<p>Ta\u015bma PET stosowana w produkcji cewek transformatorowych, kondensator\u00f3w i wi\u0105zek przewod\u00f3w<br \/>\nDoskona\u0142e wyd\u0142u\u017cenie<br \/>\nDoskona\u0142e w\u0142a\u015bciwo\u015bci izolacyjne<\/p>","protected":false},"excerpt":{"rendered":"<p>PET tape used in the production of transformer coils, capacitors and wire bundles Excellent elongation Excellent insulation properties<\/p>","protected":false},"featured_media":1163,"comment_status":"open","ping_status":"closed","template":"","meta":[],"product_cat":[34],"product_tag":[],"class_list":{"0":"post-1134","1":"product","2":"type-product","3":"status-publish","4":"has-post-thumbnail","6":"product_cat-electrical-insulation","8":"first","9":"instock","10":"shipping-taxable","11":"product-type-simple"},"yoast_head":"<!-- This site is optimized with the Yoast SEO plugin v26.1.1 - https:\/\/yoast.com\/wordpress\/plugins\/seo\/ -->\n<title>PET tape - 77223 - Eurobands<\/title>\n<meta name=\"description\" content=\"PET tape for transformer coils, capacitors, and wire bundles. Offers excellent elongation and superior insulation properties\" \/>\n<meta name=\"robots\" content=\"index, follow, max-snippet:-1, max-image-preview:large, max-video-preview:-1\" \/>\n<link rel=\"canonical\" href=\"https:\/\/eurobands.com\/pl\/produkt\/tasma-pet-77223\/\" \/>\n<meta property=\"og:locale\" content=\"pl_PL\" \/>\n<meta property=\"og:type\" content=\"article\" \/>\n<meta property=\"og:title\" content=\"PET tape - 77223 - Eurobands\" \/>\n<meta property=\"og:description\" content=\"PET tape for transformer coils, capacitors, and wire bundles. Offers excellent elongation and superior insulation properties\" \/>\n<meta property=\"og:url\" content=\"https:\/\/eurobands.com\/pl\/produkt\/tasma-pet-77223\/\" \/>\n<meta property=\"og:site_name\" content=\"Eurobands\" \/>\n<meta property=\"article:modified_time\" content=\"2025-01-31T13:22:51+00:00\" \/>\n<meta property=\"og:image\" content=\"https:\/\/eurobands.com\/wp-content\/uploads\/2024\/10\/77223-1024x1024.png\" \/>\n\t<meta property=\"og:image:width\" content=\"1024\" \/>\n\t<meta property=\"og:image:height\" content=\"1024\" \/>\n\t<meta property=\"og:image:type\" content=\"image\/png\" \/>\n<meta name=\"twitter:card\" content=\"summary_large_image\" \/>\n<meta name=\"twitter:label1\" content=\"Szacowany czas czytania\" \/>\n\t<meta name=\"twitter:data1\" content=\"1 minuta\" \/>\n<script type=\"application\/ld+json\" class=\"yoast-schema-graph\">{\"@context\":\"https:\/\/schema.org\",\"@graph\":[{\"@type\":\"WebPage\",\"@id\":\"https:\/\/eurobands.com\/product\/pet-tape-77223\/\",\"url\":\"https:\/\/eurobands.com\/product\/pet-tape-77223\/\",\"name\":\"PET tape - 77223 - Eurobands\",\"isPartOf\":{\"@id\":\"https:\/\/eurobands.com\/#website\"},\"primaryImageOfPage\":{\"@id\":\"https:\/\/eurobands.com\/product\/pet-tape-77223\/#primaryimage\"},\"image\":{\"@id\":\"https:\/\/eurobands.com\/product\/pet-tape-77223\/#primaryimage\"},\"thumbnailUrl\":\"https:\/\/eurobands.com\/wp-content\/uploads\/2024\/10\/77223.png\",\"datePublished\":\"2024-10-25T11:39:54+00:00\",\"dateModified\":\"2025-01-31T13:22:51+00:00\",\"description\":\"PET tape for transformer coils, capacitors, and wire bundles. Offers excellent elongation and superior insulation properties\",\"breadcrumb\":{\"@id\":\"https:\/\/eurobands.com\/product\/pet-tape-77223\/#breadcrumb\"},\"inLanguage\":\"pl-PL\",\"potentialAction\":[{\"@type\":\"ReadAction\",\"target\":[\"https:\/\/eurobands.com\/product\/pet-tape-77223\/\"]}]},{\"@type\":\"ImageObject\",\"inLanguage\":\"pl-PL\",\"@id\":\"https:\/\/eurobands.com\/product\/pet-tape-77223\/#primaryimage\",\"url\":\"https:\/\/eurobands.com\/wp-content\/uploads\/2024\/10\/77223.png\",\"contentUrl\":\"https:\/\/eurobands.com\/wp-content\/uploads\/2024\/10\/77223.png\",\"width\":400,\"height\":400,\"caption\":\"Electrical insulation tape for transformer coils, capacitors and wire bundles, with excellent elongation and insulation properties.\"},{\"@type\":\"BreadcrumbList\",\"@id\":\"https:\/\/eurobands.com\/product\/pet-tape-77223\/#breadcrumb\",\"itemListElement\":[{\"@type\":\"ListItem\",\"position\":1,\"name\":\"Home\",\"item\":\"https:\/\/eurobands.com\/\"},{\"@type\":\"ListItem\",\"position\":2,\"name\":\"Shop\",\"item\":\"https:\/\/eurobands.com\/shop\/\"},{\"@type\":\"ListItem\",\"position\":3,\"name\":\"PET tape &#8211; 77223\"}]},{\"@type\":\"WebSite\",\"@id\":\"https:\/\/eurobands.com\/#website\",\"url\":\"https:\/\/eurobands.com\/\",\"name\":\"Eurobands\",\"description\":\"\",\"publisher\":{\"@id\":\"https:\/\/eurobands.com\/#organization\"},\"potentialAction\":[{\"@type\":\"SearchAction\",\"target\":{\"@type\":\"EntryPoint\",\"urlTemplate\":\"https:\/\/eurobands.com\/?s={search_term_string}\"},\"query-input\":{\"@type\":\"PropertyValueSpecification\",\"valueRequired\":true,\"valueName\":\"search_term_string\"}}],\"inLanguage\":\"pl-PL\"},{\"@type\":\"Organization\",\"@id\":\"https:\/\/eurobands.com\/#organization\",\"name\":\"Eurobands\",\"url\":\"https:\/\/eurobands.com\/\",\"logo\":{\"@type\":\"ImageObject\",\"inLanguage\":\"pl-PL\",\"@id\":\"https:\/\/eurobands.com\/#\/schema\/logo\/image\/\",\"url\":\"https:\/\/eurobands.com\/wp-content\/uploads\/2024\/03\/EUROBANDS-LOGO_RGB.png\",\"contentUrl\":\"https:\/\/eurobands.com\/wp-content\/uploads\/2024\/03\/EUROBANDS-LOGO_RGB.png\",\"width\":12098,\"height\":3014,\"caption\":\"Eurobands\"},\"image\":{\"@id\":\"https:\/\/eurobands.com\/#\/schema\/logo\/image\/\"}}]}<\/script>\n<!-- \/ Yoast SEO plugin. -->","yoast_head_json":{"title":"Ta\u015bma PET - 77223 - Eurobands","description":"Ta\u015bma PET do cewek transformator\u00f3w, kondensator\u00f3w i wi\u0105zek przewod\u00f3w. Oferuje doskona\u0142e wyd\u0142u\u017cenie i doskona\u0142e w\u0142a\u015bciwo\u015bci izolacyjne","robots":{"index":"index","follow":"follow","max-snippet":"max-snippet:-1","max-image-preview":"max-image-preview:large","max-video-preview":"max-video-preview:-1"},"canonical":"https:\/\/eurobands.com\/pl\/produkt\/tasma-pet-77223\/","og_locale":"pl_PL","og_type":"article","og_title":"PET tape - 77223 - Eurobands","og_description":"PET tape for transformer coils, capacitors, and wire bundles. Offers excellent elongation and superior insulation properties","og_url":"https:\/\/eurobands.com\/pl\/produkt\/tasma-pet-77223\/","og_site_name":"Eurobands","article_modified_time":"2025-01-31T13:22:51+00:00","og_image":[{"width":1024,"height":1024,"url":"https:\/\/eurobands.com\/wp-content\/uploads\/2024\/10\/77223-1024x1024.png","type":"image\/png"}],"twitter_card":"summary_large_image","twitter_misc":{"Szacowany czas czytania":"1 minuta"},"schema":{"@context":"https:\/\/schema.org","@graph":[{"@type":"WebPage","@id":"https:\/\/eurobands.com\/product\/pet-tape-77223\/","url":"https:\/\/eurobands.com\/product\/pet-tape-77223\/","name":"Ta\u015bma PET - 77223 - Eurobands","isPartOf":{"@id":"https:\/\/eurobands.com\/#website"},"primaryImageOfPage":{"@id":"https:\/\/eurobands.com\/product\/pet-tape-77223\/#primaryimage"},"image":{"@id":"https:\/\/eurobands.com\/product\/pet-tape-77223\/#primaryimage"},"thumbnailUrl":"https:\/\/eurobands.com\/wp-content\/uploads\/2024\/10\/77223.png","datePublished":"2024-10-25T11:39:54+00:00","dateModified":"2025-01-31T13:22:51+00:00","description":"Ta\u015bma PET do cewek transformator\u00f3w, kondensator\u00f3w i wi\u0105zek przewod\u00f3w. Oferuje doskona\u0142e wyd\u0142u\u017cenie i doskona\u0142e w\u0142a\u015bciwo\u015bci izolacyjne","breadcrumb":{"@id":"https:\/\/eurobands.com\/product\/pet-tape-77223\/#breadcrumb"},"inLanguage":"pl-PL","potentialAction":[{"@type":"ReadAction","target":["https:\/\/eurobands.com\/product\/pet-tape-77223\/"]}]},{"@type":"ImageObject","inLanguage":"pl-PL","@id":"https:\/\/eurobands.com\/product\/pet-tape-77223\/#primaryimage","url":"https:\/\/eurobands.com\/wp-content\/uploads\/2024\/10\/77223.png","contentUrl":"https:\/\/eurobands.com\/wp-content\/uploads\/2024\/10\/77223.png","width":400,"height":400,"caption":"Electrical insulation tape for transformer coils, capacitors and wire bundles, with excellent elongation and insulation properties."},{"@type":"BreadcrumbList","@id":"https:\/\/eurobands.com\/product\/pet-tape-77223\/#breadcrumb","itemListElement":[{"@type":"ListItem","position":1,"name":"Home","item":"https:\/\/eurobands.com\/"},{"@type":"ListItem","position":2,"name":"Shop","item":"https:\/\/eurobands.com\/shop\/"},{"@type":"ListItem","position":3,"name":"PET tape &#8211; 77223"}]},{"@type":"WebSite","@id":"https:\/\/eurobands.com\/#website","url":"https:\/\/eurobands.com\/","name":"Eurobandy","description":"","publisher":{"@id":"https:\/\/eurobands.com\/#organization"},"potentialAction":[{"@type":"SearchAction","target":{"@type":"EntryPoint","urlTemplate":"https:\/\/eurobands.com\/?s={search_term_string}"},"query-input":{"@type":"PropertyValueSpecification","valueRequired":true,"valueName":"search_term_string"}}],"inLanguage":"pl-PL"},{"@type":"Organization","@id":"https:\/\/eurobands.com\/#organization","name":"Eurobandy","url":"https:\/\/eurobands.com\/","logo":{"@type":"ImageObject","inLanguage":"pl-PL","@id":"https:\/\/eurobands.com\/#\/schema\/logo\/image\/","url":"https:\/\/eurobands.com\/wp-content\/uploads\/2024\/03\/EUROBANDS-LOGO_RGB.png","contentUrl":"https:\/\/eurobands.com\/wp-content\/uploads\/2024\/03\/EUROBANDS-LOGO_RGB.png","width":12098,"height":3014,"caption":"Eurobands"},"image":{"@id":"https:\/\/eurobands.com\/#\/schema\/logo\/image\/"}}]}},"_links":{"self":[{"href":"https:\/\/eurobands.com\/pl\/wp-json\/wp\/v2\/product\/1134","targetHints":{"allow":["GET"]}}],"collection":[{"href":"https:\/\/eurobands.com\/pl\/wp-json\/wp\/v2\/product"}],"about":[{"href":"https:\/\/eurobands.com\/pl\/wp-json\/wp\/v2\/types\/product"}],"replies":[{"embeddable":true,"href":"https:\/\/eurobands.com\/pl\/wp-json\/wp\/v2\/comments?post=1134"}],"wp:featuredmedia":[{"embeddable":true,"href":"https:\/\/eurobands.com\/pl\/wp-json\/wp\/v2\/media\/1163"}],"wp:attachment":[{"href":"https:\/\/eurobands.com\/pl\/wp-json\/wp\/v2\/media?parent=1134"}],"wp:term":[{"taxonomy":"product_cat","embeddable":true,"href":"https:\/\/eurobands.com\/pl\/wp-json\/wp\/v2\/product_cat?post=1134"},{"taxonomy":"product_tag","embeddable":true,"href":"https:\/\/eurobands.com\/pl\/wp-json\/wp\/v2\/product_tag?post=1134"}],"curies":[{"name":"wp","href":"https:\/\/api.w.org\/{rel}","templated":true}]}}