{"id":1132,"date":"2024-10-25T11:39:54","date_gmt":"2024-10-25T11:39:54","guid":{"rendered":"https:\/\/eurobands.com\/?post_type=product&#038;p=1132"},"modified":"2025-01-31T13:23:19","modified_gmt":"2025-01-31T13:23:19","slug":"tasma-izolacyjna-pvc-75204","status":"publish","type":"product","link":"https:\/\/eurobands.com\/pl\/product\/pvc-electrical-insulation-tape-75204\/","title":{"rendered":"Ta\u015bma izolacyjna PVC - 75204"},"content":{"rendered":"<p>Ta\u015bma izolacyjna z PVC stosowana do ochrony po\u0142\u0105cze\u0144 kabli niskiego i \u015bredniego napi\u0119cia oraz pierwotnej izolacji elektrycznej.<br \/>\nZgodny z Dyrektyw\u0105 Europejsk\u0105 2000\/53 WE (nie zawiera o\u0142owiu, chromu VI, rt\u0119ci, kadmu), zgodny z BS3924 i zatwierdzony przez IMQ, VDE, \u00d6VE.<br \/>\nTechnologia przyjazna dla \u015brodowiska<br \/>\nWyj\u0105tkowa zgodno\u015b\u0107, wysoka wytrzyma\u0142o\u015b\u0107 dielektryczna i dobra ochrona mechaniczna<\/p>","protected":false},"excerpt":{"rendered":"<p>PVC electrical insulation tape used to protect with low and medium voltage cable splices &amp; primary electrical insulation Conforms to European Directive 2000\/53 EC (lead, chromium VI, mercury, cadmium free), conforms to BS3924 and approved by IMQ, VDE, \u00d6VE Environmentally friendly technology Outstanding conformability, high dielectric strength and good mechanical protection<\/p>","protected":false},"featured_media":1161,"comment_status":"open","ping_status":"closed","template":"","meta":[],"product_cat":[34],"product_tag":[],"class_list":{"0":"post-1132","1":"product","2":"type-product","3":"status-publish","4":"has-post-thumbnail","6":"product_cat-electrical-insulation","8":"first","9":"instock","10":"shipping-taxable","11":"product-type-simple"},"yoast_head":"<!-- This site is optimized with the Yoast SEO plugin v26.1.1 - https:\/\/yoast.com\/wordpress\/plugins\/seo\/ -->\n<title>PVC electrical insulation tape - 75204 - Eurobands<\/title>\n<meta name=\"description\" content=\"PVC insulation tape for low\/medium voltage cables. Complies with EU standards, offers high dielectric strength, conformability, and eco-friendly design.\" \/>\n<meta name=\"robots\" content=\"index, follow, max-snippet:-1, max-image-preview:large, max-video-preview:-1\" \/>\n<link rel=\"canonical\" href=\"https:\/\/eurobands.com\/pl\/produkt\/tasma-izolacyjna-pvc-75204\/\" \/>\n<meta property=\"og:locale\" content=\"pl_PL\" \/>\n<meta property=\"og:type\" content=\"article\" \/>\n<meta property=\"og:title\" content=\"PVC electrical insulation tape - 75204 - Eurobands\" \/>\n<meta property=\"og:description\" content=\"PVC insulation tape for low\/medium voltage cables. Complies with EU standards, offers high dielectric strength, conformability, and eco-friendly design.\" \/>\n<meta property=\"og:url\" content=\"https:\/\/eurobands.com\/pl\/produkt\/tasma-izolacyjna-pvc-75204\/\" \/>\n<meta property=\"og:site_name\" content=\"Eurobands\" \/>\n<meta property=\"article:modified_time\" content=\"2025-01-31T13:23:19+00:00\" \/>\n<meta property=\"og:image\" content=\"https:\/\/eurobands.com\/wp-content\/uploads\/2024\/10\/75204.png\" \/>\n\t<meta property=\"og:image:width\" content=\"1600\" \/>\n\t<meta property=\"og:image:height\" content=\"1600\" \/>\n\t<meta property=\"og:image:type\" content=\"image\/png\" \/>\n<meta name=\"twitter:card\" content=\"summary_large_image\" \/>\n<meta name=\"twitter:label1\" content=\"Szacowany czas czytania\" \/>\n\t<meta name=\"twitter:data1\" content=\"1 minuta\" \/>\n<script type=\"application\/ld+json\" class=\"yoast-schema-graph\">{\"@context\":\"https:\/\/schema.org\",\"@graph\":[{\"@type\":\"WebPage\",\"@id\":\"https:\/\/eurobands.com\/product\/pvc-electrical-insulation-tape-75204\/\",\"url\":\"https:\/\/eurobands.com\/product\/pvc-electrical-insulation-tape-75204\/\",\"name\":\"PVC electrical insulation tape - 75204 - Eurobands\",\"isPartOf\":{\"@id\":\"https:\/\/eurobands.com\/#website\"},\"primaryImageOfPage\":{\"@id\":\"https:\/\/eurobands.com\/product\/pvc-electrical-insulation-tape-75204\/#primaryimage\"},\"image\":{\"@id\":\"https:\/\/eurobands.com\/product\/pvc-electrical-insulation-tape-75204\/#primaryimage\"},\"thumbnailUrl\":\"https:\/\/eurobands.com\/wp-content\/uploads\/2024\/10\/75204.png\",\"datePublished\":\"2024-10-25T11:39:54+00:00\",\"dateModified\":\"2025-01-31T13:23:19+00:00\",\"description\":\"PVC insulation tape for low\/medium voltage cables. Complies with EU standards, offers high dielectric strength, conformability, and eco-friendly design.\",\"breadcrumb\":{\"@id\":\"https:\/\/eurobands.com\/product\/pvc-electrical-insulation-tape-75204\/#breadcrumb\"},\"inLanguage\":\"pl-PL\",\"potentialAction\":[{\"@type\":\"ReadAction\",\"target\":[\"https:\/\/eurobands.com\/product\/pvc-electrical-insulation-tape-75204\/\"]}]},{\"@type\":\"ImageObject\",\"inLanguage\":\"pl-PL\",\"@id\":\"https:\/\/eurobands.com\/product\/pvc-electrical-insulation-tape-75204\/#primaryimage\",\"url\":\"https:\/\/eurobands.com\/wp-content\/uploads\/2024\/10\/75204.png\",\"contentUrl\":\"https:\/\/eurobands.com\/wp-content\/uploads\/2024\/10\/75204.png\",\"width\":400,\"height\":400,\"caption\":\"Electrical insulation tape for low and medium voltage cable splices. High dielectric strength, eco-friendly, approved by IMQ, VDE, and \u00d6VE.\"},{\"@type\":\"BreadcrumbList\",\"@id\":\"https:\/\/eurobands.com\/product\/pvc-electrical-insulation-tape-75204\/#breadcrumb\",\"itemListElement\":[{\"@type\":\"ListItem\",\"position\":1,\"name\":\"Home\",\"item\":\"https:\/\/eurobands.com\/\"},{\"@type\":\"ListItem\",\"position\":2,\"name\":\"Shop\",\"item\":\"https:\/\/eurobands.com\/shop\/\"},{\"@type\":\"ListItem\",\"position\":3,\"name\":\"PVC electrical insulation tape &#8211; 75204\"}]},{\"@type\":\"WebSite\",\"@id\":\"https:\/\/eurobands.com\/#website\",\"url\":\"https:\/\/eurobands.com\/\",\"name\":\"Eurobands\",\"description\":\"\",\"publisher\":{\"@id\":\"https:\/\/eurobands.com\/#organization\"},\"potentialAction\":[{\"@type\":\"SearchAction\",\"target\":{\"@type\":\"EntryPoint\",\"urlTemplate\":\"https:\/\/eurobands.com\/?s={search_term_string}\"},\"query-input\":{\"@type\":\"PropertyValueSpecification\",\"valueRequired\":true,\"valueName\":\"search_term_string\"}}],\"inLanguage\":\"pl-PL\"},{\"@type\":\"Organization\",\"@id\":\"https:\/\/eurobands.com\/#organization\",\"name\":\"Eurobands\",\"url\":\"https:\/\/eurobands.com\/\",\"logo\":{\"@type\":\"ImageObject\",\"inLanguage\":\"pl-PL\",\"@id\":\"https:\/\/eurobands.com\/#\/schema\/logo\/image\/\",\"url\":\"https:\/\/eurobands.com\/wp-content\/uploads\/2024\/03\/EUROBANDS-LOGO_RGB.png\",\"contentUrl\":\"https:\/\/eurobands.com\/wp-content\/uploads\/2024\/03\/EUROBANDS-LOGO_RGB.png\",\"width\":12098,\"height\":3014,\"caption\":\"Eurobands\"},\"image\":{\"@id\":\"https:\/\/eurobands.com\/#\/schema\/logo\/image\/\"}}]}<\/script>\n<!-- \/ Yoast SEO plugin. -->","yoast_head_json":{"title":"Ta\u015bma izolacyjna PVC - 75204 - Eurobands","description":"Ta\u015bma izolacyjna PVC do kabli niskiego\/\u015bredniego napi\u0119cia. Zgodna z normami UE, oferuje wysok\u0105 wytrzyma\u0142o\u015b\u0107 dielektryczn\u0105, zgodno\u015b\u0107 z normami i przyjazn\u0105 dla \u015brodowiska konstrukcj\u0119.","robots":{"index":"index","follow":"follow","max-snippet":"max-snippet:-1","max-image-preview":"max-image-preview:large","max-video-preview":"max-video-preview:-1"},"canonical":"https:\/\/eurobands.com\/pl\/produkt\/tasma-izolacyjna-pvc-75204\/","og_locale":"pl_PL","og_type":"article","og_title":"PVC electrical insulation tape - 75204 - Eurobands","og_description":"PVC insulation tape for low\/medium voltage cables. Complies with EU standards, offers high dielectric strength, conformability, and eco-friendly design.","og_url":"https:\/\/eurobands.com\/pl\/produkt\/tasma-izolacyjna-pvc-75204\/","og_site_name":"Eurobands","article_modified_time":"2025-01-31T13:23:19+00:00","og_image":[{"width":1600,"height":1600,"url":"https:\/\/eurobands.com\/wp-content\/uploads\/2024\/10\/75204.png","type":"image\/png"}],"twitter_card":"summary_large_image","twitter_misc":{"Szacowany czas czytania":"1 minuta"},"schema":{"@context":"https:\/\/schema.org","@graph":[{"@type":"WebPage","@id":"https:\/\/eurobands.com\/product\/pvc-electrical-insulation-tape-75204\/","url":"https:\/\/eurobands.com\/product\/pvc-electrical-insulation-tape-75204\/","name":"Ta\u015bma izolacyjna PVC - 75204 - Eurobands","isPartOf":{"@id":"https:\/\/eurobands.com\/#website"},"primaryImageOfPage":{"@id":"https:\/\/eurobands.com\/product\/pvc-electrical-insulation-tape-75204\/#primaryimage"},"image":{"@id":"https:\/\/eurobands.com\/product\/pvc-electrical-insulation-tape-75204\/#primaryimage"},"thumbnailUrl":"https:\/\/eurobands.com\/wp-content\/uploads\/2024\/10\/75204.png","datePublished":"2024-10-25T11:39:54+00:00","dateModified":"2025-01-31T13:23:19+00:00","description":"Ta\u015bma izolacyjna PVC do kabli niskiego\/\u015bredniego napi\u0119cia. Zgodna z normami UE, oferuje wysok\u0105 wytrzyma\u0142o\u015b\u0107 dielektryczn\u0105, zgodno\u015b\u0107 z normami i przyjazn\u0105 dla \u015brodowiska konstrukcj\u0119.","breadcrumb":{"@id":"https:\/\/eurobands.com\/product\/pvc-electrical-insulation-tape-75204\/#breadcrumb"},"inLanguage":"pl-PL","potentialAction":[{"@type":"ReadAction","target":["https:\/\/eurobands.com\/product\/pvc-electrical-insulation-tape-75204\/"]}]},{"@type":"ImageObject","inLanguage":"pl-PL","@id":"https:\/\/eurobands.com\/product\/pvc-electrical-insulation-tape-75204\/#primaryimage","url":"https:\/\/eurobands.com\/wp-content\/uploads\/2024\/10\/75204.png","contentUrl":"https:\/\/eurobands.com\/wp-content\/uploads\/2024\/10\/75204.png","width":400,"height":400,"caption":"Electrical insulation tape for low and medium voltage cable splices. High dielectric strength, eco-friendly, approved by IMQ, VDE, and \u00d6VE."},{"@type":"BreadcrumbList","@id":"https:\/\/eurobands.com\/product\/pvc-electrical-insulation-tape-75204\/#breadcrumb","itemListElement":[{"@type":"ListItem","position":1,"name":"Home","item":"https:\/\/eurobands.com\/"},{"@type":"ListItem","position":2,"name":"Shop","item":"https:\/\/eurobands.com\/shop\/"},{"@type":"ListItem","position":3,"name":"PVC electrical insulation tape &#8211; 75204"}]},{"@type":"WebSite","@id":"https:\/\/eurobands.com\/#website","url":"https:\/\/eurobands.com\/","name":"Eurobandy","description":"","publisher":{"@id":"https:\/\/eurobands.com\/#organization"},"potentialAction":[{"@type":"SearchAction","target":{"@type":"EntryPoint","urlTemplate":"https:\/\/eurobands.com\/?s={search_term_string}"},"query-input":{"@type":"PropertyValueSpecification","valueRequired":true,"valueName":"search_term_string"}}],"inLanguage":"pl-PL"},{"@type":"Organization","@id":"https:\/\/eurobands.com\/#organization","name":"Eurobandy","url":"https:\/\/eurobands.com\/","logo":{"@type":"ImageObject","inLanguage":"pl-PL","@id":"https:\/\/eurobands.com\/#\/schema\/logo\/image\/","url":"https:\/\/eurobands.com\/wp-content\/uploads\/2024\/03\/EUROBANDS-LOGO_RGB.png","contentUrl":"https:\/\/eurobands.com\/wp-content\/uploads\/2024\/03\/EUROBANDS-LOGO_RGB.png","width":12098,"height":3014,"caption":"Eurobands"},"image":{"@id":"https:\/\/eurobands.com\/#\/schema\/logo\/image\/"}}]}},"_links":{"self":[{"href":"https:\/\/eurobands.com\/pl\/wp-json\/wp\/v2\/product\/1132","targetHints":{"allow":["GET"]}}],"collection":[{"href":"https:\/\/eurobands.com\/pl\/wp-json\/wp\/v2\/product"}],"about":[{"href":"https:\/\/eurobands.com\/pl\/wp-json\/wp\/v2\/types\/product"}],"replies":[{"embeddable":true,"href":"https:\/\/eurobands.com\/pl\/wp-json\/wp\/v2\/comments?post=1132"}],"wp:featuredmedia":[{"embeddable":true,"href":"https:\/\/eurobands.com\/pl\/wp-json\/wp\/v2\/media\/1161"}],"wp:attachment":[{"href":"https:\/\/eurobands.com\/pl\/wp-json\/wp\/v2\/media?parent=1132"}],"wp:term":[{"taxonomy":"product_cat","embeddable":true,"href":"https:\/\/eurobands.com\/pl\/wp-json\/wp\/v2\/product_cat?post=1132"},{"taxonomy":"product_tag","embeddable":true,"href":"https:\/\/eurobands.com\/pl\/wp-json\/wp\/v2\/product_tag?post=1132"}],"curies":[{"name":"wp","href":"https:\/\/api.w.org\/{rel}","templated":true}]}}