{"id":1125,"date":"2024-10-25T11:39:55","date_gmt":"2024-10-25T11:39:55","guid":{"rendered":"https:\/\/eurobands.com\/?post_type=product&#038;p=1125"},"modified":"2025-01-31T13:24:19","modified_gmt":"2025-01-31T13:24:19","slug":"tasma-tkaninowa-06106s","status":"publish","type":"product","link":"https:\/\/eurobands.com\/pl\/product\/cloth-tape-06106s\/","title":{"rendered":"Ta\u015bma materia\u0142owa - 06106S"},"content":{"rendered":"<p>Ta\u015bma tkaninowa do zastosowa\u0144 uniwersalnych<br \/>\nWodoodporno\u015b\u0107 i doskona\u0142a odporno\u015b\u0107 na wilgo\u0107<br \/>\nWysoka wytrzyma\u0142o\u015b\u0107 na rozci\u0105ganie<br \/>\nEkonomiczna jako\u015b\u0107<\/p>","protected":false},"excerpt":{"rendered":"<p>Cloth tape for multipurpose applications Waterproof &amp; excellent moisture resistance High tensile strength Economical quality<\/p>","protected":false},"featured_media":1158,"comment_status":"open","ping_status":"closed","template":"","meta":[],"product_cat":[61],"product_tag":[],"class_list":{"0":"post-1125","1":"product","2":"type-product","3":"status-publish","4":"has-post-thumbnail","6":"product_cat-general-purpose","8":"first","9":"instock","10":"shipping-taxable","11":"product-type-simple"},"yoast_head":"<!-- This site is optimized with the Yoast SEO plugin v26.1.1 - https:\/\/yoast.com\/wordpress\/plugins\/seo\/ -->\n<title>Cloth tape - 06106S - Eurobands<\/title>\n<meta name=\"description\" content=\"Cloth tape designed for multipurpose applications. Provides excellent waterproofing, moisture resistance, and high tensile strength.\" \/>\n<meta name=\"robots\" content=\"index, follow, max-snippet:-1, max-image-preview:large, max-video-preview:-1\" \/>\n<link rel=\"canonical\" href=\"https:\/\/eurobands.com\/pl\/produkt\/tasma-tkaninowa-06106s\/\" \/>\n<meta property=\"og:locale\" content=\"pl_PL\" \/>\n<meta property=\"og:type\" content=\"article\" \/>\n<meta property=\"og:title\" content=\"Cloth tape - 06106S - Eurobands\" \/>\n<meta property=\"og:description\" content=\"Cloth tape designed for multipurpose applications. Provides excellent waterproofing, moisture resistance, and high tensile strength.\" \/>\n<meta property=\"og:url\" content=\"https:\/\/eurobands.com\/pl\/produkt\/tasma-tkaninowa-06106s\/\" \/>\n<meta property=\"og:site_name\" content=\"Eurobands\" \/>\n<meta property=\"article:modified_time\" content=\"2025-01-31T13:24:19+00:00\" \/>\n<meta property=\"og:image\" content=\"https:\/\/eurobands.com\/wp-content\/uploads\/2024\/10\/06106S-1024x1024.png\" \/>\n\t<meta property=\"og:image:width\" content=\"1024\" \/>\n\t<meta property=\"og:image:height\" content=\"1024\" \/>\n\t<meta property=\"og:image:type\" content=\"image\/png\" \/>\n<meta name=\"twitter:card\" content=\"summary_large_image\" \/>\n<meta name=\"twitter:label1\" content=\"Szacowany czas czytania\" \/>\n\t<meta name=\"twitter:data1\" content=\"1 minuta\" \/>\n<script type=\"application\/ld+json\" class=\"yoast-schema-graph\">{\"@context\":\"https:\/\/schema.org\",\"@graph\":[{\"@type\":\"WebPage\",\"@id\":\"https:\/\/eurobands.com\/product\/cloth-tape-06106s\/\",\"url\":\"https:\/\/eurobands.com\/product\/cloth-tape-06106s\/\",\"name\":\"Cloth tape - 06106S - Eurobands\",\"isPartOf\":{\"@id\":\"https:\/\/eurobands.com\/#website\"},\"primaryImageOfPage\":{\"@id\":\"https:\/\/eurobands.com\/product\/cloth-tape-06106s\/#primaryimage\"},\"image\":{\"@id\":\"https:\/\/eurobands.com\/product\/cloth-tape-06106s\/#primaryimage\"},\"thumbnailUrl\":\"https:\/\/eurobands.com\/wp-content\/uploads\/2024\/10\/06106S.png\",\"datePublished\":\"2024-10-25T11:39:55+00:00\",\"dateModified\":\"2025-01-31T13:24:19+00:00\",\"description\":\"Cloth tape designed for multipurpose applications. Provides excellent waterproofing, moisture resistance, and high tensile strength.\",\"breadcrumb\":{\"@id\":\"https:\/\/eurobands.com\/product\/cloth-tape-06106s\/#breadcrumb\"},\"inLanguage\":\"pl-PL\",\"potentialAction\":[{\"@type\":\"ReadAction\",\"target\":[\"https:\/\/eurobands.com\/product\/cloth-tape-06106s\/\"]}]},{\"@type\":\"ImageObject\",\"inLanguage\":\"pl-PL\",\"@id\":\"https:\/\/eurobands.com\/product\/cloth-tape-06106s\/#primaryimage\",\"url\":\"https:\/\/eurobands.com\/wp-content\/uploads\/2024\/10\/06106S.png\",\"contentUrl\":\"https:\/\/eurobands.com\/wp-content\/uploads\/2024\/10\/06106S.png\",\"width\":400,\"height\":400,\"caption\":\"Economical multipurpose tape with waterproofing, strong moisture resistance and high tensile strength for various applications.\"},{\"@type\":\"BreadcrumbList\",\"@id\":\"https:\/\/eurobands.com\/product\/cloth-tape-06106s\/#breadcrumb\",\"itemListElement\":[{\"@type\":\"ListItem\",\"position\":1,\"name\":\"Home\",\"item\":\"https:\/\/eurobands.com\/\"},{\"@type\":\"ListItem\",\"position\":2,\"name\":\"Shop\",\"item\":\"https:\/\/eurobands.com\/shop\/\"},{\"@type\":\"ListItem\",\"position\":3,\"name\":\"Cloth tape &#8211; 06106S\"}]},{\"@type\":\"WebSite\",\"@id\":\"https:\/\/eurobands.com\/#website\",\"url\":\"https:\/\/eurobands.com\/\",\"name\":\"Eurobands\",\"description\":\"\",\"publisher\":{\"@id\":\"https:\/\/eurobands.com\/#organization\"},\"potentialAction\":[{\"@type\":\"SearchAction\",\"target\":{\"@type\":\"EntryPoint\",\"urlTemplate\":\"https:\/\/eurobands.com\/?s={search_term_string}\"},\"query-input\":{\"@type\":\"PropertyValueSpecification\",\"valueRequired\":true,\"valueName\":\"search_term_string\"}}],\"inLanguage\":\"pl-PL\"},{\"@type\":\"Organization\",\"@id\":\"https:\/\/eurobands.com\/#organization\",\"name\":\"Eurobands\",\"url\":\"https:\/\/eurobands.com\/\",\"logo\":{\"@type\":\"ImageObject\",\"inLanguage\":\"pl-PL\",\"@id\":\"https:\/\/eurobands.com\/#\/schema\/logo\/image\/\",\"url\":\"https:\/\/eurobands.com\/wp-content\/uploads\/2024\/03\/EUROBANDS-LOGO_RGB.png\",\"contentUrl\":\"https:\/\/eurobands.com\/wp-content\/uploads\/2024\/03\/EUROBANDS-LOGO_RGB.png\",\"width\":12098,\"height\":3014,\"caption\":\"Eurobands\"},\"image\":{\"@id\":\"https:\/\/eurobands.com\/#\/schema\/logo\/image\/\"}}]}<\/script>\n<!-- \/ Yoast SEO plugin. -->","yoast_head_json":{"title":"Ta\u015bma materia\u0142owa - 06106S - Eurobands","description":"Ta\u015bma tkaninowa przeznaczona do uniwersalnych zastosowa\u0144. Zapewnia doskona\u0142\u0105 wodoszczelno\u015b\u0107, odporno\u015b\u0107 na wilgo\u0107 i wysok\u0105 wytrzyma\u0142o\u015b\u0107 na rozci\u0105ganie.","robots":{"index":"index","follow":"follow","max-snippet":"max-snippet:-1","max-image-preview":"max-image-preview:large","max-video-preview":"max-video-preview:-1"},"canonical":"https:\/\/eurobands.com\/pl\/produkt\/tasma-tkaninowa-06106s\/","og_locale":"pl_PL","og_type":"article","og_title":"Cloth tape - 06106S - Eurobands","og_description":"Cloth tape designed for multipurpose applications. Provides excellent waterproofing, moisture resistance, and high tensile strength.","og_url":"https:\/\/eurobands.com\/pl\/produkt\/tasma-tkaninowa-06106s\/","og_site_name":"Eurobands","article_modified_time":"2025-01-31T13:24:19+00:00","og_image":[{"width":1024,"height":1024,"url":"https:\/\/eurobands.com\/wp-content\/uploads\/2024\/10\/06106S-1024x1024.png","type":"image\/png"}],"twitter_card":"summary_large_image","twitter_misc":{"Szacowany czas czytania":"1 minuta"},"schema":{"@context":"https:\/\/schema.org","@graph":[{"@type":"WebPage","@id":"https:\/\/eurobands.com\/product\/cloth-tape-06106s\/","url":"https:\/\/eurobands.com\/product\/cloth-tape-06106s\/","name":"Ta\u015bma materia\u0142owa - 06106S - Eurobands","isPartOf":{"@id":"https:\/\/eurobands.com\/#website"},"primaryImageOfPage":{"@id":"https:\/\/eurobands.com\/product\/cloth-tape-06106s\/#primaryimage"},"image":{"@id":"https:\/\/eurobands.com\/product\/cloth-tape-06106s\/#primaryimage"},"thumbnailUrl":"https:\/\/eurobands.com\/wp-content\/uploads\/2024\/10\/06106S.png","datePublished":"2024-10-25T11:39:55+00:00","dateModified":"2025-01-31T13:24:19+00:00","description":"Ta\u015bma tkaninowa przeznaczona do uniwersalnych zastosowa\u0144. Zapewnia doskona\u0142\u0105 wodoszczelno\u015b\u0107, odporno\u015b\u0107 na wilgo\u0107 i wysok\u0105 wytrzyma\u0142o\u015b\u0107 na rozci\u0105ganie.","breadcrumb":{"@id":"https:\/\/eurobands.com\/product\/cloth-tape-06106s\/#breadcrumb"},"inLanguage":"pl-PL","potentialAction":[{"@type":"ReadAction","target":["https:\/\/eurobands.com\/product\/cloth-tape-06106s\/"]}]},{"@type":"ImageObject","inLanguage":"pl-PL","@id":"https:\/\/eurobands.com\/product\/cloth-tape-06106s\/#primaryimage","url":"https:\/\/eurobands.com\/wp-content\/uploads\/2024\/10\/06106S.png","contentUrl":"https:\/\/eurobands.com\/wp-content\/uploads\/2024\/10\/06106S.png","width":400,"height":400,"caption":"Economical multipurpose tape with waterproofing, strong moisture resistance and high tensile strength for various applications."},{"@type":"BreadcrumbList","@id":"https:\/\/eurobands.com\/product\/cloth-tape-06106s\/#breadcrumb","itemListElement":[{"@type":"ListItem","position":1,"name":"Home","item":"https:\/\/eurobands.com\/"},{"@type":"ListItem","position":2,"name":"Shop","item":"https:\/\/eurobands.com\/shop\/"},{"@type":"ListItem","position":3,"name":"Cloth tape &#8211; 06106S"}]},{"@type":"WebSite","@id":"https:\/\/eurobands.com\/#website","url":"https:\/\/eurobands.com\/","name":"Eurobandy","description":"","publisher":{"@id":"https:\/\/eurobands.com\/#organization"},"potentialAction":[{"@type":"SearchAction","target":{"@type":"EntryPoint","urlTemplate":"https:\/\/eurobands.com\/?s={search_term_string}"},"query-input":{"@type":"PropertyValueSpecification","valueRequired":true,"valueName":"search_term_string"}}],"inLanguage":"pl-PL"},{"@type":"Organization","@id":"https:\/\/eurobands.com\/#organization","name":"Eurobandy","url":"https:\/\/eurobands.com\/","logo":{"@type":"ImageObject","inLanguage":"pl-PL","@id":"https:\/\/eurobands.com\/#\/schema\/logo\/image\/","url":"https:\/\/eurobands.com\/wp-content\/uploads\/2024\/03\/EUROBANDS-LOGO_RGB.png","contentUrl":"https:\/\/eurobands.com\/wp-content\/uploads\/2024\/03\/EUROBANDS-LOGO_RGB.png","width":12098,"height":3014,"caption":"Eurobands"},"image":{"@id":"https:\/\/eurobands.com\/#\/schema\/logo\/image\/"}}]}},"_links":{"self":[{"href":"https:\/\/eurobands.com\/pl\/wp-json\/wp\/v2\/product\/1125","targetHints":{"allow":["GET"]}}],"collection":[{"href":"https:\/\/eurobands.com\/pl\/wp-json\/wp\/v2\/product"}],"about":[{"href":"https:\/\/eurobands.com\/pl\/wp-json\/wp\/v2\/types\/product"}],"replies":[{"embeddable":true,"href":"https:\/\/eurobands.com\/pl\/wp-json\/wp\/v2\/comments?post=1125"}],"wp:featuredmedia":[{"embeddable":true,"href":"https:\/\/eurobands.com\/pl\/wp-json\/wp\/v2\/media\/1158"}],"wp:attachment":[{"href":"https:\/\/eurobands.com\/pl\/wp-json\/wp\/v2\/media?parent=1125"}],"wp:term":[{"taxonomy":"product_cat","embeddable":true,"href":"https:\/\/eurobands.com\/pl\/wp-json\/wp\/v2\/product_cat?post=1125"},{"taxonomy":"product_tag","embeddable":true,"href":"https:\/\/eurobands.com\/pl\/wp-json\/wp\/v2\/product_tag?post=1125"}],"curies":[{"name":"wp","href":"https:\/\/api.w.org\/{rel}","templated":true}]}}