{"id":1109,"date":"2024-10-25T11:39:55","date_gmt":"2024-10-25T11:39:55","guid":{"rendered":"https:\/\/eurobands.com\/?post_type=product&#038;p=1109"},"modified":"2025-02-03T14:35:19","modified_gmt":"2025-02-03T14:35:19","slug":"wysokiej-jakosci-tasma-pakowa-16317","status":"publish","type":"product","link":"https:\/\/eurobands.com\/pl\/product\/high-quality-packaging-tape-16316\/","title":{"rendered":"Wysokiej jako\u015bci ta\u015bma pakowa - 16316"},"content":{"rendered":"<p>Bardzo wysokiej jako\u015bci ta\u015bma pakowa do aplikacji i zamykania ci\u0119\u017ckich karton\u00f3w<br \/>\nWysoka wytrzyma\u0142o\u015b\u0107 na rozci\u0105ganie w kierunku wzd\u0142u\u017cnym i poprzecznym<br \/>\nWysoka przyczepno\u015b\u0107 i wytrzyma\u0142o\u015b\u0107 na r\u00f3\u017cnych powierzchniach<br \/>\nNadaje si\u0119 do proces\u00f3w recyklingu<\/p>","protected":false},"excerpt":{"rendered":"<p>Very high quality packaging tape for application and ensures the closure of heavy cartons High tensile strength in longitudinal and cross direction High adhesion and holding power on various surfaces Suitable for recycling processes<\/p>","protected":false},"featured_media":1152,"comment_status":"open","ping_status":"closed","template":"","meta":[],"product_cat":[60],"product_tag":[],"class_list":{"0":"post-1109","1":"product","2":"type-product","3":"status-publish","4":"has-post-thumbnail","6":"product_cat-packaging","8":"first","9":"instock","10":"shipping-taxable","11":"product-type-simple"},"yoast_head":"<!-- This site is optimized with the Yoast SEO plugin v26.1.1 - https:\/\/yoast.com\/wordpress\/plugins\/seo\/ -->\n<title>High quality packaging tape - 16316 - Eurobands<\/title>\n<meta name=\"description\" content=\"High-quality packaging tape for heavy cartons. Offers high tensile strength, strong adhesion on various surfaces, and is suitable for recycling processes.\" \/>\n<meta name=\"robots\" content=\"index, follow, max-snippet:-1, max-image-preview:large, max-video-preview:-1\" \/>\n<link rel=\"canonical\" href=\"https:\/\/eurobands.com\/pl\/produkt\/wysokiej-jakosci-tasma-pakowa-16317\/\" \/>\n<meta property=\"og:locale\" content=\"pl_PL\" \/>\n<meta property=\"og:type\" content=\"article\" \/>\n<meta property=\"og:title\" content=\"High quality packaging tape - 16316 - Eurobands\" \/>\n<meta property=\"og:description\" content=\"High-quality packaging tape for heavy cartons. Offers high tensile strength, strong adhesion on various surfaces, and is suitable for recycling processes.\" \/>\n<meta property=\"og:url\" content=\"https:\/\/eurobands.com\/pl\/produkt\/wysokiej-jakosci-tasma-pakowa-16317\/\" \/>\n<meta property=\"og:site_name\" content=\"Eurobands\" \/>\n<meta property=\"article:modified_time\" content=\"2025-02-03T14:35:19+00:00\" \/>\n<meta property=\"og:image\" content=\"https:\/\/eurobands.com\/wp-content\/uploads\/2024\/10\/16316.png\" \/>\n\t<meta property=\"og:image:width\" content=\"1600\" \/>\n\t<meta property=\"og:image:height\" content=\"1600\" \/>\n\t<meta property=\"og:image:type\" content=\"image\/png\" \/>\n<meta name=\"twitter:card\" content=\"summary_large_image\" \/>\n<meta name=\"twitter:label1\" content=\"Szacowany czas czytania\" \/>\n\t<meta name=\"twitter:data1\" content=\"1 minuta\" \/>\n<script type=\"application\/ld+json\" class=\"yoast-schema-graph\">{\"@context\":\"https:\/\/schema.org\",\"@graph\":[{\"@type\":\"WebPage\",\"@id\":\"https:\/\/eurobands.com\/product\/high-quality-packaging-tape-16316\/\",\"url\":\"https:\/\/eurobands.com\/product\/high-quality-packaging-tape-16316\/\",\"name\":\"High quality packaging tape - 16316 - Eurobands\",\"isPartOf\":{\"@id\":\"https:\/\/eurobands.com\/#website\"},\"primaryImageOfPage\":{\"@id\":\"https:\/\/eurobands.com\/product\/high-quality-packaging-tape-16316\/#primaryimage\"},\"image\":{\"@id\":\"https:\/\/eurobands.com\/product\/high-quality-packaging-tape-16316\/#primaryimage\"},\"thumbnailUrl\":\"https:\/\/eurobands.com\/wp-content\/uploads\/2024\/10\/16316.png\",\"datePublished\":\"2024-10-25T11:39:55+00:00\",\"dateModified\":\"2025-02-03T14:35:19+00:00\",\"description\":\"High-quality packaging tape for heavy cartons. Offers high tensile strength, strong adhesion on various surfaces, and is suitable for recycling processes.\",\"breadcrumb\":{\"@id\":\"https:\/\/eurobands.com\/product\/high-quality-packaging-tape-16316\/#breadcrumb\"},\"inLanguage\":\"pl-PL\",\"potentialAction\":[{\"@type\":\"ReadAction\",\"target\":[\"https:\/\/eurobands.com\/product\/high-quality-packaging-tape-16316\/\"]}]},{\"@type\":\"ImageObject\",\"inLanguage\":\"pl-PL\",\"@id\":\"https:\/\/eurobands.com\/product\/high-quality-packaging-tape-16316\/#primaryimage\",\"url\":\"https:\/\/eurobands.com\/wp-content\/uploads\/2024\/10\/16316.png\",\"contentUrl\":\"https:\/\/eurobands.com\/wp-content\/uploads\/2024\/10\/16316.png\",\"width\":400,\"height\":400,\"caption\":\"High-quality adhesive tape for heavy cartons, with strong adhesion, high tensile strength in both directions, and recycling compatibility.\"},{\"@type\":\"BreadcrumbList\",\"@id\":\"https:\/\/eurobands.com\/product\/high-quality-packaging-tape-16316\/#breadcrumb\",\"itemListElement\":[{\"@type\":\"ListItem\",\"position\":1,\"name\":\"Home\",\"item\":\"https:\/\/eurobands.com\/\"},{\"@type\":\"ListItem\",\"position\":2,\"name\":\"Shop\",\"item\":\"https:\/\/eurobands.com\/shop\/\"},{\"@type\":\"ListItem\",\"position\":3,\"name\":\"High quality packaging tape &#8211; 16316\"}]},{\"@type\":\"WebSite\",\"@id\":\"https:\/\/eurobands.com\/#website\",\"url\":\"https:\/\/eurobands.com\/\",\"name\":\"Eurobands\",\"description\":\"\",\"publisher\":{\"@id\":\"https:\/\/eurobands.com\/#organization\"},\"potentialAction\":[{\"@type\":\"SearchAction\",\"target\":{\"@type\":\"EntryPoint\",\"urlTemplate\":\"https:\/\/eurobands.com\/?s={search_term_string}\"},\"query-input\":{\"@type\":\"PropertyValueSpecification\",\"valueRequired\":true,\"valueName\":\"search_term_string\"}}],\"inLanguage\":\"pl-PL\"},{\"@type\":\"Organization\",\"@id\":\"https:\/\/eurobands.com\/#organization\",\"name\":\"Eurobands\",\"url\":\"https:\/\/eurobands.com\/\",\"logo\":{\"@type\":\"ImageObject\",\"inLanguage\":\"pl-PL\",\"@id\":\"https:\/\/eurobands.com\/#\/schema\/logo\/image\/\",\"url\":\"https:\/\/eurobands.com\/wp-content\/uploads\/2024\/03\/EUROBANDS-LOGO_RGB.png\",\"contentUrl\":\"https:\/\/eurobands.com\/wp-content\/uploads\/2024\/03\/EUROBANDS-LOGO_RGB.png\",\"width\":12098,\"height\":3014,\"caption\":\"Eurobands\"},\"image\":{\"@id\":\"https:\/\/eurobands.com\/#\/schema\/logo\/image\/\"}}]}<\/script>\n<!-- \/ Yoast SEO plugin. -->","yoast_head_json":{"title":"Wysokiej jako\u015bci ta\u015bma pakowa - 16316 - Eurobands","description":"Wysokiej jako\u015bci ta\u015bma pakowa do ci\u0119\u017ckich karton\u00f3w. Oferuje wysok\u0105 wytrzyma\u0142o\u015b\u0107 na rozci\u0105ganie, siln\u0105 przyczepno\u015b\u0107 na r\u00f3\u017cnych powierzchniach i nadaje si\u0119 do proces\u00f3w recyklingu.","robots":{"index":"index","follow":"follow","max-snippet":"max-snippet:-1","max-image-preview":"max-image-preview:large","max-video-preview":"max-video-preview:-1"},"canonical":"https:\/\/eurobands.com\/pl\/produkt\/wysokiej-jakosci-tasma-pakowa-16317\/","og_locale":"pl_PL","og_type":"article","og_title":"High quality packaging tape - 16316 - Eurobands","og_description":"High-quality packaging tape for heavy cartons. Offers high tensile strength, strong adhesion on various surfaces, and is suitable for recycling processes.","og_url":"https:\/\/eurobands.com\/pl\/produkt\/wysokiej-jakosci-tasma-pakowa-16317\/","og_site_name":"Eurobands","article_modified_time":"2025-02-03T14:35:19+00:00","og_image":[{"width":1600,"height":1600,"url":"https:\/\/eurobands.com\/wp-content\/uploads\/2024\/10\/16316.png","type":"image\/png"}],"twitter_card":"summary_large_image","twitter_misc":{"Szacowany czas czytania":"1 minuta"},"schema":{"@context":"https:\/\/schema.org","@graph":[{"@type":"WebPage","@id":"https:\/\/eurobands.com\/product\/high-quality-packaging-tape-16316\/","url":"https:\/\/eurobands.com\/product\/high-quality-packaging-tape-16316\/","name":"Wysokiej jako\u015bci ta\u015bma pakowa - 16316 - Eurobands","isPartOf":{"@id":"https:\/\/eurobands.com\/#website"},"primaryImageOfPage":{"@id":"https:\/\/eurobands.com\/product\/high-quality-packaging-tape-16316\/#primaryimage"},"image":{"@id":"https:\/\/eurobands.com\/product\/high-quality-packaging-tape-16316\/#primaryimage"},"thumbnailUrl":"https:\/\/eurobands.com\/wp-content\/uploads\/2024\/10\/16316.png","datePublished":"2024-10-25T11:39:55+00:00","dateModified":"2025-02-03T14:35:19+00:00","description":"Wysokiej jako\u015bci ta\u015bma pakowa do ci\u0119\u017ckich karton\u00f3w. Oferuje wysok\u0105 wytrzyma\u0142o\u015b\u0107 na rozci\u0105ganie, siln\u0105 przyczepno\u015b\u0107 na r\u00f3\u017cnych powierzchniach i nadaje si\u0119 do proces\u00f3w recyklingu.","breadcrumb":{"@id":"https:\/\/eurobands.com\/product\/high-quality-packaging-tape-16316\/#breadcrumb"},"inLanguage":"pl-PL","potentialAction":[{"@type":"ReadAction","target":["https:\/\/eurobands.com\/product\/high-quality-packaging-tape-16316\/"]}]},{"@type":"ImageObject","inLanguage":"pl-PL","@id":"https:\/\/eurobands.com\/product\/high-quality-packaging-tape-16316\/#primaryimage","url":"https:\/\/eurobands.com\/wp-content\/uploads\/2024\/10\/16316.png","contentUrl":"https:\/\/eurobands.com\/wp-content\/uploads\/2024\/10\/16316.png","width":400,"height":400,"caption":"High-quality adhesive tape for heavy cartons, with strong adhesion, high tensile strength in both directions, and recycling compatibility."},{"@type":"BreadcrumbList","@id":"https:\/\/eurobands.com\/product\/high-quality-packaging-tape-16316\/#breadcrumb","itemListElement":[{"@type":"ListItem","position":1,"name":"Home","item":"https:\/\/eurobands.com\/"},{"@type":"ListItem","position":2,"name":"Shop","item":"https:\/\/eurobands.com\/shop\/"},{"@type":"ListItem","position":3,"name":"High quality packaging tape &#8211; 16316"}]},{"@type":"WebSite","@id":"https:\/\/eurobands.com\/#website","url":"https:\/\/eurobands.com\/","name":"Eurobandy","description":"","publisher":{"@id":"https:\/\/eurobands.com\/#organization"},"potentialAction":[{"@type":"SearchAction","target":{"@type":"EntryPoint","urlTemplate":"https:\/\/eurobands.com\/?s={search_term_string}"},"query-input":{"@type":"PropertyValueSpecification","valueRequired":true,"valueName":"search_term_string"}}],"inLanguage":"pl-PL"},{"@type":"Organization","@id":"https:\/\/eurobands.com\/#organization","name":"Eurobandy","url":"https:\/\/eurobands.com\/","logo":{"@type":"ImageObject","inLanguage":"pl-PL","@id":"https:\/\/eurobands.com\/#\/schema\/logo\/image\/","url":"https:\/\/eurobands.com\/wp-content\/uploads\/2024\/03\/EUROBANDS-LOGO_RGB.png","contentUrl":"https:\/\/eurobands.com\/wp-content\/uploads\/2024\/03\/EUROBANDS-LOGO_RGB.png","width":12098,"height":3014,"caption":"Eurobands"},"image":{"@id":"https:\/\/eurobands.com\/#\/schema\/logo\/image\/"}}]}},"_links":{"self":[{"href":"https:\/\/eurobands.com\/pl\/wp-json\/wp\/v2\/product\/1109","targetHints":{"allow":["GET"]}}],"collection":[{"href":"https:\/\/eurobands.com\/pl\/wp-json\/wp\/v2\/product"}],"about":[{"href":"https:\/\/eurobands.com\/pl\/wp-json\/wp\/v2\/types\/product"}],"replies":[{"embeddable":true,"href":"https:\/\/eurobands.com\/pl\/wp-json\/wp\/v2\/comments?post=1109"}],"wp:featuredmedia":[{"embeddable":true,"href":"https:\/\/eurobands.com\/pl\/wp-json\/wp\/v2\/media\/1152"}],"wp:attachment":[{"href":"https:\/\/eurobands.com\/pl\/wp-json\/wp\/v2\/media?parent=1109"}],"wp:term":[{"taxonomy":"product_cat","embeddable":true,"href":"https:\/\/eurobands.com\/pl\/wp-json\/wp\/v2\/product_cat?post=1109"},{"taxonomy":"product_tag","embeddable":true,"href":"https:\/\/eurobands.com\/pl\/wp-json\/wp\/v2\/product_tag?post=1109"}],"curies":[{"name":"wp","href":"https:\/\/api.w.org\/{rel}","templated":true}]}}