{"id":1054,"date":"2024-10-25T11:40:10","date_gmt":"2024-10-25T11:40:10","guid":{"rendered":"https:\/\/eurobands.com\/?post_type=product&#038;p=1054"},"modified":"2025-01-31T09:47:35","modified_gmt":"2025-01-31T09:47:35","slug":"tasmy-piankowe-pe-28221","status":"publish","type":"product","link":"https:\/\/eurobands.com\/pl\/product\/pe-foam-tapes-28221\/","title":{"rendered":"Ta\u015bmy piankowe PE - 28121"},"content":{"rendered":"<p>Ta\u015bmy piankowe PE do zastosowa\u0144 wymagaj\u0105cych du\u017cej wytrzyma\u0142o\u015bci na \u015bcinanie, takich jak monta\u017c luster, mocowanie gablot i hak\u00f3w.<br \/>\nKlej o bardzo wysokiej przyczepno\u015bci i wysokiej odporno\u015bci na \u015bcinanie, dobra przyczepno\u015b\u0107 do powierzchni o niskiej energii powierzchniowej.<br \/>\nDobra wodoodporno\u015b\u0107 i tylko do u\u017cytku wewn\u0105trz pomieszcze\u0144.<\/p>","protected":false},"excerpt":{"rendered":"<p>PE foam tapes for high shear applications such as mirror mounting, \ufb01xing display units and hooks. Very high tack and high shear adhesive, good adhesion to low surface energy. Good water resistance and for indoor use only.<\/p>","protected":false},"featured_media":1104,"comment_status":"open","ping_status":"closed","template":"","meta":[],"product_cat":[31],"product_tag":[],"class_list":{"0":"post-1054","1":"product","2":"type-product","3":"status-publish","4":"has-post-thumbnail","6":"product_cat-assembly","8":"first","9":"instock","10":"shipping-taxable","11":"product-type-simple"},"yoast_head":"<!-- This site is optimized with the Yoast SEO plugin v26.1.1 - https:\/\/yoast.com\/wordpress\/plugins\/seo\/ -->\n<title>PE foam tapes - 28121 - Eurobands<\/title>\n<meta name=\"description\" content=\"PE foam tapes for high-shear applications like mirror mounting and fixing displays. High tack, strong adhesion to low-energy surfaces, and good water resistance. Indoor use only.\" \/>\n<meta name=\"robots\" content=\"index, follow, max-snippet:-1, max-image-preview:large, max-video-preview:-1\" \/>\n<link rel=\"canonical\" href=\"https:\/\/eurobands.com\/pl\/produkt\/tasmy-piankowe-pe-28221\/\" \/>\n<meta property=\"og:locale\" content=\"pl_PL\" \/>\n<meta property=\"og:type\" content=\"article\" \/>\n<meta property=\"og:title\" content=\"PE foam tapes - 28121 - Eurobands\" \/>\n<meta property=\"og:description\" content=\"PE foam tapes for high-shear applications like mirror mounting and fixing displays. High tack, strong adhesion to low-energy surfaces, and good water resistance. Indoor use only.\" \/>\n<meta property=\"og:url\" content=\"https:\/\/eurobands.com\/pl\/produkt\/tasmy-piankowe-pe-28221\/\" \/>\n<meta property=\"og:site_name\" content=\"Eurobands\" \/>\n<meta property=\"article:modified_time\" content=\"2025-01-31T09:47:35+00:00\" \/>\n<meta property=\"og:image\" content=\"https:\/\/eurobands.com\/wp-content\/uploads\/2024\/10\/28221-1024x1024.png\" \/>\n\t<meta property=\"og:image:width\" content=\"1024\" \/>\n\t<meta property=\"og:image:height\" content=\"1024\" \/>\n\t<meta property=\"og:image:type\" content=\"image\/png\" \/>\n<meta name=\"twitter:card\" content=\"summary_large_image\" \/>\n<meta name=\"twitter:label1\" content=\"Szacowany czas czytania\" \/>\n\t<meta name=\"twitter:data1\" content=\"1 minuta\" \/>\n<script type=\"application\/ld+json\" class=\"yoast-schema-graph\">{\"@context\":\"https:\/\/schema.org\",\"@graph\":[{\"@type\":\"WebPage\",\"@id\":\"https:\/\/eurobands.com\/product\/pe-foam-tapes-28221\/\",\"url\":\"https:\/\/eurobands.com\/product\/pe-foam-tapes-28221\/\",\"name\":\"PE foam tapes - 28121 - Eurobands\",\"isPartOf\":{\"@id\":\"https:\/\/eurobands.com\/#website\"},\"primaryImageOfPage\":{\"@id\":\"https:\/\/eurobands.com\/product\/pe-foam-tapes-28221\/#primaryimage\"},\"image\":{\"@id\":\"https:\/\/eurobands.com\/product\/pe-foam-tapes-28221\/#primaryimage\"},\"thumbnailUrl\":\"https:\/\/eurobands.com\/wp-content\/uploads\/2024\/10\/28221.png\",\"datePublished\":\"2024-10-25T11:40:10+00:00\",\"dateModified\":\"2025-01-31T09:47:35+00:00\",\"description\":\"PE foam tapes for high-shear applications like mirror mounting and fixing displays. High tack, strong adhesion to low-energy surfaces, and good water resistance. Indoor use only.\",\"breadcrumb\":{\"@id\":\"https:\/\/eurobands.com\/product\/pe-foam-tapes-28221\/#breadcrumb\"},\"inLanguage\":\"pl-PL\",\"potentialAction\":[{\"@type\":\"ReadAction\",\"target\":[\"https:\/\/eurobands.com\/product\/pe-foam-tapes-28221\/\"]}]},{\"@type\":\"ImageObject\",\"inLanguage\":\"pl-PL\",\"@id\":\"https:\/\/eurobands.com\/product\/pe-foam-tapes-28221\/#primaryimage\",\"url\":\"https:\/\/eurobands.com\/wp-content\/uploads\/2024\/10\/28221.png\",\"contentUrl\":\"https:\/\/eurobands.com\/wp-content\/uploads\/2024\/10\/28221.png\",\"width\":400,\"height\":400,\"caption\":\"High shear tape for mirror mounting, display units and hooks. Very high tack, strong adhesion on low surface energy surfaces, indoor use only.\"},{\"@type\":\"BreadcrumbList\",\"@id\":\"https:\/\/eurobands.com\/product\/pe-foam-tapes-28221\/#breadcrumb\",\"itemListElement\":[{\"@type\":\"ListItem\",\"position\":1,\"name\":\"Home\",\"item\":\"https:\/\/eurobands.com\/\"},{\"@type\":\"ListItem\",\"position\":2,\"name\":\"Shop\",\"item\":\"https:\/\/eurobands.com\/shop\/\"},{\"@type\":\"ListItem\",\"position\":3,\"name\":\"PE foam tapes &#8211; 28121\"}]},{\"@type\":\"WebSite\",\"@id\":\"https:\/\/eurobands.com\/#website\",\"url\":\"https:\/\/eurobands.com\/\",\"name\":\"Eurobands\",\"description\":\"\",\"publisher\":{\"@id\":\"https:\/\/eurobands.com\/#organization\"},\"potentialAction\":[{\"@type\":\"SearchAction\",\"target\":{\"@type\":\"EntryPoint\",\"urlTemplate\":\"https:\/\/eurobands.com\/?s={search_term_string}\"},\"query-input\":{\"@type\":\"PropertyValueSpecification\",\"valueRequired\":true,\"valueName\":\"search_term_string\"}}],\"inLanguage\":\"pl-PL\"},{\"@type\":\"Organization\",\"@id\":\"https:\/\/eurobands.com\/#organization\",\"name\":\"Eurobands\",\"url\":\"https:\/\/eurobands.com\/\",\"logo\":{\"@type\":\"ImageObject\",\"inLanguage\":\"pl-PL\",\"@id\":\"https:\/\/eurobands.com\/#\/schema\/logo\/image\/\",\"url\":\"https:\/\/eurobands.com\/wp-content\/uploads\/2024\/03\/EUROBANDS-LOGO_RGB.png\",\"contentUrl\":\"https:\/\/eurobands.com\/wp-content\/uploads\/2024\/03\/EUROBANDS-LOGO_RGB.png\",\"width\":12098,\"height\":3014,\"caption\":\"Eurobands\"},\"image\":{\"@id\":\"https:\/\/eurobands.com\/#\/schema\/logo\/image\/\"}}]}<\/script>\n<!-- \/ Yoast SEO plugin. -->","yoast_head_json":{"title":"Ta\u015bmy piankowe PE - 28121 - Eurobands","description":"Ta\u015bmy piankowe PE do zastosowa\u0144 wymagaj\u0105cych du\u017cej wytrzyma\u0142o\u015bci na \u015bcinanie, takich jak monta\u017c luster i mocowanie wy\u015bwietlaczy. Wysoka przyczepno\u015b\u0107, silne przyleganie do powierzchni o niskiej energii i dobra odporno\u015b\u0107 na wod\u0119. Tylko do u\u017cytku wewn\u0105trz pomieszcze\u0144.","robots":{"index":"index","follow":"follow","max-snippet":"max-snippet:-1","max-image-preview":"max-image-preview:large","max-video-preview":"max-video-preview:-1"},"canonical":"https:\/\/eurobands.com\/pl\/produkt\/tasmy-piankowe-pe-28221\/","og_locale":"pl_PL","og_type":"article","og_title":"PE foam tapes - 28121 - Eurobands","og_description":"PE foam tapes for high-shear applications like mirror mounting and fixing displays. High tack, strong adhesion to low-energy surfaces, and good water resistance. Indoor use only.","og_url":"https:\/\/eurobands.com\/pl\/produkt\/tasmy-piankowe-pe-28221\/","og_site_name":"Eurobands","article_modified_time":"2025-01-31T09:47:35+00:00","og_image":[{"width":1024,"height":1024,"url":"https:\/\/eurobands.com\/wp-content\/uploads\/2024\/10\/28221-1024x1024.png","type":"image\/png"}],"twitter_card":"summary_large_image","twitter_misc":{"Szacowany czas czytania":"1 minuta"},"schema":{"@context":"https:\/\/schema.org","@graph":[{"@type":"WebPage","@id":"https:\/\/eurobands.com\/product\/pe-foam-tapes-28221\/","url":"https:\/\/eurobands.com\/product\/pe-foam-tapes-28221\/","name":"Ta\u015bmy piankowe PE - 28121 - Eurobands","isPartOf":{"@id":"https:\/\/eurobands.com\/#website"},"primaryImageOfPage":{"@id":"https:\/\/eurobands.com\/product\/pe-foam-tapes-28221\/#primaryimage"},"image":{"@id":"https:\/\/eurobands.com\/product\/pe-foam-tapes-28221\/#primaryimage"},"thumbnailUrl":"https:\/\/eurobands.com\/wp-content\/uploads\/2024\/10\/28221.png","datePublished":"2024-10-25T11:40:10+00:00","dateModified":"2025-01-31T09:47:35+00:00","description":"Ta\u015bmy piankowe PE do zastosowa\u0144 wymagaj\u0105cych du\u017cej wytrzyma\u0142o\u015bci na \u015bcinanie, takich jak monta\u017c luster i mocowanie wy\u015bwietlaczy. Wysoka przyczepno\u015b\u0107, silne przyleganie do powierzchni o niskiej energii i dobra odporno\u015b\u0107 na wod\u0119. Tylko do u\u017cytku wewn\u0105trz pomieszcze\u0144.","breadcrumb":{"@id":"https:\/\/eurobands.com\/product\/pe-foam-tapes-28221\/#breadcrumb"},"inLanguage":"pl-PL","potentialAction":[{"@type":"ReadAction","target":["https:\/\/eurobands.com\/product\/pe-foam-tapes-28221\/"]}]},{"@type":"ImageObject","inLanguage":"pl-PL","@id":"https:\/\/eurobands.com\/product\/pe-foam-tapes-28221\/#primaryimage","url":"https:\/\/eurobands.com\/wp-content\/uploads\/2024\/10\/28221.png","contentUrl":"https:\/\/eurobands.com\/wp-content\/uploads\/2024\/10\/28221.png","width":400,"height":400,"caption":"High shear tape for mirror mounting, display units and hooks. Very high tack, strong adhesion on low surface energy surfaces, indoor use only."},{"@type":"BreadcrumbList","@id":"https:\/\/eurobands.com\/product\/pe-foam-tapes-28221\/#breadcrumb","itemListElement":[{"@type":"ListItem","position":1,"name":"Home","item":"https:\/\/eurobands.com\/"},{"@type":"ListItem","position":2,"name":"Shop","item":"https:\/\/eurobands.com\/shop\/"},{"@type":"ListItem","position":3,"name":"PE foam tapes &#8211; 28121"}]},{"@type":"WebSite","@id":"https:\/\/eurobands.com\/#website","url":"https:\/\/eurobands.com\/","name":"Eurobandy","description":"","publisher":{"@id":"https:\/\/eurobands.com\/#organization"},"potentialAction":[{"@type":"SearchAction","target":{"@type":"EntryPoint","urlTemplate":"https:\/\/eurobands.com\/?s={search_term_string}"},"query-input":{"@type":"PropertyValueSpecification","valueRequired":true,"valueName":"search_term_string"}}],"inLanguage":"pl-PL"},{"@type":"Organization","@id":"https:\/\/eurobands.com\/#organization","name":"Eurobandy","url":"https:\/\/eurobands.com\/","logo":{"@type":"ImageObject","inLanguage":"pl-PL","@id":"https:\/\/eurobands.com\/#\/schema\/logo\/image\/","url":"https:\/\/eurobands.com\/wp-content\/uploads\/2024\/03\/EUROBANDS-LOGO_RGB.png","contentUrl":"https:\/\/eurobands.com\/wp-content\/uploads\/2024\/03\/EUROBANDS-LOGO_RGB.png","width":12098,"height":3014,"caption":"Eurobands"},"image":{"@id":"https:\/\/eurobands.com\/#\/schema\/logo\/image\/"}}]}},"_links":{"self":[{"href":"https:\/\/eurobands.com\/pl\/wp-json\/wp\/v2\/product\/1054","targetHints":{"allow":["GET"]}}],"collection":[{"href":"https:\/\/eurobands.com\/pl\/wp-json\/wp\/v2\/product"}],"about":[{"href":"https:\/\/eurobands.com\/pl\/wp-json\/wp\/v2\/types\/product"}],"replies":[{"embeddable":true,"href":"https:\/\/eurobands.com\/pl\/wp-json\/wp\/v2\/comments?post=1054"}],"wp:featuredmedia":[{"embeddable":true,"href":"https:\/\/eurobands.com\/pl\/wp-json\/wp\/v2\/media\/1104"}],"wp:attachment":[{"href":"https:\/\/eurobands.com\/pl\/wp-json\/wp\/v2\/media?parent=1054"}],"wp:term":[{"taxonomy":"product_cat","embeddable":true,"href":"https:\/\/eurobands.com\/pl\/wp-json\/wp\/v2\/product_cat?post=1054"},{"taxonomy":"product_tag","embeddable":true,"href":"https:\/\/eurobands.com\/pl\/wp-json\/wp\/v2\/product_tag?post=1054"}],"curies":[{"name":"wp","href":"https:\/\/api.w.org\/{rel}","templated":true}]}}