{"id":92,"date":"2024-03-18T13:34:21","date_gmt":"2024-03-18T13:34:21","guid":{"rendered":"https:\/\/eurobands.com\/?page_id=92"},"modified":"2024-11-18T14:32:29","modified_gmt":"2024-11-18T14:32:29","slug":"marka-wlasna","status":"publish","type":"page","link":"https:\/\/eurobands.com\/pl\/private-label\/","title":{"rendered":"Marka w\u0142asna"},"content":{"rendered":"<div data-elementor-type=\"wp-page\" data-elementor-id=\"92\" class=\"elementor elementor-92\" data-elementor-post-type=\"page\">\n\t\t\t\t\t\t<section class=\"elementor-section elementor-top-section elementor-element elementor-element-6b64c5a4 elementor-section-boxed elementor-section-height-default elementor-section-height-default\" data-id=\"6b64c5a4\" data-element_type=\"section\" data-e-type=\"section\" data-settings=\"{&quot;background_background&quot;:&quot;classic&quot;}\">\n\t\t\t\t\t\t\t<div class=\"elementor-background-overlay\"><\/div>\n\t\t\t\t\t\t\t<div class=\"elementor-container elementor-column-gap-default\">\n\t\t\t\t\t<div class=\"elementor-column elementor-col-100 elementor-top-column elementor-element elementor-element-6fbcb5c3\" data-id=\"6fbcb5c3\" data-element_type=\"column\" data-e-type=\"column\">\n\t\t\t<div class=\"elementor-widget-wrap elementor-element-populated\">\n\t\t\t\t\t\t<div class=\"elementor-element elementor-element-3da5a2a9 elementor-widget elementor-widget-heading\" data-id=\"3da5a2a9\" data-element_type=\"widget\" data-e-type=\"widget\" data-widget_type=\"heading.default\">\n\t\t\t\t<div class=\"elementor-widget-container\">\n\t\t\t\t\t<h1 class=\"elementor-heading-title elementor-size-default\">Marka w\u0142asna<\/h1>\t\t\t\t<\/div>\n\t\t\t\t<\/div>\n\t\t\t\t<div class=\"elementor-element elementor-element-870d0a0 elementor-widget elementor-widget-text-editor\" data-id=\"870d0a0\" data-element_type=\"widget\" data-e-type=\"widget\" data-widget_type=\"text-editor.default\">\n\t\t\t\t<div class=\"elementor-widget-container\">\n\t\t\t\t\t\t\t\t\t<p>Nasza us\u0142uga marki w\u0142asnej pozwala Twojej marce wyr\u00f3\u017cni\u0107 si\u0119 dzi\u0119ki niestandardowym rozwi\u0105zaniom w zakresie ta\u015bm samoprzylepnych. Pomagamy w wyborze najlepszych ta\u015bm do konkretnych zastosowa\u0144, a tak\u017ce w projektowaniu spersonalizowanych logo i opakowa\u0144. W rezultacie \u015bci\u015ble wsp\u00f3\u0142pracujemy z klientem, aby stworzy\u0107 produkty odzwierciedlaj\u0105ce jego unikaln\u0105 to\u017csamo\u015b\u0107. Eurobands\u00ae pomo\u017ce Ci stworzy\u0107 sp\u00f3jn\u0105, markow\u0105 lini\u0119 produkt\u00f3w, kt\u00f3ra spe\u0142ni Twoje wymagania techniczne i wzmocni Twoj\u0105 obecno\u015b\u0107 na rynku.<\/p>\t\t\t\t\t\t\t\t<\/div>\n\t\t\t\t<\/div>\n\t\t\t\t\t<\/div>\n\t\t<\/div>\n\t\t\t\t\t<\/div>\n\t\t<\/section>\n\t\t<div class=\"elementor-element elementor-element-fb6ca73 e-flex e-con-boxed e-con e-parent\" data-id=\"fb6ca73\" data-element_type=\"container\" data-e-type=\"container\">\n\t\t\t\t\t<div class=\"e-con-inner\">\n\t\t<div class=\"elementor-element elementor-element-573afe0 e-con-full e-flex e-con e-child\" data-id=\"573afe0\" data-element_type=\"container\" data-e-type=\"container\">\n\t\t\t\t<div class=\"elementor-element elementor-element-fa38500 elementor-widget elementor-widget-image\" data-id=\"fa38500\" data-element_type=\"widget\" data-e-type=\"widget\" data-widget_type=\"image.default\">\n\t\t\t\t<div class=\"elementor-widget-container\">\n\t\t\t\t\t\t\t\t\t\t\t\t\t\t\t<img decoding=\"async\" width=\"100\" height=\"100\" src=\"https:\/\/eurobands.com\/wp-content\/uploads\/2024\/04\/1.png\" class=\"attachment-large size-large wp-image-574\" alt=\"\" \/>\t\t\t\t\t\t\t\t\t\t\t\t\t\t\t<\/div>\n\t\t\t\t<\/div>\n\t\t\t\t<\/div>\n\t\t<div class=\"elementor-element elementor-element-dd0d1fb e-con-full e-flex e-con e-child\" data-id=\"dd0d1fb\" data-element_type=\"container\" data-e-type=\"container\">\n\t\t\t\t<div class=\"elementor-element elementor-element-611ae9d elementor-widget elementor-widget-text-editor\" data-id=\"611ae9d\" data-element_type=\"widget\" data-e-type=\"widget\" data-widget_type=\"text-editor.default\">\n\t\t\t\t<div class=\"elementor-widget-container\">\n\t\t\t\t\t\t\t\t\t<p><strong>Wiedza techniczna<\/strong> : Nasi eksperci techniczni w Eurobands\u00ae wspieraj\u0105 Pa\u0144stwa w rekomendacji i wyborze odpowiedniego produktu do w\u0142a\u015bciwego zastosowania. Mamy du\u017ce do\u015bwiadczenie w bran\u017cy ta\u015bm samoprzylepnych. Dlatego te\u017c do\u015bwiadczenie to \u0142\u0105czy si\u0119 z nasz\u0105 szerok\u0105 i wszechstronn\u0105 gam\u0105 rozwi\u0105za\u0144 w zakresie ta\u015bm samoprzylepnych. Dzi\u0119ki temu mo\u017cemy znale\u017a\u0107 najlepszy produkt, kt\u00f3ry sprosta najbardziej wymagaj\u0105cym wyzwaniom.<\/p>\t\t\t\t\t\t\t\t<\/div>\n\t\t\t\t<\/div>\n\t\t\t\t<\/div>\n\t\t<div class=\"elementor-element elementor-element-0f26577 e-con-full e-flex e-con e-child\" data-id=\"0f26577\" data-element_type=\"container\" data-e-type=\"container\">\n\t\t\t\t<div class=\"elementor-element elementor-element-5901a3a elementor-widget elementor-widget-image\" data-id=\"5901a3a\" data-element_type=\"widget\" data-e-type=\"widget\" data-widget_type=\"image.default\">\n\t\t\t\t<div class=\"elementor-widget-container\">\n\t\t\t\t\t\t\t\t\t\t\t\t\t\t\t<img fetchpriority=\"high\" decoding=\"async\" width=\"500\" height=\"293\" src=\"https:\/\/eurobands.com\/wp-content\/uploads\/2024\/03\/visuel-YOUR-LOGO-2-e1711029783838.jpg\" class=\"attachment-large size-large wp-image-189\" alt=\"Ta\u015bmy samoprzylepne marki w\u0142asnej Eurobands z niestandardowym brandingiem, prezentuj\u0105ce spersonalizowane drukowane tuleje i opakowania.\" srcset=\"https:\/\/eurobands.com\/wp-content\/uploads\/2024\/03\/visuel-YOUR-LOGO-2-e1711029783838.jpg 500w, https:\/\/eurobands.com\/wp-content\/uploads\/2024\/03\/visuel-YOUR-LOGO-2-e1711029783838-300x176.jpg 300w\" sizes=\"(max-width: 500px) 100vw, 500px\" \/>\t\t\t\t\t\t\t\t\t\t\t\t\t\t\t<\/div>\n\t\t\t\t<\/div>\n\t\t\t\t<\/div>\n\t\t\t\t\t<\/div>\n\t\t\t\t<\/div>\n\t\t<div class=\"elementor-element elementor-element-41696c3 e-flex e-con-boxed e-con e-parent\" data-id=\"41696c3\" data-element_type=\"container\" data-e-type=\"container\">\n\t\t\t\t\t<div class=\"e-con-inner\">\n\t\t<div class=\"elementor-element elementor-element-03b5e6f e-con-full e-flex e-con e-child\" data-id=\"03b5e6f\" data-element_type=\"container\" data-e-type=\"container\">\n\t\t\t\t<div class=\"elementor-element elementor-element-7da439c elementor-widget elementor-widget-image\" data-id=\"7da439c\" data-element_type=\"widget\" data-e-type=\"widget\" data-widget_type=\"image.default\">\n\t\t\t\t<div class=\"elementor-widget-container\">\n\t\t\t\t\t\t\t\t\t\t\t\t\t\t\t<img decoding=\"async\" width=\"100\" height=\"100\" src=\"https:\/\/eurobands.com\/wp-content\/uploads\/2024\/04\/2.png\" class=\"attachment-large size-large wp-image-575\" alt=\"\" \/>\t\t\t\t\t\t\t\t\t\t\t\t\t\t\t<\/div>\n\t\t\t\t<\/div>\n\t\t\t\t<\/div>\n\t\t<div class=\"elementor-element elementor-element-bc72397 e-con-full e-flex e-con e-child\" data-id=\"bc72397\" data-element_type=\"container\" data-e-type=\"container\">\n\t\t\t\t<div class=\"elementor-element elementor-element-ad51802 elementor-widget elementor-widget-text-editor\" data-id=\"ad51802\" data-element_type=\"widget\" data-e-type=\"widget\" data-widget_type=\"text-editor.default\">\n\t\t\t\t<div class=\"elementor-widget-container\">\n\t\t\t\t\t\t\t\t\t<p><strong>Personalizacja<\/strong>:<br \/>Nasze mo\u017cliwo\u015bci w zakresie konwersji i produkcji marek w\u0142asnych pozwalaj\u0105 nam zapewni\u0107 najwy\u017cszy stopie\u0144 personalizacji produkt\u00f3w z ta\u015bm\u0105 samoprzylepn\u0105. Mo\u017cemy drukowa\u0107 logo bezpo\u015brednio na rolkach ta\u015bmy, zapewniaj\u0105c widoczno\u015b\u0107 marki za ka\u017cdym razem, gdy ta\u015bma jest stosowana. Ponadto oferujemy elastyczno\u015b\u0107 w zakresie pakowania, drukowania na rdzeniu i dostosowywania rozmiaru. Kr\u00f3tko m\u00f3wi\u0105c, pozwala to dostosowa\u0107 ka\u017cdy aspekt ta\u015bmy samoprzylepnej do to\u017csamo\u015bci marki i potrzeb funkcjonalnych. Od unikalnych opcji kolorystycznych po okre\u015blone d\u0142ugo\u015bci rolek, u\u0142atwiamy stworzenie w pe\u0142ni markowego rozwi\u0105zania, kt\u00f3re wyr\u00f3\u017cnia si\u0119 w ka\u017cdym otoczeniu.<\/p>\t\t\t\t\t\t\t\t<\/div>\n\t\t\t\t<\/div>\n\t\t\t\t<\/div>\n\t\t\t\t\t<\/div>\n\t\t\t\t<\/div>\n\t\t<div class=\"elementor-element elementor-element-5251cc8 e-flex e-con-boxed e-con e-parent\" data-id=\"5251cc8\" data-element_type=\"container\" data-e-type=\"container\">\n\t\t\t\t\t<div class=\"e-con-inner\">\n\t\t<div class=\"elementor-element elementor-element-7e40534 e-con-full e-flex e-con e-child\" data-id=\"7e40534\" data-element_type=\"container\" data-e-type=\"container\">\n\t\t\t\t<div class=\"elementor-element elementor-element-e974b78 elementor-widget elementor-widget-image\" data-id=\"e974b78\" data-element_type=\"widget\" data-e-type=\"widget\" data-widget_type=\"image.default\">\n\t\t\t\t<div class=\"elementor-widget-container\">\n\t\t\t\t\t\t\t\t\t\t\t\t\t\t\t<img loading=\"lazy\" decoding=\"async\" width=\"100\" height=\"100\" src=\"https:\/\/eurobands.com\/wp-content\/uploads\/2024\/04\/3.png\" class=\"attachment-large size-large wp-image-576\" alt=\"\" \/>\t\t\t\t\t\t\t\t\t\t\t\t\t\t\t<\/div>\n\t\t\t\t<\/div>\n\t\t\t\t<\/div>\n\t\t<div class=\"elementor-element elementor-element-935ef80 e-con-full e-flex e-con e-child\" data-id=\"935ef80\" data-element_type=\"container\" data-e-type=\"container\">\n\t\t\t\t<div class=\"elementor-element elementor-element-4310687 elementor-widget elementor-widget-text-editor\" data-id=\"4310687\" data-element_type=\"widget\" data-e-type=\"widget\" data-widget_type=\"text-editor.default\">\n\t\t\t\t<div class=\"elementor-widget-container\">\n\t\t\t\t\t\t\t\t\t<p><strong>Opakowanie<\/strong>: Poniewa\u017c pakowanie jest cz\u0119\u015bci\u0105 naszych mo\u017cliwo\u015bci, pomagamy w wyborze najlepszej opcji dostawy produktu. Nasza szeroka gama opakowa\u0144 umo\u017cliwia nam dostarczanie rozwi\u0105za\u0144 spe\u0142niaj\u0105cych okre\u015blone wymagania dotycz\u0105ce przechowywania i dostawy. Od opakowa\u0144 ochronnych do transportu po kompaktowe opakowania do wydajnego przechowywania, zapewniamy, \u017ce ta\u015bmy samoprzylepne dotr\u0105 do klienta w idealnym stanie. Co wi\u0119cej, oferujemy konfigurowalne opcje opakowa\u0144, kt\u00f3re odzwierciedlaj\u0105 mark\u0119 klienta, poprawiaj\u0105c prezentacj\u0119 i profesjonalizm produkt\u00f3w marki w\u0142asnej.<\/p>\t\t\t\t\t\t\t\t<\/div>\n\t\t\t\t<\/div>\n\t\t\t\t<\/div>\n\t\t\t\t\t<\/div>\n\t\t\t\t<\/div>\n\t\t<div class=\"elementor-element elementor-element-f73c9fa e-flex e-con-boxed e-con e-parent\" data-id=\"f73c9fa\" data-element_type=\"container\" data-e-type=\"container\">\n\t\t\t\t\t<div class=\"e-con-inner\">\n\t\t<div class=\"elementor-element elementor-element-3b9111c e-con-full e-flex e-con e-child\" data-id=\"3b9111c\" data-element_type=\"container\" data-e-type=\"container\">\n\t\t\t\t<div class=\"elementor-element elementor-element-28652cf elementor-widget elementor-widget-image\" data-id=\"28652cf\" data-element_type=\"widget\" data-e-type=\"widget\" data-widget_type=\"image.default\">\n\t\t\t\t<div class=\"elementor-widget-container\">\n\t\t\t\t\t\t\t\t\t\t\t\t\t\t\t<img loading=\"lazy\" decoding=\"async\" width=\"100\" height=\"100\" src=\"https:\/\/eurobands.com\/wp-content\/uploads\/2024\/04\/4.png\" class=\"attachment-large size-large wp-image-577\" alt=\"\" \/>\t\t\t\t\t\t\t\t\t\t\t\t\t\t\t<\/div>\n\t\t\t\t<\/div>\n\t\t\t\t<\/div>\n\t\t<div class=\"elementor-element elementor-element-bdbe795 e-con-full e-flex e-con e-child\" data-id=\"bdbe795\" data-element_type=\"container\" data-e-type=\"container\">\n\t\t\t\t<div class=\"elementor-element elementor-element-74a67bc elementor-widget elementor-widget-text-editor\" data-id=\"74a67bc\" data-element_type=\"widget\" data-e-type=\"widget\" data-widget_type=\"text-editor.default\">\n\t\t\t\t<div class=\"elementor-widget-container\">\n\t\t\t\t\t\t\t\t\t<p><strong>Mi\u0119dzynarodowy zasi\u0119g<\/strong> : Poniewa\u017c Eurobands\u00ae jest cz\u0119\u015bci\u0105 ADDEV Materials, nasze mi\u0119dzynarodowe wdro\u017cenia w Europie pozwalaj\u0105 nam zagwarantowa\u0107 :<\/p><ul><li>Szybki czas dostawy<\/li><li>Blisko\u015b\u0107 zak\u0142ad\u00f3w przemys\u0142owych naszych klient\u00f3w<\/li><li>Wysoka jako\u015b\u0107 us\u0142ug<\/li><\/ul>\t\t\t\t\t\t\t\t<\/div>\n\t\t\t\t<\/div>\n\t\t\t\t<\/div>\n\t\t\t\t\t<\/div>\n\t\t\t\t<\/div>\n\t\t<div class=\"elementor-element elementor-element-553f5a2 e-flex e-con-boxed e-con e-parent\" data-id=\"553f5a2\" data-element_type=\"container\" data-e-type=\"container\">\n\t\t\t\t\t<div class=\"e-con-inner\">\n\t\t<div class=\"elementor-element elementor-element-fca9da2 e-con-full e-flex e-con e-child\" data-id=\"fca9da2\" data-element_type=\"container\" data-e-type=\"container\">\n\t\t\t\t<div class=\"elementor-element elementor-element-0be7fce elementor-align-center elementor-widget elementor-widget-button\" data-id=\"0be7fce\" data-element_type=\"widget\" data-e-type=\"widget\" data-widget_type=\"button.default\">\n\t\t\t\t<div class=\"elementor-widget-container\">\n\t\t\t\t\t\t\t\t\t<div class=\"elementor-button-wrapper\">\n\t\t\t\t\t<a class=\"elementor-button elementor-button-link elementor-size-sm\" href=\"https:\/\/eurobands.com\/pl\/skontaktuj-sie-z-nami\/\">\n\t\t\t\t\t\t<span class=\"elementor-button-content-wrapper\">\n\t\t\t\t\t\t<span class=\"elementor-button-icon\">\n\t\t\t\t<svg aria-hidden=\"true\" class=\"e-font-icon-svg e-fas-long-arrow-alt-right\" viewbox=\"0 0 448 512\" xmlns=\"http:\/\/www.w3.org\/2000\/svg\"><path d=\"M313.941 216H12c-6.627 0-12 5.373-12 12v56c0 6.627 5.373 12 12 12h301.941v46.059c0 21.382 25.851 32.09 40.971 16.971l86.059-86.059c9.373-9.373 9.373-24.569 0-33.941l-86.059-86.059c-15.119-15.119-40.971-4.411-40.971 16.971V216z\"><\/path><\/svg>\t\t\t<\/span>\n\t\t\t\t\t\t\t\t\t<span class=\"elementor-button-text\">Stw\u00f3rz swoj\u0105 mark\u0119 w\u0142asn\u0105<\/span>\n\t\t\t\t\t<\/span>\n\t\t\t\t\t<\/a>\n\t\t\t\t<\/div>\n\t\t\t\t\t\t\t\t<\/div>\n\t\t\t\t<\/div>\n\t\t\t\t<\/div>\n\t\t\t\t\t<\/div>\n\t\t\t\t<\/div>\n\t\t\t\t<\/div>","protected":false},"excerpt":{"rendered":"<p>Private label Our private label service empowers your brand to stand out with customized adhesive tape solutions. We help you to select the best tapes for your applications to designing personalized logos and packaging. Consequently, we work closely with you to create products that reflect your unique identity. Let Eurobands\u00ae help you build a cohesive, [&hellip;]<\/p>\n","protected":false},"author":1,"featured_media":189,"parent":0,"menu_order":0,"comment_status":"closed","ping_status":"closed","template":"","meta":{"footnotes":""},"class_list":["post-92","page","type-page","status-publish","has-post-thumbnail","hentry"],"yoast_head":"<!-- This site is optimized with the Yoast SEO plugin v26.1.1 - https:\/\/yoast.com\/wordpress\/plugins\/seo\/ -->\n<title>Private label - Eurobands<\/title>\n<meta name=\"description\" content=\"Create your own branded adhesive tape with Eurobands private label solutions. We help you build a unique product line for your brand.\" \/>\n<meta name=\"robots\" content=\"index, follow, max-snippet:-1, max-image-preview:large, max-video-preview:-1\" \/>\n<link rel=\"canonical\" href=\"https:\/\/eurobands.com\/pl\/marka-wlasna\/\" \/>\n<meta property=\"og:locale\" content=\"pl_PL\" \/>\n<meta property=\"og:type\" content=\"article\" \/>\n<meta property=\"og:title\" content=\"Private label - Eurobands\" \/>\n<meta property=\"og:description\" content=\"Create your own branded adhesive tape with Eurobands private label solutions. We help you build a unique product line for your brand.\" \/>\n<meta property=\"og:url\" content=\"https:\/\/eurobands.com\/pl\/marka-wlasna\/\" \/>\n<meta property=\"og:site_name\" content=\"Eurobands\" \/>\n<meta property=\"article:modified_time\" content=\"2024-11-18T14:32:29+00:00\" \/>\n<meta property=\"og:image\" content=\"https:\/\/eurobands.com\/wp-content\/uploads\/2024\/03\/visuel-YOUR-LOGO-2-e1711029783838.jpg\" \/>\n\t<meta property=\"og:image:width\" content=\"500\" \/>\n\t<meta property=\"og:image:height\" content=\"293\" \/>\n\t<meta property=\"og:image:type\" content=\"image\/jpeg\" \/>\n<meta name=\"twitter:card\" content=\"summary_large_image\" \/>\n<meta name=\"twitter:label1\" content=\"Szacowany czas czytania\" \/>\n\t<meta name=\"twitter:data1\" content=\"3 minuty\" \/>\n<script type=\"application\/ld+json\" class=\"yoast-schema-graph\">{\"@context\":\"https:\/\/schema.org\",\"@graph\":[{\"@type\":\"WebPage\",\"@id\":\"https:\/\/eurobands.com\/private-label\/\",\"url\":\"https:\/\/eurobands.com\/private-label\/\",\"name\":\"Private label - Eurobands\",\"isPartOf\":{\"@id\":\"https:\/\/eurobands.com\/#website\"},\"primaryImageOfPage\":{\"@id\":\"https:\/\/eurobands.com\/private-label\/#primaryimage\"},\"image\":{\"@id\":\"https:\/\/eurobands.com\/private-label\/#primaryimage\"},\"thumbnailUrl\":\"https:\/\/eurobands.com\/wp-content\/uploads\/2024\/03\/visuel-YOUR-LOGO-2-e1711029783838.jpg\",\"datePublished\":\"2024-03-18T13:34:21+00:00\",\"dateModified\":\"2024-11-18T14:32:29+00:00\",\"description\":\"Create your own branded adhesive tape with Eurobands private label solutions. We help you build a unique product line for your brand.\",\"breadcrumb\":{\"@id\":\"https:\/\/eurobands.com\/private-label\/#breadcrumb\"},\"inLanguage\":\"pl-PL\",\"potentialAction\":[{\"@type\":\"ReadAction\",\"target\":[\"https:\/\/eurobands.com\/private-label\/\"]}]},{\"@type\":\"ImageObject\",\"inLanguage\":\"pl-PL\",\"@id\":\"https:\/\/eurobands.com\/private-label\/#primaryimage\",\"url\":\"https:\/\/eurobands.com\/wp-content\/uploads\/2024\/03\/visuel-YOUR-LOGO-2-e1711029783838.jpg\",\"contentUrl\":\"https:\/\/eurobands.com\/wp-content\/uploads\/2024\/03\/visuel-YOUR-LOGO-2-e1711029783838.jpg\",\"width\":500,\"height\":293,\"caption\":\"Eurobands private label adhesive tapes with custom branding, showcasing personalized printed cores and packaging.\"},{\"@type\":\"BreadcrumbList\",\"@id\":\"https:\/\/eurobands.com\/private-label\/#breadcrumb\",\"itemListElement\":[{\"@type\":\"ListItem\",\"position\":1,\"name\":\"Home\",\"item\":\"https:\/\/eurobands.com\/\"},{\"@type\":\"ListItem\",\"position\":2,\"name\":\"Private label\"}]},{\"@type\":\"WebSite\",\"@id\":\"https:\/\/eurobands.com\/#website\",\"url\":\"https:\/\/eurobands.com\/\",\"name\":\"Eurobands\",\"description\":\"\",\"publisher\":{\"@id\":\"https:\/\/eurobands.com\/#organization\"},\"potentialAction\":[{\"@type\":\"SearchAction\",\"target\":{\"@type\":\"EntryPoint\",\"urlTemplate\":\"https:\/\/eurobands.com\/?s={search_term_string}\"},\"query-input\":{\"@type\":\"PropertyValueSpecification\",\"valueRequired\":true,\"valueName\":\"search_term_string\"}}],\"inLanguage\":\"pl-PL\"},{\"@type\":\"Organization\",\"@id\":\"https:\/\/eurobands.com\/#organization\",\"name\":\"Eurobands\",\"url\":\"https:\/\/eurobands.com\/\",\"logo\":{\"@type\":\"ImageObject\",\"inLanguage\":\"pl-PL\",\"@id\":\"https:\/\/eurobands.com\/#\/schema\/logo\/image\/\",\"url\":\"https:\/\/eurobands.com\/wp-content\/uploads\/2024\/03\/EUROBANDS-LOGO_RGB.png\",\"contentUrl\":\"https:\/\/eurobands.com\/wp-content\/uploads\/2024\/03\/EUROBANDS-LOGO_RGB.png\",\"width\":12098,\"height\":3014,\"caption\":\"Eurobands\"},\"image\":{\"@id\":\"https:\/\/eurobands.com\/#\/schema\/logo\/image\/\"}}]}<\/script>\n<!-- \/ Yoast SEO plugin. -->","yoast_head_json":{"title":"Marka w\u0142asna - Eurobands","description":"Stw\u00f3rz w\u0142asn\u0105 markow\u0105 ta\u015bm\u0119 samoprzylepn\u0105 dzi\u0119ki rozwi\u0105zaniom marki w\u0142asnej Eurobands. Pomagamy stworzy\u0107 unikaln\u0105 lini\u0119 produkt\u00f3w dla Twojej marki.","robots":{"index":"index","follow":"follow","max-snippet":"max-snippet:-1","max-image-preview":"max-image-preview:large","max-video-preview":"max-video-preview:-1"},"canonical":"https:\/\/eurobands.com\/pl\/marka-wlasna\/","og_locale":"pl_PL","og_type":"article","og_title":"Private label - Eurobands","og_description":"Create your own branded adhesive tape with Eurobands private label solutions. We help you build a unique product line for your brand.","og_url":"https:\/\/eurobands.com\/pl\/marka-wlasna\/","og_site_name":"Eurobands","article_modified_time":"2024-11-18T14:32:29+00:00","og_image":[{"width":500,"height":293,"url":"https:\/\/eurobands.com\/wp-content\/uploads\/2024\/03\/visuel-YOUR-LOGO-2-e1711029783838.jpg","type":"image\/jpeg"}],"twitter_card":"summary_large_image","twitter_misc":{"Szacowany czas czytania":"3 minuty"},"schema":{"@context":"https:\/\/schema.org","@graph":[{"@type":"WebPage","@id":"https:\/\/eurobands.com\/private-label\/","url":"https:\/\/eurobands.com\/private-label\/","name":"Marka w\u0142asna - Eurobands","isPartOf":{"@id":"https:\/\/eurobands.com\/#website"},"primaryImageOfPage":{"@id":"https:\/\/eurobands.com\/private-label\/#primaryimage"},"image":{"@id":"https:\/\/eurobands.com\/private-label\/#primaryimage"},"thumbnailUrl":"https:\/\/eurobands.com\/wp-content\/uploads\/2024\/03\/visuel-YOUR-LOGO-2-e1711029783838.jpg","datePublished":"2024-03-18T13:34:21+00:00","dateModified":"2024-11-18T14:32:29+00:00","description":"Stw\u00f3rz w\u0142asn\u0105 markow\u0105 ta\u015bm\u0119 samoprzylepn\u0105 dzi\u0119ki rozwi\u0105zaniom marki w\u0142asnej Eurobands. Pomagamy stworzy\u0107 unikaln\u0105 lini\u0119 produkt\u00f3w dla Twojej marki.","breadcrumb":{"@id":"https:\/\/eurobands.com\/private-label\/#breadcrumb"},"inLanguage":"pl-PL","potentialAction":[{"@type":"ReadAction","target":["https:\/\/eurobands.com\/private-label\/"]}]},{"@type":"ImageObject","inLanguage":"pl-PL","@id":"https:\/\/eurobands.com\/private-label\/#primaryimage","url":"https:\/\/eurobands.com\/wp-content\/uploads\/2024\/03\/visuel-YOUR-LOGO-2-e1711029783838.jpg","contentUrl":"https:\/\/eurobands.com\/wp-content\/uploads\/2024\/03\/visuel-YOUR-LOGO-2-e1711029783838.jpg","width":500,"height":293,"caption":"Eurobands private label adhesive tapes with custom branding, showcasing personalized printed cores and packaging."},{"@type":"BreadcrumbList","@id":"https:\/\/eurobands.com\/private-label\/#breadcrumb","itemListElement":[{"@type":"ListItem","position":1,"name":"Home","item":"https:\/\/eurobands.com\/"},{"@type":"ListItem","position":2,"name":"Private label"}]},{"@type":"WebSite","@id":"https:\/\/eurobands.com\/#website","url":"https:\/\/eurobands.com\/","name":"Eurobandy","description":"","publisher":{"@id":"https:\/\/eurobands.com\/#organization"},"potentialAction":[{"@type":"SearchAction","target":{"@type":"EntryPoint","urlTemplate":"https:\/\/eurobands.com\/?s={search_term_string}"},"query-input":{"@type":"PropertyValueSpecification","valueRequired":true,"valueName":"search_term_string"}}],"inLanguage":"pl-PL"},{"@type":"Organization","@id":"https:\/\/eurobands.com\/#organization","name":"Eurobandy","url":"https:\/\/eurobands.com\/","logo":{"@type":"ImageObject","inLanguage":"pl-PL","@id":"https:\/\/eurobands.com\/#\/schema\/logo\/image\/","url":"https:\/\/eurobands.com\/wp-content\/uploads\/2024\/03\/EUROBANDS-LOGO_RGB.png","contentUrl":"https:\/\/eurobands.com\/wp-content\/uploads\/2024\/03\/EUROBANDS-LOGO_RGB.png","width":12098,"height":3014,"caption":"Eurobands"},"image":{"@id":"https:\/\/eurobands.com\/#\/schema\/logo\/image\/"}}]}},"_links":{"self":[{"href":"https:\/\/eurobands.com\/pl\/wp-json\/wp\/v2\/pages\/92","targetHints":{"allow":["GET"]}}],"collection":[{"href":"https:\/\/eurobands.com\/pl\/wp-json\/wp\/v2\/pages"}],"about":[{"href":"https:\/\/eurobands.com\/pl\/wp-json\/wp\/v2\/types\/page"}],"author":[{"embeddable":true,"href":"https:\/\/eurobands.com\/pl\/wp-json\/wp\/v2\/users\/1"}],"replies":[{"embeddable":true,"href":"https:\/\/eurobands.com\/pl\/wp-json\/wp\/v2\/comments?post=92"}],"version-history":[{"count":75,"href":"https:\/\/eurobands.com\/pl\/wp-json\/wp\/v2\/pages\/92\/revisions"}],"predecessor-version":[{"id":1744,"href":"https:\/\/eurobands.com\/pl\/wp-json\/wp\/v2\/pages\/92\/revisions\/1744"}],"wp:featuredmedia":[{"embeddable":true,"href":"https:\/\/eurobands.com\/pl\/wp-json\/wp\/v2\/media\/189"}],"wp:attachment":[{"href":"https:\/\/eurobands.com\/pl\/wp-json\/wp\/v2\/media?parent=92"}],"curies":[{"name":"wp","href":"https:\/\/api.w.org\/{rel}","templated":true}]}}