{"id":992,"date":"2024-10-25T11:41:20","date_gmt":"2024-10-25T11:41:20","guid":{"rendered":"https:\/\/eurobands.com\/?post_type=product&#038;p=992"},"modified":"2025-01-30T14:56:34","modified_gmt":"2025-01-30T14:56:34","slug":"ruban-en-tissu-de-fibre-de-verre-33113","status":"publish","type":"product","link":"https:\/\/eurobands.com\/fr\/product\/fiberglass-cloth-tape-33113\/","title":{"rendered":"Ruban de tissu de fibre de verre - 33113"},"content":{"rendered":"<p>Ruban de tissu de fibre de verre utilis\u00e9 pour le collage de profil\u00e9s en forme de capot et lisses, caoutchouc EPDM avec des surfaces rugueuses ou poreuses.<br \/>\nAdh\u00e9sif agressif \u00e0 haut pouvoir adh\u00e9sif et \u00e0 forte adh\u00e9rence<\/p>","protected":false},"excerpt":{"rendered":"<p>Ruban en tissu de fibre de verre utilis\u00e9 pour coller les capots profil\u00e9s de forme et lisses, caoutchouc EPDM avec des surfaces rugueuses ou poreuses Adh\u00e9sif agressif avec un tack et une adh\u00e9rence \u00e9lev\u00e9s<\/p>","protected":false},"featured_media":1037,"comment_status":"open","ping_status":"closed","template":"","meta":[],"product_cat":[31],"product_tag":[],"class_list":{"0":"post-992","1":"product","2":"type-product","3":"status-publish","4":"has-post-thumbnail","6":"product_cat-assembly","8":"first","9":"instock","10":"shipping-taxable","11":"product-type-simple"},"yoast_head":"<!-- This site is optimized with the Yoast SEO plugin v26.1.1 - https:\/\/yoast.com\/wordpress\/plugins\/seo\/ -->\n<title>Fiberglass cloth tape - 33113 - Eurobands<\/title>\n<meta name=\"description\" content=\"Fiberglass cloth tape for bonding profile hoods, smooth or porous surfaces, and EPDM rubber. Features aggressive adhesive with high tack and adhesion.\" \/>\n<meta name=\"robots\" content=\"index, follow, max-snippet:-1, max-image-preview:large, max-video-preview:-1\" \/>\n<link rel=\"canonical\" href=\"https:\/\/eurobands.com\/fr\/produit\/ruban-en-tissu-de-fibre-de-verre-33113\/\" \/>\n<meta property=\"og:locale\" content=\"fr_FR\" \/>\n<meta property=\"og:type\" content=\"article\" \/>\n<meta property=\"og:title\" content=\"Fiberglass cloth tape - 33113 - Eurobands\" \/>\n<meta property=\"og:description\" content=\"Fiberglass cloth tape for bonding profile hoods, smooth or porous surfaces, and EPDM rubber. Features aggressive adhesive with high tack and adhesion.\" \/>\n<meta property=\"og:url\" content=\"https:\/\/eurobands.com\/fr\/produit\/ruban-en-tissu-de-fibre-de-verre-33113\/\" \/>\n<meta property=\"og:site_name\" content=\"Eurobands\" \/>\n<meta property=\"article:modified_time\" content=\"2025-01-30T14:56:34+00:00\" \/>\n<meta property=\"og:image\" content=\"https:\/\/eurobands.com\/wp-content\/uploads\/2024\/10\/33113-1024x1024.png\" \/>\n\t<meta property=\"og:image:width\" content=\"1024\" \/>\n\t<meta property=\"og:image:height\" content=\"1024\" \/>\n\t<meta property=\"og:image:type\" content=\"image\/png\" \/>\n<meta name=\"twitter:card\" content=\"summary_large_image\" \/>\n<meta name=\"twitter:label1\" content=\"Dur\u00e9e de lecture est.\" \/>\n\t<meta name=\"twitter:data1\" content=\"1 minute\" \/>\n<script type=\"application\/ld+json\" class=\"yoast-schema-graph\">{\"@context\":\"https:\/\/schema.org\",\"@graph\":[{\"@type\":\"WebPage\",\"@id\":\"https:\/\/eurobands.com\/product\/fiberglass-cloth-tape-33113\/\",\"url\":\"https:\/\/eurobands.com\/product\/fiberglass-cloth-tape-33113\/\",\"name\":\"Fiberglass cloth tape - 33113 - Eurobands\",\"isPartOf\":{\"@id\":\"https:\/\/eurobands.com\/#website\"},\"primaryImageOfPage\":{\"@id\":\"https:\/\/eurobands.com\/product\/fiberglass-cloth-tape-33113\/#primaryimage\"},\"image\":{\"@id\":\"https:\/\/eurobands.com\/product\/fiberglass-cloth-tape-33113\/#primaryimage\"},\"thumbnailUrl\":\"https:\/\/eurobands.com\/wp-content\/uploads\/2024\/10\/33113.png\",\"datePublished\":\"2024-10-25T11:41:20+00:00\",\"dateModified\":\"2025-01-30T14:56:34+00:00\",\"description\":\"Fiberglass cloth tape for bonding profile hoods, smooth or porous surfaces, and EPDM rubber. Features aggressive adhesive with high tack and adhesion.\",\"breadcrumb\":{\"@id\":\"https:\/\/eurobands.com\/product\/fiberglass-cloth-tape-33113\/#breadcrumb\"},\"inLanguage\":\"fr-BE\",\"potentialAction\":[{\"@type\":\"ReadAction\",\"target\":[\"https:\/\/eurobands.com\/product\/fiberglass-cloth-tape-33113\/\"]}]},{\"@type\":\"ImageObject\",\"inLanguage\":\"fr-BE\",\"@id\":\"https:\/\/eurobands.com\/product\/fiberglass-cloth-tape-33113\/#primaryimage\",\"url\":\"https:\/\/eurobands.com\/wp-content\/uploads\/2024\/10\/33113.png\",\"contentUrl\":\"https:\/\/eurobands.com\/wp-content\/uploads\/2024\/10\/33113.png\",\"width\":400,\"height\":400,\"caption\":\"Adhesive tape for bonding EPDM rubber to rough or porous surfaces, with aggressive adhesive, high tack and strong adhesion.\"},{\"@type\":\"BreadcrumbList\",\"@id\":\"https:\/\/eurobands.com\/product\/fiberglass-cloth-tape-33113\/#breadcrumb\",\"itemListElement\":[{\"@type\":\"ListItem\",\"position\":1,\"name\":\"Home\",\"item\":\"https:\/\/eurobands.com\/\"},{\"@type\":\"ListItem\",\"position\":2,\"name\":\"Shop\",\"item\":\"https:\/\/eurobands.com\/shop\/\"},{\"@type\":\"ListItem\",\"position\":3,\"name\":\"Fiberglass cloth tape &#8211; 33113\"}]},{\"@type\":\"WebSite\",\"@id\":\"https:\/\/eurobands.com\/#website\",\"url\":\"https:\/\/eurobands.com\/\",\"name\":\"Eurobands\",\"description\":\"\",\"publisher\":{\"@id\":\"https:\/\/eurobands.com\/#organization\"},\"potentialAction\":[{\"@type\":\"SearchAction\",\"target\":{\"@type\":\"EntryPoint\",\"urlTemplate\":\"https:\/\/eurobands.com\/?s={search_term_string}\"},\"query-input\":{\"@type\":\"PropertyValueSpecification\",\"valueRequired\":true,\"valueName\":\"search_term_string\"}}],\"inLanguage\":\"fr-BE\"},{\"@type\":\"Organization\",\"@id\":\"https:\/\/eurobands.com\/#organization\",\"name\":\"Eurobands\",\"url\":\"https:\/\/eurobands.com\/\",\"logo\":{\"@type\":\"ImageObject\",\"inLanguage\":\"fr-BE\",\"@id\":\"https:\/\/eurobands.com\/#\/schema\/logo\/image\/\",\"url\":\"https:\/\/eurobands.com\/wp-content\/uploads\/2024\/03\/EUROBANDS-LOGO_RGB.png\",\"contentUrl\":\"https:\/\/eurobands.com\/wp-content\/uploads\/2024\/03\/EUROBANDS-LOGO_RGB.png\",\"width\":12098,\"height\":3014,\"caption\":\"Eurobands\"},\"image\":{\"@id\":\"https:\/\/eurobands.com\/#\/schema\/logo\/image\/\"}}]}<\/script>\n<!-- \/ Yoast SEO plugin. -->","yoast_head_json":{"title":"Ruban de tissu de fibre de verre - 33113 - Eurobands","description":"Ruban en tissu de fibre de verre pour le collage de capots profil\u00e9s, de surfaces lisses ou poreuses et de caoutchouc EPDM. Adh\u00e9sif agressif \u00e0 haut pouvoir collant et adh\u00e9rence.","robots":{"index":"index","follow":"follow","max-snippet":"max-snippet:-1","max-image-preview":"max-image-preview:large","max-video-preview":"max-video-preview:-1"},"canonical":"https:\/\/eurobands.com\/fr\/produit\/ruban-en-tissu-de-fibre-de-verre-33113\/","og_locale":"fr_FR","og_type":"article","og_title":"Fiberglass cloth tape - 33113 - Eurobands","og_description":"Fiberglass cloth tape for bonding profile hoods, smooth or porous surfaces, and EPDM rubber. Features aggressive adhesive with high tack and adhesion.","og_url":"https:\/\/eurobands.com\/fr\/produit\/ruban-en-tissu-de-fibre-de-verre-33113\/","og_site_name":"Eurobands","article_modified_time":"2025-01-30T14:56:34+00:00","og_image":[{"width":1024,"height":1024,"url":"https:\/\/eurobands.com\/wp-content\/uploads\/2024\/10\/33113-1024x1024.png","type":"image\/png"}],"twitter_card":"summary_large_image","twitter_misc":{"Dur\u00e9e de lecture est.":"1 minute"},"schema":{"@context":"https:\/\/schema.org","@graph":[{"@type":"WebPage","@id":"https:\/\/eurobands.com\/product\/fiberglass-cloth-tape-33113\/","url":"https:\/\/eurobands.com\/product\/fiberglass-cloth-tape-33113\/","name":"Ruban de tissu de fibre de verre - 33113 - Eurobands","isPartOf":{"@id":"https:\/\/eurobands.com\/#website"},"primaryImageOfPage":{"@id":"https:\/\/eurobands.com\/product\/fiberglass-cloth-tape-33113\/#primaryimage"},"image":{"@id":"https:\/\/eurobands.com\/product\/fiberglass-cloth-tape-33113\/#primaryimage"},"thumbnailUrl":"https:\/\/eurobands.com\/wp-content\/uploads\/2024\/10\/33113.png","datePublished":"2024-10-25T11:41:20+00:00","dateModified":"2025-01-30T14:56:34+00:00","description":"Ruban en tissu de fibre de verre pour le collage de capots profil\u00e9s, de surfaces lisses ou poreuses et de caoutchouc EPDM. Adh\u00e9sif agressif \u00e0 haut pouvoir collant et adh\u00e9rence.","breadcrumb":{"@id":"https:\/\/eurobands.com\/product\/fiberglass-cloth-tape-33113\/#breadcrumb"},"inLanguage":"fr-BE","potentialAction":[{"@type":"ReadAction","target":["https:\/\/eurobands.com\/product\/fiberglass-cloth-tape-33113\/"]}]},{"@type":"ImageObject","inLanguage":"fr-BE","@id":"https:\/\/eurobands.com\/product\/fiberglass-cloth-tape-33113\/#primaryimage","url":"https:\/\/eurobands.com\/wp-content\/uploads\/2024\/10\/33113.png","contentUrl":"https:\/\/eurobands.com\/wp-content\/uploads\/2024\/10\/33113.png","width":400,"height":400,"caption":"Adhesive tape for bonding EPDM rubber to rough or porous surfaces, with aggressive adhesive, high tack and strong adhesion."},{"@type":"BreadcrumbList","@id":"https:\/\/eurobands.com\/product\/fiberglass-cloth-tape-33113\/#breadcrumb","itemListElement":[{"@type":"ListItem","position":1,"name":"Home","item":"https:\/\/eurobands.com\/"},{"@type":"ListItem","position":2,"name":"Shop","item":"https:\/\/eurobands.com\/shop\/"},{"@type":"ListItem","position":3,"name":"Fiberglass cloth tape &#8211; 33113"}]},{"@type":"WebSite","@id":"https:\/\/eurobands.com\/#website","url":"https:\/\/eurobands.com\/","name":"Eurobands","description":"","publisher":{"@id":"https:\/\/eurobands.com\/#organization"},"potentialAction":[{"@type":"SearchAction","target":{"@type":"EntryPoint","urlTemplate":"https:\/\/eurobands.com\/?s={search_term_string}"},"query-input":{"@type":"PropertyValueSpecification","valueRequired":true,"valueName":"search_term_string"}}],"inLanguage":"fr-BE"},{"@type":"Organization","@id":"https:\/\/eurobands.com\/#organization","name":"Eurobands","url":"https:\/\/eurobands.com\/","logo":{"@type":"ImageObject","inLanguage":"fr-BE","@id":"https:\/\/eurobands.com\/#\/schema\/logo\/image\/","url":"https:\/\/eurobands.com\/wp-content\/uploads\/2024\/03\/EUROBANDS-LOGO_RGB.png","contentUrl":"https:\/\/eurobands.com\/wp-content\/uploads\/2024\/03\/EUROBANDS-LOGO_RGB.png","width":12098,"height":3014,"caption":"Eurobands"},"image":{"@id":"https:\/\/eurobands.com\/#\/schema\/logo\/image\/"}}]}},"_links":{"self":[{"href":"https:\/\/eurobands.com\/fr\/wp-json\/wp\/v2\/product\/992","targetHints":{"allow":["GET"]}}],"collection":[{"href":"https:\/\/eurobands.com\/fr\/wp-json\/wp\/v2\/product"}],"about":[{"href":"https:\/\/eurobands.com\/fr\/wp-json\/wp\/v2\/types\/product"}],"replies":[{"embeddable":true,"href":"https:\/\/eurobands.com\/fr\/wp-json\/wp\/v2\/comments?post=992"}],"wp:featuredmedia":[{"embeddable":true,"href":"https:\/\/eurobands.com\/fr\/wp-json\/wp\/v2\/media\/1037"}],"wp:attachment":[{"href":"https:\/\/eurobands.com\/fr\/wp-json\/wp\/v2\/media?parent=992"}],"wp:term":[{"taxonomy":"product_cat","embeddable":true,"href":"https:\/\/eurobands.com\/fr\/wp-json\/wp\/v2\/product_cat?post=992"},{"taxonomy":"product_tag","embeddable":true,"href":"https:\/\/eurobands.com\/fr\/wp-json\/wp\/v2\/product_tag?post=992"}],"curies":[{"name":"wp","href":"https:\/\/api.w.org\/{rel}","templated":true}]}}