{"id":988,"date":"2024-10-25T11:41:20","date_gmt":"2024-10-25T11:41:20","guid":{"rendered":"https:\/\/eurobands.com\/?post_type=product&#038;p=988"},"modified":"2025-01-30T14:55:39","modified_gmt":"2025-01-30T14:55:39","slug":"ruban-de-transfert-renforce-en-pet-39505","status":"publish","type":"product","link":"https:\/\/eurobands.com\/fr\/product\/pet-scrim-reinforced-transfer-tape-39505\/","title":{"rendered":"Ruban de transfert renforc\u00e9 par une grille en PET - 39505"},"content":{"rendered":"<p>Ruban de transfert renforc\u00e9 par une grille en PET utilis\u00e9 pour fixer des moulures et des plinthes d\u00e9coratives<br \/>\nBonne r\u00e9sistance aux intemp\u00e9ries, aux UV et \u00e0 la temp\u00e9rature<br \/>\nBonne r\u00e9sistance \u00e0 l'humidit\u00e9 et aux plastifiants<\/p>","protected":false},"excerpt":{"rendered":"<p>PET scrim reinforced transfer tape used to attach decorative mouldings and skirting boards Good weatherability, UV resistance, temperature resistance Good moisture resistance and plasticiser resistance<\/p>","protected":false},"featured_media":1036,"comment_status":"open","ping_status":"closed","template":"","meta":[],"product_cat":[31],"product_tag":[],"class_list":{"0":"post-988","1":"product","2":"type-product","3":"status-publish","4":"has-post-thumbnail","6":"product_cat-assembly","8":"first","9":"instock","10":"shipping-taxable","11":"product-type-simple"},"yoast_head":"<!-- This site is optimized with the Yoast SEO plugin v26.1.1 - https:\/\/yoast.com\/wordpress\/plugins\/seo\/ -->\n<title>PET scrim reinforced transfer tape - 39505 - Eurobands<\/title>\n<meta name=\"description\" content=\"PET scrim-reinforced transfer tape for attaching decorative moldings and skirting boards. Offers weatherability, UV, temperature, moisture, and plasticizer resistance.\" \/>\n<meta name=\"robots\" content=\"index, follow, max-snippet:-1, max-image-preview:large, max-video-preview:-1\" \/>\n<link rel=\"canonical\" href=\"https:\/\/eurobands.com\/fr\/produit\/ruban-de-transfert-renforce-en-pet-39505\/\" \/>\n<meta property=\"og:locale\" content=\"fr_FR\" \/>\n<meta property=\"og:type\" content=\"article\" \/>\n<meta property=\"og:title\" content=\"PET scrim reinforced transfer tape - 39505 - Eurobands\" \/>\n<meta property=\"og:description\" content=\"PET scrim-reinforced transfer tape for attaching decorative moldings and skirting boards. Offers weatherability, UV, temperature, moisture, and plasticizer resistance.\" \/>\n<meta property=\"og:url\" content=\"https:\/\/eurobands.com\/fr\/produit\/ruban-de-transfert-renforce-en-pet-39505\/\" \/>\n<meta property=\"og:site_name\" content=\"Eurobands\" \/>\n<meta property=\"article:modified_time\" content=\"2025-01-30T14:55:39+00:00\" \/>\n<meta property=\"og:image\" content=\"https:\/\/eurobands.com\/wp-content\/uploads\/2024\/10\/39505-1024x1024.png\" \/>\n\t<meta property=\"og:image:width\" content=\"1024\" \/>\n\t<meta property=\"og:image:height\" content=\"1024\" \/>\n\t<meta property=\"og:image:type\" content=\"image\/png\" \/>\n<meta name=\"twitter:card\" content=\"summary_large_image\" \/>\n<meta name=\"twitter:label1\" content=\"Dur\u00e9e de lecture est.\" \/>\n\t<meta name=\"twitter:data1\" content=\"1 minute\" \/>\n<script type=\"application\/ld+json\" class=\"yoast-schema-graph\">{\"@context\":\"https:\/\/schema.org\",\"@graph\":[{\"@type\":\"WebPage\",\"@id\":\"https:\/\/eurobands.com\/product\/pet-scrim-reinforced-transfer-tape-39505\/\",\"url\":\"https:\/\/eurobands.com\/product\/pet-scrim-reinforced-transfer-tape-39505\/\",\"name\":\"PET scrim reinforced transfer tape - 39505 - Eurobands\",\"isPartOf\":{\"@id\":\"https:\/\/eurobands.com\/#website\"},\"primaryImageOfPage\":{\"@id\":\"https:\/\/eurobands.com\/product\/pet-scrim-reinforced-transfer-tape-39505\/#primaryimage\"},\"image\":{\"@id\":\"https:\/\/eurobands.com\/product\/pet-scrim-reinforced-transfer-tape-39505\/#primaryimage\"},\"thumbnailUrl\":\"https:\/\/eurobands.com\/wp-content\/uploads\/2024\/10\/39505.png\",\"datePublished\":\"2024-10-25T11:41:20+00:00\",\"dateModified\":\"2025-01-30T14:55:39+00:00\",\"description\":\"PET scrim-reinforced transfer tape for attaching decorative moldings and skirting boards. Offers weatherability, UV, temperature, moisture, and plasticizer resistance.\",\"breadcrumb\":{\"@id\":\"https:\/\/eurobands.com\/product\/pet-scrim-reinforced-transfer-tape-39505\/#breadcrumb\"},\"inLanguage\":\"fr-BE\",\"potentialAction\":[{\"@type\":\"ReadAction\",\"target\":[\"https:\/\/eurobands.com\/product\/pet-scrim-reinforced-transfer-tape-39505\/\"]}]},{\"@type\":\"ImageObject\",\"inLanguage\":\"fr-BE\",\"@id\":\"https:\/\/eurobands.com\/product\/pet-scrim-reinforced-transfer-tape-39505\/#primaryimage\",\"url\":\"https:\/\/eurobands.com\/wp-content\/uploads\/2024\/10\/39505.png\",\"contentUrl\":\"https:\/\/eurobands.com\/wp-content\/uploads\/2024\/10\/39505.png\",\"width\":400,\"height\":400,\"caption\":\"Attachment tape for decorative moldings and skirting boards, with strong weather, UV, temperature and moisture resistance.\"},{\"@type\":\"BreadcrumbList\",\"@id\":\"https:\/\/eurobands.com\/product\/pet-scrim-reinforced-transfer-tape-39505\/#breadcrumb\",\"itemListElement\":[{\"@type\":\"ListItem\",\"position\":1,\"name\":\"Home\",\"item\":\"https:\/\/eurobands.com\/\"},{\"@type\":\"ListItem\",\"position\":2,\"name\":\"Shop\",\"item\":\"https:\/\/eurobands.com\/shop\/\"},{\"@type\":\"ListItem\",\"position\":3,\"name\":\"PET scrim reinforced transfer tape &#8211; 39505\"}]},{\"@type\":\"WebSite\",\"@id\":\"https:\/\/eurobands.com\/#website\",\"url\":\"https:\/\/eurobands.com\/\",\"name\":\"Eurobands\",\"description\":\"\",\"publisher\":{\"@id\":\"https:\/\/eurobands.com\/#organization\"},\"potentialAction\":[{\"@type\":\"SearchAction\",\"target\":{\"@type\":\"EntryPoint\",\"urlTemplate\":\"https:\/\/eurobands.com\/?s={search_term_string}\"},\"query-input\":{\"@type\":\"PropertyValueSpecification\",\"valueRequired\":true,\"valueName\":\"search_term_string\"}}],\"inLanguage\":\"fr-BE\"},{\"@type\":\"Organization\",\"@id\":\"https:\/\/eurobands.com\/#organization\",\"name\":\"Eurobands\",\"url\":\"https:\/\/eurobands.com\/\",\"logo\":{\"@type\":\"ImageObject\",\"inLanguage\":\"fr-BE\",\"@id\":\"https:\/\/eurobands.com\/#\/schema\/logo\/image\/\",\"url\":\"https:\/\/eurobands.com\/wp-content\/uploads\/2024\/03\/EUROBANDS-LOGO_RGB.png\",\"contentUrl\":\"https:\/\/eurobands.com\/wp-content\/uploads\/2024\/03\/EUROBANDS-LOGO_RGB.png\",\"width\":12098,\"height\":3014,\"caption\":\"Eurobands\"},\"image\":{\"@id\":\"https:\/\/eurobands.com\/#\/schema\/logo\/image\/\"}}]}<\/script>\n<!-- \/ Yoast SEO plugin. -->","yoast_head_json":{"title":"Ruban de transfert renforc\u00e9 en PET - 39505 - Eurobands","description":"Ruban de transfert renforc\u00e9 par une grille en PET pour la fixation de moulures d\u00e9coratives et de plinthes. R\u00e9siste aux intemp\u00e9ries, aux UV, \u00e0 la temp\u00e9rature, \u00e0 l'humidit\u00e9 et aux plastifiants.","robots":{"index":"index","follow":"follow","max-snippet":"max-snippet:-1","max-image-preview":"max-image-preview:large","max-video-preview":"max-video-preview:-1"},"canonical":"https:\/\/eurobands.com\/fr\/produit\/ruban-de-transfert-renforce-en-pet-39505\/","og_locale":"fr_FR","og_type":"article","og_title":"PET scrim reinforced transfer tape - 39505 - Eurobands","og_description":"PET scrim-reinforced transfer tape for attaching decorative moldings and skirting boards. Offers weatherability, UV, temperature, moisture, and plasticizer resistance.","og_url":"https:\/\/eurobands.com\/fr\/produit\/ruban-de-transfert-renforce-en-pet-39505\/","og_site_name":"Eurobands","article_modified_time":"2025-01-30T14:55:39+00:00","og_image":[{"width":1024,"height":1024,"url":"https:\/\/eurobands.com\/wp-content\/uploads\/2024\/10\/39505-1024x1024.png","type":"image\/png"}],"twitter_card":"summary_large_image","twitter_misc":{"Dur\u00e9e de lecture est.":"1 minute"},"schema":{"@context":"https:\/\/schema.org","@graph":[{"@type":"WebPage","@id":"https:\/\/eurobands.com\/product\/pet-scrim-reinforced-transfer-tape-39505\/","url":"https:\/\/eurobands.com\/product\/pet-scrim-reinforced-transfer-tape-39505\/","name":"Ruban de transfert renforc\u00e9 en PET - 39505 - Eurobands","isPartOf":{"@id":"https:\/\/eurobands.com\/#website"},"primaryImageOfPage":{"@id":"https:\/\/eurobands.com\/product\/pet-scrim-reinforced-transfer-tape-39505\/#primaryimage"},"image":{"@id":"https:\/\/eurobands.com\/product\/pet-scrim-reinforced-transfer-tape-39505\/#primaryimage"},"thumbnailUrl":"https:\/\/eurobands.com\/wp-content\/uploads\/2024\/10\/39505.png","datePublished":"2024-10-25T11:41:20+00:00","dateModified":"2025-01-30T14:55:39+00:00","description":"Ruban de transfert renforc\u00e9 par une grille en PET pour la fixation de moulures d\u00e9coratives et de plinthes. R\u00e9siste aux intemp\u00e9ries, aux UV, \u00e0 la temp\u00e9rature, \u00e0 l'humidit\u00e9 et aux plastifiants.","breadcrumb":{"@id":"https:\/\/eurobands.com\/product\/pet-scrim-reinforced-transfer-tape-39505\/#breadcrumb"},"inLanguage":"fr-BE","potentialAction":[{"@type":"ReadAction","target":["https:\/\/eurobands.com\/product\/pet-scrim-reinforced-transfer-tape-39505\/"]}]},{"@type":"ImageObject","inLanguage":"fr-BE","@id":"https:\/\/eurobands.com\/product\/pet-scrim-reinforced-transfer-tape-39505\/#primaryimage","url":"https:\/\/eurobands.com\/wp-content\/uploads\/2024\/10\/39505.png","contentUrl":"https:\/\/eurobands.com\/wp-content\/uploads\/2024\/10\/39505.png","width":400,"height":400,"caption":"Attachment tape for decorative moldings and skirting boards, with strong weather, UV, temperature and moisture resistance."},{"@type":"BreadcrumbList","@id":"https:\/\/eurobands.com\/product\/pet-scrim-reinforced-transfer-tape-39505\/#breadcrumb","itemListElement":[{"@type":"ListItem","position":1,"name":"Home","item":"https:\/\/eurobands.com\/"},{"@type":"ListItem","position":2,"name":"Shop","item":"https:\/\/eurobands.com\/shop\/"},{"@type":"ListItem","position":3,"name":"PET scrim reinforced transfer tape &#8211; 39505"}]},{"@type":"WebSite","@id":"https:\/\/eurobands.com\/#website","url":"https:\/\/eurobands.com\/","name":"Eurobands","description":"","publisher":{"@id":"https:\/\/eurobands.com\/#organization"},"potentialAction":[{"@type":"SearchAction","target":{"@type":"EntryPoint","urlTemplate":"https:\/\/eurobands.com\/?s={search_term_string}"},"query-input":{"@type":"PropertyValueSpecification","valueRequired":true,"valueName":"search_term_string"}}],"inLanguage":"fr-BE"},{"@type":"Organization","@id":"https:\/\/eurobands.com\/#organization","name":"Eurobands","url":"https:\/\/eurobands.com\/","logo":{"@type":"ImageObject","inLanguage":"fr-BE","@id":"https:\/\/eurobands.com\/#\/schema\/logo\/image\/","url":"https:\/\/eurobands.com\/wp-content\/uploads\/2024\/03\/EUROBANDS-LOGO_RGB.png","contentUrl":"https:\/\/eurobands.com\/wp-content\/uploads\/2024\/03\/EUROBANDS-LOGO_RGB.png","width":12098,"height":3014,"caption":"Eurobands"},"image":{"@id":"https:\/\/eurobands.com\/#\/schema\/logo\/image\/"}}]}},"_links":{"self":[{"href":"https:\/\/eurobands.com\/fr\/wp-json\/wp\/v2\/product\/988","targetHints":{"allow":["GET"]}}],"collection":[{"href":"https:\/\/eurobands.com\/fr\/wp-json\/wp\/v2\/product"}],"about":[{"href":"https:\/\/eurobands.com\/fr\/wp-json\/wp\/v2\/types\/product"}],"replies":[{"embeddable":true,"href":"https:\/\/eurobands.com\/fr\/wp-json\/wp\/v2\/comments?post=988"}],"wp:featuredmedia":[{"embeddable":true,"href":"https:\/\/eurobands.com\/fr\/wp-json\/wp\/v2\/media\/1036"}],"wp:attachment":[{"href":"https:\/\/eurobands.com\/fr\/wp-json\/wp\/v2\/media?parent=988"}],"wp:term":[{"taxonomy":"product_cat","embeddable":true,"href":"https:\/\/eurobands.com\/fr\/wp-json\/wp\/v2\/product_cat?post=988"},{"taxonomy":"product_tag","embeddable":true,"href":"https:\/\/eurobands.com\/fr\/wp-json\/wp\/v2\/product_tag?post=988"}],"curies":[{"name":"wp","href":"https:\/\/api.w.org\/{rel}","templated":true}]}}