{"id":983,"date":"2024-10-25T11:41:20","date_gmt":"2024-10-25T11:41:20","guid":{"rendered":"https:\/\/eurobands.com\/?post_type=product&#038;p=983"},"modified":"2025-01-30T14:55:08","modified_gmt":"2025-01-30T14:55:08","slug":"ruban-de-transfert-renforce-39103","status":"publish","type":"product","link":"https:\/\/eurobands.com\/fr\/product\/reinforced-transfer-tape-39103\/","title":{"rendered":"Ruban de transfert renforc\u00e9 - 39103"},"content":{"rendered":"<p>Ruban de transfert renforc\u00e9 utilis\u00e9 pour le laminage et le collage de mat\u00e9riaux (m\u00e9tal, bois, mousses, plastiques, papier ou carton).<br \/>\nParticuli\u00e8rement recommand\u00e9 pour les applications n\u00e9cessitant des performances adh\u00e9sives \u00e9lev\u00e9es avec un tack initial agressif.<br \/>\nR\u00e9sistance \u00e0 la temp\u00e9rature de -30\u00baC \u00e0 +80\u00baC<\/p>","protected":false},"excerpt":{"rendered":"<p>Ruban de transfert renforc\u00e9 utilis\u00e9 pour le laminage et le collage de mat\u00e9riaux (m\u00e9tal, bois, mousses, plastiques, papier ou carton). Particuli\u00e8rement recommand\u00e9 pour les applications qui n\u00e9cessitent des performances adh\u00e9sives \u00e9lev\u00e9es avec un tack initial agressif. R\u00e9sistance \u00e0 la temp\u00e9rature de -30\u00baC \u00e0 +80\u00baC<\/p>","protected":false},"featured_media":1029,"comment_status":"open","ping_status":"closed","template":"","meta":[],"product_cat":[31],"product_tag":[],"class_list":{"0":"post-983","1":"product","2":"type-product","3":"status-publish","4":"has-post-thumbnail","6":"product_cat-assembly","8":"first","9":"instock","10":"shipping-taxable","11":"product-type-simple"},"yoast_head":"<!-- This site is optimized with the Yoast SEO plugin v26.1.1 - https:\/\/yoast.com\/wordpress\/plugins\/seo\/ -->\n<title>Reinforced transfer tape - 39103 - Eurobands<\/title>\n<meta name=\"description\" content=\"Reinforced transfer tape for bonding metal, wood, foams, plastics, and paper. High initial tack and temperature resistance from -30\u00b0C to +80\u00b0C.\" \/>\n<meta name=\"robots\" content=\"index, follow, max-snippet:-1, max-image-preview:large, max-video-preview:-1\" \/>\n<link rel=\"canonical\" href=\"https:\/\/eurobands.com\/fr\/produit\/ruban-de-transfert-renforce-39103\/\" \/>\n<meta property=\"og:locale\" content=\"fr_FR\" \/>\n<meta property=\"og:type\" content=\"article\" \/>\n<meta property=\"og:title\" content=\"Reinforced transfer tape - 39103 - Eurobands\" \/>\n<meta property=\"og:description\" content=\"Reinforced transfer tape for bonding metal, wood, foams, plastics, and paper. High initial tack and temperature resistance from -30\u00b0C to +80\u00b0C.\" \/>\n<meta property=\"og:url\" content=\"https:\/\/eurobands.com\/fr\/produit\/ruban-de-transfert-renforce-39103\/\" \/>\n<meta property=\"og:site_name\" content=\"Eurobands\" \/>\n<meta property=\"article:modified_time\" content=\"2025-01-30T14:55:08+00:00\" \/>\n<meta property=\"og:image\" content=\"https:\/\/eurobands.com\/wp-content\/uploads\/2024\/10\/39103-1024x1024.png\" \/>\n\t<meta property=\"og:image:width\" content=\"1024\" \/>\n\t<meta property=\"og:image:height\" content=\"1024\" \/>\n\t<meta property=\"og:image:type\" content=\"image\/png\" \/>\n<meta name=\"twitter:card\" content=\"summary_large_image\" \/>\n<meta name=\"twitter:label1\" content=\"Dur\u00e9e de lecture est.\" \/>\n\t<meta name=\"twitter:data1\" content=\"1 minute\" \/>\n<script type=\"application\/ld+json\" class=\"yoast-schema-graph\">{\"@context\":\"https:\/\/schema.org\",\"@graph\":[{\"@type\":\"WebPage\",\"@id\":\"https:\/\/eurobands.com\/product\/reinforced-transfer-tape-39103\/\",\"url\":\"https:\/\/eurobands.com\/product\/reinforced-transfer-tape-39103\/\",\"name\":\"Reinforced transfer tape - 39103 - Eurobands\",\"isPartOf\":{\"@id\":\"https:\/\/eurobands.com\/#website\"},\"primaryImageOfPage\":{\"@id\":\"https:\/\/eurobands.com\/product\/reinforced-transfer-tape-39103\/#primaryimage\"},\"image\":{\"@id\":\"https:\/\/eurobands.com\/product\/reinforced-transfer-tape-39103\/#primaryimage\"},\"thumbnailUrl\":\"https:\/\/eurobands.com\/wp-content\/uploads\/2024\/10\/39103.png\",\"datePublished\":\"2024-10-25T11:41:20+00:00\",\"dateModified\":\"2025-01-30T14:55:08+00:00\",\"description\":\"Reinforced transfer tape for bonding metal, wood, foams, plastics, and paper. High initial tack and temperature resistance from -30\u00b0C to +80\u00b0C.\",\"breadcrumb\":{\"@id\":\"https:\/\/eurobands.com\/product\/reinforced-transfer-tape-39103\/#breadcrumb\"},\"inLanguage\":\"fr-BE\",\"potentialAction\":[{\"@type\":\"ReadAction\",\"target\":[\"https:\/\/eurobands.com\/product\/reinforced-transfer-tape-39103\/\"]}]},{\"@type\":\"ImageObject\",\"inLanguage\":\"fr-BE\",\"@id\":\"https:\/\/eurobands.com\/product\/reinforced-transfer-tape-39103\/#primaryimage\",\"url\":\"https:\/\/eurobands.com\/wp-content\/uploads\/2024\/10\/39103.png\",\"contentUrl\":\"https:\/\/eurobands.com\/wp-content\/uploads\/2024\/10\/39103.png\",\"width\":400,\"height\":400,\"caption\":\"Laminating and bonding tape for metal, wood, foams, plastics, paper and cardboard. Aggressive tack, high adhesion, resists -30\u00b0C to +80\u00b0C.\"},{\"@type\":\"BreadcrumbList\",\"@id\":\"https:\/\/eurobands.com\/product\/reinforced-transfer-tape-39103\/#breadcrumb\",\"itemListElement\":[{\"@type\":\"ListItem\",\"position\":1,\"name\":\"Home\",\"item\":\"https:\/\/eurobands.com\/\"},{\"@type\":\"ListItem\",\"position\":2,\"name\":\"Shop\",\"item\":\"https:\/\/eurobands.com\/shop\/\"},{\"@type\":\"ListItem\",\"position\":3,\"name\":\"Reinforced transfer tape &#8211; 39103\"}]},{\"@type\":\"WebSite\",\"@id\":\"https:\/\/eurobands.com\/#website\",\"url\":\"https:\/\/eurobands.com\/\",\"name\":\"Eurobands\",\"description\":\"\",\"publisher\":{\"@id\":\"https:\/\/eurobands.com\/#organization\"},\"potentialAction\":[{\"@type\":\"SearchAction\",\"target\":{\"@type\":\"EntryPoint\",\"urlTemplate\":\"https:\/\/eurobands.com\/?s={search_term_string}\"},\"query-input\":{\"@type\":\"PropertyValueSpecification\",\"valueRequired\":true,\"valueName\":\"search_term_string\"}}],\"inLanguage\":\"fr-BE\"},{\"@type\":\"Organization\",\"@id\":\"https:\/\/eurobands.com\/#organization\",\"name\":\"Eurobands\",\"url\":\"https:\/\/eurobands.com\/\",\"logo\":{\"@type\":\"ImageObject\",\"inLanguage\":\"fr-BE\",\"@id\":\"https:\/\/eurobands.com\/#\/schema\/logo\/image\/\",\"url\":\"https:\/\/eurobands.com\/wp-content\/uploads\/2024\/03\/EUROBANDS-LOGO_RGB.png\",\"contentUrl\":\"https:\/\/eurobands.com\/wp-content\/uploads\/2024\/03\/EUROBANDS-LOGO_RGB.png\",\"width\":12098,\"height\":3014,\"caption\":\"Eurobands\"},\"image\":{\"@id\":\"https:\/\/eurobands.com\/#\/schema\/logo\/image\/\"}}]}<\/script>\n<!-- \/ Yoast SEO plugin. -->","yoast_head_json":{"title":"Ruban de transfert renforc\u00e9 - 39103 - Eurobands","description":"Ruban de transfert renforc\u00e9 pour le collage du m\u00e9tal, du bois, des mousses, des plastiques et du papier. Pouvoir adh\u00e9sif initial \u00e9lev\u00e9 et r\u00e9sistance \u00e0 la temp\u00e9rature de -30\u00b0C \u00e0 +80\u00b0C.","robots":{"index":"index","follow":"follow","max-snippet":"max-snippet:-1","max-image-preview":"max-image-preview:large","max-video-preview":"max-video-preview:-1"},"canonical":"https:\/\/eurobands.com\/fr\/produit\/ruban-de-transfert-renforce-39103\/","og_locale":"fr_FR","og_type":"article","og_title":"Reinforced transfer tape - 39103 - Eurobands","og_description":"Reinforced transfer tape for bonding metal, wood, foams, plastics, and paper. High initial tack and temperature resistance from -30\u00b0C to +80\u00b0C.","og_url":"https:\/\/eurobands.com\/fr\/produit\/ruban-de-transfert-renforce-39103\/","og_site_name":"Eurobands","article_modified_time":"2025-01-30T14:55:08+00:00","og_image":[{"width":1024,"height":1024,"url":"https:\/\/eurobands.com\/wp-content\/uploads\/2024\/10\/39103-1024x1024.png","type":"image\/png"}],"twitter_card":"summary_large_image","twitter_misc":{"Dur\u00e9e de lecture est.":"1 minute"},"schema":{"@context":"https:\/\/schema.org","@graph":[{"@type":"WebPage","@id":"https:\/\/eurobands.com\/product\/reinforced-transfer-tape-39103\/","url":"https:\/\/eurobands.com\/product\/reinforced-transfer-tape-39103\/","name":"Ruban de transfert renforc\u00e9 - 39103 - Eurobands","isPartOf":{"@id":"https:\/\/eurobands.com\/#website"},"primaryImageOfPage":{"@id":"https:\/\/eurobands.com\/product\/reinforced-transfer-tape-39103\/#primaryimage"},"image":{"@id":"https:\/\/eurobands.com\/product\/reinforced-transfer-tape-39103\/#primaryimage"},"thumbnailUrl":"https:\/\/eurobands.com\/wp-content\/uploads\/2024\/10\/39103.png","datePublished":"2024-10-25T11:41:20+00:00","dateModified":"2025-01-30T14:55:08+00:00","description":"Ruban de transfert renforc\u00e9 pour le collage du m\u00e9tal, du bois, des mousses, des plastiques et du papier. Pouvoir adh\u00e9sif initial \u00e9lev\u00e9 et r\u00e9sistance \u00e0 la temp\u00e9rature de -30\u00b0C \u00e0 +80\u00b0C.","breadcrumb":{"@id":"https:\/\/eurobands.com\/product\/reinforced-transfer-tape-39103\/#breadcrumb"},"inLanguage":"fr-BE","potentialAction":[{"@type":"ReadAction","target":["https:\/\/eurobands.com\/product\/reinforced-transfer-tape-39103\/"]}]},{"@type":"ImageObject","inLanguage":"fr-BE","@id":"https:\/\/eurobands.com\/product\/reinforced-transfer-tape-39103\/#primaryimage","url":"https:\/\/eurobands.com\/wp-content\/uploads\/2024\/10\/39103.png","contentUrl":"https:\/\/eurobands.com\/wp-content\/uploads\/2024\/10\/39103.png","width":400,"height":400,"caption":"Laminating and bonding tape for metal, wood, foams, plastics, paper and cardboard. Aggressive tack, high adhesion, resists -30\u00b0C to +80\u00b0C."},{"@type":"BreadcrumbList","@id":"https:\/\/eurobands.com\/product\/reinforced-transfer-tape-39103\/#breadcrumb","itemListElement":[{"@type":"ListItem","position":1,"name":"Home","item":"https:\/\/eurobands.com\/"},{"@type":"ListItem","position":2,"name":"Shop","item":"https:\/\/eurobands.com\/shop\/"},{"@type":"ListItem","position":3,"name":"Reinforced transfer tape &#8211; 39103"}]},{"@type":"WebSite","@id":"https:\/\/eurobands.com\/#website","url":"https:\/\/eurobands.com\/","name":"Eurobands","description":"","publisher":{"@id":"https:\/\/eurobands.com\/#organization"},"potentialAction":[{"@type":"SearchAction","target":{"@type":"EntryPoint","urlTemplate":"https:\/\/eurobands.com\/?s={search_term_string}"},"query-input":{"@type":"PropertyValueSpecification","valueRequired":true,"valueName":"search_term_string"}}],"inLanguage":"fr-BE"},{"@type":"Organization","@id":"https:\/\/eurobands.com\/#organization","name":"Eurobands","url":"https:\/\/eurobands.com\/","logo":{"@type":"ImageObject","inLanguage":"fr-BE","@id":"https:\/\/eurobands.com\/#\/schema\/logo\/image\/","url":"https:\/\/eurobands.com\/wp-content\/uploads\/2024\/03\/EUROBANDS-LOGO_RGB.png","contentUrl":"https:\/\/eurobands.com\/wp-content\/uploads\/2024\/03\/EUROBANDS-LOGO_RGB.png","width":12098,"height":3014,"caption":"Eurobands"},"image":{"@id":"https:\/\/eurobands.com\/#\/schema\/logo\/image\/"}}]}},"_links":{"self":[{"href":"https:\/\/eurobands.com\/fr\/wp-json\/wp\/v2\/product\/983","targetHints":{"allow":["GET"]}}],"collection":[{"href":"https:\/\/eurobands.com\/fr\/wp-json\/wp\/v2\/product"}],"about":[{"href":"https:\/\/eurobands.com\/fr\/wp-json\/wp\/v2\/types\/product"}],"replies":[{"embeddable":true,"href":"https:\/\/eurobands.com\/fr\/wp-json\/wp\/v2\/comments?post=983"}],"wp:featuredmedia":[{"embeddable":true,"href":"https:\/\/eurobands.com\/fr\/wp-json\/wp\/v2\/media\/1029"}],"wp:attachment":[{"href":"https:\/\/eurobands.com\/fr\/wp-json\/wp\/v2\/media?parent=983"}],"wp:term":[{"taxonomy":"product_cat","embeddable":true,"href":"https:\/\/eurobands.com\/fr\/wp-json\/wp\/v2\/product_cat?post=983"},{"taxonomy":"product_tag","embeddable":true,"href":"https:\/\/eurobands.com\/fr\/wp-json\/wp\/v2\/product_tag?post=983"}],"curies":[{"name":"wp","href":"https:\/\/api.w.org\/{rel}","templated":true}]}}