{"id":966,"date":"2024-10-25T11:41:21","date_gmt":"2024-10-25T11:41:21","guid":{"rendered":"https:\/\/eurobands.com\/?post_type=product&#038;p=966"},"modified":"2025-01-30T14:43:39","modified_gmt":"2025-01-30T14:43:39","slug":"ruban-dinvalidation-des-panneaux-de-signalisation-05201","status":"publish","type":"product","link":"https:\/\/eurobands.com\/fr\/product\/tape-for-invalidating-traffic-signs-05201\/","title":{"rendered":"Ruban pour invalider les panneaux de signalisation - 05201"},"content":{"rendered":"<p>Utilisation de ruban adh\u00e9sif pour invalider les panneaux de signalisation<br \/>\nR\u00e9sistance \u00e0 la temp\u00e9rature 30 +70\u2070C<br \/>\nR\u00e9sistance aux UV et aux intemp\u00e9ries jusqu'\u00e0 3 mois<\/p>","protected":false},"excerpt":{"rendered":"<p>Tape use to invalidate traffic signs Temperature Resistance 30 +70\u2070C UV and weather resistance up to 3months<\/p>","protected":false},"featured_media":1016,"comment_status":"open","ping_status":"closed","template":"","meta":[],"product_cat":[29],"product_tag":[],"class_list":{"0":"post-966","1":"product","2":"type-product","3":"status-publish","4":"has-post-thumbnail","6":"product_cat-marking","8":"first","9":"instock","10":"shipping-taxable","11":"product-type-simple"},"yoast_head":"<!-- This site is optimized with the Yoast SEO plugin v26.1.1 - https:\/\/yoast.com\/wordpress\/plugins\/seo\/ -->\n<title>Tape for invalidating traffic signs - 05201 - Eurobands<\/title>\n<meta name=\"description\" content=\"Tape for invalidating traffic signs with temperature resistance from 30\u2070C to 70\u2070C. UV and weather-resistant for up to 3 months.\" \/>\n<meta name=\"robots\" content=\"index, follow, max-snippet:-1, max-image-preview:large, max-video-preview:-1\" \/>\n<link rel=\"canonical\" href=\"https:\/\/eurobands.com\/fr\/produit\/ruban-dinvalidation-des-panneaux-de-signalisation-05201\/\" \/>\n<meta property=\"og:locale\" content=\"fr_FR\" \/>\n<meta property=\"og:type\" content=\"article\" \/>\n<meta property=\"og:title\" content=\"Tape for invalidating traffic signs - 05201 - Eurobands\" \/>\n<meta property=\"og:description\" content=\"Tape for invalidating traffic signs with temperature resistance from 30\u2070C to 70\u2070C. UV and weather-resistant for up to 3 months.\" \/>\n<meta property=\"og:url\" content=\"https:\/\/eurobands.com\/fr\/produit\/ruban-dinvalidation-des-panneaux-de-signalisation-05201\/\" \/>\n<meta property=\"og:site_name\" content=\"Eurobands\" \/>\n<meta property=\"article:modified_time\" content=\"2025-01-30T14:43:39+00:00\" \/>\n<meta property=\"og:image\" content=\"https:\/\/eurobands.com\/wp-content\/uploads\/2024\/10\/05201-1024x1024.png\" \/>\n\t<meta property=\"og:image:width\" content=\"1024\" \/>\n\t<meta property=\"og:image:height\" content=\"1024\" \/>\n\t<meta property=\"og:image:type\" content=\"image\/png\" \/>\n<meta name=\"twitter:card\" content=\"summary_large_image\" \/>\n<meta name=\"twitter:label1\" content=\"Dur\u00e9e de lecture est.\" \/>\n\t<meta name=\"twitter:data1\" content=\"1 minute\" \/>\n<script type=\"application\/ld+json\" class=\"yoast-schema-graph\">{\"@context\":\"https:\/\/schema.org\",\"@graph\":[{\"@type\":\"WebPage\",\"@id\":\"https:\/\/eurobands.com\/product\/tape-for-invalidating-traffic-signs-05201\/\",\"url\":\"https:\/\/eurobands.com\/product\/tape-for-invalidating-traffic-signs-05201\/\",\"name\":\"Tape for invalidating traffic signs - 05201 - Eurobands\",\"isPartOf\":{\"@id\":\"https:\/\/eurobands.com\/#website\"},\"primaryImageOfPage\":{\"@id\":\"https:\/\/eurobands.com\/product\/tape-for-invalidating-traffic-signs-05201\/#primaryimage\"},\"image\":{\"@id\":\"https:\/\/eurobands.com\/product\/tape-for-invalidating-traffic-signs-05201\/#primaryimage\"},\"thumbnailUrl\":\"https:\/\/eurobands.com\/wp-content\/uploads\/2024\/10\/05201.png\",\"datePublished\":\"2024-10-25T11:41:21+00:00\",\"dateModified\":\"2025-01-30T14:43:39+00:00\",\"description\":\"Tape for invalidating traffic signs with temperature resistance from 30\u2070C to 70\u2070C. UV and weather-resistant for up to 3 months.\",\"breadcrumb\":{\"@id\":\"https:\/\/eurobands.com\/product\/tape-for-invalidating-traffic-signs-05201\/#breadcrumb\"},\"inLanguage\":\"fr-BE\",\"potentialAction\":[{\"@type\":\"ReadAction\",\"target\":[\"https:\/\/eurobands.com\/product\/tape-for-invalidating-traffic-signs-05201\/\"]}]},{\"@type\":\"ImageObject\",\"inLanguage\":\"fr-BE\",\"@id\":\"https:\/\/eurobands.com\/product\/tape-for-invalidating-traffic-signs-05201\/#primaryimage\",\"url\":\"https:\/\/eurobands.com\/wp-content\/uploads\/2024\/10\/05201.png\",\"contentUrl\":\"https:\/\/eurobands.com\/wp-content\/uploads\/2024\/10\/05201.png\",\"width\":400,\"height\":400,\"caption\":\"Marking tape for temporary invalidation of traffic signs, UV and weather resistant for up to 3 months, performs from -30\u00b0C to +70\u00b0C.\"},{\"@type\":\"BreadcrumbList\",\"@id\":\"https:\/\/eurobands.com\/product\/tape-for-invalidating-traffic-signs-05201\/#breadcrumb\",\"itemListElement\":[{\"@type\":\"ListItem\",\"position\":1,\"name\":\"Home\",\"item\":\"https:\/\/eurobands.com\/\"},{\"@type\":\"ListItem\",\"position\":2,\"name\":\"Shop\",\"item\":\"https:\/\/eurobands.com\/shop\/\"},{\"@type\":\"ListItem\",\"position\":3,\"name\":\"Tape for invalidating traffic signs &#8211; 05201\"}]},{\"@type\":\"WebSite\",\"@id\":\"https:\/\/eurobands.com\/#website\",\"url\":\"https:\/\/eurobands.com\/\",\"name\":\"Eurobands\",\"description\":\"\",\"publisher\":{\"@id\":\"https:\/\/eurobands.com\/#organization\"},\"potentialAction\":[{\"@type\":\"SearchAction\",\"target\":{\"@type\":\"EntryPoint\",\"urlTemplate\":\"https:\/\/eurobands.com\/?s={search_term_string}\"},\"query-input\":{\"@type\":\"PropertyValueSpecification\",\"valueRequired\":true,\"valueName\":\"search_term_string\"}}],\"inLanguage\":\"fr-BE\"},{\"@type\":\"Organization\",\"@id\":\"https:\/\/eurobands.com\/#organization\",\"name\":\"Eurobands\",\"url\":\"https:\/\/eurobands.com\/\",\"logo\":{\"@type\":\"ImageObject\",\"inLanguage\":\"fr-BE\",\"@id\":\"https:\/\/eurobands.com\/#\/schema\/logo\/image\/\",\"url\":\"https:\/\/eurobands.com\/wp-content\/uploads\/2024\/03\/EUROBANDS-LOGO_RGB.png\",\"contentUrl\":\"https:\/\/eurobands.com\/wp-content\/uploads\/2024\/03\/EUROBANDS-LOGO_RGB.png\",\"width\":12098,\"height\":3014,\"caption\":\"Eurobands\"},\"image\":{\"@id\":\"https:\/\/eurobands.com\/#\/schema\/logo\/image\/\"}}]}<\/script>\n<!-- \/ Yoast SEO plugin. -->","yoast_head_json":{"title":"Ruban pour invalider les panneaux de signalisation - 05201 - Eurobands","description":"Ruban pour invalider les panneaux de signalisation avec une r\u00e9sistance \u00e0 la temp\u00e9rature de 30\u2070C \u00e0 70\u2070C. R\u00e9siste aux UV et aux intemp\u00e9ries jusqu'\u00e0 3 mois.","robots":{"index":"index","follow":"follow","max-snippet":"max-snippet:-1","max-image-preview":"max-image-preview:large","max-video-preview":"max-video-preview:-1"},"canonical":"https:\/\/eurobands.com\/fr\/produit\/ruban-dinvalidation-des-panneaux-de-signalisation-05201\/","og_locale":"fr_FR","og_type":"article","og_title":"Tape for invalidating traffic signs - 05201 - Eurobands","og_description":"Tape for invalidating traffic signs with temperature resistance from 30\u2070C to 70\u2070C. UV and weather-resistant for up to 3 months.","og_url":"https:\/\/eurobands.com\/fr\/produit\/ruban-dinvalidation-des-panneaux-de-signalisation-05201\/","og_site_name":"Eurobands","article_modified_time":"2025-01-30T14:43:39+00:00","og_image":[{"width":1024,"height":1024,"url":"https:\/\/eurobands.com\/wp-content\/uploads\/2024\/10\/05201-1024x1024.png","type":"image\/png"}],"twitter_card":"summary_large_image","twitter_misc":{"Dur\u00e9e de lecture est.":"1 minute"},"schema":{"@context":"https:\/\/schema.org","@graph":[{"@type":"WebPage","@id":"https:\/\/eurobands.com\/product\/tape-for-invalidating-traffic-signs-05201\/","url":"https:\/\/eurobands.com\/product\/tape-for-invalidating-traffic-signs-05201\/","name":"Ruban pour invalider les panneaux de signalisation - 05201 - Eurobands","isPartOf":{"@id":"https:\/\/eurobands.com\/#website"},"primaryImageOfPage":{"@id":"https:\/\/eurobands.com\/product\/tape-for-invalidating-traffic-signs-05201\/#primaryimage"},"image":{"@id":"https:\/\/eurobands.com\/product\/tape-for-invalidating-traffic-signs-05201\/#primaryimage"},"thumbnailUrl":"https:\/\/eurobands.com\/wp-content\/uploads\/2024\/10\/05201.png","datePublished":"2024-10-25T11:41:21+00:00","dateModified":"2025-01-30T14:43:39+00:00","description":"Ruban pour invalider les panneaux de signalisation avec une r\u00e9sistance \u00e0 la temp\u00e9rature de 30\u2070C \u00e0 70\u2070C. R\u00e9siste aux UV et aux intemp\u00e9ries jusqu'\u00e0 3 mois.","breadcrumb":{"@id":"https:\/\/eurobands.com\/product\/tape-for-invalidating-traffic-signs-05201\/#breadcrumb"},"inLanguage":"fr-BE","potentialAction":[{"@type":"ReadAction","target":["https:\/\/eurobands.com\/product\/tape-for-invalidating-traffic-signs-05201\/"]}]},{"@type":"ImageObject","inLanguage":"fr-BE","@id":"https:\/\/eurobands.com\/product\/tape-for-invalidating-traffic-signs-05201\/#primaryimage","url":"https:\/\/eurobands.com\/wp-content\/uploads\/2024\/10\/05201.png","contentUrl":"https:\/\/eurobands.com\/wp-content\/uploads\/2024\/10\/05201.png","width":400,"height":400,"caption":"Marking tape for temporary invalidation of traffic signs, UV and weather resistant for up to 3 months, performs from -30\u00b0C to +70\u00b0C."},{"@type":"BreadcrumbList","@id":"https:\/\/eurobands.com\/product\/tape-for-invalidating-traffic-signs-05201\/#breadcrumb","itemListElement":[{"@type":"ListItem","position":1,"name":"Home","item":"https:\/\/eurobands.com\/"},{"@type":"ListItem","position":2,"name":"Shop","item":"https:\/\/eurobands.com\/shop\/"},{"@type":"ListItem","position":3,"name":"Tape for invalidating traffic signs &#8211; 05201"}]},{"@type":"WebSite","@id":"https:\/\/eurobands.com\/#website","url":"https:\/\/eurobands.com\/","name":"Eurobands","description":"","publisher":{"@id":"https:\/\/eurobands.com\/#organization"},"potentialAction":[{"@type":"SearchAction","target":{"@type":"EntryPoint","urlTemplate":"https:\/\/eurobands.com\/?s={search_term_string}"},"query-input":{"@type":"PropertyValueSpecification","valueRequired":true,"valueName":"search_term_string"}}],"inLanguage":"fr-BE"},{"@type":"Organization","@id":"https:\/\/eurobands.com\/#organization","name":"Eurobands","url":"https:\/\/eurobands.com\/","logo":{"@type":"ImageObject","inLanguage":"fr-BE","@id":"https:\/\/eurobands.com\/#\/schema\/logo\/image\/","url":"https:\/\/eurobands.com\/wp-content\/uploads\/2024\/03\/EUROBANDS-LOGO_RGB.png","contentUrl":"https:\/\/eurobands.com\/wp-content\/uploads\/2024\/03\/EUROBANDS-LOGO_RGB.png","width":12098,"height":3014,"caption":"Eurobands"},"image":{"@id":"https:\/\/eurobands.com\/#\/schema\/logo\/image\/"}}]}},"_links":{"self":[{"href":"https:\/\/eurobands.com\/fr\/wp-json\/wp\/v2\/product\/966","targetHints":{"allow":["GET"]}}],"collection":[{"href":"https:\/\/eurobands.com\/fr\/wp-json\/wp\/v2\/product"}],"about":[{"href":"https:\/\/eurobands.com\/fr\/wp-json\/wp\/v2\/types\/product"}],"replies":[{"embeddable":true,"href":"https:\/\/eurobands.com\/fr\/wp-json\/wp\/v2\/comments?post=966"}],"wp:featuredmedia":[{"embeddable":true,"href":"https:\/\/eurobands.com\/fr\/wp-json\/wp\/v2\/media\/1016"}],"wp:attachment":[{"href":"https:\/\/eurobands.com\/fr\/wp-json\/wp\/v2\/media?parent=966"}],"wp:term":[{"taxonomy":"product_cat","embeddable":true,"href":"https:\/\/eurobands.com\/fr\/wp-json\/wp\/v2\/product_cat?post=966"},{"taxonomy":"product_tag","embeddable":true,"href":"https:\/\/eurobands.com\/fr\/wp-json\/wp\/v2\/product_tag?post=966"}],"curies":[{"name":"wp","href":"https:\/\/api.w.org\/{rel}","templated":true}]}}