{"id":954,"date":"2024-10-25T11:41:40","date_gmt":"2024-10-25T11:41:40","guid":{"rendered":"https:\/\/eurobands.com\/?post_type=product&#038;p=954"},"modified":"2025-01-30T14:47:08","modified_gmt":"2025-01-30T14:47:08","slug":"ruban-detancheite-permanent-08029","status":"publish","type":"product","link":"https:\/\/eurobands.com\/fr\/product\/permanent-waterproofing-tape-08029\/","title":{"rendered":"Bande d'\u00e9tanch\u00e9it\u00e9 permanente - 08029"},"content":{"rendered":"<p>Bande permanente d'\u00e9tanch\u00e9it\u00e9 et de scellement pour l'imperm\u00e9abilit\u00e9 \u00e0 la vapeur dans le domaine du chauffage, de la ventilation et de la climatisation (HVAC)<br \/>\nR\u00e9paration des goutti\u00e8res et des tuyaux, scellement des portes et des cadres de fen\u00eatres<br \/>\nPouvoir adh\u00e9sif \u00e9lev\u00e9 et excellente adh\u00e9rence, m\u00eame \u00e0 basse temp\u00e9rature<\/p>","protected":false},"excerpt":{"rendered":"<p>Bande permanente d'\u00e9tanch\u00e9it\u00e9 et de scellement pour l'imperm\u00e9abilisation \u00e0 la vapeur dans le domaine HVAC R\u00e9paration de goutti\u00e8res et de tuyaux, scellement de portes et de cadres de fen\u00eatres Pouvoir adh\u00e9sif \u00e9lev\u00e9 et excellente adh\u00e9rence, m\u00eame \u00e0 basses temp\u00e9ratures<\/p>","protected":false},"featured_media":1004,"comment_status":"open","ping_status":"closed","template":"","meta":[],"product_cat":[28],"product_tag":[],"class_list":{"0":"post-954","1":"product","2":"type-product","3":"status-publish","4":"has-post-thumbnail","6":"product_cat-sealing","8":"first","9":"instock","10":"shipping-taxable","11":"product-type-simple"},"yoast_head":"<!-- This site is optimized with the Yoast SEO plugin v26.1.1 - https:\/\/yoast.com\/wordpress\/plugins\/seo\/ -->\n<title>Permanent waterproofing tape - 08029 - Eurobands<\/title>\n<meta name=\"description\" content=\"Permanent waterproofing tape for vapor-impermeable sealing in HVAC. High tack and strong adhesion, even in low temperatures.\" \/>\n<meta name=\"robots\" content=\"index, follow, max-snippet:-1, max-image-preview:large, max-video-preview:-1\" \/>\n<link rel=\"canonical\" href=\"https:\/\/eurobands.com\/fr\/produit\/ruban-detancheite-permanent-08029\/\" \/>\n<meta property=\"og:locale\" content=\"fr_FR\" \/>\n<meta property=\"og:type\" content=\"article\" \/>\n<meta property=\"og:title\" content=\"Permanent waterproofing tape - 08029 - Eurobands\" \/>\n<meta property=\"og:description\" content=\"Permanent waterproofing tape for vapor-impermeable sealing in HVAC. High tack and strong adhesion, even in low temperatures.\" \/>\n<meta property=\"og:url\" content=\"https:\/\/eurobands.com\/fr\/produit\/ruban-detancheite-permanent-08029\/\" \/>\n<meta property=\"og:site_name\" content=\"Eurobands\" \/>\n<meta property=\"article:modified_time\" content=\"2025-01-30T14:47:08+00:00\" \/>\n<meta property=\"og:image\" content=\"https:\/\/eurobands.com\/wp-content\/uploads\/2024\/10\/08029-1024x1024.png\" \/>\n\t<meta property=\"og:image:width\" content=\"1024\" \/>\n\t<meta property=\"og:image:height\" content=\"1024\" \/>\n\t<meta property=\"og:image:type\" content=\"image\/png\" \/>\n<meta name=\"twitter:card\" content=\"summary_large_image\" \/>\n<meta name=\"twitter:label1\" content=\"Dur\u00e9e de lecture est.\" \/>\n\t<meta name=\"twitter:data1\" content=\"1 minute\" \/>\n<script type=\"application\/ld+json\" class=\"yoast-schema-graph\">{\"@context\":\"https:\/\/schema.org\",\"@graph\":[{\"@type\":\"WebPage\",\"@id\":\"https:\/\/eurobands.com\/product\/permanent-waterproofing-tape-08029\/\",\"url\":\"https:\/\/eurobands.com\/product\/permanent-waterproofing-tape-08029\/\",\"name\":\"Permanent waterproofing tape - 08029 - Eurobands\",\"isPartOf\":{\"@id\":\"https:\/\/eurobands.com\/#website\"},\"primaryImageOfPage\":{\"@id\":\"https:\/\/eurobands.com\/product\/permanent-waterproofing-tape-08029\/#primaryimage\"},\"image\":{\"@id\":\"https:\/\/eurobands.com\/product\/permanent-waterproofing-tape-08029\/#primaryimage\"},\"thumbnailUrl\":\"https:\/\/eurobands.com\/wp-content\/uploads\/2024\/10\/08029.png\",\"datePublished\":\"2024-10-25T11:41:40+00:00\",\"dateModified\":\"2025-01-30T14:47:08+00:00\",\"description\":\"Permanent waterproofing tape for vapor-impermeable sealing in HVAC. High tack and strong adhesion, even in low temperatures.\",\"breadcrumb\":{\"@id\":\"https:\/\/eurobands.com\/product\/permanent-waterproofing-tape-08029\/#breadcrumb\"},\"inLanguage\":\"fr-BE\",\"potentialAction\":[{\"@type\":\"ReadAction\",\"target\":[\"https:\/\/eurobands.com\/product\/permanent-waterproofing-tape-08029\/\"]}]},{\"@type\":\"ImageObject\",\"inLanguage\":\"fr-BE\",\"@id\":\"https:\/\/eurobands.com\/product\/permanent-waterproofing-tape-08029\/#primaryimage\",\"url\":\"https:\/\/eurobands.com\/wp-content\/uploads\/2024\/10\/08029.png\",\"contentUrl\":\"https:\/\/eurobands.com\/wp-content\/uploads\/2024\/10\/08029.png\",\"width\":400,\"height\":400,\"caption\":\"Vapor-impermeable sealing tape for HVAC, waterproof and airtight. Strong adhesion for gutters, pipes, doors and window frames.\"},{\"@type\":\"BreadcrumbList\",\"@id\":\"https:\/\/eurobands.com\/product\/permanent-waterproofing-tape-08029\/#breadcrumb\",\"itemListElement\":[{\"@type\":\"ListItem\",\"position\":1,\"name\":\"Home\",\"item\":\"https:\/\/eurobands.com\/\"},{\"@type\":\"ListItem\",\"position\":2,\"name\":\"Shop\",\"item\":\"https:\/\/eurobands.com\/shop\/\"},{\"@type\":\"ListItem\",\"position\":3,\"name\":\"Permanent waterproofing tape &#8211; 08029\"}]},{\"@type\":\"WebSite\",\"@id\":\"https:\/\/eurobands.com\/#website\",\"url\":\"https:\/\/eurobands.com\/\",\"name\":\"Eurobands\",\"description\":\"\",\"publisher\":{\"@id\":\"https:\/\/eurobands.com\/#organization\"},\"potentialAction\":[{\"@type\":\"SearchAction\",\"target\":{\"@type\":\"EntryPoint\",\"urlTemplate\":\"https:\/\/eurobands.com\/?s={search_term_string}\"},\"query-input\":{\"@type\":\"PropertyValueSpecification\",\"valueRequired\":true,\"valueName\":\"search_term_string\"}}],\"inLanguage\":\"fr-BE\"},{\"@type\":\"Organization\",\"@id\":\"https:\/\/eurobands.com\/#organization\",\"name\":\"Eurobands\",\"url\":\"https:\/\/eurobands.com\/\",\"logo\":{\"@type\":\"ImageObject\",\"inLanguage\":\"fr-BE\",\"@id\":\"https:\/\/eurobands.com\/#\/schema\/logo\/image\/\",\"url\":\"https:\/\/eurobands.com\/wp-content\/uploads\/2024\/03\/EUROBANDS-LOGO_RGB.png\",\"contentUrl\":\"https:\/\/eurobands.com\/wp-content\/uploads\/2024\/03\/EUROBANDS-LOGO_RGB.png\",\"width\":12098,\"height\":3014,\"caption\":\"Eurobands\"},\"image\":{\"@id\":\"https:\/\/eurobands.com\/#\/schema\/logo\/image\/\"}}]}<\/script>\n<!-- \/ Yoast SEO plugin. -->","yoast_head_json":{"title":"Bande d'\u00e9tanch\u00e9it\u00e9 permanente - 08029 - Eurobands","description":"Bande d'\u00e9tanch\u00e9it\u00e9 permanente pour l'imperm\u00e9abilisation \u00e0 la vapeur dans les installations de chauffage, de ventilation et de climatisation. Pouvoir adh\u00e9sif \u00e9lev\u00e9 et forte adh\u00e9rence, m\u00eame \u00e0 basse temp\u00e9rature.","robots":{"index":"index","follow":"follow","max-snippet":"max-snippet:-1","max-image-preview":"max-image-preview:large","max-video-preview":"max-video-preview:-1"},"canonical":"https:\/\/eurobands.com\/fr\/produit\/ruban-detancheite-permanent-08029\/","og_locale":"fr_FR","og_type":"article","og_title":"Permanent waterproofing tape - 08029 - Eurobands","og_description":"Permanent waterproofing tape for vapor-impermeable sealing in HVAC. High tack and strong adhesion, even in low temperatures.","og_url":"https:\/\/eurobands.com\/fr\/produit\/ruban-detancheite-permanent-08029\/","og_site_name":"Eurobands","article_modified_time":"2025-01-30T14:47:08+00:00","og_image":[{"width":1024,"height":1024,"url":"https:\/\/eurobands.com\/wp-content\/uploads\/2024\/10\/08029-1024x1024.png","type":"image\/png"}],"twitter_card":"summary_large_image","twitter_misc":{"Dur\u00e9e de lecture est.":"1 minute"},"schema":{"@context":"https:\/\/schema.org","@graph":[{"@type":"WebPage","@id":"https:\/\/eurobands.com\/product\/permanent-waterproofing-tape-08029\/","url":"https:\/\/eurobands.com\/product\/permanent-waterproofing-tape-08029\/","name":"Bande d'\u00e9tanch\u00e9it\u00e9 permanente - 08029 - Eurobands","isPartOf":{"@id":"https:\/\/eurobands.com\/#website"},"primaryImageOfPage":{"@id":"https:\/\/eurobands.com\/product\/permanent-waterproofing-tape-08029\/#primaryimage"},"image":{"@id":"https:\/\/eurobands.com\/product\/permanent-waterproofing-tape-08029\/#primaryimage"},"thumbnailUrl":"https:\/\/eurobands.com\/wp-content\/uploads\/2024\/10\/08029.png","datePublished":"2024-10-25T11:41:40+00:00","dateModified":"2025-01-30T14:47:08+00:00","description":"Bande d'\u00e9tanch\u00e9it\u00e9 permanente pour l'imperm\u00e9abilisation \u00e0 la vapeur dans les installations de chauffage, de ventilation et de climatisation. Pouvoir adh\u00e9sif \u00e9lev\u00e9 et forte adh\u00e9rence, m\u00eame \u00e0 basse temp\u00e9rature.","breadcrumb":{"@id":"https:\/\/eurobands.com\/product\/permanent-waterproofing-tape-08029\/#breadcrumb"},"inLanguage":"fr-BE","potentialAction":[{"@type":"ReadAction","target":["https:\/\/eurobands.com\/product\/permanent-waterproofing-tape-08029\/"]}]},{"@type":"ImageObject","inLanguage":"fr-BE","@id":"https:\/\/eurobands.com\/product\/permanent-waterproofing-tape-08029\/#primaryimage","url":"https:\/\/eurobands.com\/wp-content\/uploads\/2024\/10\/08029.png","contentUrl":"https:\/\/eurobands.com\/wp-content\/uploads\/2024\/10\/08029.png","width":400,"height":400,"caption":"Vapor-impermeable sealing tape for HVAC, waterproof and airtight. Strong adhesion for gutters, pipes, doors and window frames."},{"@type":"BreadcrumbList","@id":"https:\/\/eurobands.com\/product\/permanent-waterproofing-tape-08029\/#breadcrumb","itemListElement":[{"@type":"ListItem","position":1,"name":"Home","item":"https:\/\/eurobands.com\/"},{"@type":"ListItem","position":2,"name":"Shop","item":"https:\/\/eurobands.com\/shop\/"},{"@type":"ListItem","position":3,"name":"Permanent waterproofing tape &#8211; 08029"}]},{"@type":"WebSite","@id":"https:\/\/eurobands.com\/#website","url":"https:\/\/eurobands.com\/","name":"Eurobands","description":"","publisher":{"@id":"https:\/\/eurobands.com\/#organization"},"potentialAction":[{"@type":"SearchAction","target":{"@type":"EntryPoint","urlTemplate":"https:\/\/eurobands.com\/?s={search_term_string}"},"query-input":{"@type":"PropertyValueSpecification","valueRequired":true,"valueName":"search_term_string"}}],"inLanguage":"fr-BE"},{"@type":"Organization","@id":"https:\/\/eurobands.com\/#organization","name":"Eurobands","url":"https:\/\/eurobands.com\/","logo":{"@type":"ImageObject","inLanguage":"fr-BE","@id":"https:\/\/eurobands.com\/#\/schema\/logo\/image\/","url":"https:\/\/eurobands.com\/wp-content\/uploads\/2024\/03\/EUROBANDS-LOGO_RGB.png","contentUrl":"https:\/\/eurobands.com\/wp-content\/uploads\/2024\/03\/EUROBANDS-LOGO_RGB.png","width":12098,"height":3014,"caption":"Eurobands"},"image":{"@id":"https:\/\/eurobands.com\/#\/schema\/logo\/image\/"}}]}},"_links":{"self":[{"href":"https:\/\/eurobands.com\/fr\/wp-json\/wp\/v2\/product\/954","targetHints":{"allow":["GET"]}}],"collection":[{"href":"https:\/\/eurobands.com\/fr\/wp-json\/wp\/v2\/product"}],"about":[{"href":"https:\/\/eurobands.com\/fr\/wp-json\/wp\/v2\/types\/product"}],"replies":[{"embeddable":true,"href":"https:\/\/eurobands.com\/fr\/wp-json\/wp\/v2\/comments?post=954"}],"wp:featuredmedia":[{"embeddable":true,"href":"https:\/\/eurobands.com\/fr\/wp-json\/wp\/v2\/media\/1004"}],"wp:attachment":[{"href":"https:\/\/eurobands.com\/fr\/wp-json\/wp\/v2\/media?parent=954"}],"wp:term":[{"taxonomy":"product_cat","embeddable":true,"href":"https:\/\/eurobands.com\/fr\/wp-json\/wp\/v2\/product_cat?post=954"},{"taxonomy":"product_tag","embeddable":true,"href":"https:\/\/eurobands.com\/fr\/wp-json\/wp\/v2\/product_tag?post=954"}],"curies":[{"name":"wp","href":"https:\/\/api.w.org\/{rel}","templated":true}]}}