{"id":949,"date":"2024-10-25T11:41:41","date_gmt":"2024-10-25T11:41:41","guid":{"rendered":"https:\/\/eurobands.com\/?post_type=product&#038;p=949"},"modified":"2025-01-30T14:41:37","modified_gmt":"2025-01-30T14:41:37","slug":"ruban-disolation-hvac-interieur-08008","status":"publish","type":"product","link":"https:\/\/eurobands.com\/fr\/product\/indoor-hvac-insultation-tape-08008\/","title":{"rendered":"Ruban d'insultes pour le chauffage, la ventilation et la climatisation int\u00e9rieurs - 08008"},"content":{"rendered":"<p>Ruban d'insultes pour le chauffage, la ventilation et la climatisation \u00e0 l'int\u00e9rieur.<\/p>\n<p>Etanch\u00e9it\u00e9 et isolation des tuyauteries et des conduits \u00e9tanches dans la construction et le g\u00e9nie climatique<br \/>\nUtilisation \u00e0 l'int\u00e9rieur uniquement<br \/>\nPouvoir adh\u00e9sif \u00e9lev\u00e9 et excellente adh\u00e9rence, m\u00eame \u00e0 basse temp\u00e9rature<\/p>","protected":false},"excerpt":{"rendered":"<p>Ruban d'isolation HVAC pour l'int\u00e9rieur. Scellement et isolation de la tuyauterie et des conduits \u00e9tanches \u00e0 l'air dans le b\u00e2timent et les syst\u00e8mes de chauffage, de ventilation et de climatisation Pour un usage int\u00e9rieur uniquement Pouvoir adh\u00e9sif \u00e9lev\u00e9 et excellente adh\u00e9rence, m\u00eame \u00e0 basse temp\u00e9rature<\/p>","protected":false},"featured_media":994,"comment_status":"open","ping_status":"closed","template":"","meta":[],"product_cat":[28],"product_tag":[],"class_list":{"0":"post-949","1":"product","2":"type-product","3":"status-publish","4":"has-post-thumbnail","6":"product_cat-sealing","8":"first","9":"instock","10":"shipping-taxable","11":"product-type-simple"},"yoast_head":"<!-- This site is optimized with the Yoast SEO plugin v26.1.1 - https:\/\/yoast.com\/wordpress\/plugins\/seo\/ -->\n<title>Indoor HVAC insultation tape - 08008 - Eurobands<\/title>\n<meta name=\"description\" content=\"Indoor HVAC insulation tape for sealing pipes and airtight ducting in construction. Excellent adhesion, and reliable performance at low temperatures.\" \/>\n<meta name=\"robots\" content=\"index, follow, max-snippet:-1, max-image-preview:large, max-video-preview:-1\" \/>\n<link rel=\"canonical\" href=\"https:\/\/eurobands.com\/fr\/produit\/ruban-disolation-hvac-interieur-08008\/\" \/>\n<meta property=\"og:locale\" content=\"fr_FR\" \/>\n<meta property=\"og:type\" content=\"article\" \/>\n<meta property=\"og:title\" content=\"Indoor HVAC insultation tape - 08008 - Eurobands\" \/>\n<meta property=\"og:description\" content=\"Indoor HVAC insulation tape for sealing pipes and airtight ducting in construction. Excellent adhesion, and reliable performance at low temperatures.\" \/>\n<meta property=\"og:url\" content=\"https:\/\/eurobands.com\/fr\/produit\/ruban-disolation-hvac-interieur-08008\/\" \/>\n<meta property=\"og:site_name\" content=\"Eurobands\" \/>\n<meta property=\"article:modified_time\" content=\"2025-01-30T14:41:37+00:00\" \/>\n<meta property=\"og:image\" content=\"https:\/\/eurobands.com\/wp-content\/uploads\/2024\/10\/08008-1024x1024.png\" \/>\n\t<meta property=\"og:image:width\" content=\"1024\" \/>\n\t<meta property=\"og:image:height\" content=\"1024\" \/>\n\t<meta property=\"og:image:type\" content=\"image\/png\" \/>\n<meta name=\"twitter:card\" content=\"summary_large_image\" \/>\n<meta name=\"twitter:label1\" content=\"Dur\u00e9e de lecture est.\" \/>\n\t<meta name=\"twitter:data1\" content=\"1 minute\" \/>\n<script type=\"application\/ld+json\" class=\"yoast-schema-graph\">{\"@context\":\"https:\/\/schema.org\",\"@graph\":[{\"@type\":\"WebPage\",\"@id\":\"https:\/\/eurobands.com\/product\/indoor-hvac-insultation-tape-08008\/\",\"url\":\"https:\/\/eurobands.com\/product\/indoor-hvac-insultation-tape-08008\/\",\"name\":\"Indoor HVAC insultation tape - 08008 - Eurobands\",\"isPartOf\":{\"@id\":\"https:\/\/eurobands.com\/#website\"},\"primaryImageOfPage\":{\"@id\":\"https:\/\/eurobands.com\/product\/indoor-hvac-insultation-tape-08008\/#primaryimage\"},\"image\":{\"@id\":\"https:\/\/eurobands.com\/product\/indoor-hvac-insultation-tape-08008\/#primaryimage\"},\"thumbnailUrl\":\"https:\/\/eurobands.com\/wp-content\/uploads\/2024\/10\/08008.png\",\"datePublished\":\"2024-10-25T11:41:41+00:00\",\"dateModified\":\"2025-01-30T14:41:37+00:00\",\"description\":\"Indoor HVAC insulation tape for sealing pipes and airtight ducting in construction. Excellent adhesion, and reliable performance at low temperatures.\",\"breadcrumb\":{\"@id\":\"https:\/\/eurobands.com\/product\/indoor-hvac-insultation-tape-08008\/#breadcrumb\"},\"inLanguage\":\"fr-BE\",\"potentialAction\":[{\"@type\":\"ReadAction\",\"target\":[\"https:\/\/eurobands.com\/product\/indoor-hvac-insultation-tape-08008\/\"]}]},{\"@type\":\"ImageObject\",\"inLanguage\":\"fr-BE\",\"@id\":\"https:\/\/eurobands.com\/product\/indoor-hvac-insultation-tape-08008\/#primaryimage\",\"url\":\"https:\/\/eurobands.com\/wp-content\/uploads\/2024\/10\/08008.png\",\"contentUrl\":\"https:\/\/eurobands.com\/wp-content\/uploads\/2024\/10\/08008.png\",\"width\":400,\"height\":400,\"caption\":\"Sealing and insulation tape for piping and airtight ducting in HVAC, high tack and strong adhesion, effective even at low temperatures.\"},{\"@type\":\"BreadcrumbList\",\"@id\":\"https:\/\/eurobands.com\/product\/indoor-hvac-insultation-tape-08008\/#breadcrumb\",\"itemListElement\":[{\"@type\":\"ListItem\",\"position\":1,\"name\":\"Home\",\"item\":\"https:\/\/eurobands.com\/\"},{\"@type\":\"ListItem\",\"position\":2,\"name\":\"Shop\",\"item\":\"https:\/\/eurobands.com\/shop\/\"},{\"@type\":\"ListItem\",\"position\":3,\"name\":\"Indoor HVAC insultation tape &#8211; 08008\"}]},{\"@type\":\"WebSite\",\"@id\":\"https:\/\/eurobands.com\/#website\",\"url\":\"https:\/\/eurobands.com\/\",\"name\":\"Eurobands\",\"description\":\"\",\"publisher\":{\"@id\":\"https:\/\/eurobands.com\/#organization\"},\"potentialAction\":[{\"@type\":\"SearchAction\",\"target\":{\"@type\":\"EntryPoint\",\"urlTemplate\":\"https:\/\/eurobands.com\/?s={search_term_string}\"},\"query-input\":{\"@type\":\"PropertyValueSpecification\",\"valueRequired\":true,\"valueName\":\"search_term_string\"}}],\"inLanguage\":\"fr-BE\"},{\"@type\":\"Organization\",\"@id\":\"https:\/\/eurobands.com\/#organization\",\"name\":\"Eurobands\",\"url\":\"https:\/\/eurobands.com\/\",\"logo\":{\"@type\":\"ImageObject\",\"inLanguage\":\"fr-BE\",\"@id\":\"https:\/\/eurobands.com\/#\/schema\/logo\/image\/\",\"url\":\"https:\/\/eurobands.com\/wp-content\/uploads\/2024\/03\/EUROBANDS-LOGO_RGB.png\",\"contentUrl\":\"https:\/\/eurobands.com\/wp-content\/uploads\/2024\/03\/EUROBANDS-LOGO_RGB.png\",\"width\":12098,\"height\":3014,\"caption\":\"Eurobands\"},\"image\":{\"@id\":\"https:\/\/eurobands.com\/#\/schema\/logo\/image\/\"}}]}<\/script>\n<!-- \/ Yoast SEO plugin. -->","yoast_head_json":{"title":"Ruban d'isolation HVAC int\u00e9rieur - 08008 - Eurobands","description":"Ruban isolant pour le chauffage, la ventilation et la climatisation \u00e0 l'int\u00e9rieur, destin\u00e9 \u00e0 sceller les tuyaux et les conduites \u00e9tanches \u00e0 l'air dans la construction. Excellente adh\u00e9rence et performances fiables \u00e0 basse temp\u00e9rature.","robots":{"index":"index","follow":"follow","max-snippet":"max-snippet:-1","max-image-preview":"max-image-preview:large","max-video-preview":"max-video-preview:-1"},"canonical":"https:\/\/eurobands.com\/fr\/produit\/ruban-disolation-hvac-interieur-08008\/","og_locale":"fr_FR","og_type":"article","og_title":"Indoor HVAC insultation tape - 08008 - Eurobands","og_description":"Indoor HVAC insulation tape for sealing pipes and airtight ducting in construction. Excellent adhesion, and reliable performance at low temperatures.","og_url":"https:\/\/eurobands.com\/fr\/produit\/ruban-disolation-hvac-interieur-08008\/","og_site_name":"Eurobands","article_modified_time":"2025-01-30T14:41:37+00:00","og_image":[{"width":1024,"height":1024,"url":"https:\/\/eurobands.com\/wp-content\/uploads\/2024\/10\/08008-1024x1024.png","type":"image\/png"}],"twitter_card":"summary_large_image","twitter_misc":{"Dur\u00e9e de lecture est.":"1 minute"},"schema":{"@context":"https:\/\/schema.org","@graph":[{"@type":"WebPage","@id":"https:\/\/eurobands.com\/product\/indoor-hvac-insultation-tape-08008\/","url":"https:\/\/eurobands.com\/product\/indoor-hvac-insultation-tape-08008\/","name":"Ruban d'isolation HVAC int\u00e9rieur - 08008 - Eurobands","isPartOf":{"@id":"https:\/\/eurobands.com\/#website"},"primaryImageOfPage":{"@id":"https:\/\/eurobands.com\/product\/indoor-hvac-insultation-tape-08008\/#primaryimage"},"image":{"@id":"https:\/\/eurobands.com\/product\/indoor-hvac-insultation-tape-08008\/#primaryimage"},"thumbnailUrl":"https:\/\/eurobands.com\/wp-content\/uploads\/2024\/10\/08008.png","datePublished":"2024-10-25T11:41:41+00:00","dateModified":"2025-01-30T14:41:37+00:00","description":"Ruban isolant pour le chauffage, la ventilation et la climatisation \u00e0 l'int\u00e9rieur, destin\u00e9 \u00e0 sceller les tuyaux et les conduites \u00e9tanches \u00e0 l'air dans la construction. Excellente adh\u00e9rence et performances fiables \u00e0 basse temp\u00e9rature.","breadcrumb":{"@id":"https:\/\/eurobands.com\/product\/indoor-hvac-insultation-tape-08008\/#breadcrumb"},"inLanguage":"fr-BE","potentialAction":[{"@type":"ReadAction","target":["https:\/\/eurobands.com\/product\/indoor-hvac-insultation-tape-08008\/"]}]},{"@type":"ImageObject","inLanguage":"fr-BE","@id":"https:\/\/eurobands.com\/product\/indoor-hvac-insultation-tape-08008\/#primaryimage","url":"https:\/\/eurobands.com\/wp-content\/uploads\/2024\/10\/08008.png","contentUrl":"https:\/\/eurobands.com\/wp-content\/uploads\/2024\/10\/08008.png","width":400,"height":400,"caption":"Sealing and insulation tape for piping and airtight ducting in HVAC, high tack and strong adhesion, effective even at low temperatures."},{"@type":"BreadcrumbList","@id":"https:\/\/eurobands.com\/product\/indoor-hvac-insultation-tape-08008\/#breadcrumb","itemListElement":[{"@type":"ListItem","position":1,"name":"Home","item":"https:\/\/eurobands.com\/"},{"@type":"ListItem","position":2,"name":"Shop","item":"https:\/\/eurobands.com\/shop\/"},{"@type":"ListItem","position":3,"name":"Indoor HVAC insultation tape &#8211; 08008"}]},{"@type":"WebSite","@id":"https:\/\/eurobands.com\/#website","url":"https:\/\/eurobands.com\/","name":"Eurobands","description":"","publisher":{"@id":"https:\/\/eurobands.com\/#organization"},"potentialAction":[{"@type":"SearchAction","target":{"@type":"EntryPoint","urlTemplate":"https:\/\/eurobands.com\/?s={search_term_string}"},"query-input":{"@type":"PropertyValueSpecification","valueRequired":true,"valueName":"search_term_string"}}],"inLanguage":"fr-BE"},{"@type":"Organization","@id":"https:\/\/eurobands.com\/#organization","name":"Eurobands","url":"https:\/\/eurobands.com\/","logo":{"@type":"ImageObject","inLanguage":"fr-BE","@id":"https:\/\/eurobands.com\/#\/schema\/logo\/image\/","url":"https:\/\/eurobands.com\/wp-content\/uploads\/2024\/03\/EUROBANDS-LOGO_RGB.png","contentUrl":"https:\/\/eurobands.com\/wp-content\/uploads\/2024\/03\/EUROBANDS-LOGO_RGB.png","width":12098,"height":3014,"caption":"Eurobands"},"image":{"@id":"https:\/\/eurobands.com\/#\/schema\/logo\/image\/"}}]}},"_links":{"self":[{"href":"https:\/\/eurobands.com\/fr\/wp-json\/wp\/v2\/product\/949","targetHints":{"allow":["GET"]}}],"collection":[{"href":"https:\/\/eurobands.com\/fr\/wp-json\/wp\/v2\/product"}],"about":[{"href":"https:\/\/eurobands.com\/fr\/wp-json\/wp\/v2\/types\/product"}],"replies":[{"embeddable":true,"href":"https:\/\/eurobands.com\/fr\/wp-json\/wp\/v2\/comments?post=949"}],"wp:featuredmedia":[{"embeddable":true,"href":"https:\/\/eurobands.com\/fr\/wp-json\/wp\/v2\/media\/994"}],"wp:attachment":[{"href":"https:\/\/eurobands.com\/fr\/wp-json\/wp\/v2\/media?parent=949"}],"wp:term":[{"taxonomy":"product_cat","embeddable":true,"href":"https:\/\/eurobands.com\/fr\/wp-json\/wp\/v2\/product_cat?post=949"},{"taxonomy":"product_tag","embeddable":true,"href":"https:\/\/eurobands.com\/fr\/wp-json\/wp\/v2\/product_tag?post=949"}],"curies":[{"name":"wp","href":"https:\/\/api.w.org\/{rel}","templated":true}]}}