{"id":939,"date":"2024-10-25T11:41:41","date_gmt":"2024-10-25T11:41:41","guid":{"rendered":"https:\/\/eurobands.com\/?post_type=product&#038;p=939"},"modified":"2025-01-30T14:49:50","modified_gmt":"2025-01-30T14:49:50","slug":"ruban-disolation-haute-temperature-01452","status":"publish","type":"product","link":"https:\/\/eurobands.com\/fr\/product\/high-temperature-insulation-tape-01452\/","title":{"rendered":"Ruban isolant haute temp\u00e9rature - 01452"},"content":{"rendered":"<p>Ruban d'isolation haute temp\u00e9rature et de d\u00e9flexion thermique<br \/>\nR\u00e9sistance \u00e0 la temp\u00e9rature : -20\u00b0C \u00e0 +155\u00b0C. Court terme : 200\u00b0C (1 heure)<br \/>\nBonne adh\u00e9rence au pelage, r\u00e9sistance m\u00e9canique et r\u00e9sistance aux tr\u00e8s hautes temp\u00e9ratures<br \/>\nBonne r\u00e9sistance au vieillissement et \u00e0 l'humidit\u00e9<br \/>\nD\u00e9chirable \u00e0 la main et \u00e9tanche \u00e0 la vapeur<\/p>","protected":false},"excerpt":{"rendered":"<p>High temperature insulation and heat deflection tape Temperature resistance: -20\u00b0c to +155\u00b0C. Short term: 200\u00b0C (1 hour) Good peel adhesion, mechanical resistance &amp; very high temperature resistance Good ageing resistance &amp; moisture resistant Hand tearable &amp; vapor tight<\/p>","protected":false},"featured_media":989,"comment_status":"open","ping_status":"closed","template":"","meta":[],"product_cat":[28],"product_tag":[],"class_list":{"0":"post-939","1":"product","2":"type-product","3":"status-publish","4":"has-post-thumbnail","6":"product_cat-sealing","8":"first","9":"instock","10":"shipping-taxable","11":"product-type-simple"},"yoast_head":"<!-- This site is optimized with the Yoast SEO plugin v26.1.1 - https:\/\/yoast.com\/wordpress\/plugins\/seo\/ -->\n<title>High-Temperature insulation tape - 01452 - Eurobands<\/title>\n<meta name=\"description\" content=\"High-temperature insulation tape for heat deflection. Resists -20\u00b0C to 155\u00b0C, short-term 200\u00b0C. Strong adhesion, durable, moisture-resistant, hand-tearable, and vapor tight.\" \/>\n<meta name=\"robots\" content=\"index, follow, max-snippet:-1, max-image-preview:large, max-video-preview:-1\" \/>\n<link rel=\"canonical\" href=\"https:\/\/eurobands.com\/fr\/produit\/ruban-disolation-haute-temperature-01452\/\" \/>\n<meta property=\"og:locale\" content=\"fr_FR\" \/>\n<meta property=\"og:type\" content=\"article\" \/>\n<meta property=\"og:title\" content=\"High-Temperature insulation tape - 01452 - Eurobands\" \/>\n<meta property=\"og:description\" content=\"High-temperature insulation tape for heat deflection. Resists -20\u00b0C to 155\u00b0C, short-term 200\u00b0C. Strong adhesion, durable, moisture-resistant, hand-tearable, and vapor tight.\" \/>\n<meta property=\"og:url\" content=\"https:\/\/eurobands.com\/fr\/produit\/ruban-disolation-haute-temperature-01452\/\" \/>\n<meta property=\"og:site_name\" content=\"Eurobands\" \/>\n<meta property=\"article:modified_time\" content=\"2025-01-30T14:49:50+00:00\" \/>\n<meta property=\"og:image\" content=\"https:\/\/eurobands.com\/wp-content\/uploads\/2024\/10\/01452-1024x1024.png\" \/>\n\t<meta property=\"og:image:width\" content=\"1024\" \/>\n\t<meta property=\"og:image:height\" content=\"1024\" \/>\n\t<meta property=\"og:image:type\" content=\"image\/png\" \/>\n<meta name=\"twitter:card\" content=\"summary_large_image\" \/>\n<meta name=\"twitter:label1\" content=\"Dur\u00e9e de lecture est.\" \/>\n\t<meta name=\"twitter:data1\" content=\"1 minute\" \/>\n<script type=\"application\/ld+json\" class=\"yoast-schema-graph\">{\"@context\":\"https:\/\/schema.org\",\"@graph\":[{\"@type\":\"WebPage\",\"@id\":\"https:\/\/eurobands.com\/product\/high-temperature-insulation-tape-01452\/\",\"url\":\"https:\/\/eurobands.com\/product\/high-temperature-insulation-tape-01452\/\",\"name\":\"High-Temperature insulation tape - 01452 - Eurobands\",\"isPartOf\":{\"@id\":\"https:\/\/eurobands.com\/#website\"},\"primaryImageOfPage\":{\"@id\":\"https:\/\/eurobands.com\/product\/high-temperature-insulation-tape-01452\/#primaryimage\"},\"image\":{\"@id\":\"https:\/\/eurobands.com\/product\/high-temperature-insulation-tape-01452\/#primaryimage\"},\"thumbnailUrl\":\"https:\/\/eurobands.com\/wp-content\/uploads\/2024\/10\/01452.png\",\"datePublished\":\"2024-10-25T11:41:41+00:00\",\"dateModified\":\"2025-01-30T14:49:50+00:00\",\"description\":\"High-temperature insulation tape for heat deflection. Resists -20\u00b0C to 155\u00b0C, short-term 200\u00b0C. Strong adhesion, durable, moisture-resistant, hand-tearable, and vapor tight.\",\"breadcrumb\":{\"@id\":\"https:\/\/eurobands.com\/product\/high-temperature-insulation-tape-01452\/#breadcrumb\"},\"inLanguage\":\"fr-BE\",\"potentialAction\":[{\"@type\":\"ReadAction\",\"target\":[\"https:\/\/eurobands.com\/product\/high-temperature-insulation-tape-01452\/\"]}]},{\"@type\":\"ImageObject\",\"inLanguage\":\"fr-BE\",\"@id\":\"https:\/\/eurobands.com\/product\/high-temperature-insulation-tape-01452\/#primaryimage\",\"url\":\"https:\/\/eurobands.com\/wp-content\/uploads\/2024\/10\/01452.png\",\"contentUrl\":\"https:\/\/eurobands.com\/wp-content\/uploads\/2024\/10\/01452.png\",\"width\":400,\"height\":400,\"caption\":\"High-temperature insulation tape, resistant from -20\u00b0C to +155\u00b0C (200\u00b0C short-term), strong adhesion, moisture resistant and vapor-tight.\"},{\"@type\":\"BreadcrumbList\",\"@id\":\"https:\/\/eurobands.com\/product\/high-temperature-insulation-tape-01452\/#breadcrumb\",\"itemListElement\":[{\"@type\":\"ListItem\",\"position\":1,\"name\":\"Home\",\"item\":\"https:\/\/eurobands.com\/\"},{\"@type\":\"ListItem\",\"position\":2,\"name\":\"Shop\",\"item\":\"https:\/\/eurobands.com\/shop\/\"},{\"@type\":\"ListItem\",\"position\":3,\"name\":\"High-Temperature insulation tape &#8211; 01452\"}]},{\"@type\":\"WebSite\",\"@id\":\"https:\/\/eurobands.com\/#website\",\"url\":\"https:\/\/eurobands.com\/\",\"name\":\"Eurobands\",\"description\":\"\",\"publisher\":{\"@id\":\"https:\/\/eurobands.com\/#organization\"},\"potentialAction\":[{\"@type\":\"SearchAction\",\"target\":{\"@type\":\"EntryPoint\",\"urlTemplate\":\"https:\/\/eurobands.com\/?s={search_term_string}\"},\"query-input\":{\"@type\":\"PropertyValueSpecification\",\"valueRequired\":true,\"valueName\":\"search_term_string\"}}],\"inLanguage\":\"fr-BE\"},{\"@type\":\"Organization\",\"@id\":\"https:\/\/eurobands.com\/#organization\",\"name\":\"Eurobands\",\"url\":\"https:\/\/eurobands.com\/\",\"logo\":{\"@type\":\"ImageObject\",\"inLanguage\":\"fr-BE\",\"@id\":\"https:\/\/eurobands.com\/#\/schema\/logo\/image\/\",\"url\":\"https:\/\/eurobands.com\/wp-content\/uploads\/2024\/03\/EUROBANDS-LOGO_RGB.png\",\"contentUrl\":\"https:\/\/eurobands.com\/wp-content\/uploads\/2024\/03\/EUROBANDS-LOGO_RGB.png\",\"width\":12098,\"height\":3014,\"caption\":\"Eurobands\"},\"image\":{\"@id\":\"https:\/\/eurobands.com\/#\/schema\/logo\/image\/\"}}]}<\/script>\n<!-- \/ Yoast SEO plugin. -->","yoast_head_json":{"title":"Ruban isolant haute temp\u00e9rature - 01452 - Eurobands","description":"Ruban isolant haute temp\u00e9rature pour la d\u00e9viation de la chaleur. R\u00e9siste de -20\u00b0C \u00e0 155\u00b0C, 200\u00b0C \u00e0 court terme. Forte adh\u00e9rence, durable, r\u00e9sistant \u00e0 l'humidit\u00e9, d\u00e9chirable \u00e0 la main et \u00e9tanche \u00e0 la vapeur.","robots":{"index":"index","follow":"follow","max-snippet":"max-snippet:-1","max-image-preview":"max-image-preview:large","max-video-preview":"max-video-preview:-1"},"canonical":"https:\/\/eurobands.com\/fr\/produit\/ruban-disolation-haute-temperature-01452\/","og_locale":"fr_FR","og_type":"article","og_title":"High-Temperature insulation tape - 01452 - Eurobands","og_description":"High-temperature insulation tape for heat deflection. Resists -20\u00b0C to 155\u00b0C, short-term 200\u00b0C. Strong adhesion, durable, moisture-resistant, hand-tearable, and vapor tight.","og_url":"https:\/\/eurobands.com\/fr\/produit\/ruban-disolation-haute-temperature-01452\/","og_site_name":"Eurobands","article_modified_time":"2025-01-30T14:49:50+00:00","og_image":[{"width":1024,"height":1024,"url":"https:\/\/eurobands.com\/wp-content\/uploads\/2024\/10\/01452-1024x1024.png","type":"image\/png"}],"twitter_card":"summary_large_image","twitter_misc":{"Dur\u00e9e de lecture est.":"1 minute"},"schema":{"@context":"https:\/\/schema.org","@graph":[{"@type":"WebPage","@id":"https:\/\/eurobands.com\/product\/high-temperature-insulation-tape-01452\/","url":"https:\/\/eurobands.com\/product\/high-temperature-insulation-tape-01452\/","name":"Ruban isolant haute temp\u00e9rature - 01452 - Eurobands","isPartOf":{"@id":"https:\/\/eurobands.com\/#website"},"primaryImageOfPage":{"@id":"https:\/\/eurobands.com\/product\/high-temperature-insulation-tape-01452\/#primaryimage"},"image":{"@id":"https:\/\/eurobands.com\/product\/high-temperature-insulation-tape-01452\/#primaryimage"},"thumbnailUrl":"https:\/\/eurobands.com\/wp-content\/uploads\/2024\/10\/01452.png","datePublished":"2024-10-25T11:41:41+00:00","dateModified":"2025-01-30T14:49:50+00:00","description":"Ruban isolant haute temp\u00e9rature pour la d\u00e9viation de la chaleur. R\u00e9siste de -20\u00b0C \u00e0 155\u00b0C, 200\u00b0C \u00e0 court terme. Forte adh\u00e9rence, durable, r\u00e9sistant \u00e0 l'humidit\u00e9, d\u00e9chirable \u00e0 la main et \u00e9tanche \u00e0 la vapeur.","breadcrumb":{"@id":"https:\/\/eurobands.com\/product\/high-temperature-insulation-tape-01452\/#breadcrumb"},"inLanguage":"fr-BE","potentialAction":[{"@type":"ReadAction","target":["https:\/\/eurobands.com\/product\/high-temperature-insulation-tape-01452\/"]}]},{"@type":"ImageObject","inLanguage":"fr-BE","@id":"https:\/\/eurobands.com\/product\/high-temperature-insulation-tape-01452\/#primaryimage","url":"https:\/\/eurobands.com\/wp-content\/uploads\/2024\/10\/01452.png","contentUrl":"https:\/\/eurobands.com\/wp-content\/uploads\/2024\/10\/01452.png","width":400,"height":400,"caption":"High-temperature insulation tape, resistant from -20\u00b0C to +155\u00b0C (200\u00b0C short-term), strong adhesion, moisture resistant and vapor-tight."},{"@type":"BreadcrumbList","@id":"https:\/\/eurobands.com\/product\/high-temperature-insulation-tape-01452\/#breadcrumb","itemListElement":[{"@type":"ListItem","position":1,"name":"Home","item":"https:\/\/eurobands.com\/"},{"@type":"ListItem","position":2,"name":"Shop","item":"https:\/\/eurobands.com\/shop\/"},{"@type":"ListItem","position":3,"name":"High-Temperature insulation tape &#8211; 01452"}]},{"@type":"WebSite","@id":"https:\/\/eurobands.com\/#website","url":"https:\/\/eurobands.com\/","name":"Eurobands","description":"","publisher":{"@id":"https:\/\/eurobands.com\/#organization"},"potentialAction":[{"@type":"SearchAction","target":{"@type":"EntryPoint","urlTemplate":"https:\/\/eurobands.com\/?s={search_term_string}"},"query-input":{"@type":"PropertyValueSpecification","valueRequired":true,"valueName":"search_term_string"}}],"inLanguage":"fr-BE"},{"@type":"Organization","@id":"https:\/\/eurobands.com\/#organization","name":"Eurobands","url":"https:\/\/eurobands.com\/","logo":{"@type":"ImageObject","inLanguage":"fr-BE","@id":"https:\/\/eurobands.com\/#\/schema\/logo\/image\/","url":"https:\/\/eurobands.com\/wp-content\/uploads\/2024\/03\/EUROBANDS-LOGO_RGB.png","contentUrl":"https:\/\/eurobands.com\/wp-content\/uploads\/2024\/03\/EUROBANDS-LOGO_RGB.png","width":12098,"height":3014,"caption":"Eurobands"},"image":{"@id":"https:\/\/eurobands.com\/#\/schema\/logo\/image\/"}}]}},"_links":{"self":[{"href":"https:\/\/eurobands.com\/fr\/wp-json\/wp\/v2\/product\/939","targetHints":{"allow":["GET"]}}],"collection":[{"href":"https:\/\/eurobands.com\/fr\/wp-json\/wp\/v2\/product"}],"about":[{"href":"https:\/\/eurobands.com\/fr\/wp-json\/wp\/v2\/types\/product"}],"replies":[{"embeddable":true,"href":"https:\/\/eurobands.com\/fr\/wp-json\/wp\/v2\/comments?post=939"}],"wp:featuredmedia":[{"embeddable":true,"href":"https:\/\/eurobands.com\/fr\/wp-json\/wp\/v2\/media\/989"}],"wp:attachment":[{"href":"https:\/\/eurobands.com\/fr\/wp-json\/wp\/v2\/media?parent=939"}],"wp:term":[{"taxonomy":"product_cat","embeddable":true,"href":"https:\/\/eurobands.com\/fr\/wp-json\/wp\/v2\/product_cat?post=939"},{"taxonomy":"product_tag","embeddable":true,"href":"https:\/\/eurobands.com\/fr\/wp-json\/wp\/v2\/product_tag?post=939"}],"curies":[{"name":"wp","href":"https:\/\/api.w.org\/{rel}","templated":true}]}}