{"id":938,"date":"2024-10-25T11:41:41","date_gmt":"2024-10-25T11:41:41","guid":{"rendered":"https:\/\/eurobands.com\/?post_type=product&#038;p=938"},"modified":"2025-01-30T14:40:34","modified_gmt":"2025-01-30T14:40:34","slug":"ruban-dassemblage-0-090mm-01451","status":"publish","type":"product","link":"https:\/\/eurobands.com\/fr\/product\/joining-tape-01451\/","title":{"rendered":"Bande de jonction - 0.090mm - 01451"},"content":{"rendered":"<p>Ruban d'assemblage d'une \u00e9paisseur de 0,090 mm pour l'isolation des panneaux dans le secteur du b\u00e2timent. Assemblage de tuyaux en aluminium dans le secteur de la climatisation et de la ventilation.<br \/>\nBonne adh\u00e9rence au pelage, excellente r\u00e9sistance aux hautes et basses temp\u00e9ratures<br \/>\nBonne r\u00e9sistance au vieillissement, r\u00e9sistant \u00e0 l'humidit\u00e9<br \/>\nBonne r\u00e9sistance chimique et \u00e9tanch\u00e9it\u00e9 \u00e0 la vapeur<\/p>","protected":false},"excerpt":{"rendered":"<p>Ruban d'assemblage d'une \u00e9paisseur de 0,090 mm pour l'isolation des panneaux dans le secteur du b\u00e2timent. Raccordement de tuyaux en aluminium dans le secteur de la climatisation et de la ventilation. Bonne adh\u00e9rence au pelage, excellente r\u00e9sistance aux hautes et basses temp\u00e9ratures Bonne r\u00e9sistance au vieillissement, r\u00e9sistant \u00e0 l'humidit\u00e9 Bonne r\u00e9sistance aux produits chimiques et \u00e9tanche \u00e0 la vapeur<\/p>","protected":false},"featured_media":986,"comment_status":"open","ping_status":"closed","template":"","meta":[],"product_cat":[28],"product_tag":[],"class_list":{"0":"post-938","1":"product","2":"type-product","3":"status-publish","4":"has-post-thumbnail","6":"product_cat-sealing","8":"first","9":"instock","10":"shipping-taxable","11":"product-type-simple"},"yoast_head":"<!-- This site is optimized with the Yoast SEO plugin v26.1.1 - https:\/\/yoast.com\/wordpress\/plugins\/seo\/ -->\n<title>Joining tape - 0.090mm - 01451 - Eurobands<\/title>\n<meta name=\"description\" content=\"0.090mm joining tape for panel insulation and aluminum pipes in HVAC. Offers strong adhesion, temperature resistance, and vapor tightness.\" \/>\n<meta name=\"robots\" content=\"index, follow, max-snippet:-1, max-image-preview:large, max-video-preview:-1\" \/>\n<link rel=\"canonical\" href=\"https:\/\/eurobands.com\/fr\/produit\/ruban-dassemblage-0-090mm-01451\/\" \/>\n<meta property=\"og:locale\" content=\"fr_FR\" \/>\n<meta property=\"og:type\" content=\"article\" \/>\n<meta property=\"og:title\" content=\"Joining tape - 0.090mm - 01451 - Eurobands\" \/>\n<meta property=\"og:description\" content=\"0.090mm joining tape for panel insulation and aluminum pipes in HVAC. Offers strong adhesion, temperature resistance, and vapor tightness.\" \/>\n<meta property=\"og:url\" content=\"https:\/\/eurobands.com\/fr\/produit\/ruban-dassemblage-0-090mm-01451\/\" \/>\n<meta property=\"og:site_name\" content=\"Eurobands\" \/>\n<meta property=\"article:modified_time\" content=\"2025-01-30T14:40:34+00:00\" \/>\n<meta property=\"og:image\" content=\"https:\/\/eurobands.com\/wp-content\/uploads\/2024\/10\/01451-1024x1024.png\" \/>\n\t<meta property=\"og:image:width\" content=\"1024\" \/>\n\t<meta property=\"og:image:height\" content=\"1024\" \/>\n\t<meta property=\"og:image:type\" content=\"image\/png\" \/>\n<meta name=\"twitter:card\" content=\"summary_large_image\" \/>\n<meta name=\"twitter:label1\" content=\"Dur\u00e9e de lecture est.\" \/>\n\t<meta name=\"twitter:data1\" content=\"1 minute\" \/>\n<script type=\"application\/ld+json\" class=\"yoast-schema-graph\">{\"@context\":\"https:\/\/schema.org\",\"@graph\":[{\"@type\":\"WebPage\",\"@id\":\"https:\/\/eurobands.com\/product\/joining-tape-01451\/\",\"url\":\"https:\/\/eurobands.com\/product\/joining-tape-01451\/\",\"name\":\"Joining tape - 0.090mm - 01451 - Eurobands\",\"isPartOf\":{\"@id\":\"https:\/\/eurobands.com\/#website\"},\"primaryImageOfPage\":{\"@id\":\"https:\/\/eurobands.com\/product\/joining-tape-01451\/#primaryimage\"},\"image\":{\"@id\":\"https:\/\/eurobands.com\/product\/joining-tape-01451\/#primaryimage\"},\"thumbnailUrl\":\"https:\/\/eurobands.com\/wp-content\/uploads\/2024\/10\/01451.png\",\"datePublished\":\"2024-10-25T11:41:41+00:00\",\"dateModified\":\"2025-01-30T14:40:34+00:00\",\"description\":\"0.090mm joining tape for panel insulation and aluminum pipes in HVAC. Offers strong adhesion, temperature resistance, and vapor tightness.\",\"breadcrumb\":{\"@id\":\"https:\/\/eurobands.com\/product\/joining-tape-01451\/#breadcrumb\"},\"inLanguage\":\"fr-BE\",\"potentialAction\":[{\"@type\":\"ReadAction\",\"target\":[\"https:\/\/eurobands.com\/product\/joining-tape-01451\/\"]}]},{\"@type\":\"ImageObject\",\"inLanguage\":\"fr-BE\",\"@id\":\"https:\/\/eurobands.com\/product\/joining-tape-01451\/#primaryimage\",\"url\":\"https:\/\/eurobands.com\/wp-content\/uploads\/2024\/10\/01451.png\",\"contentUrl\":\"https:\/\/eurobands.com\/wp-content\/uploads\/2024\/10\/01451.png\",\"width\":400,\"height\":400,\"caption\":\"Joining tape for insulation panels and aluminum HVAC pipes, vapor-tight, strong adhesion, resistant to temperature, moisture and chemicals.\"},{\"@type\":\"BreadcrumbList\",\"@id\":\"https:\/\/eurobands.com\/product\/joining-tape-01451\/#breadcrumb\",\"itemListElement\":[{\"@type\":\"ListItem\",\"position\":1,\"name\":\"Home\",\"item\":\"https:\/\/eurobands.com\/\"},{\"@type\":\"ListItem\",\"position\":2,\"name\":\"Shop\",\"item\":\"https:\/\/eurobands.com\/shop\/\"},{\"@type\":\"ListItem\",\"position\":3,\"name\":\"Joining tape &#8211; 0.090mm &#8211; 01451\"}]},{\"@type\":\"WebSite\",\"@id\":\"https:\/\/eurobands.com\/#website\",\"url\":\"https:\/\/eurobands.com\/\",\"name\":\"Eurobands\",\"description\":\"\",\"publisher\":{\"@id\":\"https:\/\/eurobands.com\/#organization\"},\"potentialAction\":[{\"@type\":\"SearchAction\",\"target\":{\"@type\":\"EntryPoint\",\"urlTemplate\":\"https:\/\/eurobands.com\/?s={search_term_string}\"},\"query-input\":{\"@type\":\"PropertyValueSpecification\",\"valueRequired\":true,\"valueName\":\"search_term_string\"}}],\"inLanguage\":\"fr-BE\"},{\"@type\":\"Organization\",\"@id\":\"https:\/\/eurobands.com\/#organization\",\"name\":\"Eurobands\",\"url\":\"https:\/\/eurobands.com\/\",\"logo\":{\"@type\":\"ImageObject\",\"inLanguage\":\"fr-BE\",\"@id\":\"https:\/\/eurobands.com\/#\/schema\/logo\/image\/\",\"url\":\"https:\/\/eurobands.com\/wp-content\/uploads\/2024\/03\/EUROBANDS-LOGO_RGB.png\",\"contentUrl\":\"https:\/\/eurobands.com\/wp-content\/uploads\/2024\/03\/EUROBANDS-LOGO_RGB.png\",\"width\":12098,\"height\":3014,\"caption\":\"Eurobands\"},\"image\":{\"@id\":\"https:\/\/eurobands.com\/#\/schema\/logo\/image\/\"}}]}<\/script>\n<!-- \/ Yoast SEO plugin. -->","yoast_head_json":{"title":"Bande d'assemblage - 0.090mm - 01451 - Eurobands","description":"Ruban de jonction de 0,090 mm pour l'isolation des panneaux et les tuyaux en aluminium dans le domaine du chauffage, de la ventilation et de la climatisation. Offre une forte adh\u00e9rence, une r\u00e9sistance \u00e0 la temp\u00e9rature et une \u00e9tanch\u00e9it\u00e9 \u00e0 la vapeur.","robots":{"index":"index","follow":"follow","max-snippet":"max-snippet:-1","max-image-preview":"max-image-preview:large","max-video-preview":"max-video-preview:-1"},"canonical":"https:\/\/eurobands.com\/fr\/produit\/ruban-dassemblage-0-090mm-01451\/","og_locale":"fr_FR","og_type":"article","og_title":"Joining tape - 0.090mm - 01451 - Eurobands","og_description":"0.090mm joining tape for panel insulation and aluminum pipes in HVAC. Offers strong adhesion, temperature resistance, and vapor tightness.","og_url":"https:\/\/eurobands.com\/fr\/produit\/ruban-dassemblage-0-090mm-01451\/","og_site_name":"Eurobands","article_modified_time":"2025-01-30T14:40:34+00:00","og_image":[{"width":1024,"height":1024,"url":"https:\/\/eurobands.com\/wp-content\/uploads\/2024\/10\/01451-1024x1024.png","type":"image\/png"}],"twitter_card":"summary_large_image","twitter_misc":{"Dur\u00e9e de lecture est.":"1 minute"},"schema":{"@context":"https:\/\/schema.org","@graph":[{"@type":"WebPage","@id":"https:\/\/eurobands.com\/product\/joining-tape-01451\/","url":"https:\/\/eurobands.com\/product\/joining-tape-01451\/","name":"Bande d'assemblage - 0.090mm - 01451 - Eurobands","isPartOf":{"@id":"https:\/\/eurobands.com\/#website"},"primaryImageOfPage":{"@id":"https:\/\/eurobands.com\/product\/joining-tape-01451\/#primaryimage"},"image":{"@id":"https:\/\/eurobands.com\/product\/joining-tape-01451\/#primaryimage"},"thumbnailUrl":"https:\/\/eurobands.com\/wp-content\/uploads\/2024\/10\/01451.png","datePublished":"2024-10-25T11:41:41+00:00","dateModified":"2025-01-30T14:40:34+00:00","description":"Ruban de jonction de 0,090 mm pour l'isolation des panneaux et les tuyaux en aluminium dans le domaine du chauffage, de la ventilation et de la climatisation. Offre une forte adh\u00e9rence, une r\u00e9sistance \u00e0 la temp\u00e9rature et une \u00e9tanch\u00e9it\u00e9 \u00e0 la vapeur.","breadcrumb":{"@id":"https:\/\/eurobands.com\/product\/joining-tape-01451\/#breadcrumb"},"inLanguage":"fr-BE","potentialAction":[{"@type":"ReadAction","target":["https:\/\/eurobands.com\/product\/joining-tape-01451\/"]}]},{"@type":"ImageObject","inLanguage":"fr-BE","@id":"https:\/\/eurobands.com\/product\/joining-tape-01451\/#primaryimage","url":"https:\/\/eurobands.com\/wp-content\/uploads\/2024\/10\/01451.png","contentUrl":"https:\/\/eurobands.com\/wp-content\/uploads\/2024\/10\/01451.png","width":400,"height":400,"caption":"Joining tape for insulation panels and aluminum HVAC pipes, vapor-tight, strong adhesion, resistant to temperature, moisture and chemicals."},{"@type":"BreadcrumbList","@id":"https:\/\/eurobands.com\/product\/joining-tape-01451\/#breadcrumb","itemListElement":[{"@type":"ListItem","position":1,"name":"Home","item":"https:\/\/eurobands.com\/"},{"@type":"ListItem","position":2,"name":"Shop","item":"https:\/\/eurobands.com\/shop\/"},{"@type":"ListItem","position":3,"name":"Joining tape &#8211; 0.090mm &#8211; 01451"}]},{"@type":"WebSite","@id":"https:\/\/eurobands.com\/#website","url":"https:\/\/eurobands.com\/","name":"Eurobands","description":"","publisher":{"@id":"https:\/\/eurobands.com\/#organization"},"potentialAction":[{"@type":"SearchAction","target":{"@type":"EntryPoint","urlTemplate":"https:\/\/eurobands.com\/?s={search_term_string}"},"query-input":{"@type":"PropertyValueSpecification","valueRequired":true,"valueName":"search_term_string"}}],"inLanguage":"fr-BE"},{"@type":"Organization","@id":"https:\/\/eurobands.com\/#organization","name":"Eurobands","url":"https:\/\/eurobands.com\/","logo":{"@type":"ImageObject","inLanguage":"fr-BE","@id":"https:\/\/eurobands.com\/#\/schema\/logo\/image\/","url":"https:\/\/eurobands.com\/wp-content\/uploads\/2024\/03\/EUROBANDS-LOGO_RGB.png","contentUrl":"https:\/\/eurobands.com\/wp-content\/uploads\/2024\/03\/EUROBANDS-LOGO_RGB.png","width":12098,"height":3014,"caption":"Eurobands"},"image":{"@id":"https:\/\/eurobands.com\/#\/schema\/logo\/image\/"}}]}},"_links":{"self":[{"href":"https:\/\/eurobands.com\/fr\/wp-json\/wp\/v2\/product\/938","targetHints":{"allow":["GET"]}}],"collection":[{"href":"https:\/\/eurobands.com\/fr\/wp-json\/wp\/v2\/product"}],"about":[{"href":"https:\/\/eurobands.com\/fr\/wp-json\/wp\/v2\/types\/product"}],"replies":[{"embeddable":true,"href":"https:\/\/eurobands.com\/fr\/wp-json\/wp\/v2\/comments?post=938"}],"wp:featuredmedia":[{"embeddable":true,"href":"https:\/\/eurobands.com\/fr\/wp-json\/wp\/v2\/media\/986"}],"wp:attachment":[{"href":"https:\/\/eurobands.com\/fr\/wp-json\/wp\/v2\/media?parent=938"}],"wp:term":[{"taxonomy":"product_cat","embeddable":true,"href":"https:\/\/eurobands.com\/fr\/wp-json\/wp\/v2\/product_cat?post=938"},{"taxonomy":"product_tag","embeddable":true,"href":"https:\/\/eurobands.com\/fr\/wp-json\/wp\/v2\/product_tag?post=938"}],"curies":[{"name":"wp","href":"https:\/\/api.w.org\/{rel}","templated":true}]}}