{"id":930,"date":"2024-10-25T11:41:42","date_gmt":"2024-10-25T11:41:42","guid":{"rendered":"https:\/\/eurobands.com\/?post_type=product&#038;p=930"},"modified":"2025-01-30T14:38:48","modified_gmt":"2025-01-30T14:38:48","slug":"ruban-daluminium-renforce-01482","status":"publish","type":"product","link":"https:\/\/eurobands.com\/fr\/product\/reinforced-aluminium-tape-01482\/","title":{"rendered":"Ruban d'aluminium renforc\u00e9 - 01482"},"content":{"rendered":"<p>Ruban d'aluminium renforc\u00e9 utilis\u00e9 comme syst\u00e8me de fermeture pour les syst\u00e8mes d'isolation en fibre de verre et en laine min\u00e9rale rev\u00eatus d'une feuille d'aluminium. La grille se plie avec le rev\u00eatement primaire et donne un aspect solide et fini.<br \/>\nBonne adh\u00e9rence au pelage Haute r\u00e9sistance \u00e0 la rupture<br \/>\nExcellente r\u00e9sistance aux hautes et basses temp\u00e9ratures<\/p>","protected":false},"excerpt":{"rendered":"<p>Ruban d'aluminium renforc\u00e9 utilis\u00e9 comme syst\u00e8me de fermeture pour les syst\u00e8mes d'isolation en fibre de verre et en laine min\u00e9rale rev\u00eatus d'une feuille d'aluminium. La grille se plie avec le parement primaire et donne un aspect solide et fini Bonne adh\u00e9rence au pelage Haute r\u00e9sistance \u00e0 la rupture Excellente r\u00e9sistance aux hautes et basses temp\u00e9ratures<\/p>","protected":false},"featured_media":969,"comment_status":"open","ping_status":"closed","template":"","meta":[],"product_cat":[28],"product_tag":[],"class_list":{"0":"post-930","1":"product","2":"type-product","3":"status-publish","4":"has-post-thumbnail","6":"product_cat-sealing","8":"first","9":"instock","10":"shipping-taxable","11":"product-type-simple"},"yoast_head":"<!-- This site is optimized with the Yoast SEO plugin v26.1.1 - https:\/\/yoast.com\/wordpress\/plugins\/seo\/ -->\n<title>Reinforced aluminium tape - 01482 - Eurobands<\/title>\n<meta name=\"description\" content=\"Reinforced aluminum tape for sealing foil-faced fiberglass and mineral wool insulation. Strong, durable, with excellent temperature and peel resistance.\" \/>\n<meta name=\"robots\" content=\"index, follow, max-snippet:-1, max-image-preview:large, max-video-preview:-1\" \/>\n<link rel=\"canonical\" href=\"https:\/\/eurobands.com\/fr\/produit\/ruban-daluminium-renforce-01482\/\" \/>\n<meta property=\"og:locale\" content=\"fr_FR\" \/>\n<meta property=\"og:type\" content=\"article\" \/>\n<meta property=\"og:title\" content=\"Reinforced aluminium tape - 01482 - Eurobands\" \/>\n<meta property=\"og:description\" content=\"Reinforced aluminum tape for sealing foil-faced fiberglass and mineral wool insulation. Strong, durable, with excellent temperature and peel resistance.\" \/>\n<meta property=\"og:url\" content=\"https:\/\/eurobands.com\/fr\/produit\/ruban-daluminium-renforce-01482\/\" \/>\n<meta property=\"og:site_name\" content=\"Eurobands\" \/>\n<meta property=\"article:modified_time\" content=\"2025-01-30T14:38:48+00:00\" \/>\n<meta property=\"og:image\" content=\"https:\/\/eurobands.com\/wp-content\/uploads\/2024\/10\/01482-1024x1024.png\" \/>\n\t<meta property=\"og:image:width\" content=\"1024\" \/>\n\t<meta property=\"og:image:height\" content=\"1024\" \/>\n\t<meta property=\"og:image:type\" content=\"image\/png\" \/>\n<meta name=\"twitter:card\" content=\"summary_large_image\" \/>\n<meta name=\"twitter:label1\" content=\"Dur\u00e9e de lecture est.\" \/>\n\t<meta name=\"twitter:data1\" content=\"1 minute\" \/>\n<script type=\"application\/ld+json\" class=\"yoast-schema-graph\">{\"@context\":\"https:\/\/schema.org\",\"@graph\":[{\"@type\":\"WebPage\",\"@id\":\"https:\/\/eurobands.com\/product\/reinforced-aluminium-tape-01482\/\",\"url\":\"https:\/\/eurobands.com\/product\/reinforced-aluminium-tape-01482\/\",\"name\":\"Reinforced aluminium tape - 01482 - Eurobands\",\"isPartOf\":{\"@id\":\"https:\/\/eurobands.com\/#website\"},\"primaryImageOfPage\":{\"@id\":\"https:\/\/eurobands.com\/product\/reinforced-aluminium-tape-01482\/#primaryimage\"},\"image\":{\"@id\":\"https:\/\/eurobands.com\/product\/reinforced-aluminium-tape-01482\/#primaryimage\"},\"thumbnailUrl\":\"https:\/\/eurobands.com\/wp-content\/uploads\/2024\/10\/01482.png\",\"datePublished\":\"2024-10-25T11:41:42+00:00\",\"dateModified\":\"2025-01-30T14:38:48+00:00\",\"description\":\"Reinforced aluminum tape for sealing foil-faced fiberglass and mineral wool insulation. Strong, durable, with excellent temperature and peel resistance.\",\"breadcrumb\":{\"@id\":\"https:\/\/eurobands.com\/product\/reinforced-aluminium-tape-01482\/#breadcrumb\"},\"inLanguage\":\"fr-BE\",\"potentialAction\":[{\"@type\":\"ReadAction\",\"target\":[\"https:\/\/eurobands.com\/product\/reinforced-aluminium-tape-01482\/\"]}]},{\"@type\":\"ImageObject\",\"inLanguage\":\"fr-BE\",\"@id\":\"https:\/\/eurobands.com\/product\/reinforced-aluminium-tape-01482\/#primaryimage\",\"url\":\"https:\/\/eurobands.com\/wp-content\/uploads\/2024\/10\/01482.png\",\"contentUrl\":\"https:\/\/eurobands.com\/wp-content\/uploads\/2024\/10\/01482.png\",\"width\":400,\"height\":400,\"caption\":\"Closure tape for fiberglass and mineral wool insulation with foil facing. Strong adhesion, tear-resistant, performs in hot and cold conditions.\"},{\"@type\":\"BreadcrumbList\",\"@id\":\"https:\/\/eurobands.com\/product\/reinforced-aluminium-tape-01482\/#breadcrumb\",\"itemListElement\":[{\"@type\":\"ListItem\",\"position\":1,\"name\":\"Home\",\"item\":\"https:\/\/eurobands.com\/\"},{\"@type\":\"ListItem\",\"position\":2,\"name\":\"Shop\",\"item\":\"https:\/\/eurobands.com\/shop\/\"},{\"@type\":\"ListItem\",\"position\":3,\"name\":\"Reinforced aluminium tape &#8211; 01482\"}]},{\"@type\":\"WebSite\",\"@id\":\"https:\/\/eurobands.com\/#website\",\"url\":\"https:\/\/eurobands.com\/\",\"name\":\"Eurobands\",\"description\":\"\",\"publisher\":{\"@id\":\"https:\/\/eurobands.com\/#organization\"},\"potentialAction\":[{\"@type\":\"SearchAction\",\"target\":{\"@type\":\"EntryPoint\",\"urlTemplate\":\"https:\/\/eurobands.com\/?s={search_term_string}\"},\"query-input\":{\"@type\":\"PropertyValueSpecification\",\"valueRequired\":true,\"valueName\":\"search_term_string\"}}],\"inLanguage\":\"fr-BE\"},{\"@type\":\"Organization\",\"@id\":\"https:\/\/eurobands.com\/#organization\",\"name\":\"Eurobands\",\"url\":\"https:\/\/eurobands.com\/\",\"logo\":{\"@type\":\"ImageObject\",\"inLanguage\":\"fr-BE\",\"@id\":\"https:\/\/eurobands.com\/#\/schema\/logo\/image\/\",\"url\":\"https:\/\/eurobands.com\/wp-content\/uploads\/2024\/03\/EUROBANDS-LOGO_RGB.png\",\"contentUrl\":\"https:\/\/eurobands.com\/wp-content\/uploads\/2024\/03\/EUROBANDS-LOGO_RGB.png\",\"width\":12098,\"height\":3014,\"caption\":\"Eurobands\"},\"image\":{\"@id\":\"https:\/\/eurobands.com\/#\/schema\/logo\/image\/\"}}]}<\/script>\n<!-- \/ Yoast SEO plugin. -->","yoast_head_json":{"title":"Ruban aluminium renforc\u00e9 - 01482 - Eurobands","description":"Ruban d'aluminium renforc\u00e9 pour sceller les isolants en fibre de verre et en laine min\u00e9rale rev\u00eatus d'une feuille d'aluminium. Solide, durable, avec une excellente r\u00e9sistance \u00e0 la temp\u00e9rature et au pelage.","robots":{"index":"index","follow":"follow","max-snippet":"max-snippet:-1","max-image-preview":"max-image-preview:large","max-video-preview":"max-video-preview:-1"},"canonical":"https:\/\/eurobands.com\/fr\/produit\/ruban-daluminium-renforce-01482\/","og_locale":"fr_FR","og_type":"article","og_title":"Reinforced aluminium tape - 01482 - Eurobands","og_description":"Reinforced aluminum tape for sealing foil-faced fiberglass and mineral wool insulation. Strong, durable, with excellent temperature and peel resistance.","og_url":"https:\/\/eurobands.com\/fr\/produit\/ruban-daluminium-renforce-01482\/","og_site_name":"Eurobands","article_modified_time":"2025-01-30T14:38:48+00:00","og_image":[{"width":1024,"height":1024,"url":"https:\/\/eurobands.com\/wp-content\/uploads\/2024\/10\/01482-1024x1024.png","type":"image\/png"}],"twitter_card":"summary_large_image","twitter_misc":{"Dur\u00e9e de lecture est.":"1 minute"},"schema":{"@context":"https:\/\/schema.org","@graph":[{"@type":"WebPage","@id":"https:\/\/eurobands.com\/product\/reinforced-aluminium-tape-01482\/","url":"https:\/\/eurobands.com\/product\/reinforced-aluminium-tape-01482\/","name":"Ruban aluminium renforc\u00e9 - 01482 - Eurobands","isPartOf":{"@id":"https:\/\/eurobands.com\/#website"},"primaryImageOfPage":{"@id":"https:\/\/eurobands.com\/product\/reinforced-aluminium-tape-01482\/#primaryimage"},"image":{"@id":"https:\/\/eurobands.com\/product\/reinforced-aluminium-tape-01482\/#primaryimage"},"thumbnailUrl":"https:\/\/eurobands.com\/wp-content\/uploads\/2024\/10\/01482.png","datePublished":"2024-10-25T11:41:42+00:00","dateModified":"2025-01-30T14:38:48+00:00","description":"Ruban d'aluminium renforc\u00e9 pour sceller les isolants en fibre de verre et en laine min\u00e9rale rev\u00eatus d'une feuille d'aluminium. Solide, durable, avec une excellente r\u00e9sistance \u00e0 la temp\u00e9rature et au pelage.","breadcrumb":{"@id":"https:\/\/eurobands.com\/product\/reinforced-aluminium-tape-01482\/#breadcrumb"},"inLanguage":"fr-BE","potentialAction":[{"@type":"ReadAction","target":["https:\/\/eurobands.com\/product\/reinforced-aluminium-tape-01482\/"]}]},{"@type":"ImageObject","inLanguage":"fr-BE","@id":"https:\/\/eurobands.com\/product\/reinforced-aluminium-tape-01482\/#primaryimage","url":"https:\/\/eurobands.com\/wp-content\/uploads\/2024\/10\/01482.png","contentUrl":"https:\/\/eurobands.com\/wp-content\/uploads\/2024\/10\/01482.png","width":400,"height":400,"caption":"Closure tape for fiberglass and mineral wool insulation with foil facing. Strong adhesion, tear-resistant, performs in hot and cold conditions."},{"@type":"BreadcrumbList","@id":"https:\/\/eurobands.com\/product\/reinforced-aluminium-tape-01482\/#breadcrumb","itemListElement":[{"@type":"ListItem","position":1,"name":"Home","item":"https:\/\/eurobands.com\/"},{"@type":"ListItem","position":2,"name":"Shop","item":"https:\/\/eurobands.com\/shop\/"},{"@type":"ListItem","position":3,"name":"Reinforced aluminium tape &#8211; 01482"}]},{"@type":"WebSite","@id":"https:\/\/eurobands.com\/#website","url":"https:\/\/eurobands.com\/","name":"Eurobands","description":"","publisher":{"@id":"https:\/\/eurobands.com\/#organization"},"potentialAction":[{"@type":"SearchAction","target":{"@type":"EntryPoint","urlTemplate":"https:\/\/eurobands.com\/?s={search_term_string}"},"query-input":{"@type":"PropertyValueSpecification","valueRequired":true,"valueName":"search_term_string"}}],"inLanguage":"fr-BE"},{"@type":"Organization","@id":"https:\/\/eurobands.com\/#organization","name":"Eurobands","url":"https:\/\/eurobands.com\/","logo":{"@type":"ImageObject","inLanguage":"fr-BE","@id":"https:\/\/eurobands.com\/#\/schema\/logo\/image\/","url":"https:\/\/eurobands.com\/wp-content\/uploads\/2024\/03\/EUROBANDS-LOGO_RGB.png","contentUrl":"https:\/\/eurobands.com\/wp-content\/uploads\/2024\/03\/EUROBANDS-LOGO_RGB.png","width":12098,"height":3014,"caption":"Eurobands"},"image":{"@id":"https:\/\/eurobands.com\/#\/schema\/logo\/image\/"}}]}},"_links":{"self":[{"href":"https:\/\/eurobands.com\/fr\/wp-json\/wp\/v2\/product\/930","targetHints":{"allow":["GET"]}}],"collection":[{"href":"https:\/\/eurobands.com\/fr\/wp-json\/wp\/v2\/product"}],"about":[{"href":"https:\/\/eurobands.com\/fr\/wp-json\/wp\/v2\/types\/product"}],"replies":[{"embeddable":true,"href":"https:\/\/eurobands.com\/fr\/wp-json\/wp\/v2\/comments?post=930"}],"wp:featuredmedia":[{"embeddable":true,"href":"https:\/\/eurobands.com\/fr\/wp-json\/wp\/v2\/media\/969"}],"wp:attachment":[{"href":"https:\/\/eurobands.com\/fr\/wp-json\/wp\/v2\/media?parent=930"}],"wp:term":[{"taxonomy":"product_cat","embeddable":true,"href":"https:\/\/eurobands.com\/fr\/wp-json\/wp\/v2\/product_cat?post=930"},{"taxonomy":"product_tag","embeddable":true,"href":"https:\/\/eurobands.com\/fr\/wp-json\/wp\/v2\/product_tag?post=930"}],"curies":[{"name":"wp","href":"https:\/\/api.w.org\/{rel}","templated":true}]}}