{"id":920,"date":"2024-10-25T11:41:56","date_gmt":"2024-10-25T11:41:56","guid":{"rendered":"https:\/\/eurobands.com\/?post_type=product&#038;p=920"},"modified":"2025-01-30T14:36:41","modified_gmt":"2025-01-30T14:36:41","slug":"ruban-de-masquage-pour-processus-de-finition-07405","status":"publish","type":"product","link":"https:\/\/eurobands.com\/fr\/product\/finishing-process-masking-tape-07405\/","title":{"rendered":"Ruban de masquage pour processus de finition - 07405"},"content":{"rendered":"<p>Ce ruban de masquage pour processus de finition pr\u00e9sente de bonnes performances pour le masquage de pi\u00e8ces de formes diverses \u00e0 haute temp\u00e9rature et ne laisse aucun r\u00e9sidu apr\u00e8s d\u00e9collement.<br \/>\nR\u00e9sistance jusqu'\u00e0 +240\u00b0C<br \/>\nApplicable au processus de finition, tel que le rev\u00eatement par poudre, l'anodisation, le rev\u00eatement \u00e9lectronique, l'\u00e9pissage photographique...<\/p>","protected":false},"excerpt":{"rendered":"<p>This finishing process masking tape has good performance in masking various shapes of parts in high temperature and no residue after peeling of Resistance up to +240\u00b0C Applicable for finishing process, such as powder coating, anodizing, e-coating, photo splicing\u2026<\/p>","protected":false},"featured_media":960,"comment_status":"open","ping_status":"closed","template":"","meta":[],"product_cat":[27],"product_tag":[],"class_list":{"0":"post-920","1":"product","2":"type-product","3":"status-publish","4":"has-post-thumbnail","6":"product_cat-masking","8":"first","9":"instock","10":"shipping-taxable","11":"product-type-simple"},"yoast_head":"<!-- This site is optimized with the Yoast SEO plugin v26.1.1 - https:\/\/yoast.com\/wordpress\/plugins\/seo\/ -->\n<title>Finishing process masking tape - 07405 - Eurobands<\/title>\n<meta name=\"description\" content=\"Finishing process masking tape performs well on various shapes at high temperatures up to 240\u00b0C. Ideal for powder coating, anodizing, and e-coating.\" \/>\n<meta name=\"robots\" content=\"index, follow, max-snippet:-1, max-image-preview:large, max-video-preview:-1\" \/>\n<link rel=\"canonical\" href=\"https:\/\/eurobands.com\/fr\/produit\/ruban-de-masquage-pour-processus-de-finition-07405\/\" \/>\n<meta property=\"og:locale\" content=\"fr_FR\" \/>\n<meta property=\"og:type\" content=\"article\" \/>\n<meta property=\"og:title\" content=\"Finishing process masking tape - 07405 - Eurobands\" \/>\n<meta property=\"og:description\" content=\"Finishing process masking tape performs well on various shapes at high temperatures up to 240\u00b0C. Ideal for powder coating, anodizing, and e-coating.\" \/>\n<meta property=\"og:url\" content=\"https:\/\/eurobands.com\/fr\/produit\/ruban-de-masquage-pour-processus-de-finition-07405\/\" \/>\n<meta property=\"og:site_name\" content=\"Eurobands\" \/>\n<meta property=\"article:modified_time\" content=\"2025-01-30T14:36:41+00:00\" \/>\n<meta property=\"og:image\" content=\"https:\/\/eurobands.com\/wp-content\/uploads\/2024\/10\/07405-1024x1024.png\" \/>\n\t<meta property=\"og:image:width\" content=\"1024\" \/>\n\t<meta property=\"og:image:height\" content=\"1024\" \/>\n\t<meta property=\"og:image:type\" content=\"image\/png\" \/>\n<meta name=\"twitter:card\" content=\"summary_large_image\" \/>\n<meta name=\"twitter:label1\" content=\"Dur\u00e9e de lecture est.\" \/>\n\t<meta name=\"twitter:data1\" content=\"1 minute\" \/>\n<script type=\"application\/ld+json\" class=\"yoast-schema-graph\">{\"@context\":\"https:\/\/schema.org\",\"@graph\":[{\"@type\":\"WebPage\",\"@id\":\"https:\/\/eurobands.com\/product\/finishing-process-masking-tape-07405\/\",\"url\":\"https:\/\/eurobands.com\/product\/finishing-process-masking-tape-07405\/\",\"name\":\"Finishing process masking tape - 07405 - Eurobands\",\"isPartOf\":{\"@id\":\"https:\/\/eurobands.com\/#website\"},\"primaryImageOfPage\":{\"@id\":\"https:\/\/eurobands.com\/product\/finishing-process-masking-tape-07405\/#primaryimage\"},\"image\":{\"@id\":\"https:\/\/eurobands.com\/product\/finishing-process-masking-tape-07405\/#primaryimage\"},\"thumbnailUrl\":\"https:\/\/eurobands.com\/wp-content\/uploads\/2024\/10\/07405.png\",\"datePublished\":\"2024-10-25T11:41:56+00:00\",\"dateModified\":\"2025-01-30T14:36:41+00:00\",\"description\":\"Finishing process masking tape performs well on various shapes at high temperatures up to 240\u00b0C. Ideal for powder coating, anodizing, and e-coating.\",\"breadcrumb\":{\"@id\":\"https:\/\/eurobands.com\/product\/finishing-process-masking-tape-07405\/#breadcrumb\"},\"inLanguage\":\"fr-BE\",\"potentialAction\":[{\"@type\":\"ReadAction\",\"target\":[\"https:\/\/eurobands.com\/product\/finishing-process-masking-tape-07405\/\"]}]},{\"@type\":\"ImageObject\",\"inLanguage\":\"fr-BE\",\"@id\":\"https:\/\/eurobands.com\/product\/finishing-process-masking-tape-07405\/#primaryimage\",\"url\":\"https:\/\/eurobands.com\/wp-content\/uploads\/2024\/10\/07405.png\",\"contentUrl\":\"https:\/\/eurobands.com\/wp-content\/uploads\/2024\/10\/07405.png\",\"width\":400,\"height\":400,\"caption\":\"High-temperature masking tape, resistant up to 240\u00b0C, ideal for powder coating, anodizing, e-coating and other finishing processes.\"},{\"@type\":\"BreadcrumbList\",\"@id\":\"https:\/\/eurobands.com\/product\/finishing-process-masking-tape-07405\/#breadcrumb\",\"itemListElement\":[{\"@type\":\"ListItem\",\"position\":1,\"name\":\"Home\",\"item\":\"https:\/\/eurobands.com\/\"},{\"@type\":\"ListItem\",\"position\":2,\"name\":\"Shop\",\"item\":\"https:\/\/eurobands.com\/shop\/\"},{\"@type\":\"ListItem\",\"position\":3,\"name\":\"Finishing process masking tape &#8211; 07405\"}]},{\"@type\":\"WebSite\",\"@id\":\"https:\/\/eurobands.com\/#website\",\"url\":\"https:\/\/eurobands.com\/\",\"name\":\"Eurobands\",\"description\":\"\",\"publisher\":{\"@id\":\"https:\/\/eurobands.com\/#organization\"},\"potentialAction\":[{\"@type\":\"SearchAction\",\"target\":{\"@type\":\"EntryPoint\",\"urlTemplate\":\"https:\/\/eurobands.com\/?s={search_term_string}\"},\"query-input\":{\"@type\":\"PropertyValueSpecification\",\"valueRequired\":true,\"valueName\":\"search_term_string\"}}],\"inLanguage\":\"fr-BE\"},{\"@type\":\"Organization\",\"@id\":\"https:\/\/eurobands.com\/#organization\",\"name\":\"Eurobands\",\"url\":\"https:\/\/eurobands.com\/\",\"logo\":{\"@type\":\"ImageObject\",\"inLanguage\":\"fr-BE\",\"@id\":\"https:\/\/eurobands.com\/#\/schema\/logo\/image\/\",\"url\":\"https:\/\/eurobands.com\/wp-content\/uploads\/2024\/03\/EUROBANDS-LOGO_RGB.png\",\"contentUrl\":\"https:\/\/eurobands.com\/wp-content\/uploads\/2024\/03\/EUROBANDS-LOGO_RGB.png\",\"width\":12098,\"height\":3014,\"caption\":\"Eurobands\"},\"image\":{\"@id\":\"https:\/\/eurobands.com\/#\/schema\/logo\/image\/\"}}]}<\/script>\n<!-- \/ Yoast SEO plugin. -->","yoast_head_json":{"title":"Ruban de masquage de finition - 07405 - Eurobands","description":"Le ruban de masquage de finition est performant sur diverses formes \u00e0 des temp\u00e9ratures \u00e9lev\u00e9es allant jusqu'\u00e0 240\u00b0C. Id\u00e9al pour le rev\u00eatement par poudre, l'anodisation et l'e-coating.","robots":{"index":"index","follow":"follow","max-snippet":"max-snippet:-1","max-image-preview":"max-image-preview:large","max-video-preview":"max-video-preview:-1"},"canonical":"https:\/\/eurobands.com\/fr\/produit\/ruban-de-masquage-pour-processus-de-finition-07405\/","og_locale":"fr_FR","og_type":"article","og_title":"Finishing process masking tape - 07405 - Eurobands","og_description":"Finishing process masking tape performs well on various shapes at high temperatures up to 240\u00b0C. Ideal for powder coating, anodizing, and e-coating.","og_url":"https:\/\/eurobands.com\/fr\/produit\/ruban-de-masquage-pour-processus-de-finition-07405\/","og_site_name":"Eurobands","article_modified_time":"2025-01-30T14:36:41+00:00","og_image":[{"width":1024,"height":1024,"url":"https:\/\/eurobands.com\/wp-content\/uploads\/2024\/10\/07405-1024x1024.png","type":"image\/png"}],"twitter_card":"summary_large_image","twitter_misc":{"Dur\u00e9e de lecture est.":"1 minute"},"schema":{"@context":"https:\/\/schema.org","@graph":[{"@type":"WebPage","@id":"https:\/\/eurobands.com\/product\/finishing-process-masking-tape-07405\/","url":"https:\/\/eurobands.com\/product\/finishing-process-masking-tape-07405\/","name":"Ruban de masquage de finition - 07405 - Eurobands","isPartOf":{"@id":"https:\/\/eurobands.com\/#website"},"primaryImageOfPage":{"@id":"https:\/\/eurobands.com\/product\/finishing-process-masking-tape-07405\/#primaryimage"},"image":{"@id":"https:\/\/eurobands.com\/product\/finishing-process-masking-tape-07405\/#primaryimage"},"thumbnailUrl":"https:\/\/eurobands.com\/wp-content\/uploads\/2024\/10\/07405.png","datePublished":"2024-10-25T11:41:56+00:00","dateModified":"2025-01-30T14:36:41+00:00","description":"Le ruban de masquage de finition est performant sur diverses formes \u00e0 des temp\u00e9ratures \u00e9lev\u00e9es allant jusqu'\u00e0 240\u00b0C. Id\u00e9al pour le rev\u00eatement par poudre, l'anodisation et l'e-coating.","breadcrumb":{"@id":"https:\/\/eurobands.com\/product\/finishing-process-masking-tape-07405\/#breadcrumb"},"inLanguage":"fr-BE","potentialAction":[{"@type":"ReadAction","target":["https:\/\/eurobands.com\/product\/finishing-process-masking-tape-07405\/"]}]},{"@type":"ImageObject","inLanguage":"fr-BE","@id":"https:\/\/eurobands.com\/product\/finishing-process-masking-tape-07405\/#primaryimage","url":"https:\/\/eurobands.com\/wp-content\/uploads\/2024\/10\/07405.png","contentUrl":"https:\/\/eurobands.com\/wp-content\/uploads\/2024\/10\/07405.png","width":400,"height":400,"caption":"High-temperature masking tape, resistant up to 240\u00b0C, ideal for powder coating, anodizing, e-coating and other finishing processes."},{"@type":"BreadcrumbList","@id":"https:\/\/eurobands.com\/product\/finishing-process-masking-tape-07405\/#breadcrumb","itemListElement":[{"@type":"ListItem","position":1,"name":"Home","item":"https:\/\/eurobands.com\/"},{"@type":"ListItem","position":2,"name":"Shop","item":"https:\/\/eurobands.com\/shop\/"},{"@type":"ListItem","position":3,"name":"Finishing process masking tape &#8211; 07405"}]},{"@type":"WebSite","@id":"https:\/\/eurobands.com\/#website","url":"https:\/\/eurobands.com\/","name":"Eurobands","description":"","publisher":{"@id":"https:\/\/eurobands.com\/#organization"},"potentialAction":[{"@type":"SearchAction","target":{"@type":"EntryPoint","urlTemplate":"https:\/\/eurobands.com\/?s={search_term_string}"},"query-input":{"@type":"PropertyValueSpecification","valueRequired":true,"valueName":"search_term_string"}}],"inLanguage":"fr-BE"},{"@type":"Organization","@id":"https:\/\/eurobands.com\/#organization","name":"Eurobands","url":"https:\/\/eurobands.com\/","logo":{"@type":"ImageObject","inLanguage":"fr-BE","@id":"https:\/\/eurobands.com\/#\/schema\/logo\/image\/","url":"https:\/\/eurobands.com\/wp-content\/uploads\/2024\/03\/EUROBANDS-LOGO_RGB.png","contentUrl":"https:\/\/eurobands.com\/wp-content\/uploads\/2024\/03\/EUROBANDS-LOGO_RGB.png","width":12098,"height":3014,"caption":"Eurobands"},"image":{"@id":"https:\/\/eurobands.com\/#\/schema\/logo\/image\/"}}]}},"_links":{"self":[{"href":"https:\/\/eurobands.com\/fr\/wp-json\/wp\/v2\/product\/920","targetHints":{"allow":["GET"]}}],"collection":[{"href":"https:\/\/eurobands.com\/fr\/wp-json\/wp\/v2\/product"}],"about":[{"href":"https:\/\/eurobands.com\/fr\/wp-json\/wp\/v2\/types\/product"}],"replies":[{"embeddable":true,"href":"https:\/\/eurobands.com\/fr\/wp-json\/wp\/v2\/comments?post=920"}],"wp:featuredmedia":[{"embeddable":true,"href":"https:\/\/eurobands.com\/fr\/wp-json\/wp\/v2\/media\/960"}],"wp:attachment":[{"href":"https:\/\/eurobands.com\/fr\/wp-json\/wp\/v2\/media?parent=920"}],"wp:term":[{"taxonomy":"product_cat","embeddable":true,"href":"https:\/\/eurobands.com\/fr\/wp-json\/wp\/v2\/product_cat?post=920"},{"taxonomy":"product_tag","embeddable":true,"href":"https:\/\/eurobands.com\/fr\/wp-json\/wp\/v2\/product_tag?post=920"}],"curies":[{"name":"wp","href":"https:\/\/api.w.org\/{rel}","templated":true}]}}