{"id":911,"date":"2024-10-25T11:41:57","date_gmt":"2024-10-25T11:41:57","guid":{"rendered":"https:\/\/eurobands.com\/?post_type=product&#038;p=911"},"modified":"2025-01-30T14:35:52","modified_gmt":"2025-01-30T14:35:52","slug":"ruban-de-masquage-de-haute-qualite-05215","status":"publish","type":"product","link":"https:\/\/eurobands.com\/fr\/product\/high-quality-masking-tape-05215\/","title":{"rendered":"Ruban de masquage de haute qualit\u00e9 - 05215"},"content":{"rendered":"<p>Ruban de masquage de haute qualit\u00e9<br \/>\nConvient aux applications automobiles<br \/>\nPeut \u00eatre utilis\u00e9 avec des peintures \u00e0 l'eau<br \/>\nR\u00e9sistance \u00e0 la temp\u00e9rature : 80\u00b0C (longue dur\u00e9e) et 100\u00b0C (courte dur\u00e9e : 30mn)<\/p>","protected":false},"excerpt":{"rendered":"<p>Ruban de masquage de haute qualit\u00e9. Convient aux applications automobiles. Peut \u00eatre utilis\u00e9 avec des peintures \u00e0 base d'eau. R\u00e9sistance \u00e0 la temp\u00e9rature : 80\u00b0C (long terme) et 100\u00b0C (court terme : 30 min).<\/p>","protected":false},"featured_media":943,"comment_status":"open","ping_status":"closed","template":"","meta":[],"product_cat":[27],"product_tag":[],"class_list":{"0":"post-911","1":"product","2":"type-product","3":"status-publish","4":"has-post-thumbnail","6":"product_cat-masking","8":"first","9":"instock","10":"shipping-taxable","11":"product-type-simple"},"yoast_head":"<!-- This site is optimized with the Yoast SEO plugin v26.1.1 - https:\/\/yoast.com\/wordpress\/plugins\/seo\/ -->\n<title>High quality masking tape - 05215 - Eurobands<\/title>\n<meta name=\"description\" content=\"High-quality masking tape for automotive use. Compatible with water-based paints, resists up to 80\u00b0C long-term and 100\u00b0C short-term (30 minutes).\" \/>\n<meta name=\"robots\" content=\"index, follow, max-snippet:-1, max-image-preview:large, max-video-preview:-1\" \/>\n<link rel=\"canonical\" href=\"https:\/\/eurobands.com\/fr\/produit\/ruban-de-masquage-de-haute-qualite-05215\/\" \/>\n<meta property=\"og:locale\" content=\"fr_FR\" \/>\n<meta property=\"og:type\" content=\"article\" \/>\n<meta property=\"og:title\" content=\"High quality masking tape - 05215 - Eurobands\" \/>\n<meta property=\"og:description\" content=\"High-quality masking tape for automotive use. Compatible with water-based paints, resists up to 80\u00b0C long-term and 100\u00b0C short-term (30 minutes).\" \/>\n<meta property=\"og:url\" content=\"https:\/\/eurobands.com\/fr\/produit\/ruban-de-masquage-de-haute-qualite-05215\/\" \/>\n<meta property=\"og:site_name\" content=\"Eurobands\" \/>\n<meta property=\"article:modified_time\" content=\"2025-01-30T14:35:52+00:00\" \/>\n<meta property=\"og:image\" content=\"https:\/\/eurobands.com\/wp-content\/uploads\/2024\/10\/05215.png\" \/>\n\t<meta property=\"og:image:width\" content=\"1600\" \/>\n\t<meta property=\"og:image:height\" content=\"1600\" \/>\n\t<meta property=\"og:image:type\" content=\"image\/png\" \/>\n<meta name=\"twitter:card\" content=\"summary_large_image\" \/>\n<meta name=\"twitter:label1\" content=\"Dur\u00e9e de lecture est.\" \/>\n\t<meta name=\"twitter:data1\" content=\"1 minute\" \/>\n<script type=\"application\/ld+json\" class=\"yoast-schema-graph\">{\"@context\":\"https:\/\/schema.org\",\"@graph\":[{\"@type\":\"WebPage\",\"@id\":\"https:\/\/eurobands.com\/product\/high-quality-masking-tape-05215\/\",\"url\":\"https:\/\/eurobands.com\/product\/high-quality-masking-tape-05215\/\",\"name\":\"High quality masking tape - 05215 - Eurobands\",\"isPartOf\":{\"@id\":\"https:\/\/eurobands.com\/#website\"},\"primaryImageOfPage\":{\"@id\":\"https:\/\/eurobands.com\/product\/high-quality-masking-tape-05215\/#primaryimage\"},\"image\":{\"@id\":\"https:\/\/eurobands.com\/product\/high-quality-masking-tape-05215\/#primaryimage\"},\"thumbnailUrl\":\"https:\/\/eurobands.com\/wp-content\/uploads\/2024\/10\/05215.png\",\"datePublished\":\"2024-10-25T11:41:57+00:00\",\"dateModified\":\"2025-01-30T14:35:52+00:00\",\"description\":\"High-quality masking tape for automotive use. Compatible with water-based paints, resists up to 80\u00b0C long-term and 100\u00b0C short-term (30 minutes).\",\"breadcrumb\":{\"@id\":\"https:\/\/eurobands.com\/product\/high-quality-masking-tape-05215\/#breadcrumb\"},\"inLanguage\":\"fr-BE\",\"potentialAction\":[{\"@type\":\"ReadAction\",\"target\":[\"https:\/\/eurobands.com\/product\/high-quality-masking-tape-05215\/\"]}]},{\"@type\":\"ImageObject\",\"inLanguage\":\"fr-BE\",\"@id\":\"https:\/\/eurobands.com\/product\/high-quality-masking-tape-05215\/#primaryimage\",\"url\":\"https:\/\/eurobands.com\/wp-content\/uploads\/2024\/10\/05215.png\",\"contentUrl\":\"https:\/\/eurobands.com\/wp-content\/uploads\/2024\/10\/05215.png\",\"width\":800,\"height\":800,\"caption\":\"High-quality masking tape for automotive use, resistant up to 100\u00b0C, compatible with water-based paints.\"},{\"@type\":\"BreadcrumbList\",\"@id\":\"https:\/\/eurobands.com\/product\/high-quality-masking-tape-05215\/#breadcrumb\",\"itemListElement\":[{\"@type\":\"ListItem\",\"position\":1,\"name\":\"Home\",\"item\":\"https:\/\/eurobands.com\/\"},{\"@type\":\"ListItem\",\"position\":2,\"name\":\"Shop\",\"item\":\"https:\/\/eurobands.com\/shop\/\"},{\"@type\":\"ListItem\",\"position\":3,\"name\":\"High quality masking tape &#8211; 05215\"}]},{\"@type\":\"WebSite\",\"@id\":\"https:\/\/eurobands.com\/#website\",\"url\":\"https:\/\/eurobands.com\/\",\"name\":\"Eurobands\",\"description\":\"\",\"publisher\":{\"@id\":\"https:\/\/eurobands.com\/#organization\"},\"potentialAction\":[{\"@type\":\"SearchAction\",\"target\":{\"@type\":\"EntryPoint\",\"urlTemplate\":\"https:\/\/eurobands.com\/?s={search_term_string}\"},\"query-input\":{\"@type\":\"PropertyValueSpecification\",\"valueRequired\":true,\"valueName\":\"search_term_string\"}}],\"inLanguage\":\"fr-BE\"},{\"@type\":\"Organization\",\"@id\":\"https:\/\/eurobands.com\/#organization\",\"name\":\"Eurobands\",\"url\":\"https:\/\/eurobands.com\/\",\"logo\":{\"@type\":\"ImageObject\",\"inLanguage\":\"fr-BE\",\"@id\":\"https:\/\/eurobands.com\/#\/schema\/logo\/image\/\",\"url\":\"https:\/\/eurobands.com\/wp-content\/uploads\/2024\/03\/EUROBANDS-LOGO_RGB.png\",\"contentUrl\":\"https:\/\/eurobands.com\/wp-content\/uploads\/2024\/03\/EUROBANDS-LOGO_RGB.png\",\"width\":12098,\"height\":3014,\"caption\":\"Eurobands\"},\"image\":{\"@id\":\"https:\/\/eurobands.com\/#\/schema\/logo\/image\/\"}}]}<\/script>\n<!-- \/ Yoast SEO plugin. -->","yoast_head_json":{"title":"Ruban de masquage de haute qualit\u00e9 - 05215 - Eurobands","description":"Ruban de masquage de haute qualit\u00e9 pour l'automobile. Compatible avec les peintures \u00e0 base d'eau, r\u00e9siste \u00e0 80\u00b0C \u00e0 long terme et \u00e0 100\u00b0C \u00e0 court terme (30 minutes).","robots":{"index":"index","follow":"follow","max-snippet":"max-snippet:-1","max-image-preview":"max-image-preview:large","max-video-preview":"max-video-preview:-1"},"canonical":"https:\/\/eurobands.com\/fr\/produit\/ruban-de-masquage-de-haute-qualite-05215\/","og_locale":"fr_FR","og_type":"article","og_title":"High quality masking tape - 05215 - Eurobands","og_description":"High-quality masking tape for automotive use. Compatible with water-based paints, resists up to 80\u00b0C long-term and 100\u00b0C short-term (30 minutes).","og_url":"https:\/\/eurobands.com\/fr\/produit\/ruban-de-masquage-de-haute-qualite-05215\/","og_site_name":"Eurobands","article_modified_time":"2025-01-30T14:35:52+00:00","og_image":[{"width":1600,"height":1600,"url":"https:\/\/eurobands.com\/wp-content\/uploads\/2024\/10\/05215.png","type":"image\/png"}],"twitter_card":"summary_large_image","twitter_misc":{"Dur\u00e9e de lecture est.":"1 minute"},"schema":{"@context":"https:\/\/schema.org","@graph":[{"@type":"WebPage","@id":"https:\/\/eurobands.com\/product\/high-quality-masking-tape-05215\/","url":"https:\/\/eurobands.com\/product\/high-quality-masking-tape-05215\/","name":"Ruban de masquage de haute qualit\u00e9 - 05215 - Eurobands","isPartOf":{"@id":"https:\/\/eurobands.com\/#website"},"primaryImageOfPage":{"@id":"https:\/\/eurobands.com\/product\/high-quality-masking-tape-05215\/#primaryimage"},"image":{"@id":"https:\/\/eurobands.com\/product\/high-quality-masking-tape-05215\/#primaryimage"},"thumbnailUrl":"https:\/\/eurobands.com\/wp-content\/uploads\/2024\/10\/05215.png","datePublished":"2024-10-25T11:41:57+00:00","dateModified":"2025-01-30T14:35:52+00:00","description":"Ruban de masquage de haute qualit\u00e9 pour l'automobile. Compatible avec les peintures \u00e0 base d'eau, r\u00e9siste \u00e0 80\u00b0C \u00e0 long terme et \u00e0 100\u00b0C \u00e0 court terme (30 minutes).","breadcrumb":{"@id":"https:\/\/eurobands.com\/product\/high-quality-masking-tape-05215\/#breadcrumb"},"inLanguage":"fr-BE","potentialAction":[{"@type":"ReadAction","target":["https:\/\/eurobands.com\/product\/high-quality-masking-tape-05215\/"]}]},{"@type":"ImageObject","inLanguage":"fr-BE","@id":"https:\/\/eurobands.com\/product\/high-quality-masking-tape-05215\/#primaryimage","url":"https:\/\/eurobands.com\/wp-content\/uploads\/2024\/10\/05215.png","contentUrl":"https:\/\/eurobands.com\/wp-content\/uploads\/2024\/10\/05215.png","width":800,"height":800,"caption":"High-quality masking tape for automotive use, resistant up to 100\u00b0C, compatible with water-based paints."},{"@type":"BreadcrumbList","@id":"https:\/\/eurobands.com\/product\/high-quality-masking-tape-05215\/#breadcrumb","itemListElement":[{"@type":"ListItem","position":1,"name":"Home","item":"https:\/\/eurobands.com\/"},{"@type":"ListItem","position":2,"name":"Shop","item":"https:\/\/eurobands.com\/shop\/"},{"@type":"ListItem","position":3,"name":"High quality masking tape &#8211; 05215"}]},{"@type":"WebSite","@id":"https:\/\/eurobands.com\/#website","url":"https:\/\/eurobands.com\/","name":"Eurobands","description":"","publisher":{"@id":"https:\/\/eurobands.com\/#organization"},"potentialAction":[{"@type":"SearchAction","target":{"@type":"EntryPoint","urlTemplate":"https:\/\/eurobands.com\/?s={search_term_string}"},"query-input":{"@type":"PropertyValueSpecification","valueRequired":true,"valueName":"search_term_string"}}],"inLanguage":"fr-BE"},{"@type":"Organization","@id":"https:\/\/eurobands.com\/#organization","name":"Eurobands","url":"https:\/\/eurobands.com\/","logo":{"@type":"ImageObject","inLanguage":"fr-BE","@id":"https:\/\/eurobands.com\/#\/schema\/logo\/image\/","url":"https:\/\/eurobands.com\/wp-content\/uploads\/2024\/03\/EUROBANDS-LOGO_RGB.png","contentUrl":"https:\/\/eurobands.com\/wp-content\/uploads\/2024\/03\/EUROBANDS-LOGO_RGB.png","width":12098,"height":3014,"caption":"Eurobands"},"image":{"@id":"https:\/\/eurobands.com\/#\/schema\/logo\/image\/"}}]}},"_links":{"self":[{"href":"https:\/\/eurobands.com\/fr\/wp-json\/wp\/v2\/product\/911","targetHints":{"allow":["GET"]}}],"collection":[{"href":"https:\/\/eurobands.com\/fr\/wp-json\/wp\/v2\/product"}],"about":[{"href":"https:\/\/eurobands.com\/fr\/wp-json\/wp\/v2\/types\/product"}],"replies":[{"embeddable":true,"href":"https:\/\/eurobands.com\/fr\/wp-json\/wp\/v2\/comments?post=911"}],"wp:featuredmedia":[{"embeddable":true,"href":"https:\/\/eurobands.com\/fr\/wp-json\/wp\/v2\/media\/943"}],"wp:attachment":[{"href":"https:\/\/eurobands.com\/fr\/wp-json\/wp\/v2\/media?parent=911"}],"wp:term":[{"taxonomy":"product_cat","embeddable":true,"href":"https:\/\/eurobands.com\/fr\/wp-json\/wp\/v2\/product_cat?post=911"},{"taxonomy":"product_tag","embeddable":true,"href":"https:\/\/eurobands.com\/fr\/wp-json\/wp\/v2\/product_tag?post=911"}],"curies":[{"name":"wp","href":"https:\/\/api.w.org\/{rel}","templated":true}]}}