{"id":905,"date":"2024-10-25T11:41:57","date_gmt":"2024-10-25T11:41:57","guid":{"rendered":"https:\/\/eurobands.com\/?post_type=product&#038;p=905"},"modified":"2025-01-30T14:35:29","modified_gmt":"2025-01-30T14:35:29","slug":"ruban-de-masquage-a-usage-general-05212","status":"publish","type":"product","link":"https:\/\/eurobands.com\/fr\/product\/general-purpose-masking-tape-05212\/","title":{"rendered":"Ruban de masquage \u00e0 usage g\u00e9n\u00e9ral - 05212"},"content":{"rendered":"<p>Ruban de masquage \u00e0 usage g\u00e9n\u00e9ral convenant \u00e0 toutes sortes de travaux de peinture simples<br \/>\nRetrait facile sans r\u00e9sidu d'adh\u00e9sif et sans rupture<br \/>\nCompatible avec la plupart des peintures et laques courantes<br \/>\nR\u00e9sistance \u00e0 la chaleur jusqu'\u00e0 60\u00b0 (30mn)<br \/>\nBonne adh\u00e9rence m\u00eame sur des surfaces irr\u00e9guli\u00e8res et d\u00e9chirable \u00e0 la main<\/p>","protected":false},"excerpt":{"rendered":"<p>Ruban de masquage \u00e0 usage g\u00e9n\u00e9ral convenant \u00e0 toutes sortes de travaux de peinture simples Enl\u00e8vement facile sans r\u00e9sidus d'adh\u00e9sif et sans rupture Compatible avec la plupart des peintures et laques courantes R\u00e9sistant \u00e0 la chaleur jusqu'\u00e0 60\u00b0 (30mn) Bonne adh\u00e9rence m\u00eame sur des surfaces irr\u00e9guli\u00e8res et d\u00e9chirable \u00e0 la main<\/p>","protected":false},"featured_media":900,"comment_status":"open","ping_status":"closed","template":"","meta":[],"product_cat":[27],"product_tag":[],"class_list":{"0":"post-905","1":"product","2":"type-product","3":"status-publish","4":"has-post-thumbnail","6":"product_cat-masking","8":"first","9":"instock","10":"shipping-taxable","11":"product-type-simple"},"yoast_head":"<!-- This site is optimized with the Yoast SEO plugin v26.1.1 - https:\/\/yoast.com\/wordpress\/plugins\/seo\/ -->\n<title>General purpose masking tape - 05212 - Eurobands<\/title>\n<meta name=\"description\" content=\"General purpose masking tape for painting. Residue-free removal, heat resistant, and easy to tear\u2014ideal for irregular surfaces!\" \/>\n<meta name=\"robots\" content=\"index, follow, max-snippet:-1, max-image-preview:large, max-video-preview:-1\" \/>\n<link rel=\"canonical\" href=\"https:\/\/eurobands.com\/fr\/produit\/ruban-de-masquage-a-usage-general-05212\/\" \/>\n<meta property=\"og:locale\" content=\"fr_FR\" \/>\n<meta property=\"og:type\" content=\"article\" \/>\n<meta property=\"og:title\" content=\"General purpose masking tape - 05212 - Eurobands\" \/>\n<meta property=\"og:description\" content=\"General purpose masking tape for painting. Residue-free removal, heat resistant, and easy to tear\u2014ideal for irregular surfaces!\" \/>\n<meta property=\"og:url\" content=\"https:\/\/eurobands.com\/fr\/produit\/ruban-de-masquage-a-usage-general-05212\/\" \/>\n<meta property=\"og:site_name\" content=\"Eurobands\" \/>\n<meta property=\"article:modified_time\" content=\"2025-01-30T14:35:29+00:00\" \/>\n<meta property=\"og:image\" content=\"https:\/\/eurobands.com\/wp-content\/uploads\/2024\/10\/05212-1.png\" \/>\n\t<meta property=\"og:image:width\" content=\"1600\" \/>\n\t<meta property=\"og:image:height\" content=\"1600\" \/>\n\t<meta property=\"og:image:type\" content=\"image\/png\" \/>\n<meta name=\"twitter:card\" content=\"summary_large_image\" \/>\n<meta name=\"twitter:label1\" content=\"Dur\u00e9e de lecture est.\" \/>\n\t<meta name=\"twitter:data1\" content=\"1 minute\" \/>\n<script type=\"application\/ld+json\" class=\"yoast-schema-graph\">{\"@context\":\"https:\/\/schema.org\",\"@graph\":[{\"@type\":\"WebPage\",\"@id\":\"https:\/\/eurobands.com\/product\/general-purpose-masking-tape-05212\/\",\"url\":\"https:\/\/eurobands.com\/product\/general-purpose-masking-tape-05212\/\",\"name\":\"General purpose masking tape - 05212 - Eurobands\",\"isPartOf\":{\"@id\":\"https:\/\/eurobands.com\/#website\"},\"primaryImageOfPage\":{\"@id\":\"https:\/\/eurobands.com\/product\/general-purpose-masking-tape-05212\/#primaryimage\"},\"image\":{\"@id\":\"https:\/\/eurobands.com\/product\/general-purpose-masking-tape-05212\/#primaryimage\"},\"thumbnailUrl\":\"https:\/\/eurobands.com\/wp-content\/uploads\/2024\/10\/05212-1.png\",\"datePublished\":\"2024-10-25T11:41:57+00:00\",\"dateModified\":\"2025-01-30T14:35:29+00:00\",\"description\":\"General purpose masking tape for painting. Residue-free removal, heat resistant, and easy to tear\u2014ideal for irregular surfaces!\",\"breadcrumb\":{\"@id\":\"https:\/\/eurobands.com\/product\/general-purpose-masking-tape-05212\/#breadcrumb\"},\"inLanguage\":\"fr-BE\",\"potentialAction\":[{\"@type\":\"ReadAction\",\"target\":[\"https:\/\/eurobands.com\/product\/general-purpose-masking-tape-05212\/\"]}]},{\"@type\":\"ImageObject\",\"inLanguage\":\"fr-BE\",\"@id\":\"https:\/\/eurobands.com\/product\/general-purpose-masking-tape-05212\/#primaryimage\",\"url\":\"https:\/\/eurobands.com\/wp-content\/uploads\/2024\/10\/05212-1.png\",\"contentUrl\":\"https:\/\/eurobands.com\/wp-content\/uploads\/2024\/10\/05212-1.png\",\"width\":400,\"height\":400,\"caption\":\"General purpose masking tape for clean painting jobs. Leaves no adhesive residue and adheres even on irregular surfaces.\"},{\"@type\":\"BreadcrumbList\",\"@id\":\"https:\/\/eurobands.com\/product\/general-purpose-masking-tape-05212\/#breadcrumb\",\"itemListElement\":[{\"@type\":\"ListItem\",\"position\":1,\"name\":\"Home\",\"item\":\"https:\/\/eurobands.com\/\"},{\"@type\":\"ListItem\",\"position\":2,\"name\":\"Shop\",\"item\":\"https:\/\/eurobands.com\/shop\/\"},{\"@type\":\"ListItem\",\"position\":3,\"name\":\"General purpose masking tape &#8211; 05212\"}]},{\"@type\":\"WebSite\",\"@id\":\"https:\/\/eurobands.com\/#website\",\"url\":\"https:\/\/eurobands.com\/\",\"name\":\"Eurobands\",\"description\":\"\",\"publisher\":{\"@id\":\"https:\/\/eurobands.com\/#organization\"},\"potentialAction\":[{\"@type\":\"SearchAction\",\"target\":{\"@type\":\"EntryPoint\",\"urlTemplate\":\"https:\/\/eurobands.com\/?s={search_term_string}\"},\"query-input\":{\"@type\":\"PropertyValueSpecification\",\"valueRequired\":true,\"valueName\":\"search_term_string\"}}],\"inLanguage\":\"fr-BE\"},{\"@type\":\"Organization\",\"@id\":\"https:\/\/eurobands.com\/#organization\",\"name\":\"Eurobands\",\"url\":\"https:\/\/eurobands.com\/\",\"logo\":{\"@type\":\"ImageObject\",\"inLanguage\":\"fr-BE\",\"@id\":\"https:\/\/eurobands.com\/#\/schema\/logo\/image\/\",\"url\":\"https:\/\/eurobands.com\/wp-content\/uploads\/2024\/03\/EUROBANDS-LOGO_RGB.png\",\"contentUrl\":\"https:\/\/eurobands.com\/wp-content\/uploads\/2024\/03\/EUROBANDS-LOGO_RGB.png\",\"width\":12098,\"height\":3014,\"caption\":\"Eurobands\"},\"image\":{\"@id\":\"https:\/\/eurobands.com\/#\/schema\/logo\/image\/\"}}]}<\/script>\n<!-- \/ Yoast SEO plugin. -->","yoast_head_json":{"title":"Ruban de masquage \u00e0 usage g\u00e9n\u00e9ral - 05212 - Eurobands","description":"Ruban de masquage \u00e0 usage g\u00e9n\u00e9ral pour la peinture. Enl\u00e8vement sans r\u00e9sidus, r\u00e9sistant \u00e0 la chaleur et facile \u00e0 d\u00e9chirer - id\u00e9al pour les surfaces irr\u00e9guli\u00e8res !","robots":{"index":"index","follow":"follow","max-snippet":"max-snippet:-1","max-image-preview":"max-image-preview:large","max-video-preview":"max-video-preview:-1"},"canonical":"https:\/\/eurobands.com\/fr\/produit\/ruban-de-masquage-a-usage-general-05212\/","og_locale":"fr_FR","og_type":"article","og_title":"General purpose masking tape - 05212 - Eurobands","og_description":"General purpose masking tape for painting. Residue-free removal, heat resistant, and easy to tear\u2014ideal for irregular surfaces!","og_url":"https:\/\/eurobands.com\/fr\/produit\/ruban-de-masquage-a-usage-general-05212\/","og_site_name":"Eurobands","article_modified_time":"2025-01-30T14:35:29+00:00","og_image":[{"width":1600,"height":1600,"url":"https:\/\/eurobands.com\/wp-content\/uploads\/2024\/10\/05212-1.png","type":"image\/png"}],"twitter_card":"summary_large_image","twitter_misc":{"Dur\u00e9e de lecture est.":"1 minute"},"schema":{"@context":"https:\/\/schema.org","@graph":[{"@type":"WebPage","@id":"https:\/\/eurobands.com\/product\/general-purpose-masking-tape-05212\/","url":"https:\/\/eurobands.com\/product\/general-purpose-masking-tape-05212\/","name":"Ruban de masquage \u00e0 usage g\u00e9n\u00e9ral - 05212 - Eurobands","isPartOf":{"@id":"https:\/\/eurobands.com\/#website"},"primaryImageOfPage":{"@id":"https:\/\/eurobands.com\/product\/general-purpose-masking-tape-05212\/#primaryimage"},"image":{"@id":"https:\/\/eurobands.com\/product\/general-purpose-masking-tape-05212\/#primaryimage"},"thumbnailUrl":"https:\/\/eurobands.com\/wp-content\/uploads\/2024\/10\/05212-1.png","datePublished":"2024-10-25T11:41:57+00:00","dateModified":"2025-01-30T14:35:29+00:00","description":"Ruban de masquage \u00e0 usage g\u00e9n\u00e9ral pour la peinture. Enl\u00e8vement sans r\u00e9sidus, r\u00e9sistant \u00e0 la chaleur et facile \u00e0 d\u00e9chirer - id\u00e9al pour les surfaces irr\u00e9guli\u00e8res !","breadcrumb":{"@id":"https:\/\/eurobands.com\/product\/general-purpose-masking-tape-05212\/#breadcrumb"},"inLanguage":"fr-BE","potentialAction":[{"@type":"ReadAction","target":["https:\/\/eurobands.com\/product\/general-purpose-masking-tape-05212\/"]}]},{"@type":"ImageObject","inLanguage":"fr-BE","@id":"https:\/\/eurobands.com\/product\/general-purpose-masking-tape-05212\/#primaryimage","url":"https:\/\/eurobands.com\/wp-content\/uploads\/2024\/10\/05212-1.png","contentUrl":"https:\/\/eurobands.com\/wp-content\/uploads\/2024\/10\/05212-1.png","width":400,"height":400,"caption":"General purpose masking tape for clean painting jobs. Leaves no adhesive residue and adheres even on irregular surfaces."},{"@type":"BreadcrumbList","@id":"https:\/\/eurobands.com\/product\/general-purpose-masking-tape-05212\/#breadcrumb","itemListElement":[{"@type":"ListItem","position":1,"name":"Home","item":"https:\/\/eurobands.com\/"},{"@type":"ListItem","position":2,"name":"Shop","item":"https:\/\/eurobands.com\/shop\/"},{"@type":"ListItem","position":3,"name":"General purpose masking tape &#8211; 05212"}]},{"@type":"WebSite","@id":"https:\/\/eurobands.com\/#website","url":"https:\/\/eurobands.com\/","name":"Eurobands","description":"","publisher":{"@id":"https:\/\/eurobands.com\/#organization"},"potentialAction":[{"@type":"SearchAction","target":{"@type":"EntryPoint","urlTemplate":"https:\/\/eurobands.com\/?s={search_term_string}"},"query-input":{"@type":"PropertyValueSpecification","valueRequired":true,"valueName":"search_term_string"}}],"inLanguage":"fr-BE"},{"@type":"Organization","@id":"https:\/\/eurobands.com\/#organization","name":"Eurobands","url":"https:\/\/eurobands.com\/","logo":{"@type":"ImageObject","inLanguage":"fr-BE","@id":"https:\/\/eurobands.com\/#\/schema\/logo\/image\/","url":"https:\/\/eurobands.com\/wp-content\/uploads\/2024\/03\/EUROBANDS-LOGO_RGB.png","contentUrl":"https:\/\/eurobands.com\/wp-content\/uploads\/2024\/03\/EUROBANDS-LOGO_RGB.png","width":12098,"height":3014,"caption":"Eurobands"},"image":{"@id":"https:\/\/eurobands.com\/#\/schema\/logo\/image\/"}}]}},"_links":{"self":[{"href":"https:\/\/eurobands.com\/fr\/wp-json\/wp\/v2\/product\/905","targetHints":{"allow":["GET"]}}],"collection":[{"href":"https:\/\/eurobands.com\/fr\/wp-json\/wp\/v2\/product"}],"about":[{"href":"https:\/\/eurobands.com\/fr\/wp-json\/wp\/v2\/types\/product"}],"replies":[{"embeddable":true,"href":"https:\/\/eurobands.com\/fr\/wp-json\/wp\/v2\/comments?post=905"}],"wp:featuredmedia":[{"embeddable":true,"href":"https:\/\/eurobands.com\/fr\/wp-json\/wp\/v2\/media\/900"}],"wp:attachment":[{"href":"https:\/\/eurobands.com\/fr\/wp-json\/wp\/v2\/media?parent=905"}],"wp:term":[{"taxonomy":"product_cat","embeddable":true,"href":"https:\/\/eurobands.com\/fr\/wp-json\/wp\/v2\/product_cat?post=905"},{"taxonomy":"product_tag","embeddable":true,"href":"https:\/\/eurobands.com\/fr\/wp-json\/wp\/v2\/product_tag?post=905"}],"curies":[{"name":"wp","href":"https:\/\/api.w.org\/{rel}","templated":true}]}}