{"id":898,"date":"2024-10-25T11:41:57","date_gmt":"2024-10-25T11:41:57","guid":{"rendered":"https:\/\/eurobands.com\/?post_type=product&#038;p=898"},"modified":"2025-01-27T16:26:17","modified_gmt":"2025-01-27T16:26:17","slug":"ruban-detancheite-autocollant-243","status":"publish","type":"product","link":"https:\/\/eurobands.com\/fr\/product\/self-adhesive-sealing-gasket-tape-243\/","title":{"rendered":"Bande d'\u00e9tanch\u00e9it\u00e9 auto-adh\u00e9sive - 243"},"content":{"rendered":"<p>Bande d'\u00e9tanch\u00e9it\u00e9 auto-adh\u00e9sive en mousse de poly\u00e9thyl\u00e8ne r\u00e9ticul\u00e9e (physique) avec des cellules compl\u00e8tement ferm\u00e9es et une face adh\u00e9sive<br \/>\nImperm\u00e9able<br \/>\nR\u00e9sistant \u00e0 la putr\u00e9faction et non toxique<br \/>\nLa couleur standard est le gris.<br \/>\nBlanc sur demande<\/p>","protected":false},"excerpt":{"rendered":"<p>Bande d'\u00e9tanch\u00e9it\u00e9 auto-adh\u00e9sive en mousse de poly\u00e9thyl\u00e8ne r\u00e9ticul\u00e9e (physique) avec des cellules compl\u00e8tement ferm\u00e9es et une face adh\u00e9sive Imperm\u00e9able R\u00e9sistant \u00e0 la putr\u00e9faction et non toxique La couleur standard est le gris. Blanc sur demande<\/p>","protected":false},"featured_media":902,"comment_status":"open","ping_status":"closed","template":"","meta":[],"product_cat":[28],"product_tag":[],"class_list":{"0":"post-898","1":"product","2":"type-product","3":"status-publish","4":"has-post-thumbnail","6":"product_cat-sealing","8":"first","9":"instock","10":"shipping-taxable","11":"product-type-simple"},"yoast_head":"<!-- This site is optimized with the Yoast SEO plugin v26.1.1 - https:\/\/yoast.com\/wordpress\/plugins\/seo\/ -->\n<title>Self-adhesive sealing gasket tape - 243 - Eurobands<\/title>\n<meta name=\"description\" content=\"Self-adhesive sealing gasket tape in closed-cell polyethylene foam with one adhesive side. Impermeable, non-toxic, rot-resistant.\" \/>\n<meta name=\"robots\" content=\"index, follow, max-snippet:-1, max-image-preview:large, max-video-preview:-1\" \/>\n<link rel=\"canonical\" href=\"https:\/\/eurobands.com\/fr\/produit\/ruban-detancheite-autocollant-243\/\" \/>\n<meta property=\"og:locale\" content=\"fr_FR\" \/>\n<meta property=\"og:type\" content=\"article\" \/>\n<meta property=\"og:title\" content=\"Self-adhesive sealing gasket tape - 243 - Eurobands\" \/>\n<meta property=\"og:description\" content=\"Self-adhesive sealing gasket tape in closed-cell polyethylene foam with one adhesive side. Impermeable, non-toxic, rot-resistant.\" \/>\n<meta property=\"og:url\" content=\"https:\/\/eurobands.com\/fr\/produit\/ruban-detancheite-autocollant-243\/\" \/>\n<meta property=\"og:site_name\" content=\"Eurobands\" \/>\n<meta property=\"article:modified_time\" content=\"2025-01-27T16:26:17+00:00\" \/>\n<meta property=\"og:image\" content=\"https:\/\/eurobands.com\/wp-content\/uploads\/2024\/10\/243-XX-1024x1024.png\" \/>\n\t<meta property=\"og:image:width\" content=\"1024\" \/>\n\t<meta property=\"og:image:height\" content=\"1024\" \/>\n\t<meta property=\"og:image:type\" content=\"image\/png\" \/>\n<meta name=\"twitter:card\" content=\"summary_large_image\" \/>\n<meta name=\"twitter:label1\" content=\"Dur\u00e9e de lecture est.\" \/>\n\t<meta name=\"twitter:data1\" content=\"1 minute\" \/>\n<script type=\"application\/ld+json\" class=\"yoast-schema-graph\">{\"@context\":\"https:\/\/schema.org\",\"@graph\":[{\"@type\":\"WebPage\",\"@id\":\"https:\/\/eurobands.com\/product\/self-adhesive-sealing-gasket-tape-243\/\",\"url\":\"https:\/\/eurobands.com\/product\/self-adhesive-sealing-gasket-tape-243\/\",\"name\":\"Self-adhesive sealing gasket tape - 243 - Eurobands\",\"isPartOf\":{\"@id\":\"https:\/\/eurobands.com\/#website\"},\"primaryImageOfPage\":{\"@id\":\"https:\/\/eurobands.com\/product\/self-adhesive-sealing-gasket-tape-243\/#primaryimage\"},\"image\":{\"@id\":\"https:\/\/eurobands.com\/product\/self-adhesive-sealing-gasket-tape-243\/#primaryimage\"},\"thumbnailUrl\":\"https:\/\/eurobands.com\/wp-content\/uploads\/2024\/10\/243-XX.png\",\"datePublished\":\"2024-10-25T11:41:57+00:00\",\"dateModified\":\"2025-01-27T16:26:17+00:00\",\"description\":\"Self-adhesive sealing gasket tape in closed-cell polyethylene foam with one adhesive side. Impermeable, non-toxic, rot-resistant.\",\"breadcrumb\":{\"@id\":\"https:\/\/eurobands.com\/product\/self-adhesive-sealing-gasket-tape-243\/#breadcrumb\"},\"inLanguage\":\"fr-BE\",\"potentialAction\":[{\"@type\":\"ReadAction\",\"target\":[\"https:\/\/eurobands.com\/product\/self-adhesive-sealing-gasket-tape-243\/\"]}]},{\"@type\":\"ImageObject\",\"inLanguage\":\"fr-BE\",\"@id\":\"https:\/\/eurobands.com\/product\/self-adhesive-sealing-gasket-tape-243\/#primaryimage\",\"url\":\"https:\/\/eurobands.com\/wp-content\/uploads\/2024\/10\/243-XX.png\",\"contentUrl\":\"https:\/\/eurobands.com\/wp-content\/uploads\/2024\/10\/243-XX.png\",\"width\":800,\"height\":800,\"caption\":\"Self-adhesive sealing gasket tape in grey closed-cell polyethylene foam, impermeable and resistant, ideal for durable sealing.\"},{\"@type\":\"BreadcrumbList\",\"@id\":\"https:\/\/eurobands.com\/product\/self-adhesive-sealing-gasket-tape-243\/#breadcrumb\",\"itemListElement\":[{\"@type\":\"ListItem\",\"position\":1,\"name\":\"Home\",\"item\":\"https:\/\/eurobands.com\/\"},{\"@type\":\"ListItem\",\"position\":2,\"name\":\"Shop\",\"item\":\"https:\/\/eurobands.com\/shop\/\"},{\"@type\":\"ListItem\",\"position\":3,\"name\":\"Self-adhesive sealing gasket tape &#8211; 243\"}]},{\"@type\":\"WebSite\",\"@id\":\"https:\/\/eurobands.com\/#website\",\"url\":\"https:\/\/eurobands.com\/\",\"name\":\"Eurobands\",\"description\":\"\",\"publisher\":{\"@id\":\"https:\/\/eurobands.com\/#organization\"},\"potentialAction\":[{\"@type\":\"SearchAction\",\"target\":{\"@type\":\"EntryPoint\",\"urlTemplate\":\"https:\/\/eurobands.com\/?s={search_term_string}\"},\"query-input\":{\"@type\":\"PropertyValueSpecification\",\"valueRequired\":true,\"valueName\":\"search_term_string\"}}],\"inLanguage\":\"fr-BE\"},{\"@type\":\"Organization\",\"@id\":\"https:\/\/eurobands.com\/#organization\",\"name\":\"Eurobands\",\"url\":\"https:\/\/eurobands.com\/\",\"logo\":{\"@type\":\"ImageObject\",\"inLanguage\":\"fr-BE\",\"@id\":\"https:\/\/eurobands.com\/#\/schema\/logo\/image\/\",\"url\":\"https:\/\/eurobands.com\/wp-content\/uploads\/2024\/03\/EUROBANDS-LOGO_RGB.png\",\"contentUrl\":\"https:\/\/eurobands.com\/wp-content\/uploads\/2024\/03\/EUROBANDS-LOGO_RGB.png\",\"width\":12098,\"height\":3014,\"caption\":\"Eurobands\"},\"image\":{\"@id\":\"https:\/\/eurobands.com\/#\/schema\/logo\/image\/\"}}]}<\/script>\n<!-- \/ Yoast SEO plugin. -->","yoast_head_json":{"title":"Bande d'\u00e9tanch\u00e9it\u00e9 auto-adh\u00e9sive - 243 - Eurobands","description":"Bande d'\u00e9tanch\u00e9it\u00e9 auto-adh\u00e9sive en mousse de poly\u00e9thyl\u00e8ne \u00e0 cellules ferm\u00e9es avec une face adh\u00e9sive. Imperm\u00e9able, non toxique, imputrescible.","robots":{"index":"index","follow":"follow","max-snippet":"max-snippet:-1","max-image-preview":"max-image-preview:large","max-video-preview":"max-video-preview:-1"},"canonical":"https:\/\/eurobands.com\/fr\/produit\/ruban-detancheite-autocollant-243\/","og_locale":"fr_FR","og_type":"article","og_title":"Self-adhesive sealing gasket tape - 243 - Eurobands","og_description":"Self-adhesive sealing gasket tape in closed-cell polyethylene foam with one adhesive side. Impermeable, non-toxic, rot-resistant.","og_url":"https:\/\/eurobands.com\/fr\/produit\/ruban-detancheite-autocollant-243\/","og_site_name":"Eurobands","article_modified_time":"2025-01-27T16:26:17+00:00","og_image":[{"width":1024,"height":1024,"url":"https:\/\/eurobands.com\/wp-content\/uploads\/2024\/10\/243-XX-1024x1024.png","type":"image\/png"}],"twitter_card":"summary_large_image","twitter_misc":{"Dur\u00e9e de lecture est.":"1 minute"},"schema":{"@context":"https:\/\/schema.org","@graph":[{"@type":"WebPage","@id":"https:\/\/eurobands.com\/product\/self-adhesive-sealing-gasket-tape-243\/","url":"https:\/\/eurobands.com\/product\/self-adhesive-sealing-gasket-tape-243\/","name":"Bande d'\u00e9tanch\u00e9it\u00e9 auto-adh\u00e9sive - 243 - Eurobands","isPartOf":{"@id":"https:\/\/eurobands.com\/#website"},"primaryImageOfPage":{"@id":"https:\/\/eurobands.com\/product\/self-adhesive-sealing-gasket-tape-243\/#primaryimage"},"image":{"@id":"https:\/\/eurobands.com\/product\/self-adhesive-sealing-gasket-tape-243\/#primaryimage"},"thumbnailUrl":"https:\/\/eurobands.com\/wp-content\/uploads\/2024\/10\/243-XX.png","datePublished":"2024-10-25T11:41:57+00:00","dateModified":"2025-01-27T16:26:17+00:00","description":"Bande d'\u00e9tanch\u00e9it\u00e9 auto-adh\u00e9sive en mousse de poly\u00e9thyl\u00e8ne \u00e0 cellules ferm\u00e9es avec une face adh\u00e9sive. Imperm\u00e9able, non toxique, imputrescible.","breadcrumb":{"@id":"https:\/\/eurobands.com\/product\/self-adhesive-sealing-gasket-tape-243\/#breadcrumb"},"inLanguage":"fr-BE","potentialAction":[{"@type":"ReadAction","target":["https:\/\/eurobands.com\/product\/self-adhesive-sealing-gasket-tape-243\/"]}]},{"@type":"ImageObject","inLanguage":"fr-BE","@id":"https:\/\/eurobands.com\/product\/self-adhesive-sealing-gasket-tape-243\/#primaryimage","url":"https:\/\/eurobands.com\/wp-content\/uploads\/2024\/10\/243-XX.png","contentUrl":"https:\/\/eurobands.com\/wp-content\/uploads\/2024\/10\/243-XX.png","width":800,"height":800,"caption":"Self-adhesive sealing gasket tape in grey closed-cell polyethylene foam, impermeable and resistant, ideal for durable sealing."},{"@type":"BreadcrumbList","@id":"https:\/\/eurobands.com\/product\/self-adhesive-sealing-gasket-tape-243\/#breadcrumb","itemListElement":[{"@type":"ListItem","position":1,"name":"Home","item":"https:\/\/eurobands.com\/"},{"@type":"ListItem","position":2,"name":"Shop","item":"https:\/\/eurobands.com\/shop\/"},{"@type":"ListItem","position":3,"name":"Self-adhesive sealing gasket tape &#8211; 243"}]},{"@type":"WebSite","@id":"https:\/\/eurobands.com\/#website","url":"https:\/\/eurobands.com\/","name":"Eurobands","description":"","publisher":{"@id":"https:\/\/eurobands.com\/#organization"},"potentialAction":[{"@type":"SearchAction","target":{"@type":"EntryPoint","urlTemplate":"https:\/\/eurobands.com\/?s={search_term_string}"},"query-input":{"@type":"PropertyValueSpecification","valueRequired":true,"valueName":"search_term_string"}}],"inLanguage":"fr-BE"},{"@type":"Organization","@id":"https:\/\/eurobands.com\/#organization","name":"Eurobands","url":"https:\/\/eurobands.com\/","logo":{"@type":"ImageObject","inLanguage":"fr-BE","@id":"https:\/\/eurobands.com\/#\/schema\/logo\/image\/","url":"https:\/\/eurobands.com\/wp-content\/uploads\/2024\/03\/EUROBANDS-LOGO_RGB.png","contentUrl":"https:\/\/eurobands.com\/wp-content\/uploads\/2024\/03\/EUROBANDS-LOGO_RGB.png","width":12098,"height":3014,"caption":"Eurobands"},"image":{"@id":"https:\/\/eurobands.com\/#\/schema\/logo\/image\/"}}]}},"_links":{"self":[{"href":"https:\/\/eurobands.com\/fr\/wp-json\/wp\/v2\/product\/898","targetHints":{"allow":["GET"]}}],"collection":[{"href":"https:\/\/eurobands.com\/fr\/wp-json\/wp\/v2\/product"}],"about":[{"href":"https:\/\/eurobands.com\/fr\/wp-json\/wp\/v2\/types\/product"}],"replies":[{"embeddable":true,"href":"https:\/\/eurobands.com\/fr\/wp-json\/wp\/v2\/comments?post=898"}],"wp:featuredmedia":[{"embeddable":true,"href":"https:\/\/eurobands.com\/fr\/wp-json\/wp\/v2\/media\/902"}],"wp:attachment":[{"href":"https:\/\/eurobands.com\/fr\/wp-json\/wp\/v2\/media?parent=898"}],"wp:term":[{"taxonomy":"product_cat","embeddable":true,"href":"https:\/\/eurobands.com\/fr\/wp-json\/wp\/v2\/product_cat?post=898"},{"taxonomy":"product_tag","embeddable":true,"href":"https:\/\/eurobands.com\/fr\/wp-json\/wp\/v2\/product_tag?post=898"}],"curies":[{"name":"wp","href":"https:\/\/api.w.org\/{rel}","templated":true}]}}