{"id":2625,"date":"2025-10-29T13:42:20","date_gmt":"2025-10-29T13:42:20","guid":{"rendered":"https:\/\/eurobands.com\/?post_type=product&#038;p=2625"},"modified":"2025-10-29T13:47:46","modified_gmt":"2025-10-29T13:47:46","slug":"rubans-de-mousse-de-montage-28420s-se","status":"publish","type":"product","link":"https:\/\/eurobands.com\/fr\/product\/mounting-foam-tapes-28420s-se\/","title":{"rendered":"Mousse PE double-face - 28420S\/SE"},"content":{"rendered":"<p>Rubans en mousse utilis\u00e9s pour des applications de montage g\u00e9n\u00e9rales telles que la fixation de cintres en plastique, de crochets et de meubles.<\/p>\n<p>Bonne r\u00e9sistance aux solvants, \u00e0 l'eau et aux UV<\/p>","protected":false},"excerpt":{"rendered":"<p>Rubans en mousse utilis\u00e9s pour des applications de montage g\u00e9n\u00e9rales telles que la fixation de cintres en plastique, de crochets et de meubles. Bonne r\u00e9sistance aux solvants, \u00e0 l'eau et aux UV<\/p>","protected":false},"featured_media":2626,"comment_status":"open","ping_status":"closed","template":"","meta":[],"product_cat":[31],"product_tag":[],"class_list":{"0":"post-2625","1":"product","2":"type-product","3":"status-publish","4":"has-post-thumbnail","6":"product_cat-assembly","8":"first","9":"instock","10":"shipping-taxable","11":"product-type-simple"},"yoast_head":"<!-- This site is optimized with the Yoast SEO plugin v26.1.1 - https:\/\/yoast.com\/wordpress\/plugins\/seo\/ -->\n<title>Mounting foam tapes - 28420S\/SE - Eurobands<\/title>\n<meta name=\"description\" content=\"Foam tapes used for general mounting applications like fixing plastic hangers, hooks dans furniture.\u00a0\" \/>\n<meta name=\"robots\" content=\"index, follow, max-snippet:-1, max-image-preview:large, max-video-preview:-1\" \/>\n<link rel=\"canonical\" href=\"https:\/\/eurobands.com\/fr\/produit\/rubans-de-mousse-de-montage-28420s-se\/\" \/>\n<meta property=\"og:locale\" content=\"fr_FR\" \/>\n<meta property=\"og:type\" content=\"article\" \/>\n<meta property=\"og:title\" content=\"Mounting foam tapes - 28420S\/SE - Eurobands\" \/>\n<meta property=\"og:description\" content=\"Foam tapes used for general mounting applications like fixing plastic hangers, hooks dans furniture.\u00a0\" \/>\n<meta property=\"og:url\" content=\"https:\/\/eurobands.com\/fr\/produit\/rubans-de-mousse-de-montage-28420s-se\/\" \/>\n<meta property=\"og:site_name\" content=\"Eurobands\" \/>\n<meta property=\"article:modified_time\" content=\"2025-10-29T13:47:46+00:00\" \/>\n<meta property=\"og:image\" content=\"https:\/\/eurobands.com\/wp-content\/uploads\/2025\/10\/28420S-1.png\" \/>\n\t<meta property=\"og:image:width\" content=\"553\" \/>\n\t<meta property=\"og:image:height\" content=\"722\" \/>\n\t<meta property=\"og:image:type\" content=\"image\/png\" \/>\n<meta name=\"twitter:card\" content=\"summary_large_image\" \/>\n<meta name=\"twitter:label1\" content=\"Dur\u00e9e de lecture est.\" \/>\n\t<meta name=\"twitter:data1\" content=\"1 minute\" \/>\n<script type=\"application\/ld+json\" class=\"yoast-schema-graph\">{\"@context\":\"https:\/\/schema.org\",\"@graph\":[{\"@type\":\"WebPage\",\"@id\":\"https:\/\/eurobands.com\/product\/mounting-foam-tapes-28420s-se\/\",\"url\":\"https:\/\/eurobands.com\/product\/mounting-foam-tapes-28420s-se\/\",\"name\":\"Mounting foam tapes - 28420S\/SE - Eurobands\",\"isPartOf\":{\"@id\":\"https:\/\/eurobands.com\/#website\"},\"primaryImageOfPage\":{\"@id\":\"https:\/\/eurobands.com\/product\/mounting-foam-tapes-28420s-se\/#primaryimage\"},\"image\":{\"@id\":\"https:\/\/eurobands.com\/product\/mounting-foam-tapes-28420s-se\/#primaryimage\"},\"thumbnailUrl\":\"https:\/\/eurobands.com\/wp-content\/uploads\/2025\/10\/28420S-1.png\",\"datePublished\":\"2025-10-29T13:42:20+00:00\",\"dateModified\":\"2025-10-29T13:47:46+00:00\",\"description\":\"Foam tapes used for general mounting applications like fixing plastic hangers, hooks dans furniture.\u00a0\",\"breadcrumb\":{\"@id\":\"https:\/\/eurobands.com\/product\/mounting-foam-tapes-28420s-se\/#breadcrumb\"},\"inLanguage\":\"fr-BE\",\"potentialAction\":[{\"@type\":\"ReadAction\",\"target\":[\"https:\/\/eurobands.com\/product\/mounting-foam-tapes-28420s-se\/\"]}]},{\"@type\":\"ImageObject\",\"inLanguage\":\"fr-BE\",\"@id\":\"https:\/\/eurobands.com\/product\/mounting-foam-tapes-28420s-se\/#primaryimage\",\"url\":\"https:\/\/eurobands.com\/wp-content\/uploads\/2025\/10\/28420S-1.png\",\"contentUrl\":\"https:\/\/eurobands.com\/wp-content\/uploads\/2025\/10\/28420S-1.png\",\"width\":553,\"height\":722},{\"@type\":\"BreadcrumbList\",\"@id\":\"https:\/\/eurobands.com\/product\/mounting-foam-tapes-28420s-se\/#breadcrumb\",\"itemListElement\":[{\"@type\":\"ListItem\",\"position\":1,\"name\":\"Home\",\"item\":\"https:\/\/eurobands.com\/\"},{\"@type\":\"ListItem\",\"position\":2,\"name\":\"Shop\",\"item\":\"https:\/\/eurobands.com\/shop\/\"},{\"@type\":\"ListItem\",\"position\":3,\"name\":\"Mounting foam tapes &#8211; 28420S\/SE\"}]},{\"@type\":\"WebSite\",\"@id\":\"https:\/\/eurobands.com\/#website\",\"url\":\"https:\/\/eurobands.com\/\",\"name\":\"Eurobands\",\"description\":\"\",\"publisher\":{\"@id\":\"https:\/\/eurobands.com\/#organization\"},\"potentialAction\":[{\"@type\":\"SearchAction\",\"target\":{\"@type\":\"EntryPoint\",\"urlTemplate\":\"https:\/\/eurobands.com\/?s={search_term_string}\"},\"query-input\":{\"@type\":\"PropertyValueSpecification\",\"valueRequired\":true,\"valueName\":\"search_term_string\"}}],\"inLanguage\":\"fr-BE\"},{\"@type\":\"Organization\",\"@id\":\"https:\/\/eurobands.com\/#organization\",\"name\":\"Eurobands\",\"url\":\"https:\/\/eurobands.com\/\",\"logo\":{\"@type\":\"ImageObject\",\"inLanguage\":\"fr-BE\",\"@id\":\"https:\/\/eurobands.com\/#\/schema\/logo\/image\/\",\"url\":\"https:\/\/eurobands.com\/wp-content\/uploads\/2024\/03\/EUROBANDS-LOGO_RGB.png\",\"contentUrl\":\"https:\/\/eurobands.com\/wp-content\/uploads\/2024\/03\/EUROBANDS-LOGO_RGB.png\",\"width\":12098,\"height\":3014,\"caption\":\"Eurobands\"},\"image\":{\"@id\":\"https:\/\/eurobands.com\/#\/schema\/logo\/image\/\"}}]}<\/script>\n<!-- \/ Yoast SEO plugin. -->","yoast_head_json":{"title":"Rubans de mousse de montage - 28420S\/SE - Eurobands","description":"Rubans en mousse utilis\u00e9s pour des applications de montage g\u00e9n\u00e9rales telles que la fixation de cintres en plastique, de crochets et de meubles.\u00a0","robots":{"index":"index","follow":"follow","max-snippet":"max-snippet:-1","max-image-preview":"max-image-preview:large","max-video-preview":"max-video-preview:-1"},"canonical":"https:\/\/eurobands.com\/fr\/produit\/rubans-de-mousse-de-montage-28420s-se\/","og_locale":"fr_FR","og_type":"article","og_title":"Mounting foam tapes - 28420S\/SE - Eurobands","og_description":"Foam tapes used for general mounting applications like fixing plastic hangers, hooks dans furniture.\u00a0","og_url":"https:\/\/eurobands.com\/fr\/produit\/rubans-de-mousse-de-montage-28420s-se\/","og_site_name":"Eurobands","article_modified_time":"2025-10-29T13:47:46+00:00","og_image":[{"width":553,"height":722,"url":"https:\/\/eurobands.com\/wp-content\/uploads\/2025\/10\/28420S-1.png","type":"image\/png"}],"twitter_card":"summary_large_image","twitter_misc":{"Dur\u00e9e de lecture est.":"1 minute"},"schema":{"@context":"https:\/\/schema.org","@graph":[{"@type":"WebPage","@id":"https:\/\/eurobands.com\/product\/mounting-foam-tapes-28420s-se\/","url":"https:\/\/eurobands.com\/product\/mounting-foam-tapes-28420s-se\/","name":"Rubans de mousse de montage - 28420S\/SE - Eurobands","isPartOf":{"@id":"https:\/\/eurobands.com\/#website"},"primaryImageOfPage":{"@id":"https:\/\/eurobands.com\/product\/mounting-foam-tapes-28420s-se\/#primaryimage"},"image":{"@id":"https:\/\/eurobands.com\/product\/mounting-foam-tapes-28420s-se\/#primaryimage"},"thumbnailUrl":"https:\/\/eurobands.com\/wp-content\/uploads\/2025\/10\/28420S-1.png","datePublished":"2025-10-29T13:42:20+00:00","dateModified":"2025-10-29T13:47:46+00:00","description":"Rubans en mousse utilis\u00e9s pour des applications de montage g\u00e9n\u00e9rales telles que la fixation de cintres en plastique, de crochets et de meubles.\u00a0","breadcrumb":{"@id":"https:\/\/eurobands.com\/product\/mounting-foam-tapes-28420s-se\/#breadcrumb"},"inLanguage":"fr-BE","potentialAction":[{"@type":"ReadAction","target":["https:\/\/eurobands.com\/product\/mounting-foam-tapes-28420s-se\/"]}]},{"@type":"ImageObject","inLanguage":"fr-BE","@id":"https:\/\/eurobands.com\/product\/mounting-foam-tapes-28420s-se\/#primaryimage","url":"https:\/\/eurobands.com\/wp-content\/uploads\/2025\/10\/28420S-1.png","contentUrl":"https:\/\/eurobands.com\/wp-content\/uploads\/2025\/10\/28420S-1.png","width":553,"height":722},{"@type":"BreadcrumbList","@id":"https:\/\/eurobands.com\/product\/mounting-foam-tapes-28420s-se\/#breadcrumb","itemListElement":[{"@type":"ListItem","position":1,"name":"Home","item":"https:\/\/eurobands.com\/"},{"@type":"ListItem","position":2,"name":"Shop","item":"https:\/\/eurobands.com\/shop\/"},{"@type":"ListItem","position":3,"name":"Mounting foam tapes &#8211; 28420S\/SE"}]},{"@type":"WebSite","@id":"https:\/\/eurobands.com\/#website","url":"https:\/\/eurobands.com\/","name":"Eurobands","description":"","publisher":{"@id":"https:\/\/eurobands.com\/#organization"},"potentialAction":[{"@type":"SearchAction","target":{"@type":"EntryPoint","urlTemplate":"https:\/\/eurobands.com\/?s={search_term_string}"},"query-input":{"@type":"PropertyValueSpecification","valueRequired":true,"valueName":"search_term_string"}}],"inLanguage":"fr-BE"},{"@type":"Organization","@id":"https:\/\/eurobands.com\/#organization","name":"Eurobands","url":"https:\/\/eurobands.com\/","logo":{"@type":"ImageObject","inLanguage":"fr-BE","@id":"https:\/\/eurobands.com\/#\/schema\/logo\/image\/","url":"https:\/\/eurobands.com\/wp-content\/uploads\/2024\/03\/EUROBANDS-LOGO_RGB.png","contentUrl":"https:\/\/eurobands.com\/wp-content\/uploads\/2024\/03\/EUROBANDS-LOGO_RGB.png","width":12098,"height":3014,"caption":"Eurobands"},"image":{"@id":"https:\/\/eurobands.com\/#\/schema\/logo\/image\/"}}]}},"_links":{"self":[{"href":"https:\/\/eurobands.com\/fr\/wp-json\/wp\/v2\/product\/2625","targetHints":{"allow":["GET"]}}],"collection":[{"href":"https:\/\/eurobands.com\/fr\/wp-json\/wp\/v2\/product"}],"about":[{"href":"https:\/\/eurobands.com\/fr\/wp-json\/wp\/v2\/types\/product"}],"replies":[{"embeddable":true,"href":"https:\/\/eurobands.com\/fr\/wp-json\/wp\/v2\/comments?post=2625"}],"wp:featuredmedia":[{"embeddable":true,"href":"https:\/\/eurobands.com\/fr\/wp-json\/wp\/v2\/media\/2626"}],"wp:attachment":[{"href":"https:\/\/eurobands.com\/fr\/wp-json\/wp\/v2\/media?parent=2625"}],"wp:term":[{"taxonomy":"product_cat","embeddable":true,"href":"https:\/\/eurobands.com\/fr\/wp-json\/wp\/v2\/product_cat?post=2625"},{"taxonomy":"product_tag","embeddable":true,"href":"https:\/\/eurobands.com\/fr\/wp-json\/wp\/v2\/product_tag?post=2625"}],"curies":[{"name":"wp","href":"https:\/\/api.w.org\/{rel}","templated":true}]}}