{"id":1213,"date":"2024-10-25T11:39:32","date_gmt":"2024-10-25T11:39:32","guid":{"rendered":"https:\/\/eurobands.com\/?post_type=product&#038;p=1213"},"modified":"2025-01-31T13:31:19","modified_gmt":"2025-01-31T13:31:19","slug":"ruban-a-usage-general-06110","status":"publish","type":"product","link":"https:\/\/eurobands.com\/fr\/product\/general-purpose-tape-06110\/","title":{"rendered":"Ruban \u00e0 usage g\u00e9n\u00e9ral - 06110"},"content":{"rendered":"<p>Ruban adh\u00e9sif simple face \u00e0 usage g\u00e9n\u00e9ral, adapt\u00e9 \u00e0 la fixation de couvertures d'isolation telles que des tuyaux et des panneaux, \u00e9galement adapt\u00e9 \u00e0 un usage g\u00e9n\u00e9ral et \u00e0 la r\u00e9paration \"d'urgence\" de parasols...<br \/>\nHaute performance sur plusieurs mat\u00e9riaux et bonne adh\u00e9rence sur les surfaces irr\u00e9guli\u00e8res<br \/>\nHautement conformable et d\u00e9chirable \u00e0 la main<\/p>","protected":false},"excerpt":{"rendered":"<p>General purpose single sided tape, suitable for binding of insulation covers such as pipes and panels, also fit for general use and \u201cemergency\u201d mending of sunshades&#8230; High performance on several materials and good adhesion on irregular surfaces Highly conformable &amp; hand tearable<\/p>","protected":false},"featured_media":1236,"comment_status":"open","ping_status":"closed","template":"","meta":[],"product_cat":[61],"product_tag":[],"class_list":{"0":"post-1213","1":"product","2":"type-product","3":"status-publish","4":"has-post-thumbnail","6":"product_cat-general-purpose","8":"first","9":"instock","10":"shipping-taxable","11":"product-type-simple"},"yoast_head":"<!-- This site is optimized with the Yoast SEO plugin v26.1.1 - https:\/\/yoast.com\/wordpress\/plugins\/seo\/ -->\n<title>General purpose tape - 06110 - Eurobands<\/title>\n<meta name=\"description\" content=\"General-purpose single-sided tape for binding insulation covers, pipes, and panels. Adheres well to irregular surfaces, hand-tearable.\" \/>\n<meta name=\"robots\" content=\"index, follow, max-snippet:-1, max-image-preview:large, max-video-preview:-1\" \/>\n<link rel=\"canonical\" href=\"https:\/\/eurobands.com\/fr\/produit\/ruban-a-usage-general-06110\/\" \/>\n<meta property=\"og:locale\" content=\"fr_FR\" \/>\n<meta property=\"og:type\" content=\"article\" \/>\n<meta property=\"og:title\" content=\"General purpose tape - 06110 - Eurobands\" \/>\n<meta property=\"og:description\" content=\"General-purpose single-sided tape for binding insulation covers, pipes, and panels. Adheres well to irregular surfaces, hand-tearable.\" \/>\n<meta property=\"og:url\" content=\"https:\/\/eurobands.com\/fr\/produit\/ruban-a-usage-general-06110\/\" \/>\n<meta property=\"og:site_name\" content=\"Eurobands\" \/>\n<meta property=\"article:modified_time\" content=\"2025-01-31T13:31:19+00:00\" \/>\n<meta property=\"og:image\" content=\"https:\/\/eurobands.com\/wp-content\/uploads\/2024\/10\/06110-GR-1024x1024.png\" \/>\n\t<meta property=\"og:image:width\" content=\"1024\" \/>\n\t<meta property=\"og:image:height\" content=\"1024\" \/>\n\t<meta property=\"og:image:type\" content=\"image\/png\" \/>\n<meta name=\"twitter:card\" content=\"summary_large_image\" \/>\n<meta name=\"twitter:label1\" content=\"Dur\u00e9e de lecture est.\" \/>\n\t<meta name=\"twitter:data1\" content=\"1 minute\" \/>\n<script type=\"application\/ld+json\" class=\"yoast-schema-graph\">{\"@context\":\"https:\/\/schema.org\",\"@graph\":[{\"@type\":\"WebPage\",\"@id\":\"https:\/\/eurobands.com\/product\/general-purpose-tape-06110\/\",\"url\":\"https:\/\/eurobands.com\/product\/general-purpose-tape-06110\/\",\"name\":\"General purpose tape - 06110 - Eurobands\",\"isPartOf\":{\"@id\":\"https:\/\/eurobands.com\/#website\"},\"primaryImageOfPage\":{\"@id\":\"https:\/\/eurobands.com\/product\/general-purpose-tape-06110\/#primaryimage\"},\"image\":{\"@id\":\"https:\/\/eurobands.com\/product\/general-purpose-tape-06110\/#primaryimage\"},\"thumbnailUrl\":\"https:\/\/eurobands.com\/wp-content\/uploads\/2024\/10\/06110-GR.png\",\"datePublished\":\"2024-10-25T11:39:32+00:00\",\"dateModified\":\"2025-01-31T13:31:19+00:00\",\"description\":\"General-purpose single-sided tape for binding insulation covers, pipes, and panels. Adheres well to irregular surfaces, hand-tearable.\",\"breadcrumb\":{\"@id\":\"https:\/\/eurobands.com\/product\/general-purpose-tape-06110\/#breadcrumb\"},\"inLanguage\":\"fr-BE\",\"potentialAction\":[{\"@type\":\"ReadAction\",\"target\":[\"https:\/\/eurobands.com\/product\/general-purpose-tape-06110\/\"]}]},{\"@type\":\"ImageObject\",\"inLanguage\":\"fr-BE\",\"@id\":\"https:\/\/eurobands.com\/product\/general-purpose-tape-06110\/#primaryimage\",\"url\":\"https:\/\/eurobands.com\/wp-content\/uploads\/2024\/10\/06110-GR.png\",\"contentUrl\":\"https:\/\/eurobands.com\/wp-content\/uploads\/2024\/10\/06110-GR.png\",\"width\":400,\"height\":400,\"caption\":\"General-purpose single-sided tape for binding insulation covers, pipes and panels. Strong adhesion on irregular surfaces, conformable and hand-tearable.\"},{\"@type\":\"BreadcrumbList\",\"@id\":\"https:\/\/eurobands.com\/product\/general-purpose-tape-06110\/#breadcrumb\",\"itemListElement\":[{\"@type\":\"ListItem\",\"position\":1,\"name\":\"Home\",\"item\":\"https:\/\/eurobands.com\/\"},{\"@type\":\"ListItem\",\"position\":2,\"name\":\"Shop\",\"item\":\"https:\/\/eurobands.com\/shop\/\"},{\"@type\":\"ListItem\",\"position\":3,\"name\":\"General purpose tape &#8211; 06110\"}]},{\"@type\":\"WebSite\",\"@id\":\"https:\/\/eurobands.com\/#website\",\"url\":\"https:\/\/eurobands.com\/\",\"name\":\"Eurobands\",\"description\":\"\",\"publisher\":{\"@id\":\"https:\/\/eurobands.com\/#organization\"},\"potentialAction\":[{\"@type\":\"SearchAction\",\"target\":{\"@type\":\"EntryPoint\",\"urlTemplate\":\"https:\/\/eurobands.com\/?s={search_term_string}\"},\"query-input\":{\"@type\":\"PropertyValueSpecification\",\"valueRequired\":true,\"valueName\":\"search_term_string\"}}],\"inLanguage\":\"fr-BE\"},{\"@type\":\"Organization\",\"@id\":\"https:\/\/eurobands.com\/#organization\",\"name\":\"Eurobands\",\"url\":\"https:\/\/eurobands.com\/\",\"logo\":{\"@type\":\"ImageObject\",\"inLanguage\":\"fr-BE\",\"@id\":\"https:\/\/eurobands.com\/#\/schema\/logo\/image\/\",\"url\":\"https:\/\/eurobands.com\/wp-content\/uploads\/2024\/03\/EUROBANDS-LOGO_RGB.png\",\"contentUrl\":\"https:\/\/eurobands.com\/wp-content\/uploads\/2024\/03\/EUROBANDS-LOGO_RGB.png\",\"width\":12098,\"height\":3014,\"caption\":\"Eurobands\"},\"image\":{\"@id\":\"https:\/\/eurobands.com\/#\/schema\/logo\/image\/\"}}]}<\/script>\n<!-- \/ Yoast SEO plugin. -->","yoast_head_json":{"title":"Ruban \u00e0 usage g\u00e9n\u00e9ral - 06110 - Eurobands","description":"Ruban adh\u00e9sif simple face \u00e0 usage g\u00e9n\u00e9ral pour lier les couvertures d'isolation, les tuyaux et les panneaux. Adh\u00e8re bien aux surfaces irr\u00e9guli\u00e8res, se d\u00e9chire \u00e0 la main.","robots":{"index":"index","follow":"follow","max-snippet":"max-snippet:-1","max-image-preview":"max-image-preview:large","max-video-preview":"max-video-preview:-1"},"canonical":"https:\/\/eurobands.com\/fr\/produit\/ruban-a-usage-general-06110\/","og_locale":"fr_FR","og_type":"article","og_title":"General purpose tape - 06110 - Eurobands","og_description":"General-purpose single-sided tape for binding insulation covers, pipes, and panels. Adheres well to irregular surfaces, hand-tearable.","og_url":"https:\/\/eurobands.com\/fr\/produit\/ruban-a-usage-general-06110\/","og_site_name":"Eurobands","article_modified_time":"2025-01-31T13:31:19+00:00","og_image":[{"width":1024,"height":1024,"url":"https:\/\/eurobands.com\/wp-content\/uploads\/2024\/10\/06110-GR-1024x1024.png","type":"image\/png"}],"twitter_card":"summary_large_image","twitter_misc":{"Dur\u00e9e de lecture est.":"1 minute"},"schema":{"@context":"https:\/\/schema.org","@graph":[{"@type":"WebPage","@id":"https:\/\/eurobands.com\/product\/general-purpose-tape-06110\/","url":"https:\/\/eurobands.com\/product\/general-purpose-tape-06110\/","name":"Ruban \u00e0 usage g\u00e9n\u00e9ral - 06110 - Eurobands","isPartOf":{"@id":"https:\/\/eurobands.com\/#website"},"primaryImageOfPage":{"@id":"https:\/\/eurobands.com\/product\/general-purpose-tape-06110\/#primaryimage"},"image":{"@id":"https:\/\/eurobands.com\/product\/general-purpose-tape-06110\/#primaryimage"},"thumbnailUrl":"https:\/\/eurobands.com\/wp-content\/uploads\/2024\/10\/06110-GR.png","datePublished":"2024-10-25T11:39:32+00:00","dateModified":"2025-01-31T13:31:19+00:00","description":"Ruban adh\u00e9sif simple face \u00e0 usage g\u00e9n\u00e9ral pour lier les couvertures d'isolation, les tuyaux et les panneaux. Adh\u00e8re bien aux surfaces irr\u00e9guli\u00e8res, se d\u00e9chire \u00e0 la main.","breadcrumb":{"@id":"https:\/\/eurobands.com\/product\/general-purpose-tape-06110\/#breadcrumb"},"inLanguage":"fr-BE","potentialAction":[{"@type":"ReadAction","target":["https:\/\/eurobands.com\/product\/general-purpose-tape-06110\/"]}]},{"@type":"ImageObject","inLanguage":"fr-BE","@id":"https:\/\/eurobands.com\/product\/general-purpose-tape-06110\/#primaryimage","url":"https:\/\/eurobands.com\/wp-content\/uploads\/2024\/10\/06110-GR.png","contentUrl":"https:\/\/eurobands.com\/wp-content\/uploads\/2024\/10\/06110-GR.png","width":400,"height":400,"caption":"General-purpose single-sided tape for binding insulation covers, pipes and panels. Strong adhesion on irregular surfaces, conformable and hand-tearable."},{"@type":"BreadcrumbList","@id":"https:\/\/eurobands.com\/product\/general-purpose-tape-06110\/#breadcrumb","itemListElement":[{"@type":"ListItem","position":1,"name":"Home","item":"https:\/\/eurobands.com\/"},{"@type":"ListItem","position":2,"name":"Shop","item":"https:\/\/eurobands.com\/shop\/"},{"@type":"ListItem","position":3,"name":"General purpose tape &#8211; 06110"}]},{"@type":"WebSite","@id":"https:\/\/eurobands.com\/#website","url":"https:\/\/eurobands.com\/","name":"Eurobands","description":"","publisher":{"@id":"https:\/\/eurobands.com\/#organization"},"potentialAction":[{"@type":"SearchAction","target":{"@type":"EntryPoint","urlTemplate":"https:\/\/eurobands.com\/?s={search_term_string}"},"query-input":{"@type":"PropertyValueSpecification","valueRequired":true,"valueName":"search_term_string"}}],"inLanguage":"fr-BE"},{"@type":"Organization","@id":"https:\/\/eurobands.com\/#organization","name":"Eurobands","url":"https:\/\/eurobands.com\/","logo":{"@type":"ImageObject","inLanguage":"fr-BE","@id":"https:\/\/eurobands.com\/#\/schema\/logo\/image\/","url":"https:\/\/eurobands.com\/wp-content\/uploads\/2024\/03\/EUROBANDS-LOGO_RGB.png","contentUrl":"https:\/\/eurobands.com\/wp-content\/uploads\/2024\/03\/EUROBANDS-LOGO_RGB.png","width":12098,"height":3014,"caption":"Eurobands"},"image":{"@id":"https:\/\/eurobands.com\/#\/schema\/logo\/image\/"}}]}},"_links":{"self":[{"href":"https:\/\/eurobands.com\/fr\/wp-json\/wp\/v2\/product\/1213","targetHints":{"allow":["GET"]}}],"collection":[{"href":"https:\/\/eurobands.com\/fr\/wp-json\/wp\/v2\/product"}],"about":[{"href":"https:\/\/eurobands.com\/fr\/wp-json\/wp\/v2\/types\/product"}],"replies":[{"embeddable":true,"href":"https:\/\/eurobands.com\/fr\/wp-json\/wp\/v2\/comments?post=1213"}],"wp:featuredmedia":[{"embeddable":true,"href":"https:\/\/eurobands.com\/fr\/wp-json\/wp\/v2\/media\/1236"}],"wp:attachment":[{"href":"https:\/\/eurobands.com\/fr\/wp-json\/wp\/v2\/media?parent=1213"}],"wp:term":[{"taxonomy":"product_cat","embeddable":true,"href":"https:\/\/eurobands.com\/fr\/wp-json\/wp\/v2\/product_cat?post=1213"},{"taxonomy":"product_tag","embeddable":true,"href":"https:\/\/eurobands.com\/fr\/wp-json\/wp\/v2\/product_tag?post=1213"}],"curies":[{"name":"wp","href":"https:\/\/api.w.org\/{rel}","templated":true}]}}