{"id":1212,"date":"2024-10-25T11:39:32","date_gmt":"2024-10-25T11:39:32","guid":{"rendered":"https:\/\/eurobands.com\/?post_type=product&#038;p=1212"},"modified":"2025-01-31T13:31:37","modified_gmt":"2025-01-31T13:31:37","slug":"rubans-en-pet-37418-37419","status":"publish","type":"product","link":"https:\/\/eurobands.com\/fr\/product\/pet-tapes-37418-37419\/","title":{"rendered":"Rubans PET - 37418 \/37419"},"content":{"rendered":"<p>Rubans PET utilis\u00e9s lorsqu'une liaison permanente avec le substrat primaire est n\u00e9cessaire, avec une liaison \"post-note\" \u00e0 faible adh\u00e9rence avec l'autre substrat.<br \/>\nConvient \u00e0 la fixation d'une vari\u00e9t\u00e9 de mat\u00e9riaux, lorsqu'un enl\u00e8vement sans r\u00e9sidus est n\u00e9cessaire<br \/>\n37418 r\u00e9f. a une force d'adh\u00e9sion tr\u00e8s faible<\/p>","protected":false},"excerpt":{"rendered":"<p>PET tapes used where a permanent bond to the primary substrate is required, with a \u00abpost-note\u00bb low tack bond to the other substrate Suitable for the attachment of a variety of materials, when residueless removal is required 37418 ref. has very low adhesion force<\/p>","protected":false},"featured_media":1235,"comment_status":"open","ping_status":"closed","template":"","meta":[],"product_cat":[31],"product_tag":[],"class_list":{"0":"post-1212","1":"product","2":"type-product","3":"status-publish","4":"has-post-thumbnail","6":"product_cat-assembly","8":"first","9":"instock","10":"shipping-taxable","11":"product-type-simple"},"yoast_head":"<!-- This site is optimized with the Yoast SEO plugin v26.1.1 - https:\/\/yoast.com\/wordpress\/plugins\/seo\/ -->\n<title>PET tapes - 37418 \/37419 - Eurobands<\/title>\n<meta name=\"description\" content=\"PET tapes for permanent bonding to one substrate and low-tack bond for residue-free removal from another. Ideal for attaching materials when clean removal is needed.\" \/>\n<meta name=\"robots\" content=\"index, follow, max-snippet:-1, max-image-preview:large, max-video-preview:-1\" \/>\n<link rel=\"canonical\" href=\"https:\/\/eurobands.com\/fr\/produit\/rubans-en-pet-37418-37419\/\" \/>\n<meta property=\"og:locale\" content=\"fr_FR\" \/>\n<meta property=\"og:type\" content=\"article\" \/>\n<meta property=\"og:title\" content=\"PET tapes - 37418 \/37419 - Eurobands\" \/>\n<meta property=\"og:description\" content=\"PET tapes for permanent bonding to one substrate and low-tack bond for residue-free removal from another. Ideal for attaching materials when clean removal is needed.\" \/>\n<meta property=\"og:url\" content=\"https:\/\/eurobands.com\/fr\/produit\/rubans-en-pet-37418-37419\/\" \/>\n<meta property=\"og:site_name\" content=\"Eurobands\" \/>\n<meta property=\"article:modified_time\" content=\"2025-01-31T13:31:37+00:00\" \/>\n<meta property=\"og:image\" content=\"https:\/\/eurobands.com\/wp-content\/uploads\/2024\/10\/37418-1024x1024.png\" \/>\n\t<meta property=\"og:image:width\" content=\"1024\" \/>\n\t<meta property=\"og:image:height\" content=\"1024\" \/>\n\t<meta property=\"og:image:type\" content=\"image\/png\" \/>\n<meta name=\"twitter:card\" content=\"summary_large_image\" \/>\n<meta name=\"twitter:label1\" content=\"Dur\u00e9e de lecture est.\" \/>\n\t<meta name=\"twitter:data1\" content=\"1 minute\" \/>\n<script type=\"application\/ld+json\" class=\"yoast-schema-graph\">{\"@context\":\"https:\/\/schema.org\",\"@graph\":[{\"@type\":\"WebPage\",\"@id\":\"https:\/\/eurobands.com\/product\/pet-tapes-37418-37419\/\",\"url\":\"https:\/\/eurobands.com\/product\/pet-tapes-37418-37419\/\",\"name\":\"PET tapes - 37418 \/37419 - Eurobands\",\"isPartOf\":{\"@id\":\"https:\/\/eurobands.com\/#website\"},\"primaryImageOfPage\":{\"@id\":\"https:\/\/eurobands.com\/product\/pet-tapes-37418-37419\/#primaryimage\"},\"image\":{\"@id\":\"https:\/\/eurobands.com\/product\/pet-tapes-37418-37419\/#primaryimage\"},\"thumbnailUrl\":\"https:\/\/eurobands.com\/wp-content\/uploads\/2024\/10\/37418.png\",\"datePublished\":\"2024-10-25T11:39:32+00:00\",\"dateModified\":\"2025-01-31T13:31:37+00:00\",\"description\":\"PET tapes for permanent bonding to one substrate and low-tack bond for residue-free removal from another. Ideal for attaching materials when clean removal is needed.\",\"breadcrumb\":{\"@id\":\"https:\/\/eurobands.com\/product\/pet-tapes-37418-37419\/#breadcrumb\"},\"inLanguage\":\"fr-BE\",\"potentialAction\":[{\"@type\":\"ReadAction\",\"target\":[\"https:\/\/eurobands.com\/product\/pet-tapes-37418-37419\/\"]}]},{\"@type\":\"ImageObject\",\"inLanguage\":\"fr-BE\",\"@id\":\"https:\/\/eurobands.com\/product\/pet-tapes-37418-37419\/#primaryimage\",\"url\":\"https:\/\/eurobands.com\/wp-content\/uploads\/2024\/10\/37418.png\",\"contentUrl\":\"https:\/\/eurobands.com\/wp-content\/uploads\/2024\/10\/37418.png\",\"width\":400,\"height\":400,\"caption\":\"Dual-adhesion tape for permanent bonding on primary substrates with low tack, Post-it style removability on secondary surfaces. Model 37418, very low adhesion.\"},{\"@type\":\"BreadcrumbList\",\"@id\":\"https:\/\/eurobands.com\/product\/pet-tapes-37418-37419\/#breadcrumb\",\"itemListElement\":[{\"@type\":\"ListItem\",\"position\":1,\"name\":\"Home\",\"item\":\"https:\/\/eurobands.com\/\"},{\"@type\":\"ListItem\",\"position\":2,\"name\":\"Shop\",\"item\":\"https:\/\/eurobands.com\/shop\/\"},{\"@type\":\"ListItem\",\"position\":3,\"name\":\"PET tapes &#8211; 37418 \/37419\"}]},{\"@type\":\"WebSite\",\"@id\":\"https:\/\/eurobands.com\/#website\",\"url\":\"https:\/\/eurobands.com\/\",\"name\":\"Eurobands\",\"description\":\"\",\"publisher\":{\"@id\":\"https:\/\/eurobands.com\/#organization\"},\"potentialAction\":[{\"@type\":\"SearchAction\",\"target\":{\"@type\":\"EntryPoint\",\"urlTemplate\":\"https:\/\/eurobands.com\/?s={search_term_string}\"},\"query-input\":{\"@type\":\"PropertyValueSpecification\",\"valueRequired\":true,\"valueName\":\"search_term_string\"}}],\"inLanguage\":\"fr-BE\"},{\"@type\":\"Organization\",\"@id\":\"https:\/\/eurobands.com\/#organization\",\"name\":\"Eurobands\",\"url\":\"https:\/\/eurobands.com\/\",\"logo\":{\"@type\":\"ImageObject\",\"inLanguage\":\"fr-BE\",\"@id\":\"https:\/\/eurobands.com\/#\/schema\/logo\/image\/\",\"url\":\"https:\/\/eurobands.com\/wp-content\/uploads\/2024\/03\/EUROBANDS-LOGO_RGB.png\",\"contentUrl\":\"https:\/\/eurobands.com\/wp-content\/uploads\/2024\/03\/EUROBANDS-LOGO_RGB.png\",\"width\":12098,\"height\":3014,\"caption\":\"Eurobands\"},\"image\":{\"@id\":\"https:\/\/eurobands.com\/#\/schema\/logo\/image\/\"}}]}<\/script>\n<!-- \/ Yoast SEO plugin. -->","yoast_head_json":{"title":"Rubans PET - 37418 \/37419 - Eurobands","description":"Rubans en PET pour un collage permanent sur un substrat et un collage \u00e0 faible adh\u00e9rence pour un retrait sans r\u00e9sidu d'un autre substrat. Id\u00e9al pour fixer des mat\u00e9riaux lorsqu'il est n\u00e9cessaire de les retirer proprement.","robots":{"index":"index","follow":"follow","max-snippet":"max-snippet:-1","max-image-preview":"max-image-preview:large","max-video-preview":"max-video-preview:-1"},"canonical":"https:\/\/eurobands.com\/fr\/produit\/rubans-en-pet-37418-37419\/","og_locale":"fr_FR","og_type":"article","og_title":"PET tapes - 37418 \/37419 - Eurobands","og_description":"PET tapes for permanent bonding to one substrate and low-tack bond for residue-free removal from another. Ideal for attaching materials when clean removal is needed.","og_url":"https:\/\/eurobands.com\/fr\/produit\/rubans-en-pet-37418-37419\/","og_site_name":"Eurobands","article_modified_time":"2025-01-31T13:31:37+00:00","og_image":[{"width":1024,"height":1024,"url":"https:\/\/eurobands.com\/wp-content\/uploads\/2024\/10\/37418-1024x1024.png","type":"image\/png"}],"twitter_card":"summary_large_image","twitter_misc":{"Dur\u00e9e de lecture est.":"1 minute"},"schema":{"@context":"https:\/\/schema.org","@graph":[{"@type":"WebPage","@id":"https:\/\/eurobands.com\/product\/pet-tapes-37418-37419\/","url":"https:\/\/eurobands.com\/product\/pet-tapes-37418-37419\/","name":"Rubans PET - 37418 \/37419 - Eurobands","isPartOf":{"@id":"https:\/\/eurobands.com\/#website"},"primaryImageOfPage":{"@id":"https:\/\/eurobands.com\/product\/pet-tapes-37418-37419\/#primaryimage"},"image":{"@id":"https:\/\/eurobands.com\/product\/pet-tapes-37418-37419\/#primaryimage"},"thumbnailUrl":"https:\/\/eurobands.com\/wp-content\/uploads\/2024\/10\/37418.png","datePublished":"2024-10-25T11:39:32+00:00","dateModified":"2025-01-31T13:31:37+00:00","description":"Rubans en PET pour un collage permanent sur un substrat et un collage \u00e0 faible adh\u00e9rence pour un retrait sans r\u00e9sidu d'un autre substrat. Id\u00e9al pour fixer des mat\u00e9riaux lorsqu'il est n\u00e9cessaire de les retirer proprement.","breadcrumb":{"@id":"https:\/\/eurobands.com\/product\/pet-tapes-37418-37419\/#breadcrumb"},"inLanguage":"fr-BE","potentialAction":[{"@type":"ReadAction","target":["https:\/\/eurobands.com\/product\/pet-tapes-37418-37419\/"]}]},{"@type":"ImageObject","inLanguage":"fr-BE","@id":"https:\/\/eurobands.com\/product\/pet-tapes-37418-37419\/#primaryimage","url":"https:\/\/eurobands.com\/wp-content\/uploads\/2024\/10\/37418.png","contentUrl":"https:\/\/eurobands.com\/wp-content\/uploads\/2024\/10\/37418.png","width":400,"height":400,"caption":"Dual-adhesion tape for permanent bonding on primary substrates with low tack, Post-it style removability on secondary surfaces. Model 37418, very low adhesion."},{"@type":"BreadcrumbList","@id":"https:\/\/eurobands.com\/product\/pet-tapes-37418-37419\/#breadcrumb","itemListElement":[{"@type":"ListItem","position":1,"name":"Home","item":"https:\/\/eurobands.com\/"},{"@type":"ListItem","position":2,"name":"Shop","item":"https:\/\/eurobands.com\/shop\/"},{"@type":"ListItem","position":3,"name":"PET tapes &#8211; 37418 \/37419"}]},{"@type":"WebSite","@id":"https:\/\/eurobands.com\/#website","url":"https:\/\/eurobands.com\/","name":"Eurobands","description":"","publisher":{"@id":"https:\/\/eurobands.com\/#organization"},"potentialAction":[{"@type":"SearchAction","target":{"@type":"EntryPoint","urlTemplate":"https:\/\/eurobands.com\/?s={search_term_string}"},"query-input":{"@type":"PropertyValueSpecification","valueRequired":true,"valueName":"search_term_string"}}],"inLanguage":"fr-BE"},{"@type":"Organization","@id":"https:\/\/eurobands.com\/#organization","name":"Eurobands","url":"https:\/\/eurobands.com\/","logo":{"@type":"ImageObject","inLanguage":"fr-BE","@id":"https:\/\/eurobands.com\/#\/schema\/logo\/image\/","url":"https:\/\/eurobands.com\/wp-content\/uploads\/2024\/03\/EUROBANDS-LOGO_RGB.png","contentUrl":"https:\/\/eurobands.com\/wp-content\/uploads\/2024\/03\/EUROBANDS-LOGO_RGB.png","width":12098,"height":3014,"caption":"Eurobands"},"image":{"@id":"https:\/\/eurobands.com\/#\/schema\/logo\/image\/"}}]}},"_links":{"self":[{"href":"https:\/\/eurobands.com\/fr\/wp-json\/wp\/v2\/product\/1212","targetHints":{"allow":["GET"]}}],"collection":[{"href":"https:\/\/eurobands.com\/fr\/wp-json\/wp\/v2\/product"}],"about":[{"href":"https:\/\/eurobands.com\/fr\/wp-json\/wp\/v2\/types\/product"}],"replies":[{"embeddable":true,"href":"https:\/\/eurobands.com\/fr\/wp-json\/wp\/v2\/comments?post=1212"}],"wp:featuredmedia":[{"embeddable":true,"href":"https:\/\/eurobands.com\/fr\/wp-json\/wp\/v2\/media\/1235"}],"wp:attachment":[{"href":"https:\/\/eurobands.com\/fr\/wp-json\/wp\/v2\/media?parent=1212"}],"wp:term":[{"taxonomy":"product_cat","embeddable":true,"href":"https:\/\/eurobands.com\/fr\/wp-json\/wp\/v2\/product_cat?post=1212"},{"taxonomy":"product_tag","embeddable":true,"href":"https:\/\/eurobands.com\/fr\/wp-json\/wp\/v2\/product_tag?post=1212"}],"curies":[{"name":"wp","href":"https:\/\/api.w.org\/{rel}","templated":true}]}}