{"id":1211,"date":"2024-10-25T11:39:32","date_gmt":"2024-10-25T11:39:32","guid":{"rendered":"https:\/\/eurobands.com\/?post_type=product&#038;p=1211"},"modified":"2025-01-31T13:31:51","modified_gmt":"2025-01-31T13:31:51","slug":"rubans-en-papier-de-soie-non-tisse-34408","status":"publish","type":"product","link":"https:\/\/eurobands.com\/fr\/product\/non-woven-tissue-paper-tapes-34408\/","title":{"rendered":"Rubans de papier de soie non tiss\u00e9 - 34408"},"content":{"rendered":"<p>Rubans en papier de soie non tiss\u00e9 avec une excellente force d'adh\u00e9sion et une force de r\u00e9tention \u00e9lev\u00e9e, ce qui fournit de bonnes caract\u00e9ristiques adh\u00e9sives pour diverses applications de maintien et de laminage.<br \/>\nUtilis\u00e9 pour coller des surfaces recouvertes d'un film ou vernies lorsqu'un collage solide et permanent est n\u00e9cessaire, par exemple dans les calendriers.<\/p>","protected":false},"excerpt":{"rendered":"<p>Rubans en papier de soie non tiss\u00e9 dot\u00e9s d'une excellente force d'adh\u00e9rence et d'une force de r\u00e9tention \u00e9lev\u00e9e, ce qui leur conf\u00e8re de bonnes caract\u00e9ristiques adh\u00e9sives pour diverses applications de maintien et de contrecollage. Utilis\u00e9 pour coller des surfaces recouvertes d'un film ou vernies lorsqu'un collage solide et permanent est n\u00e9cessaire, par exemple dans les calendriers.<\/p>","protected":false},"featured_media":1234,"comment_status":"open","ping_status":"closed","template":"","meta":[],"product_cat":[31],"product_tag":[],"class_list":{"0":"post-1211","1":"product","2":"type-product","3":"status-publish","4":"has-post-thumbnail","6":"product_cat-assembly","8":"first","9":"instock","10":"shipping-taxable","11":"product-type-simple"},"yoast_head":"<!-- This site is optimized with the Yoast SEO plugin v26.1.1 - https:\/\/yoast.com\/wordpress\/plugins\/seo\/ -->\n<title>Non woven tissue paper tapes - 34408 - Eurobands<\/title>\n<meta name=\"description\" content=\"Non-woven tissue tapes with strong adhesion and retention, ideal for holding and laminating film-coated or varnished surfaces, e.g., calendars.\" \/>\n<meta name=\"robots\" content=\"index, follow, max-snippet:-1, max-image-preview:large, max-video-preview:-1\" \/>\n<link rel=\"canonical\" href=\"https:\/\/eurobands.com\/fr\/produit\/rubans-en-papier-de-soie-non-tisse-34408\/\" \/>\n<meta property=\"og:locale\" content=\"fr_FR\" \/>\n<meta property=\"og:type\" content=\"article\" \/>\n<meta property=\"og:title\" content=\"Non woven tissue paper tapes - 34408 - Eurobands\" \/>\n<meta property=\"og:description\" content=\"Non-woven tissue tapes with strong adhesion and retention, ideal for holding and laminating film-coated or varnished surfaces, e.g., calendars.\" \/>\n<meta property=\"og:url\" content=\"https:\/\/eurobands.com\/fr\/produit\/rubans-en-papier-de-soie-non-tisse-34408\/\" \/>\n<meta property=\"og:site_name\" content=\"Eurobands\" \/>\n<meta property=\"article:modified_time\" content=\"2025-01-31T13:31:51+00:00\" \/>\n<meta property=\"og:image\" content=\"https:\/\/eurobands.com\/wp-content\/uploads\/2024\/10\/34408.png\" \/>\n\t<meta property=\"og:image:width\" content=\"1600\" \/>\n\t<meta property=\"og:image:height\" content=\"1600\" \/>\n\t<meta property=\"og:image:type\" content=\"image\/png\" \/>\n<meta name=\"twitter:card\" content=\"summary_large_image\" \/>\n<meta name=\"twitter:label1\" content=\"Dur\u00e9e de lecture est.\" \/>\n\t<meta name=\"twitter:data1\" content=\"1 minute\" \/>\n<script type=\"application\/ld+json\" class=\"yoast-schema-graph\">{\"@context\":\"https:\/\/schema.org\",\"@graph\":[{\"@type\":\"WebPage\",\"@id\":\"https:\/\/eurobands.com\/product\/non-woven-tissue-paper-tapes-34408\/\",\"url\":\"https:\/\/eurobands.com\/product\/non-woven-tissue-paper-tapes-34408\/\",\"name\":\"Non woven tissue paper tapes - 34408 - Eurobands\",\"isPartOf\":{\"@id\":\"https:\/\/eurobands.com\/#website\"},\"primaryImageOfPage\":{\"@id\":\"https:\/\/eurobands.com\/product\/non-woven-tissue-paper-tapes-34408\/#primaryimage\"},\"image\":{\"@id\":\"https:\/\/eurobands.com\/product\/non-woven-tissue-paper-tapes-34408\/#primaryimage\"},\"thumbnailUrl\":\"https:\/\/eurobands.com\/wp-content\/uploads\/2024\/10\/34408.png\",\"datePublished\":\"2024-10-25T11:39:32+00:00\",\"dateModified\":\"2025-01-31T13:31:51+00:00\",\"description\":\"Non-woven tissue tapes with strong adhesion and retention, ideal for holding and laminating film-coated or varnished surfaces, e.g., calendars.\",\"breadcrumb\":{\"@id\":\"https:\/\/eurobands.com\/product\/non-woven-tissue-paper-tapes-34408\/#breadcrumb\"},\"inLanguage\":\"fr-BE\",\"potentialAction\":[{\"@type\":\"ReadAction\",\"target\":[\"https:\/\/eurobands.com\/product\/non-woven-tissue-paper-tapes-34408\/\"]}]},{\"@type\":\"ImageObject\",\"inLanguage\":\"fr-BE\",\"@id\":\"https:\/\/eurobands.com\/product\/non-woven-tissue-paper-tapes-34408\/#primaryimage\",\"url\":\"https:\/\/eurobands.com\/wp-content\/uploads\/2024\/10\/34408.png\",\"contentUrl\":\"https:\/\/eurobands.com\/wp-content\/uploads\/2024\/10\/34408.png\",\"width\":400,\"height\":400,\"caption\":\"High-temperature release tape for packaging, plastics and composites. Ideal for mold release films and roller covering applications.\"},{\"@type\":\"BreadcrumbList\",\"@id\":\"https:\/\/eurobands.com\/product\/non-woven-tissue-paper-tapes-34408\/#breadcrumb\",\"itemListElement\":[{\"@type\":\"ListItem\",\"position\":1,\"name\":\"Home\",\"item\":\"https:\/\/eurobands.com\/\"},{\"@type\":\"ListItem\",\"position\":2,\"name\":\"Shop\",\"item\":\"https:\/\/eurobands.com\/shop\/\"},{\"@type\":\"ListItem\",\"position\":3,\"name\":\"Non woven tissue paper tapes &#8211; 34408\"}]},{\"@type\":\"WebSite\",\"@id\":\"https:\/\/eurobands.com\/#website\",\"url\":\"https:\/\/eurobands.com\/\",\"name\":\"Eurobands\",\"description\":\"\",\"publisher\":{\"@id\":\"https:\/\/eurobands.com\/#organization\"},\"potentialAction\":[{\"@type\":\"SearchAction\",\"target\":{\"@type\":\"EntryPoint\",\"urlTemplate\":\"https:\/\/eurobands.com\/?s={search_term_string}\"},\"query-input\":{\"@type\":\"PropertyValueSpecification\",\"valueRequired\":true,\"valueName\":\"search_term_string\"}}],\"inLanguage\":\"fr-BE\"},{\"@type\":\"Organization\",\"@id\":\"https:\/\/eurobands.com\/#organization\",\"name\":\"Eurobands\",\"url\":\"https:\/\/eurobands.com\/\",\"logo\":{\"@type\":\"ImageObject\",\"inLanguage\":\"fr-BE\",\"@id\":\"https:\/\/eurobands.com\/#\/schema\/logo\/image\/\",\"url\":\"https:\/\/eurobands.com\/wp-content\/uploads\/2024\/03\/EUROBANDS-LOGO_RGB.png\",\"contentUrl\":\"https:\/\/eurobands.com\/wp-content\/uploads\/2024\/03\/EUROBANDS-LOGO_RGB.png\",\"width\":12098,\"height\":3014,\"caption\":\"Eurobands\"},\"image\":{\"@id\":\"https:\/\/eurobands.com\/#\/schema\/logo\/image\/\"}}]}<\/script>\n<!-- \/ Yoast SEO plugin. -->","yoast_head_json":{"title":"Rubans en papier de soie non tiss\u00e9 - 34408 - Eurobands","description":"Rubans en tissu non tiss\u00e9 \u00e0 forte adh\u00e9rence et r\u00e9tention, id\u00e9aux pour maintenir et laminer des surfaces recouvertes d'un film ou vernies, par exemple des calendriers.","robots":{"index":"index","follow":"follow","max-snippet":"max-snippet:-1","max-image-preview":"max-image-preview:large","max-video-preview":"max-video-preview:-1"},"canonical":"https:\/\/eurobands.com\/fr\/produit\/rubans-en-papier-de-soie-non-tisse-34408\/","og_locale":"fr_FR","og_type":"article","og_title":"Non woven tissue paper tapes - 34408 - Eurobands","og_description":"Non-woven tissue tapes with strong adhesion and retention, ideal for holding and laminating film-coated or varnished surfaces, e.g., calendars.","og_url":"https:\/\/eurobands.com\/fr\/produit\/rubans-en-papier-de-soie-non-tisse-34408\/","og_site_name":"Eurobands","article_modified_time":"2025-01-31T13:31:51+00:00","og_image":[{"width":1600,"height":1600,"url":"https:\/\/eurobands.com\/wp-content\/uploads\/2024\/10\/34408.png","type":"image\/png"}],"twitter_card":"summary_large_image","twitter_misc":{"Dur\u00e9e de lecture est.":"1 minute"},"schema":{"@context":"https:\/\/schema.org","@graph":[{"@type":"WebPage","@id":"https:\/\/eurobands.com\/product\/non-woven-tissue-paper-tapes-34408\/","url":"https:\/\/eurobands.com\/product\/non-woven-tissue-paper-tapes-34408\/","name":"Rubans en papier de soie non tiss\u00e9 - 34408 - Eurobands","isPartOf":{"@id":"https:\/\/eurobands.com\/#website"},"primaryImageOfPage":{"@id":"https:\/\/eurobands.com\/product\/non-woven-tissue-paper-tapes-34408\/#primaryimage"},"image":{"@id":"https:\/\/eurobands.com\/product\/non-woven-tissue-paper-tapes-34408\/#primaryimage"},"thumbnailUrl":"https:\/\/eurobands.com\/wp-content\/uploads\/2024\/10\/34408.png","datePublished":"2024-10-25T11:39:32+00:00","dateModified":"2025-01-31T13:31:51+00:00","description":"Rubans en tissu non tiss\u00e9 \u00e0 forte adh\u00e9rence et r\u00e9tention, id\u00e9aux pour maintenir et laminer des surfaces recouvertes d'un film ou vernies, par exemple des calendriers.","breadcrumb":{"@id":"https:\/\/eurobands.com\/product\/non-woven-tissue-paper-tapes-34408\/#breadcrumb"},"inLanguage":"fr-BE","potentialAction":[{"@type":"ReadAction","target":["https:\/\/eurobands.com\/product\/non-woven-tissue-paper-tapes-34408\/"]}]},{"@type":"ImageObject","inLanguage":"fr-BE","@id":"https:\/\/eurobands.com\/product\/non-woven-tissue-paper-tapes-34408\/#primaryimage","url":"https:\/\/eurobands.com\/wp-content\/uploads\/2024\/10\/34408.png","contentUrl":"https:\/\/eurobands.com\/wp-content\/uploads\/2024\/10\/34408.png","width":400,"height":400,"caption":"High-temperature release tape for packaging, plastics and composites. Ideal for mold release films and roller covering applications."},{"@type":"BreadcrumbList","@id":"https:\/\/eurobands.com\/product\/non-woven-tissue-paper-tapes-34408\/#breadcrumb","itemListElement":[{"@type":"ListItem","position":1,"name":"Home","item":"https:\/\/eurobands.com\/"},{"@type":"ListItem","position":2,"name":"Shop","item":"https:\/\/eurobands.com\/shop\/"},{"@type":"ListItem","position":3,"name":"Non woven tissue paper tapes &#8211; 34408"}]},{"@type":"WebSite","@id":"https:\/\/eurobands.com\/#website","url":"https:\/\/eurobands.com\/","name":"Eurobands","description":"","publisher":{"@id":"https:\/\/eurobands.com\/#organization"},"potentialAction":[{"@type":"SearchAction","target":{"@type":"EntryPoint","urlTemplate":"https:\/\/eurobands.com\/?s={search_term_string}"},"query-input":{"@type":"PropertyValueSpecification","valueRequired":true,"valueName":"search_term_string"}}],"inLanguage":"fr-BE"},{"@type":"Organization","@id":"https:\/\/eurobands.com\/#organization","name":"Eurobands","url":"https:\/\/eurobands.com\/","logo":{"@type":"ImageObject","inLanguage":"fr-BE","@id":"https:\/\/eurobands.com\/#\/schema\/logo\/image\/","url":"https:\/\/eurobands.com\/wp-content\/uploads\/2024\/03\/EUROBANDS-LOGO_RGB.png","contentUrl":"https:\/\/eurobands.com\/wp-content\/uploads\/2024\/03\/EUROBANDS-LOGO_RGB.png","width":12098,"height":3014,"caption":"Eurobands"},"image":{"@id":"https:\/\/eurobands.com\/#\/schema\/logo\/image\/"}}]}},"_links":{"self":[{"href":"https:\/\/eurobands.com\/fr\/wp-json\/wp\/v2\/product\/1211","targetHints":{"allow":["GET"]}}],"collection":[{"href":"https:\/\/eurobands.com\/fr\/wp-json\/wp\/v2\/product"}],"about":[{"href":"https:\/\/eurobands.com\/fr\/wp-json\/wp\/v2\/types\/product"}],"replies":[{"embeddable":true,"href":"https:\/\/eurobands.com\/fr\/wp-json\/wp\/v2\/comments?post=1211"}],"wp:featuredmedia":[{"embeddable":true,"href":"https:\/\/eurobands.com\/fr\/wp-json\/wp\/v2\/media\/1234"}],"wp:attachment":[{"href":"https:\/\/eurobands.com\/fr\/wp-json\/wp\/v2\/media?parent=1211"}],"wp:term":[{"taxonomy":"product_cat","embeddable":true,"href":"https:\/\/eurobands.com\/fr\/wp-json\/wp\/v2\/product_cat?post=1211"},{"taxonomy":"product_tag","embeddable":true,"href":"https:\/\/eurobands.com\/fr\/wp-json\/wp\/v2\/product_tag?post=1211"}],"curies":[{"name":"wp","href":"https:\/\/api.w.org\/{rel}","templated":true}]}}