{"id":1200,"date":"2024-10-25T11:39:33","date_gmt":"2024-10-25T11:39:33","guid":{"rendered":"https:\/\/eurobands.com\/?post_type=product&#038;p=1200"},"modified":"2024-10-25T11:39:33","modified_gmt":"2024-10-25T11:39:33","slug":"253-200","status":"publish","type":"product","link":"https:\/\/eurobands.com\/fr\/product\/253-200\/","title":{"rendered":"253-200"},"content":{"rendered":"<p>Ruban d'\u00e9tanch\u00e9it\u00e9 autocollant, \u00e0 cellules ferm\u00e9es, isolant contre l'air, l'eau, la poussi\u00e8re, le smog, les bruits, les vibrations et la corrosion.<br \/>\nTr\u00e8s bonne r\u00e9sistance au vieillissement, tr\u00e8s bonne r\u00e9sistance aux vapeurs, acides, alcalis, huiles...<br \/>\nRetour rapide apr\u00e8s compression<br \/>\nDensit\u00e9 de la mousse 200 kg\/m3<\/p>","protected":false},"excerpt":{"rendered":"<p>Bande d'\u00e9tanch\u00e9it\u00e9 autocollante \u00e0 cellules ferm\u00e9es, isolante contre l'air, l'eau, la poussi\u00e8re, le smog, les bruits, les vibrations et la corrosion Tr\u00e8s bonne r\u00e9sistance au vieillissement, tr\u00e8s bonne r\u00e9sistance aux vapeurs, acides, alcalis, huiles... Retour rapide apr\u00e8s compression Densit\u00e9 de la mousse 200 kg\/m3<\/p>","protected":false},"featured_media":1223,"comment_status":"open","ping_status":"closed","template":"","meta":[],"product_cat":[28],"product_tag":[],"class_list":{"0":"post-1200","1":"product","2":"type-product","3":"status-publish","4":"has-post-thumbnail","6":"product_cat-sealing","8":"first","9":"instock","10":"shipping-taxable","11":"product-type-simple"},"yoast_head":"<!-- This site is optimized with the Yoast SEO plugin v26.1.1 - https:\/\/yoast.com\/wordpress\/plugins\/seo\/ -->\n<title>253-200 - Eurobands<\/title>\n<meta name=\"robots\" content=\"index, follow, max-snippet:-1, max-image-preview:large, max-video-preview:-1\" \/>\n<link rel=\"canonical\" href=\"https:\/\/eurobands.com\/fr\/produit\/253-200\/\" \/>\n<meta property=\"og:locale\" content=\"fr_FR\" \/>\n<meta property=\"og:type\" content=\"article\" \/>\n<meta property=\"og:title\" content=\"253-200 - Eurobands\" \/>\n<meta property=\"og:description\" content=\"Self-adhesive sealing gasket tape, with closed cells, insulating against air, water, dust, smog, noises, vibrations and corrosion Very good aging resistance, very good resistance against vapors, acid, alkali, oils&#8230; Quick return after compression Foam density 200 kg\/m3\" \/>\n<meta property=\"og:url\" content=\"https:\/\/eurobands.com\/fr\/produit\/253-200\/\" \/>\n<meta property=\"og:site_name\" content=\"Eurobands\" \/>\n<meta property=\"og:image\" content=\"https:\/\/eurobands.com\/wp-content\/uploads\/2024\/10\/253-XX-1024x1024.png\" \/>\n\t<meta property=\"og:image:width\" content=\"1024\" \/>\n\t<meta property=\"og:image:height\" content=\"1024\" \/>\n\t<meta property=\"og:image:type\" content=\"image\/png\" \/>\n<meta name=\"twitter:card\" content=\"summary_large_image\" \/>\n<script type=\"application\/ld+json\" class=\"yoast-schema-graph\">{\"@context\":\"https:\/\/schema.org\",\"@graph\":[{\"@type\":\"WebPage\",\"@id\":\"https:\/\/eurobands.com\/product\/253-200\/\",\"url\":\"https:\/\/eurobands.com\/product\/253-200\/\",\"name\":\"253-200 - Eurobands\",\"isPartOf\":{\"@id\":\"https:\/\/eurobands.com\/#website\"},\"primaryImageOfPage\":{\"@id\":\"https:\/\/eurobands.com\/product\/253-200\/#primaryimage\"},\"image\":{\"@id\":\"https:\/\/eurobands.com\/product\/253-200\/#primaryimage\"},\"thumbnailUrl\":\"https:\/\/eurobands.com\/wp-content\/uploads\/2024\/10\/253-XX.png\",\"datePublished\":\"2024-10-25T11:39:33+00:00\",\"breadcrumb\":{\"@id\":\"https:\/\/eurobands.com\/product\/253-200\/#breadcrumb\"},\"inLanguage\":\"fr-BE\",\"potentialAction\":[{\"@type\":\"ReadAction\",\"target\":[\"https:\/\/eurobands.com\/product\/253-200\/\"]}]},{\"@type\":\"ImageObject\",\"inLanguage\":\"fr-BE\",\"@id\":\"https:\/\/eurobands.com\/product\/253-200\/#primaryimage\",\"url\":\"https:\/\/eurobands.com\/wp-content\/uploads\/2024\/10\/253-XX.png\",\"contentUrl\":\"https:\/\/eurobands.com\/wp-content\/uploads\/2024\/10\/253-XX.png\",\"width\":400,\"height\":400,\"caption\":\"Self-adhesive sealing gasket tape with closed-cell foam, 200 kg\/m\u00b3 density. Insulates against air, water, dust, noise and corrosion, with excellent durability.\"},{\"@type\":\"BreadcrumbList\",\"@id\":\"https:\/\/eurobands.com\/product\/253-200\/#breadcrumb\",\"itemListElement\":[{\"@type\":\"ListItem\",\"position\":1,\"name\":\"Home\",\"item\":\"https:\/\/eurobands.com\/\"},{\"@type\":\"ListItem\",\"position\":2,\"name\":\"Shop\",\"item\":\"https:\/\/eurobands.com\/shop\/\"},{\"@type\":\"ListItem\",\"position\":3,\"name\":\"253-200\"}]},{\"@type\":\"WebSite\",\"@id\":\"https:\/\/eurobands.com\/#website\",\"url\":\"https:\/\/eurobands.com\/\",\"name\":\"Eurobands\",\"description\":\"\",\"publisher\":{\"@id\":\"https:\/\/eurobands.com\/#organization\"},\"potentialAction\":[{\"@type\":\"SearchAction\",\"target\":{\"@type\":\"EntryPoint\",\"urlTemplate\":\"https:\/\/eurobands.com\/?s={search_term_string}\"},\"query-input\":{\"@type\":\"PropertyValueSpecification\",\"valueRequired\":true,\"valueName\":\"search_term_string\"}}],\"inLanguage\":\"fr-BE\"},{\"@type\":\"Organization\",\"@id\":\"https:\/\/eurobands.com\/#organization\",\"name\":\"Eurobands\",\"url\":\"https:\/\/eurobands.com\/\",\"logo\":{\"@type\":\"ImageObject\",\"inLanguage\":\"fr-BE\",\"@id\":\"https:\/\/eurobands.com\/#\/schema\/logo\/image\/\",\"url\":\"https:\/\/eurobands.com\/wp-content\/uploads\/2024\/03\/EUROBANDS-LOGO_RGB.png\",\"contentUrl\":\"https:\/\/eurobands.com\/wp-content\/uploads\/2024\/03\/EUROBANDS-LOGO_RGB.png\",\"width\":12098,\"height\":3014,\"caption\":\"Eurobands\"},\"image\":{\"@id\":\"https:\/\/eurobands.com\/#\/schema\/logo\/image\/\"}}]}<\/script>\n<!-- \/ Yoast SEO plugin. -->","yoast_head_json":{"title":"253-200 - Eurobands","robots":{"index":"index","follow":"follow","max-snippet":"max-snippet:-1","max-image-preview":"max-image-preview:large","max-video-preview":"max-video-preview:-1"},"canonical":"https:\/\/eurobands.com\/fr\/produit\/253-200\/","og_locale":"fr_FR","og_type":"article","og_title":"253-200 - Eurobands","og_description":"Self-adhesive sealing gasket tape, with closed cells, insulating against air, water, dust, smog, noises, vibrations and corrosion Very good aging resistance, very good resistance against vapors, acid, alkali, oils&#8230; Quick return after compression Foam density 200 kg\/m3","og_url":"https:\/\/eurobands.com\/fr\/produit\/253-200\/","og_site_name":"Eurobands","og_image":[{"width":1024,"height":1024,"url":"https:\/\/eurobands.com\/wp-content\/uploads\/2024\/10\/253-XX-1024x1024.png","type":"image\/png"}],"twitter_card":"summary_large_image","schema":{"@context":"https:\/\/schema.org","@graph":[{"@type":"WebPage","@id":"https:\/\/eurobands.com\/product\/253-200\/","url":"https:\/\/eurobands.com\/product\/253-200\/","name":"253-200 - Eurobands","isPartOf":{"@id":"https:\/\/eurobands.com\/#website"},"primaryImageOfPage":{"@id":"https:\/\/eurobands.com\/product\/253-200\/#primaryimage"},"image":{"@id":"https:\/\/eurobands.com\/product\/253-200\/#primaryimage"},"thumbnailUrl":"https:\/\/eurobands.com\/wp-content\/uploads\/2024\/10\/253-XX.png","datePublished":"2024-10-25T11:39:33+00:00","breadcrumb":{"@id":"https:\/\/eurobands.com\/product\/253-200\/#breadcrumb"},"inLanguage":"fr-BE","potentialAction":[{"@type":"ReadAction","target":["https:\/\/eurobands.com\/product\/253-200\/"]}]},{"@type":"ImageObject","inLanguage":"fr-BE","@id":"https:\/\/eurobands.com\/product\/253-200\/#primaryimage","url":"https:\/\/eurobands.com\/wp-content\/uploads\/2024\/10\/253-XX.png","contentUrl":"https:\/\/eurobands.com\/wp-content\/uploads\/2024\/10\/253-XX.png","width":400,"height":400,"caption":"Self-adhesive sealing gasket tape with closed-cell foam, 200 kg\/m\u00b3 density. Insulates against air, water, dust, noise and corrosion, with excellent durability."},{"@type":"BreadcrumbList","@id":"https:\/\/eurobands.com\/product\/253-200\/#breadcrumb","itemListElement":[{"@type":"ListItem","position":1,"name":"Home","item":"https:\/\/eurobands.com\/"},{"@type":"ListItem","position":2,"name":"Shop","item":"https:\/\/eurobands.com\/shop\/"},{"@type":"ListItem","position":3,"name":"253-200"}]},{"@type":"WebSite","@id":"https:\/\/eurobands.com\/#website","url":"https:\/\/eurobands.com\/","name":"Eurobands","description":"","publisher":{"@id":"https:\/\/eurobands.com\/#organization"},"potentialAction":[{"@type":"SearchAction","target":{"@type":"EntryPoint","urlTemplate":"https:\/\/eurobands.com\/?s={search_term_string}"},"query-input":{"@type":"PropertyValueSpecification","valueRequired":true,"valueName":"search_term_string"}}],"inLanguage":"fr-BE"},{"@type":"Organization","@id":"https:\/\/eurobands.com\/#organization","name":"Eurobands","url":"https:\/\/eurobands.com\/","logo":{"@type":"ImageObject","inLanguage":"fr-BE","@id":"https:\/\/eurobands.com\/#\/schema\/logo\/image\/","url":"https:\/\/eurobands.com\/wp-content\/uploads\/2024\/03\/EUROBANDS-LOGO_RGB.png","contentUrl":"https:\/\/eurobands.com\/wp-content\/uploads\/2024\/03\/EUROBANDS-LOGO_RGB.png","width":12098,"height":3014,"caption":"Eurobands"},"image":{"@id":"https:\/\/eurobands.com\/#\/schema\/logo\/image\/"}}]}},"_links":{"self":[{"href":"https:\/\/eurobands.com\/fr\/wp-json\/wp\/v2\/product\/1200","targetHints":{"allow":["GET"]}}],"collection":[{"href":"https:\/\/eurobands.com\/fr\/wp-json\/wp\/v2\/product"}],"about":[{"href":"https:\/\/eurobands.com\/fr\/wp-json\/wp\/v2\/types\/product"}],"replies":[{"embeddable":true,"href":"https:\/\/eurobands.com\/fr\/wp-json\/wp\/v2\/comments?post=1200"}],"wp:featuredmedia":[{"embeddable":true,"href":"https:\/\/eurobands.com\/fr\/wp-json\/wp\/v2\/media\/1223"}],"wp:attachment":[{"href":"https:\/\/eurobands.com\/fr\/wp-json\/wp\/v2\/media?parent=1200"}],"wp:term":[{"taxonomy":"product_cat","embeddable":true,"href":"https:\/\/eurobands.com\/fr\/wp-json\/wp\/v2\/product_cat?post=1200"},{"taxonomy":"product_tag","embeddable":true,"href":"https:\/\/eurobands.com\/fr\/wp-json\/wp\/v2\/product_tag?post=1200"}],"curies":[{"name":"wp","href":"https:\/\/api.w.org\/{rel}","templated":true}]}}