{"id":1109,"date":"2024-10-25T11:39:55","date_gmt":"2024-10-25T11:39:55","guid":{"rendered":"https:\/\/eurobands.com\/?post_type=product&#038;p=1109"},"modified":"2025-02-03T14:35:19","modified_gmt":"2025-02-03T14:35:19","slug":"ruban-demballage-de-haute-qualite-16317","status":"publish","type":"product","link":"https:\/\/eurobands.com\/fr\/product\/high-quality-packaging-tape-16316\/","title":{"rendered":"Ruban d'emballage de haute qualit\u00e9 - 16316"},"content":{"rendered":"<p>Ruban d'emballage de tr\u00e8s haute qualit\u00e9 pour l'application et la fermeture de cartons lourds<br \/>\nHaute r\u00e9sistance \u00e0 la traction dans le sens longitudinal et transversal<br \/>\nAdh\u00e9sion et tenue \u00e9lev\u00e9es sur diverses surfaces<br \/>\nConvient aux processus de recyclage<\/p>","protected":false},"excerpt":{"rendered":"<p>Very high quality packaging tape for application and ensures the closure of heavy cartons High tensile strength in longitudinal and cross direction High adhesion and holding power on various surfaces Suitable for recycling processes<\/p>","protected":false},"featured_media":1152,"comment_status":"open","ping_status":"closed","template":"","meta":[],"product_cat":[60],"product_tag":[],"class_list":{"0":"post-1109","1":"product","2":"type-product","3":"status-publish","4":"has-post-thumbnail","6":"product_cat-packaging","8":"first","9":"instock","10":"shipping-taxable","11":"product-type-simple"},"yoast_head":"<!-- This site is optimized with the Yoast SEO plugin v26.1.1 - https:\/\/yoast.com\/wordpress\/plugins\/seo\/ -->\n<title>High quality packaging tape - 16316 - Eurobands<\/title>\n<meta name=\"description\" content=\"High-quality packaging tape for heavy cartons. Offers high tensile strength, strong adhesion on various surfaces, and is suitable for recycling processes.\" \/>\n<meta name=\"robots\" content=\"index, follow, max-snippet:-1, max-image-preview:large, max-video-preview:-1\" \/>\n<link rel=\"canonical\" href=\"https:\/\/eurobands.com\/fr\/produit\/ruban-demballage-de-haute-qualite-16317\/\" \/>\n<meta property=\"og:locale\" content=\"fr_FR\" \/>\n<meta property=\"og:type\" content=\"article\" \/>\n<meta property=\"og:title\" content=\"High quality packaging tape - 16316 - Eurobands\" \/>\n<meta property=\"og:description\" content=\"High-quality packaging tape for heavy cartons. Offers high tensile strength, strong adhesion on various surfaces, and is suitable for recycling processes.\" \/>\n<meta property=\"og:url\" content=\"https:\/\/eurobands.com\/fr\/produit\/ruban-demballage-de-haute-qualite-16317\/\" \/>\n<meta property=\"og:site_name\" content=\"Eurobands\" \/>\n<meta property=\"article:modified_time\" content=\"2025-02-03T14:35:19+00:00\" \/>\n<meta property=\"og:image\" content=\"https:\/\/eurobands.com\/wp-content\/uploads\/2024\/10\/16316.png\" \/>\n\t<meta property=\"og:image:width\" content=\"1600\" \/>\n\t<meta property=\"og:image:height\" content=\"1600\" \/>\n\t<meta property=\"og:image:type\" content=\"image\/png\" \/>\n<meta name=\"twitter:card\" content=\"summary_large_image\" \/>\n<meta name=\"twitter:label1\" content=\"Dur\u00e9e de lecture est.\" \/>\n\t<meta name=\"twitter:data1\" content=\"1 minute\" \/>\n<script type=\"application\/ld+json\" class=\"yoast-schema-graph\">{\"@context\":\"https:\/\/schema.org\",\"@graph\":[{\"@type\":\"WebPage\",\"@id\":\"https:\/\/eurobands.com\/product\/high-quality-packaging-tape-16316\/\",\"url\":\"https:\/\/eurobands.com\/product\/high-quality-packaging-tape-16316\/\",\"name\":\"High quality packaging tape - 16316 - Eurobands\",\"isPartOf\":{\"@id\":\"https:\/\/eurobands.com\/#website\"},\"primaryImageOfPage\":{\"@id\":\"https:\/\/eurobands.com\/product\/high-quality-packaging-tape-16316\/#primaryimage\"},\"image\":{\"@id\":\"https:\/\/eurobands.com\/product\/high-quality-packaging-tape-16316\/#primaryimage\"},\"thumbnailUrl\":\"https:\/\/eurobands.com\/wp-content\/uploads\/2024\/10\/16316.png\",\"datePublished\":\"2024-10-25T11:39:55+00:00\",\"dateModified\":\"2025-02-03T14:35:19+00:00\",\"description\":\"High-quality packaging tape for heavy cartons. Offers high tensile strength, strong adhesion on various surfaces, and is suitable for recycling processes.\",\"breadcrumb\":{\"@id\":\"https:\/\/eurobands.com\/product\/high-quality-packaging-tape-16316\/#breadcrumb\"},\"inLanguage\":\"fr-BE\",\"potentialAction\":[{\"@type\":\"ReadAction\",\"target\":[\"https:\/\/eurobands.com\/product\/high-quality-packaging-tape-16316\/\"]}]},{\"@type\":\"ImageObject\",\"inLanguage\":\"fr-BE\",\"@id\":\"https:\/\/eurobands.com\/product\/high-quality-packaging-tape-16316\/#primaryimage\",\"url\":\"https:\/\/eurobands.com\/wp-content\/uploads\/2024\/10\/16316.png\",\"contentUrl\":\"https:\/\/eurobands.com\/wp-content\/uploads\/2024\/10\/16316.png\",\"width\":400,\"height\":400,\"caption\":\"High-quality adhesive tape for heavy cartons, with strong adhesion, high tensile strength in both directions, and recycling compatibility.\"},{\"@type\":\"BreadcrumbList\",\"@id\":\"https:\/\/eurobands.com\/product\/high-quality-packaging-tape-16316\/#breadcrumb\",\"itemListElement\":[{\"@type\":\"ListItem\",\"position\":1,\"name\":\"Home\",\"item\":\"https:\/\/eurobands.com\/\"},{\"@type\":\"ListItem\",\"position\":2,\"name\":\"Shop\",\"item\":\"https:\/\/eurobands.com\/shop\/\"},{\"@type\":\"ListItem\",\"position\":3,\"name\":\"High quality packaging tape &#8211; 16316\"}]},{\"@type\":\"WebSite\",\"@id\":\"https:\/\/eurobands.com\/#website\",\"url\":\"https:\/\/eurobands.com\/\",\"name\":\"Eurobands\",\"description\":\"\",\"publisher\":{\"@id\":\"https:\/\/eurobands.com\/#organization\"},\"potentialAction\":[{\"@type\":\"SearchAction\",\"target\":{\"@type\":\"EntryPoint\",\"urlTemplate\":\"https:\/\/eurobands.com\/?s={search_term_string}\"},\"query-input\":{\"@type\":\"PropertyValueSpecification\",\"valueRequired\":true,\"valueName\":\"search_term_string\"}}],\"inLanguage\":\"fr-BE\"},{\"@type\":\"Organization\",\"@id\":\"https:\/\/eurobands.com\/#organization\",\"name\":\"Eurobands\",\"url\":\"https:\/\/eurobands.com\/\",\"logo\":{\"@type\":\"ImageObject\",\"inLanguage\":\"fr-BE\",\"@id\":\"https:\/\/eurobands.com\/#\/schema\/logo\/image\/\",\"url\":\"https:\/\/eurobands.com\/wp-content\/uploads\/2024\/03\/EUROBANDS-LOGO_RGB.png\",\"contentUrl\":\"https:\/\/eurobands.com\/wp-content\/uploads\/2024\/03\/EUROBANDS-LOGO_RGB.png\",\"width\":12098,\"height\":3014,\"caption\":\"Eurobands\"},\"image\":{\"@id\":\"https:\/\/eurobands.com\/#\/schema\/logo\/image\/\"}}]}<\/script>\n<!-- \/ Yoast SEO plugin. -->","yoast_head_json":{"title":"Ruban d'emballage de haute qualit\u00e9 - 16316 - Eurobands","description":"Ruban d'emballage de haute qualit\u00e9 pour les cartons lourds. Offre une grande r\u00e9sistance \u00e0 la traction, une forte adh\u00e9rence sur diff\u00e9rentes surfaces et convient aux processus de recyclage.","robots":{"index":"index","follow":"follow","max-snippet":"max-snippet:-1","max-image-preview":"max-image-preview:large","max-video-preview":"max-video-preview:-1"},"canonical":"https:\/\/eurobands.com\/fr\/produit\/ruban-demballage-de-haute-qualite-16317\/","og_locale":"fr_FR","og_type":"article","og_title":"High quality packaging tape - 16316 - Eurobands","og_description":"High-quality packaging tape for heavy cartons. Offers high tensile strength, strong adhesion on various surfaces, and is suitable for recycling processes.","og_url":"https:\/\/eurobands.com\/fr\/produit\/ruban-demballage-de-haute-qualite-16317\/","og_site_name":"Eurobands","article_modified_time":"2025-02-03T14:35:19+00:00","og_image":[{"width":1600,"height":1600,"url":"https:\/\/eurobands.com\/wp-content\/uploads\/2024\/10\/16316.png","type":"image\/png"}],"twitter_card":"summary_large_image","twitter_misc":{"Dur\u00e9e de lecture est.":"1 minute"},"schema":{"@context":"https:\/\/schema.org","@graph":[{"@type":"WebPage","@id":"https:\/\/eurobands.com\/product\/high-quality-packaging-tape-16316\/","url":"https:\/\/eurobands.com\/product\/high-quality-packaging-tape-16316\/","name":"Ruban d'emballage de haute qualit\u00e9 - 16316 - Eurobands","isPartOf":{"@id":"https:\/\/eurobands.com\/#website"},"primaryImageOfPage":{"@id":"https:\/\/eurobands.com\/product\/high-quality-packaging-tape-16316\/#primaryimage"},"image":{"@id":"https:\/\/eurobands.com\/product\/high-quality-packaging-tape-16316\/#primaryimage"},"thumbnailUrl":"https:\/\/eurobands.com\/wp-content\/uploads\/2024\/10\/16316.png","datePublished":"2024-10-25T11:39:55+00:00","dateModified":"2025-02-03T14:35:19+00:00","description":"Ruban d'emballage de haute qualit\u00e9 pour les cartons lourds. Offre une grande r\u00e9sistance \u00e0 la traction, une forte adh\u00e9rence sur diff\u00e9rentes surfaces et convient aux processus de recyclage.","breadcrumb":{"@id":"https:\/\/eurobands.com\/product\/high-quality-packaging-tape-16316\/#breadcrumb"},"inLanguage":"fr-BE","potentialAction":[{"@type":"ReadAction","target":["https:\/\/eurobands.com\/product\/high-quality-packaging-tape-16316\/"]}]},{"@type":"ImageObject","inLanguage":"fr-BE","@id":"https:\/\/eurobands.com\/product\/high-quality-packaging-tape-16316\/#primaryimage","url":"https:\/\/eurobands.com\/wp-content\/uploads\/2024\/10\/16316.png","contentUrl":"https:\/\/eurobands.com\/wp-content\/uploads\/2024\/10\/16316.png","width":400,"height":400,"caption":"High-quality adhesive tape for heavy cartons, with strong adhesion, high tensile strength in both directions, and recycling compatibility."},{"@type":"BreadcrumbList","@id":"https:\/\/eurobands.com\/product\/high-quality-packaging-tape-16316\/#breadcrumb","itemListElement":[{"@type":"ListItem","position":1,"name":"Home","item":"https:\/\/eurobands.com\/"},{"@type":"ListItem","position":2,"name":"Shop","item":"https:\/\/eurobands.com\/shop\/"},{"@type":"ListItem","position":3,"name":"High quality packaging tape &#8211; 16316"}]},{"@type":"WebSite","@id":"https:\/\/eurobands.com\/#website","url":"https:\/\/eurobands.com\/","name":"Eurobands","description":"","publisher":{"@id":"https:\/\/eurobands.com\/#organization"},"potentialAction":[{"@type":"SearchAction","target":{"@type":"EntryPoint","urlTemplate":"https:\/\/eurobands.com\/?s={search_term_string}"},"query-input":{"@type":"PropertyValueSpecification","valueRequired":true,"valueName":"search_term_string"}}],"inLanguage":"fr-BE"},{"@type":"Organization","@id":"https:\/\/eurobands.com\/#organization","name":"Eurobands","url":"https:\/\/eurobands.com\/","logo":{"@type":"ImageObject","inLanguage":"fr-BE","@id":"https:\/\/eurobands.com\/#\/schema\/logo\/image\/","url":"https:\/\/eurobands.com\/wp-content\/uploads\/2024\/03\/EUROBANDS-LOGO_RGB.png","contentUrl":"https:\/\/eurobands.com\/wp-content\/uploads\/2024\/03\/EUROBANDS-LOGO_RGB.png","width":12098,"height":3014,"caption":"Eurobands"},"image":{"@id":"https:\/\/eurobands.com\/#\/schema\/logo\/image\/"}}]}},"_links":{"self":[{"href":"https:\/\/eurobands.com\/fr\/wp-json\/wp\/v2\/product\/1109","targetHints":{"allow":["GET"]}}],"collection":[{"href":"https:\/\/eurobands.com\/fr\/wp-json\/wp\/v2\/product"}],"about":[{"href":"https:\/\/eurobands.com\/fr\/wp-json\/wp\/v2\/types\/product"}],"replies":[{"embeddable":true,"href":"https:\/\/eurobands.com\/fr\/wp-json\/wp\/v2\/comments?post=1109"}],"wp:featuredmedia":[{"embeddable":true,"href":"https:\/\/eurobands.com\/fr\/wp-json\/wp\/v2\/media\/1152"}],"wp:attachment":[{"href":"https:\/\/eurobands.com\/fr\/wp-json\/wp\/v2\/media?parent=1109"}],"wp:term":[{"taxonomy":"product_cat","embeddable":true,"href":"https:\/\/eurobands.com\/fr\/wp-json\/wp\/v2\/product_cat?post=1109"},{"taxonomy":"product_tag","embeddable":true,"href":"https:\/\/eurobands.com\/fr\/wp-json\/wp\/v2\/product_tag?post=1109"}],"curies":[{"name":"wp","href":"https:\/\/api.w.org\/{rel}","templated":true}]}}