{"id":1096,"date":"2024-10-25T11:40:09","date_gmt":"2024-10-25T11:40:09","guid":{"rendered":"https:\/\/eurobands.com\/?post_type=product&#038;p=1096"},"modified":"2025-01-31T09:42:56","modified_gmt":"2025-01-31T09:42:56","slug":"ruban-renforce-en-pp-16155","status":"publish","type":"product","link":"https:\/\/eurobands.com\/fr\/product\/reinforced-pp-tape-16155\/","title":{"rendered":"Ruban de PP renforc\u00e9 - 16155"},"content":{"rendered":"<p>Ruban renforc\u00e9 en PP. Ruban renforc\u00e9 mono-directionnel \u00e0 traction moyenne, adapt\u00e9 au regroupement et au renforcement des cartons, m\u00eame utilis\u00e9 pour regrouper des plaques ou des barres m\u00e9talliques.<br \/>\nHaute s\u00e9curit\u00e9 dans l'application, bonne r\u00e9sistance \u00e0 la rupture et manipulation ais\u00e9e<br \/>\nExcellents r\u00e9sultats d'application sur diff\u00e9rentes surfaces<\/p>","protected":false},"excerpt":{"rendered":"<p>Reinforced PP tape. Medium tensile mono-directional reinforced tape suitable for bundling and carton reinforcement, even used to bundle metal plates or bars High security in application, good resistance to break and easy handling Excellent application results on different surfaces<\/p>","protected":false},"featured_media":1143,"comment_status":"open","ping_status":"closed","template":"","meta":[],"product_cat":[60],"product_tag":[],"class_list":{"0":"post-1096","1":"product","2":"type-product","3":"status-publish","4":"has-post-thumbnail","6":"product_cat-packaging","8":"first","9":"instock","10":"shipping-taxable","11":"product-type-simple"},"yoast_head":"<!-- This site is optimized with the Yoast SEO plugin v26.1.1 - https:\/\/yoast.com\/wordpress\/plugins\/seo\/ -->\n<title>Reinforced PP tape - 16155 - Eurobands<\/title>\n<meta name=\"description\" content=\"Reinforced PP tape for bundling and carton reinforcement, even suitable for metal plates or bars. Excellent on various surfaces.\" \/>\n<meta name=\"robots\" content=\"index, follow, max-snippet:-1, max-image-preview:large, max-video-preview:-1\" \/>\n<link rel=\"canonical\" href=\"https:\/\/eurobands.com\/fr\/produit\/ruban-renforce-en-pp-16155\/\" \/>\n<meta property=\"og:locale\" content=\"fr_FR\" \/>\n<meta property=\"og:type\" content=\"article\" \/>\n<meta property=\"og:title\" content=\"Reinforced PP tape - 16155 - Eurobands\" \/>\n<meta property=\"og:description\" content=\"Reinforced PP tape for bundling and carton reinforcement, even suitable for metal plates or bars. Excellent on various surfaces.\" \/>\n<meta property=\"og:url\" content=\"https:\/\/eurobands.com\/fr\/produit\/ruban-renforce-en-pp-16155\/\" \/>\n<meta property=\"og:site_name\" content=\"Eurobands\" \/>\n<meta property=\"article:modified_time\" content=\"2025-01-31T09:42:56+00:00\" \/>\n<meta property=\"og:image\" content=\"https:\/\/eurobands.com\/wp-content\/uploads\/2024\/10\/16155-1024x1024.png\" \/>\n\t<meta property=\"og:image:width\" content=\"1024\" \/>\n\t<meta property=\"og:image:height\" content=\"1024\" \/>\n\t<meta property=\"og:image:type\" content=\"image\/png\" \/>\n<meta name=\"twitter:card\" content=\"summary_large_image\" \/>\n<meta name=\"twitter:label1\" content=\"Dur\u00e9e de lecture est.\" \/>\n\t<meta name=\"twitter:data1\" content=\"1 minute\" \/>\n<script type=\"application\/ld+json\" class=\"yoast-schema-graph\">{\"@context\":\"https:\/\/schema.org\",\"@graph\":[{\"@type\":\"WebPage\",\"@id\":\"https:\/\/eurobands.com\/product\/reinforced-pp-tape-16155\/\",\"url\":\"https:\/\/eurobands.com\/product\/reinforced-pp-tape-16155\/\",\"name\":\"Reinforced PP tape - 16155 - Eurobands\",\"isPartOf\":{\"@id\":\"https:\/\/eurobands.com\/#website\"},\"primaryImageOfPage\":{\"@id\":\"https:\/\/eurobands.com\/product\/reinforced-pp-tape-16155\/#primaryimage\"},\"image\":{\"@id\":\"https:\/\/eurobands.com\/product\/reinforced-pp-tape-16155\/#primaryimage\"},\"thumbnailUrl\":\"https:\/\/eurobands.com\/wp-content\/uploads\/2024\/10\/16155.png\",\"datePublished\":\"2024-10-25T11:40:09+00:00\",\"dateModified\":\"2025-01-31T09:42:56+00:00\",\"description\":\"Reinforced PP tape for bundling and carton reinforcement, even suitable for metal plates or bars. Excellent on various surfaces.\",\"breadcrumb\":{\"@id\":\"https:\/\/eurobands.com\/product\/reinforced-pp-tape-16155\/#breadcrumb\"},\"inLanguage\":\"fr-BE\",\"potentialAction\":[{\"@type\":\"ReadAction\",\"target\":[\"https:\/\/eurobands.com\/product\/reinforced-pp-tape-16155\/\"]}]},{\"@type\":\"ImageObject\",\"inLanguage\":\"fr-BE\",\"@id\":\"https:\/\/eurobands.com\/product\/reinforced-pp-tape-16155\/#primaryimage\",\"url\":\"https:\/\/eurobands.com\/wp-content\/uploads\/2024\/10\/16155.png\",\"contentUrl\":\"https:\/\/eurobands.com\/wp-content\/uploads\/2024\/10\/16155.png\",\"width\":400,\"height\":400,\"caption\":\"Mono-directional reinforced tape for bundling and carton reinforcement. Medium tensile strength, secure, break-resistant and easy to handle.\"},{\"@type\":\"BreadcrumbList\",\"@id\":\"https:\/\/eurobands.com\/product\/reinforced-pp-tape-16155\/#breadcrumb\",\"itemListElement\":[{\"@type\":\"ListItem\",\"position\":1,\"name\":\"Home\",\"item\":\"https:\/\/eurobands.com\/\"},{\"@type\":\"ListItem\",\"position\":2,\"name\":\"Shop\",\"item\":\"https:\/\/eurobands.com\/shop\/\"},{\"@type\":\"ListItem\",\"position\":3,\"name\":\"Reinforced PP tape &#8211; 16155\"}]},{\"@type\":\"WebSite\",\"@id\":\"https:\/\/eurobands.com\/#website\",\"url\":\"https:\/\/eurobands.com\/\",\"name\":\"Eurobands\",\"description\":\"\",\"publisher\":{\"@id\":\"https:\/\/eurobands.com\/#organization\"},\"potentialAction\":[{\"@type\":\"SearchAction\",\"target\":{\"@type\":\"EntryPoint\",\"urlTemplate\":\"https:\/\/eurobands.com\/?s={search_term_string}\"},\"query-input\":{\"@type\":\"PropertyValueSpecification\",\"valueRequired\":true,\"valueName\":\"search_term_string\"}}],\"inLanguage\":\"fr-BE\"},{\"@type\":\"Organization\",\"@id\":\"https:\/\/eurobands.com\/#organization\",\"name\":\"Eurobands\",\"url\":\"https:\/\/eurobands.com\/\",\"logo\":{\"@type\":\"ImageObject\",\"inLanguage\":\"fr-BE\",\"@id\":\"https:\/\/eurobands.com\/#\/schema\/logo\/image\/\",\"url\":\"https:\/\/eurobands.com\/wp-content\/uploads\/2024\/03\/EUROBANDS-LOGO_RGB.png\",\"contentUrl\":\"https:\/\/eurobands.com\/wp-content\/uploads\/2024\/03\/EUROBANDS-LOGO_RGB.png\",\"width\":12098,\"height\":3014,\"caption\":\"Eurobands\"},\"image\":{\"@id\":\"https:\/\/eurobands.com\/#\/schema\/logo\/image\/\"}}]}<\/script>\n<!-- \/ Yoast SEO plugin. -->","yoast_head_json":{"title":"Ruban PP renforc\u00e9 - 16155 - Eurobands","description":"Ruban renforc\u00e9 en PP pour le renforcement des paquets et des cartons, m\u00eame pour les plaques ou les barres m\u00e9talliques. Excellent sur diff\u00e9rentes surfaces.","robots":{"index":"index","follow":"follow","max-snippet":"max-snippet:-1","max-image-preview":"max-image-preview:large","max-video-preview":"max-video-preview:-1"},"canonical":"https:\/\/eurobands.com\/fr\/produit\/ruban-renforce-en-pp-16155\/","og_locale":"fr_FR","og_type":"article","og_title":"Reinforced PP tape - 16155 - Eurobands","og_description":"Reinforced PP tape for bundling and carton reinforcement, even suitable for metal plates or bars. Excellent on various surfaces.","og_url":"https:\/\/eurobands.com\/fr\/produit\/ruban-renforce-en-pp-16155\/","og_site_name":"Eurobands","article_modified_time":"2025-01-31T09:42:56+00:00","og_image":[{"width":1024,"height":1024,"url":"https:\/\/eurobands.com\/wp-content\/uploads\/2024\/10\/16155-1024x1024.png","type":"image\/png"}],"twitter_card":"summary_large_image","twitter_misc":{"Dur\u00e9e de lecture est.":"1 minute"},"schema":{"@context":"https:\/\/schema.org","@graph":[{"@type":"WebPage","@id":"https:\/\/eurobands.com\/product\/reinforced-pp-tape-16155\/","url":"https:\/\/eurobands.com\/product\/reinforced-pp-tape-16155\/","name":"Ruban PP renforc\u00e9 - 16155 - Eurobands","isPartOf":{"@id":"https:\/\/eurobands.com\/#website"},"primaryImageOfPage":{"@id":"https:\/\/eurobands.com\/product\/reinforced-pp-tape-16155\/#primaryimage"},"image":{"@id":"https:\/\/eurobands.com\/product\/reinforced-pp-tape-16155\/#primaryimage"},"thumbnailUrl":"https:\/\/eurobands.com\/wp-content\/uploads\/2024\/10\/16155.png","datePublished":"2024-10-25T11:40:09+00:00","dateModified":"2025-01-31T09:42:56+00:00","description":"Ruban renforc\u00e9 en PP pour le renforcement des paquets et des cartons, m\u00eame pour les plaques ou les barres m\u00e9talliques. Excellent sur diff\u00e9rentes surfaces.","breadcrumb":{"@id":"https:\/\/eurobands.com\/product\/reinforced-pp-tape-16155\/#breadcrumb"},"inLanguage":"fr-BE","potentialAction":[{"@type":"ReadAction","target":["https:\/\/eurobands.com\/product\/reinforced-pp-tape-16155\/"]}]},{"@type":"ImageObject","inLanguage":"fr-BE","@id":"https:\/\/eurobands.com\/product\/reinforced-pp-tape-16155\/#primaryimage","url":"https:\/\/eurobands.com\/wp-content\/uploads\/2024\/10\/16155.png","contentUrl":"https:\/\/eurobands.com\/wp-content\/uploads\/2024\/10\/16155.png","width":400,"height":400,"caption":"Mono-directional reinforced tape for bundling and carton reinforcement. Medium tensile strength, secure, break-resistant and easy to handle."},{"@type":"BreadcrumbList","@id":"https:\/\/eurobands.com\/product\/reinforced-pp-tape-16155\/#breadcrumb","itemListElement":[{"@type":"ListItem","position":1,"name":"Home","item":"https:\/\/eurobands.com\/"},{"@type":"ListItem","position":2,"name":"Shop","item":"https:\/\/eurobands.com\/shop\/"},{"@type":"ListItem","position":3,"name":"Reinforced PP tape &#8211; 16155"}]},{"@type":"WebSite","@id":"https:\/\/eurobands.com\/#website","url":"https:\/\/eurobands.com\/","name":"Eurobands","description":"","publisher":{"@id":"https:\/\/eurobands.com\/#organization"},"potentialAction":[{"@type":"SearchAction","target":{"@type":"EntryPoint","urlTemplate":"https:\/\/eurobands.com\/?s={search_term_string}"},"query-input":{"@type":"PropertyValueSpecification","valueRequired":true,"valueName":"search_term_string"}}],"inLanguage":"fr-BE"},{"@type":"Organization","@id":"https:\/\/eurobands.com\/#organization","name":"Eurobands","url":"https:\/\/eurobands.com\/","logo":{"@type":"ImageObject","inLanguage":"fr-BE","@id":"https:\/\/eurobands.com\/#\/schema\/logo\/image\/","url":"https:\/\/eurobands.com\/wp-content\/uploads\/2024\/03\/EUROBANDS-LOGO_RGB.png","contentUrl":"https:\/\/eurobands.com\/wp-content\/uploads\/2024\/03\/EUROBANDS-LOGO_RGB.png","width":12098,"height":3014,"caption":"Eurobands"},"image":{"@id":"https:\/\/eurobands.com\/#\/schema\/logo\/image\/"}}]}},"_links":{"self":[{"href":"https:\/\/eurobands.com\/fr\/wp-json\/wp\/v2\/product\/1096","targetHints":{"allow":["GET"]}}],"collection":[{"href":"https:\/\/eurobands.com\/fr\/wp-json\/wp\/v2\/product"}],"about":[{"href":"https:\/\/eurobands.com\/fr\/wp-json\/wp\/v2\/types\/product"}],"replies":[{"embeddable":true,"href":"https:\/\/eurobands.com\/fr\/wp-json\/wp\/v2\/comments?post=1096"}],"wp:featuredmedia":[{"embeddable":true,"href":"https:\/\/eurobands.com\/fr\/wp-json\/wp\/v2\/media\/1143"}],"wp:attachment":[{"href":"https:\/\/eurobands.com\/fr\/wp-json\/wp\/v2\/media?parent=1096"}],"wp:term":[{"taxonomy":"product_cat","embeddable":true,"href":"https:\/\/eurobands.com\/fr\/wp-json\/wp\/v2\/product_cat?post=1096"},{"taxonomy":"product_tag","embeddable":true,"href":"https:\/\/eurobands.com\/fr\/wp-json\/wp\/v2\/product_tag?post=1096"}],"curies":[{"name":"wp","href":"https:\/\/api.w.org\/{rel}","templated":true}]}}