{"id":1076,"date":"2024-10-25T11:40:09","date_gmt":"2024-10-25T11:40:09","guid":{"rendered":"https:\/\/eurobands.com\/?post_type=product&#038;p=1076"},"modified":"2025-01-31T09:44:21","modified_gmt":"2025-01-31T09:44:21","slug":"rubans-en-mousse-28516","status":"publish","type":"product","link":"https:\/\/eurobands.com\/fr\/product\/foam-tapes-28516\/","title":{"rendered":"Rubans en mousse - 28516"},"content":{"rendered":"<p>Rubans en mousse pour fixer les garnitures, les sacs et les embl\u00e8mes dans l'automobile. Bordures de lentilles. Assemblage de panneaux solaires.<br \/>\nBonne r\u00e9sistance aux solvants et aux plastifiants, bonne r\u00e9sistance \u00e0 l'eau<br \/>\nBonne r\u00e9sistance aux UV et au vieillissement<\/p>","protected":false},"excerpt":{"rendered":"<p>Rubans adh\u00e9sifs en mousse pour fixer les garnitures, les banni\u00e8res et les embl\u00e8mes dans l'automobile. Bordage de lentilles. Assemblage de panneaux solaires. Bonne r\u00e9sistance aux solvants et aux plastifiants, bonne r\u00e9sistance \u00e0 l'eau. Bonne r\u00e9sistance aux UV et au vieillissement.<\/p>","protected":false},"featured_media":1129,"comment_status":"open","ping_status":"closed","template":"","meta":[],"product_cat":[31],"product_tag":[],"class_list":{"0":"post-1076","1":"product","2":"type-product","3":"status-publish","4":"has-post-thumbnail","6":"product_cat-assembly","8":"first","9":"instock","10":"shipping-taxable","11":"product-type-simple"},"yoast_head":"<!-- This site is optimized with the Yoast SEO plugin v26.1.1 - https:\/\/yoast.com\/wordpress\/plugins\/seo\/ -->\n<title>Foam tapes - 28516 - Eurobands<\/title>\n<meta name=\"description\" content=\"Foam tapes for fixing trims, emblems, lens edging, and solar panel assembly. Offers resistance to solvents, plasticizers, water, UV, and aging.\" \/>\n<meta name=\"robots\" content=\"index, follow, max-snippet:-1, max-image-preview:large, max-video-preview:-1\" \/>\n<link rel=\"canonical\" href=\"https:\/\/eurobands.com\/fr\/produit\/rubans-en-mousse-28516\/\" \/>\n<meta property=\"og:locale\" content=\"fr_FR\" \/>\n<meta property=\"og:type\" content=\"article\" \/>\n<meta property=\"og:title\" content=\"Foam tapes - 28516 - Eurobands\" \/>\n<meta property=\"og:description\" content=\"Foam tapes for fixing trims, emblems, lens edging, and solar panel assembly. Offers resistance to solvents, plasticizers, water, UV, and aging.\" \/>\n<meta property=\"og:url\" content=\"https:\/\/eurobands.com\/fr\/produit\/rubans-en-mousse-28516\/\" \/>\n<meta property=\"og:site_name\" content=\"Eurobands\" \/>\n<meta property=\"article:modified_time\" content=\"2025-01-31T09:44:21+00:00\" \/>\n<meta property=\"og:image\" content=\"https:\/\/eurobands.com\/wp-content\/uploads\/2024\/10\/28516-1024x1024.png\" \/>\n\t<meta property=\"og:image:width\" content=\"1024\" \/>\n\t<meta property=\"og:image:height\" content=\"1024\" \/>\n\t<meta property=\"og:image:type\" content=\"image\/png\" \/>\n<meta name=\"twitter:card\" content=\"summary_large_image\" \/>\n<meta name=\"twitter:label1\" content=\"Dur\u00e9e de lecture est.\" \/>\n\t<meta name=\"twitter:data1\" content=\"1 minute\" \/>\n<script type=\"application\/ld+json\" class=\"yoast-schema-graph\">{\"@context\":\"https:\/\/schema.org\",\"@graph\":[{\"@type\":\"WebPage\",\"@id\":\"https:\/\/eurobands.com\/product\/foam-tapes-28516\/\",\"url\":\"https:\/\/eurobands.com\/product\/foam-tapes-28516\/\",\"name\":\"Foam tapes - 28516 - Eurobands\",\"isPartOf\":{\"@id\":\"https:\/\/eurobands.com\/#website\"},\"primaryImageOfPage\":{\"@id\":\"https:\/\/eurobands.com\/product\/foam-tapes-28516\/#primaryimage\"},\"image\":{\"@id\":\"https:\/\/eurobands.com\/product\/foam-tapes-28516\/#primaryimage\"},\"thumbnailUrl\":\"https:\/\/eurobands.com\/wp-content\/uploads\/2024\/10\/28516.png\",\"datePublished\":\"2024-10-25T11:40:09+00:00\",\"dateModified\":\"2025-01-31T09:44:21+00:00\",\"description\":\"Foam tapes for fixing trims, emblems, lens edging, and solar panel assembly. Offers resistance to solvents, plasticizers, water, UV, and aging.\",\"breadcrumb\":{\"@id\":\"https:\/\/eurobands.com\/product\/foam-tapes-28516\/#breadcrumb\"},\"inLanguage\":\"fr-BE\",\"potentialAction\":[{\"@type\":\"ReadAction\",\"target\":[\"https:\/\/eurobands.com\/product\/foam-tapes-28516\/\"]}]},{\"@type\":\"ImageObject\",\"inLanguage\":\"fr-BE\",\"@id\":\"https:\/\/eurobands.com\/product\/foam-tapes-28516\/#primaryimage\",\"url\":\"https:\/\/eurobands.com\/wp-content\/uploads\/2024\/10\/28516.png\",\"contentUrl\":\"https:\/\/eurobands.com\/wp-content\/uploads\/2024\/10\/28516.png\",\"width\":400,\"height\":400,\"caption\":\"Automotive tape for fixing trims, bags and emblems, also suitable for lens edging and solar panel assembly. Resistant to UV, water and solvents.\"},{\"@type\":\"BreadcrumbList\",\"@id\":\"https:\/\/eurobands.com\/product\/foam-tapes-28516\/#breadcrumb\",\"itemListElement\":[{\"@type\":\"ListItem\",\"position\":1,\"name\":\"Home\",\"item\":\"https:\/\/eurobands.com\/\"},{\"@type\":\"ListItem\",\"position\":2,\"name\":\"Shop\",\"item\":\"https:\/\/eurobands.com\/shop\/\"},{\"@type\":\"ListItem\",\"position\":3,\"name\":\"Foam tapes &#8211; 28516\"}]},{\"@type\":\"WebSite\",\"@id\":\"https:\/\/eurobands.com\/#website\",\"url\":\"https:\/\/eurobands.com\/\",\"name\":\"Eurobands\",\"description\":\"\",\"publisher\":{\"@id\":\"https:\/\/eurobands.com\/#organization\"},\"potentialAction\":[{\"@type\":\"SearchAction\",\"target\":{\"@type\":\"EntryPoint\",\"urlTemplate\":\"https:\/\/eurobands.com\/?s={search_term_string}\"},\"query-input\":{\"@type\":\"PropertyValueSpecification\",\"valueRequired\":true,\"valueName\":\"search_term_string\"}}],\"inLanguage\":\"fr-BE\"},{\"@type\":\"Organization\",\"@id\":\"https:\/\/eurobands.com\/#organization\",\"name\":\"Eurobands\",\"url\":\"https:\/\/eurobands.com\/\",\"logo\":{\"@type\":\"ImageObject\",\"inLanguage\":\"fr-BE\",\"@id\":\"https:\/\/eurobands.com\/#\/schema\/logo\/image\/\",\"url\":\"https:\/\/eurobands.com\/wp-content\/uploads\/2024\/03\/EUROBANDS-LOGO_RGB.png\",\"contentUrl\":\"https:\/\/eurobands.com\/wp-content\/uploads\/2024\/03\/EUROBANDS-LOGO_RGB.png\",\"width\":12098,\"height\":3014,\"caption\":\"Eurobands\"},\"image\":{\"@id\":\"https:\/\/eurobands.com\/#\/schema\/logo\/image\/\"}}]}<\/script>\n<!-- \/ Yoast SEO plugin. -->","yoast_head_json":{"title":"Rubans en mousse - 28516 - Eurobands","description":"Rubans en mousse pour la fixation de garnitures, d'embl\u00e8mes, de bordures de lentilles et d'assemblage de panneaux solaires. R\u00e9siste aux solvants, aux plastifiants, \u00e0 l'eau, aux UV et au vieillissement.","robots":{"index":"index","follow":"follow","max-snippet":"max-snippet:-1","max-image-preview":"max-image-preview:large","max-video-preview":"max-video-preview:-1"},"canonical":"https:\/\/eurobands.com\/fr\/produit\/rubans-en-mousse-28516\/","og_locale":"fr_FR","og_type":"article","og_title":"Foam tapes - 28516 - Eurobands","og_description":"Foam tapes for fixing trims, emblems, lens edging, and solar panel assembly. Offers resistance to solvents, plasticizers, water, UV, and aging.","og_url":"https:\/\/eurobands.com\/fr\/produit\/rubans-en-mousse-28516\/","og_site_name":"Eurobands","article_modified_time":"2025-01-31T09:44:21+00:00","og_image":[{"width":1024,"height":1024,"url":"https:\/\/eurobands.com\/wp-content\/uploads\/2024\/10\/28516-1024x1024.png","type":"image\/png"}],"twitter_card":"summary_large_image","twitter_misc":{"Dur\u00e9e de lecture est.":"1 minute"},"schema":{"@context":"https:\/\/schema.org","@graph":[{"@type":"WebPage","@id":"https:\/\/eurobands.com\/product\/foam-tapes-28516\/","url":"https:\/\/eurobands.com\/product\/foam-tapes-28516\/","name":"Rubans en mousse - 28516 - Eurobands","isPartOf":{"@id":"https:\/\/eurobands.com\/#website"},"primaryImageOfPage":{"@id":"https:\/\/eurobands.com\/product\/foam-tapes-28516\/#primaryimage"},"image":{"@id":"https:\/\/eurobands.com\/product\/foam-tapes-28516\/#primaryimage"},"thumbnailUrl":"https:\/\/eurobands.com\/wp-content\/uploads\/2024\/10\/28516.png","datePublished":"2024-10-25T11:40:09+00:00","dateModified":"2025-01-31T09:44:21+00:00","description":"Rubans en mousse pour la fixation de garnitures, d'embl\u00e8mes, de bordures de lentilles et d'assemblage de panneaux solaires. R\u00e9siste aux solvants, aux plastifiants, \u00e0 l'eau, aux UV et au vieillissement.","breadcrumb":{"@id":"https:\/\/eurobands.com\/product\/foam-tapes-28516\/#breadcrumb"},"inLanguage":"fr-BE","potentialAction":[{"@type":"ReadAction","target":["https:\/\/eurobands.com\/product\/foam-tapes-28516\/"]}]},{"@type":"ImageObject","inLanguage":"fr-BE","@id":"https:\/\/eurobands.com\/product\/foam-tapes-28516\/#primaryimage","url":"https:\/\/eurobands.com\/wp-content\/uploads\/2024\/10\/28516.png","contentUrl":"https:\/\/eurobands.com\/wp-content\/uploads\/2024\/10\/28516.png","width":400,"height":400,"caption":"Automotive tape for fixing trims, bags and emblems, also suitable for lens edging and solar panel assembly. Resistant to UV, water and solvents."},{"@type":"BreadcrumbList","@id":"https:\/\/eurobands.com\/product\/foam-tapes-28516\/#breadcrumb","itemListElement":[{"@type":"ListItem","position":1,"name":"Home","item":"https:\/\/eurobands.com\/"},{"@type":"ListItem","position":2,"name":"Shop","item":"https:\/\/eurobands.com\/shop\/"},{"@type":"ListItem","position":3,"name":"Foam tapes &#8211; 28516"}]},{"@type":"WebSite","@id":"https:\/\/eurobands.com\/#website","url":"https:\/\/eurobands.com\/","name":"Eurobands","description":"","publisher":{"@id":"https:\/\/eurobands.com\/#organization"},"potentialAction":[{"@type":"SearchAction","target":{"@type":"EntryPoint","urlTemplate":"https:\/\/eurobands.com\/?s={search_term_string}"},"query-input":{"@type":"PropertyValueSpecification","valueRequired":true,"valueName":"search_term_string"}}],"inLanguage":"fr-BE"},{"@type":"Organization","@id":"https:\/\/eurobands.com\/#organization","name":"Eurobands","url":"https:\/\/eurobands.com\/","logo":{"@type":"ImageObject","inLanguage":"fr-BE","@id":"https:\/\/eurobands.com\/#\/schema\/logo\/image\/","url":"https:\/\/eurobands.com\/wp-content\/uploads\/2024\/03\/EUROBANDS-LOGO_RGB.png","contentUrl":"https:\/\/eurobands.com\/wp-content\/uploads\/2024\/03\/EUROBANDS-LOGO_RGB.png","width":12098,"height":3014,"caption":"Eurobands"},"image":{"@id":"https:\/\/eurobands.com\/#\/schema\/logo\/image\/"}}]}},"_links":{"self":[{"href":"https:\/\/eurobands.com\/fr\/wp-json\/wp\/v2\/product\/1076","targetHints":{"allow":["GET"]}}],"collection":[{"href":"https:\/\/eurobands.com\/fr\/wp-json\/wp\/v2\/product"}],"about":[{"href":"https:\/\/eurobands.com\/fr\/wp-json\/wp\/v2\/types\/product"}],"replies":[{"embeddable":true,"href":"https:\/\/eurobands.com\/fr\/wp-json\/wp\/v2\/comments?post=1076"}],"wp:featuredmedia":[{"embeddable":true,"href":"https:\/\/eurobands.com\/fr\/wp-json\/wp\/v2\/media\/1129"}],"wp:attachment":[{"href":"https:\/\/eurobands.com\/fr\/wp-json\/wp\/v2\/media?parent=1076"}],"wp:term":[{"taxonomy":"product_cat","embeddable":true,"href":"https:\/\/eurobands.com\/fr\/wp-json\/wp\/v2\/product_cat?post=1076"},{"taxonomy":"product_tag","embeddable":true,"href":"https:\/\/eurobands.com\/fr\/wp-json\/wp\/v2\/product_tag?post=1076"}],"curies":[{"name":"wp","href":"https:\/\/api.w.org\/{rel}","templated":true}]}}