{"id":1065,"date":"2024-10-25T11:40:10","date_gmt":"2024-10-25T11:40:10","guid":{"rendered":"https:\/\/eurobands.com\/?post_type=product&#038;p=1065"},"modified":"2025-01-31T09:44:43","modified_gmt":"2025-01-31T09:44:43","slug":"rubans-en-mousse-28421","status":"publish","type":"product","link":"https:\/\/eurobands.com\/fr\/product\/foam-tapes-28421\/","title":{"rendered":"Rubans en mousse - 28421"},"content":{"rendered":"<p>Rubans en mousse pour le montage et l'assemblage de plaques signal\u00e9tiques, de garnitures en plastique, d'enseignes et d'embl\u00e8mes<br \/>\nFixation d'articles en m\u00e9tal ou en plastique, par exemple d'articles m\u00e9nagers, d'ustensiles de cuisine, d'accessoires de salle de bains<br \/>\nUn b\u00e2ton rapide pour un fonctionnement efficace<br \/>\nMat\u00e9riau en mousse flexible pour une adaptation confortable \u00e0 la surface du contour<br \/>\nDensit\u00e9 : 100kg\/m3<\/p>","protected":false},"excerpt":{"rendered":"<p>Foam tapes for mounting &amp; joining nameplates, plastic trims, signs and emblems Fixing of metal or plastic articles, e.g. house ware, kitchenware, bathroom accessories Quick stick for efficient operation Flexible foam material to provide comfortable mating to contour surface Density: 100kg\/m3<\/p>","protected":false},"featured_media":1115,"comment_status":"open","ping_status":"closed","template":"","meta":[],"product_cat":[31],"product_tag":[],"class_list":{"0":"post-1065","1":"product","2":"type-product","3":"status-publish","4":"has-post-thumbnail","6":"product_cat-assembly","8":"first","9":"instock","10":"shipping-taxable","11":"product-type-simple"},"yoast_head":"<!-- This site is optimized with the Yoast SEO plugin v26.1.1 - https:\/\/yoast.com\/wordpress\/plugins\/seo\/ -->\n<title>Foam tapes - 28421 - Eurobands<\/title>\n<meta name=\"description\" content=\"Foam tapes for mounting nameplates, trims, signs, and emblems. Quick stick, flexible foam for contours, and 100kg\/m\u00b3 density.\" \/>\n<meta name=\"robots\" content=\"index, follow, max-snippet:-1, max-image-preview:large, max-video-preview:-1\" \/>\n<link rel=\"canonical\" href=\"https:\/\/eurobands.com\/fr\/produit\/rubans-en-mousse-28421\/\" \/>\n<meta property=\"og:locale\" content=\"fr_FR\" \/>\n<meta property=\"og:type\" content=\"article\" \/>\n<meta property=\"og:title\" content=\"Foam tapes - 28421 - Eurobands\" \/>\n<meta property=\"og:description\" content=\"Foam tapes for mounting nameplates, trims, signs, and emblems. Quick stick, flexible foam for contours, and 100kg\/m\u00b3 density.\" \/>\n<meta property=\"og:url\" content=\"https:\/\/eurobands.com\/fr\/produit\/rubans-en-mousse-28421\/\" \/>\n<meta property=\"og:site_name\" content=\"Eurobands\" \/>\n<meta property=\"article:modified_time\" content=\"2025-01-31T09:44:43+00:00\" \/>\n<meta property=\"og:image\" content=\"https:\/\/eurobands.com\/wp-content\/uploads\/2024\/10\/28421.png\" \/>\n\t<meta property=\"og:image:width\" content=\"1600\" \/>\n\t<meta property=\"og:image:height\" content=\"1600\" \/>\n\t<meta property=\"og:image:type\" content=\"image\/png\" \/>\n<meta name=\"twitter:card\" content=\"summary_large_image\" \/>\n<meta name=\"twitter:label1\" content=\"Dur\u00e9e de lecture est.\" \/>\n\t<meta name=\"twitter:data1\" content=\"1 minute\" \/>\n<script type=\"application\/ld+json\" class=\"yoast-schema-graph\">{\"@context\":\"https:\/\/schema.org\",\"@graph\":[{\"@type\":\"WebPage\",\"@id\":\"https:\/\/eurobands.com\/product\/foam-tapes-28421\/\",\"url\":\"https:\/\/eurobands.com\/product\/foam-tapes-28421\/\",\"name\":\"Foam tapes - 28421 - Eurobands\",\"isPartOf\":{\"@id\":\"https:\/\/eurobands.com\/#website\"},\"primaryImageOfPage\":{\"@id\":\"https:\/\/eurobands.com\/product\/foam-tapes-28421\/#primaryimage\"},\"image\":{\"@id\":\"https:\/\/eurobands.com\/product\/foam-tapes-28421\/#primaryimage\"},\"thumbnailUrl\":\"https:\/\/eurobands.com\/wp-content\/uploads\/2024\/10\/28421.png\",\"datePublished\":\"2024-10-25T11:40:10+00:00\",\"dateModified\":\"2025-01-31T09:44:43+00:00\",\"description\":\"Foam tapes for mounting nameplates, trims, signs, and emblems. Quick stick, flexible foam for contours, and 100kg\/m\u00b3 density.\",\"breadcrumb\":{\"@id\":\"https:\/\/eurobands.com\/product\/foam-tapes-28421\/#breadcrumb\"},\"inLanguage\":\"fr-BE\",\"potentialAction\":[{\"@type\":\"ReadAction\",\"target\":[\"https:\/\/eurobands.com\/product\/foam-tapes-28421\/\"]}]},{\"@type\":\"ImageObject\",\"inLanguage\":\"fr-BE\",\"@id\":\"https:\/\/eurobands.com\/product\/foam-tapes-28421\/#primaryimage\",\"url\":\"https:\/\/eurobands.com\/wp-content\/uploads\/2024\/10\/28421.png\",\"contentUrl\":\"https:\/\/eurobands.com\/wp-content\/uploads\/2024\/10\/28421.png\",\"width\":400,\"height\":400,\"caption\":\"Mounting tape for nameplates, trims, signs and emblems. Quick stick application with flexible foam (100kg\/m\u00b3) for metal and plastic surfaces.\"},{\"@type\":\"BreadcrumbList\",\"@id\":\"https:\/\/eurobands.com\/product\/foam-tapes-28421\/#breadcrumb\",\"itemListElement\":[{\"@type\":\"ListItem\",\"position\":1,\"name\":\"Home\",\"item\":\"https:\/\/eurobands.com\/\"},{\"@type\":\"ListItem\",\"position\":2,\"name\":\"Shop\",\"item\":\"https:\/\/eurobands.com\/shop\/\"},{\"@type\":\"ListItem\",\"position\":3,\"name\":\"Foam tapes &#8211; 28421\"}]},{\"@type\":\"WebSite\",\"@id\":\"https:\/\/eurobands.com\/#website\",\"url\":\"https:\/\/eurobands.com\/\",\"name\":\"Eurobands\",\"description\":\"\",\"publisher\":{\"@id\":\"https:\/\/eurobands.com\/#organization\"},\"potentialAction\":[{\"@type\":\"SearchAction\",\"target\":{\"@type\":\"EntryPoint\",\"urlTemplate\":\"https:\/\/eurobands.com\/?s={search_term_string}\"},\"query-input\":{\"@type\":\"PropertyValueSpecification\",\"valueRequired\":true,\"valueName\":\"search_term_string\"}}],\"inLanguage\":\"fr-BE\"},{\"@type\":\"Organization\",\"@id\":\"https:\/\/eurobands.com\/#organization\",\"name\":\"Eurobands\",\"url\":\"https:\/\/eurobands.com\/\",\"logo\":{\"@type\":\"ImageObject\",\"inLanguage\":\"fr-BE\",\"@id\":\"https:\/\/eurobands.com\/#\/schema\/logo\/image\/\",\"url\":\"https:\/\/eurobands.com\/wp-content\/uploads\/2024\/03\/EUROBANDS-LOGO_RGB.png\",\"contentUrl\":\"https:\/\/eurobands.com\/wp-content\/uploads\/2024\/03\/EUROBANDS-LOGO_RGB.png\",\"width\":12098,\"height\":3014,\"caption\":\"Eurobands\"},\"image\":{\"@id\":\"https:\/\/eurobands.com\/#\/schema\/logo\/image\/\"}}]}<\/script>\n<!-- \/ Yoast SEO plugin. -->","yoast_head_json":{"title":"Rubans en mousse - 28421 - Eurobands","description":"Rubans en mousse pour le montage de plaques signal\u00e9tiques, de garnitures, d'enseignes et d'embl\u00e8mes. Adh\u00e9sion rapide, mousse flexible pour les contours et densit\u00e9 de 100 kg\/m\u00b3.","robots":{"index":"index","follow":"follow","max-snippet":"max-snippet:-1","max-image-preview":"max-image-preview:large","max-video-preview":"max-video-preview:-1"},"canonical":"https:\/\/eurobands.com\/fr\/produit\/rubans-en-mousse-28421\/","og_locale":"fr_FR","og_type":"article","og_title":"Foam tapes - 28421 - Eurobands","og_description":"Foam tapes for mounting nameplates, trims, signs, and emblems. Quick stick, flexible foam for contours, and 100kg\/m\u00b3 density.","og_url":"https:\/\/eurobands.com\/fr\/produit\/rubans-en-mousse-28421\/","og_site_name":"Eurobands","article_modified_time":"2025-01-31T09:44:43+00:00","og_image":[{"width":1600,"height":1600,"url":"https:\/\/eurobands.com\/wp-content\/uploads\/2024\/10\/28421.png","type":"image\/png"}],"twitter_card":"summary_large_image","twitter_misc":{"Dur\u00e9e de lecture est.":"1 minute"},"schema":{"@context":"https:\/\/schema.org","@graph":[{"@type":"WebPage","@id":"https:\/\/eurobands.com\/product\/foam-tapes-28421\/","url":"https:\/\/eurobands.com\/product\/foam-tapes-28421\/","name":"Rubans en mousse - 28421 - Eurobands","isPartOf":{"@id":"https:\/\/eurobands.com\/#website"},"primaryImageOfPage":{"@id":"https:\/\/eurobands.com\/product\/foam-tapes-28421\/#primaryimage"},"image":{"@id":"https:\/\/eurobands.com\/product\/foam-tapes-28421\/#primaryimage"},"thumbnailUrl":"https:\/\/eurobands.com\/wp-content\/uploads\/2024\/10\/28421.png","datePublished":"2024-10-25T11:40:10+00:00","dateModified":"2025-01-31T09:44:43+00:00","description":"Rubans en mousse pour le montage de plaques signal\u00e9tiques, de garnitures, d'enseignes et d'embl\u00e8mes. Adh\u00e9sion rapide, mousse flexible pour les contours et densit\u00e9 de 100 kg\/m\u00b3.","breadcrumb":{"@id":"https:\/\/eurobands.com\/product\/foam-tapes-28421\/#breadcrumb"},"inLanguage":"fr-BE","potentialAction":[{"@type":"ReadAction","target":["https:\/\/eurobands.com\/product\/foam-tapes-28421\/"]}]},{"@type":"ImageObject","inLanguage":"fr-BE","@id":"https:\/\/eurobands.com\/product\/foam-tapes-28421\/#primaryimage","url":"https:\/\/eurobands.com\/wp-content\/uploads\/2024\/10\/28421.png","contentUrl":"https:\/\/eurobands.com\/wp-content\/uploads\/2024\/10\/28421.png","width":400,"height":400,"caption":"Mounting tape for nameplates, trims, signs and emblems. Quick stick application with flexible foam (100kg\/m\u00b3) for metal and plastic surfaces."},{"@type":"BreadcrumbList","@id":"https:\/\/eurobands.com\/product\/foam-tapes-28421\/#breadcrumb","itemListElement":[{"@type":"ListItem","position":1,"name":"Home","item":"https:\/\/eurobands.com\/"},{"@type":"ListItem","position":2,"name":"Shop","item":"https:\/\/eurobands.com\/shop\/"},{"@type":"ListItem","position":3,"name":"Foam tapes &#8211; 28421"}]},{"@type":"WebSite","@id":"https:\/\/eurobands.com\/#website","url":"https:\/\/eurobands.com\/","name":"Eurobands","description":"","publisher":{"@id":"https:\/\/eurobands.com\/#organization"},"potentialAction":[{"@type":"SearchAction","target":{"@type":"EntryPoint","urlTemplate":"https:\/\/eurobands.com\/?s={search_term_string}"},"query-input":{"@type":"PropertyValueSpecification","valueRequired":true,"valueName":"search_term_string"}}],"inLanguage":"fr-BE"},{"@type":"Organization","@id":"https:\/\/eurobands.com\/#organization","name":"Eurobands","url":"https:\/\/eurobands.com\/","logo":{"@type":"ImageObject","inLanguage":"fr-BE","@id":"https:\/\/eurobands.com\/#\/schema\/logo\/image\/","url":"https:\/\/eurobands.com\/wp-content\/uploads\/2024\/03\/EUROBANDS-LOGO_RGB.png","contentUrl":"https:\/\/eurobands.com\/wp-content\/uploads\/2024\/03\/EUROBANDS-LOGO_RGB.png","width":12098,"height":3014,"caption":"Eurobands"},"image":{"@id":"https:\/\/eurobands.com\/#\/schema\/logo\/image\/"}}]}},"_links":{"self":[{"href":"https:\/\/eurobands.com\/fr\/wp-json\/wp\/v2\/product\/1065","targetHints":{"allow":["GET"]}}],"collection":[{"href":"https:\/\/eurobands.com\/fr\/wp-json\/wp\/v2\/product"}],"about":[{"href":"https:\/\/eurobands.com\/fr\/wp-json\/wp\/v2\/types\/product"}],"replies":[{"embeddable":true,"href":"https:\/\/eurobands.com\/fr\/wp-json\/wp\/v2\/comments?post=1065"}],"wp:featuredmedia":[{"embeddable":true,"href":"https:\/\/eurobands.com\/fr\/wp-json\/wp\/v2\/media\/1115"}],"wp:attachment":[{"href":"https:\/\/eurobands.com\/fr\/wp-json\/wp\/v2\/media?parent=1065"}],"wp:term":[{"taxonomy":"product_cat","embeddable":true,"href":"https:\/\/eurobands.com\/fr\/wp-json\/wp\/v2\/product_cat?post=1065"},{"taxonomy":"product_tag","embeddable":true,"href":"https:\/\/eurobands.com\/fr\/wp-json\/wp\/v2\/product_tag?post=1065"}],"curies":[{"name":"wp","href":"https:\/\/api.w.org\/{rel}","templated":true}]}}