{"id":1055,"date":"2024-10-25T11:40:10","date_gmt":"2024-10-25T11:40:10","guid":{"rendered":"https:\/\/eurobands.com\/?post_type=product&#038;p=1055"},"modified":"2025-01-31T09:47:18","modified_gmt":"2025-01-31T09:47:18","slug":"rubans-en-mousse-28408","status":"publish","type":"product","link":"https:\/\/eurobands.com\/fr\/product\/foam-tapes-28408\/","title":{"rendered":"Rubans en mousse - 28408"},"content":{"rendered":"<p>Rubans en mousse convenant \u00e0 toutes les applications verticales avec une charge mod\u00e9r\u00e9e<br \/>\nIndiqu\u00e9 pour une utilisation sur le verre, le cristal, le m\u00e9tal, les panneaux et les plaques.<br \/>\nAdh\u00e9sif \u00e0 haut pouvoir adh\u00e9sif, haute adh\u00e9rence et cisaillement mod\u00e9r\u00e9, r\u00e9sistant \u00e0 la chaleur, aux rayons UV et au vieillissement.<\/p>","protected":false},"excerpt":{"rendered":"<p>Foam tapes suitable for all vertical applications with moderate load Indicated for use on glass, crystal, metal, panels, plates Adhesive with high tack, high adhesion and moderate shear resistant to heat, UV rays and aging<\/p>","protected":false},"featured_media":1105,"comment_status":"open","ping_status":"closed","template":"","meta":[],"product_cat":[31],"product_tag":[],"class_list":{"0":"post-1055","1":"product","2":"type-product","3":"status-publish","4":"has-post-thumbnail","6":"product_cat-assembly","8":"first","9":"instock","10":"shipping-taxable","11":"product-type-simple"},"yoast_head":"<!-- This site is optimized with the Yoast SEO plugin v26.1.1 - https:\/\/yoast.com\/wordpress\/plugins\/seo\/ -->\n<title>Foam tapes - 28408 - Eurobands<\/title>\n<meta name=\"description\" content=\"Foam tapes for vertical applications on glass, metal, and panels. High tack, adhesion, and moderate shear with resistance to heat, UV, and aging.\" \/>\n<meta name=\"robots\" content=\"index, follow, max-snippet:-1, max-image-preview:large, max-video-preview:-1\" \/>\n<link rel=\"canonical\" href=\"https:\/\/eurobands.com\/fr\/produit\/rubans-en-mousse-28408\/\" \/>\n<meta property=\"og:locale\" content=\"fr_FR\" \/>\n<meta property=\"og:type\" content=\"article\" \/>\n<meta property=\"og:title\" content=\"Foam tapes - 28408 - Eurobands\" \/>\n<meta property=\"og:description\" content=\"Foam tapes for vertical applications on glass, metal, and panels. High tack, adhesion, and moderate shear with resistance to heat, UV, and aging.\" \/>\n<meta property=\"og:url\" content=\"https:\/\/eurobands.com\/fr\/produit\/rubans-en-mousse-28408\/\" \/>\n<meta property=\"og:site_name\" content=\"Eurobands\" \/>\n<meta property=\"article:modified_time\" content=\"2025-01-31T09:47:18+00:00\" \/>\n<meta property=\"og:image\" content=\"https:\/\/eurobands.com\/wp-content\/uploads\/2024\/10\/28408.png\" \/>\n\t<meta property=\"og:image:width\" content=\"1600\" \/>\n\t<meta property=\"og:image:height\" content=\"1600\" \/>\n\t<meta property=\"og:image:type\" content=\"image\/png\" \/>\n<meta name=\"twitter:card\" content=\"summary_large_image\" \/>\n<meta name=\"twitter:label1\" content=\"Dur\u00e9e de lecture est.\" \/>\n\t<meta name=\"twitter:data1\" content=\"1 minute\" \/>\n<script type=\"application\/ld+json\" class=\"yoast-schema-graph\">{\"@context\":\"https:\/\/schema.org\",\"@graph\":[{\"@type\":\"WebPage\",\"@id\":\"https:\/\/eurobands.com\/product\/foam-tapes-28408\/\",\"url\":\"https:\/\/eurobands.com\/product\/foam-tapes-28408\/\",\"name\":\"Foam tapes - 28408 - Eurobands\",\"isPartOf\":{\"@id\":\"https:\/\/eurobands.com\/#website\"},\"primaryImageOfPage\":{\"@id\":\"https:\/\/eurobands.com\/product\/foam-tapes-28408\/#primaryimage\"},\"image\":{\"@id\":\"https:\/\/eurobands.com\/product\/foam-tapes-28408\/#primaryimage\"},\"thumbnailUrl\":\"https:\/\/eurobands.com\/wp-content\/uploads\/2024\/10\/28408.png\",\"datePublished\":\"2024-10-25T11:40:10+00:00\",\"dateModified\":\"2025-01-31T09:47:18+00:00\",\"description\":\"Foam tapes for vertical applications on glass, metal, and panels. High tack, adhesion, and moderate shear with resistance to heat, UV, and aging.\",\"breadcrumb\":{\"@id\":\"https:\/\/eurobands.com\/product\/foam-tapes-28408\/#breadcrumb\"},\"inLanguage\":\"fr-BE\",\"potentialAction\":[{\"@type\":\"ReadAction\",\"target\":[\"https:\/\/eurobands.com\/product\/foam-tapes-28408\/\"]}]},{\"@type\":\"ImageObject\",\"inLanguage\":\"fr-BE\",\"@id\":\"https:\/\/eurobands.com\/product\/foam-tapes-28408\/#primaryimage\",\"url\":\"https:\/\/eurobands.com\/wp-content\/uploads\/2024\/10\/28408.png\",\"contentUrl\":\"https:\/\/eurobands.com\/wp-content\/uploads\/2024\/10\/28408.png\",\"width\":400,\"height\":400,\"caption\":\"Tape for vertical applications with moderate load, compatible with glass, crystal, metal and panels. High tack, UV and heat resistant.\"},{\"@type\":\"BreadcrumbList\",\"@id\":\"https:\/\/eurobands.com\/product\/foam-tapes-28408\/#breadcrumb\",\"itemListElement\":[{\"@type\":\"ListItem\",\"position\":1,\"name\":\"Home\",\"item\":\"https:\/\/eurobands.com\/\"},{\"@type\":\"ListItem\",\"position\":2,\"name\":\"Shop\",\"item\":\"https:\/\/eurobands.com\/shop\/\"},{\"@type\":\"ListItem\",\"position\":3,\"name\":\"Foam tapes &#8211; 28408\"}]},{\"@type\":\"WebSite\",\"@id\":\"https:\/\/eurobands.com\/#website\",\"url\":\"https:\/\/eurobands.com\/\",\"name\":\"Eurobands\",\"description\":\"\",\"publisher\":{\"@id\":\"https:\/\/eurobands.com\/#organization\"},\"potentialAction\":[{\"@type\":\"SearchAction\",\"target\":{\"@type\":\"EntryPoint\",\"urlTemplate\":\"https:\/\/eurobands.com\/?s={search_term_string}\"},\"query-input\":{\"@type\":\"PropertyValueSpecification\",\"valueRequired\":true,\"valueName\":\"search_term_string\"}}],\"inLanguage\":\"fr-BE\"},{\"@type\":\"Organization\",\"@id\":\"https:\/\/eurobands.com\/#organization\",\"name\":\"Eurobands\",\"url\":\"https:\/\/eurobands.com\/\",\"logo\":{\"@type\":\"ImageObject\",\"inLanguage\":\"fr-BE\",\"@id\":\"https:\/\/eurobands.com\/#\/schema\/logo\/image\/\",\"url\":\"https:\/\/eurobands.com\/wp-content\/uploads\/2024\/03\/EUROBANDS-LOGO_RGB.png\",\"contentUrl\":\"https:\/\/eurobands.com\/wp-content\/uploads\/2024\/03\/EUROBANDS-LOGO_RGB.png\",\"width\":12098,\"height\":3014,\"caption\":\"Eurobands\"},\"image\":{\"@id\":\"https:\/\/eurobands.com\/#\/schema\/logo\/image\/\"}}]}<\/script>\n<!-- \/ Yoast SEO plugin. -->","yoast_head_json":{"title":"Rubans en mousse - 28408 - Eurobands","description":"Rubans en mousse pour applications verticales sur verre, m\u00e9tal et panneaux. Pouvoir adh\u00e9sif \u00e9lev\u00e9, adh\u00e9rence et cisaillement mod\u00e9r\u00e9 avec r\u00e9sistance \u00e0 la chaleur, aux UV et au vieillissement.","robots":{"index":"index","follow":"follow","max-snippet":"max-snippet:-1","max-image-preview":"max-image-preview:large","max-video-preview":"max-video-preview:-1"},"canonical":"https:\/\/eurobands.com\/fr\/produit\/rubans-en-mousse-28408\/","og_locale":"fr_FR","og_type":"article","og_title":"Foam tapes - 28408 - Eurobands","og_description":"Foam tapes for vertical applications on glass, metal, and panels. High tack, adhesion, and moderate shear with resistance to heat, UV, and aging.","og_url":"https:\/\/eurobands.com\/fr\/produit\/rubans-en-mousse-28408\/","og_site_name":"Eurobands","article_modified_time":"2025-01-31T09:47:18+00:00","og_image":[{"width":1600,"height":1600,"url":"https:\/\/eurobands.com\/wp-content\/uploads\/2024\/10\/28408.png","type":"image\/png"}],"twitter_card":"summary_large_image","twitter_misc":{"Dur\u00e9e de lecture est.":"1 minute"},"schema":{"@context":"https:\/\/schema.org","@graph":[{"@type":"WebPage","@id":"https:\/\/eurobands.com\/product\/foam-tapes-28408\/","url":"https:\/\/eurobands.com\/product\/foam-tapes-28408\/","name":"Rubans en mousse - 28408 - Eurobands","isPartOf":{"@id":"https:\/\/eurobands.com\/#website"},"primaryImageOfPage":{"@id":"https:\/\/eurobands.com\/product\/foam-tapes-28408\/#primaryimage"},"image":{"@id":"https:\/\/eurobands.com\/product\/foam-tapes-28408\/#primaryimage"},"thumbnailUrl":"https:\/\/eurobands.com\/wp-content\/uploads\/2024\/10\/28408.png","datePublished":"2024-10-25T11:40:10+00:00","dateModified":"2025-01-31T09:47:18+00:00","description":"Rubans en mousse pour applications verticales sur verre, m\u00e9tal et panneaux. Pouvoir adh\u00e9sif \u00e9lev\u00e9, adh\u00e9rence et cisaillement mod\u00e9r\u00e9 avec r\u00e9sistance \u00e0 la chaleur, aux UV et au vieillissement.","breadcrumb":{"@id":"https:\/\/eurobands.com\/product\/foam-tapes-28408\/#breadcrumb"},"inLanguage":"fr-BE","potentialAction":[{"@type":"ReadAction","target":["https:\/\/eurobands.com\/product\/foam-tapes-28408\/"]}]},{"@type":"ImageObject","inLanguage":"fr-BE","@id":"https:\/\/eurobands.com\/product\/foam-tapes-28408\/#primaryimage","url":"https:\/\/eurobands.com\/wp-content\/uploads\/2024\/10\/28408.png","contentUrl":"https:\/\/eurobands.com\/wp-content\/uploads\/2024\/10\/28408.png","width":400,"height":400,"caption":"Tape for vertical applications with moderate load, compatible with glass, crystal, metal and panels. High tack, UV and heat resistant."},{"@type":"BreadcrumbList","@id":"https:\/\/eurobands.com\/product\/foam-tapes-28408\/#breadcrumb","itemListElement":[{"@type":"ListItem","position":1,"name":"Home","item":"https:\/\/eurobands.com\/"},{"@type":"ListItem","position":2,"name":"Shop","item":"https:\/\/eurobands.com\/shop\/"},{"@type":"ListItem","position":3,"name":"Foam tapes &#8211; 28408"}]},{"@type":"WebSite","@id":"https:\/\/eurobands.com\/#website","url":"https:\/\/eurobands.com\/","name":"Eurobands","description":"","publisher":{"@id":"https:\/\/eurobands.com\/#organization"},"potentialAction":[{"@type":"SearchAction","target":{"@type":"EntryPoint","urlTemplate":"https:\/\/eurobands.com\/?s={search_term_string}"},"query-input":{"@type":"PropertyValueSpecification","valueRequired":true,"valueName":"search_term_string"}}],"inLanguage":"fr-BE"},{"@type":"Organization","@id":"https:\/\/eurobands.com\/#organization","name":"Eurobands","url":"https:\/\/eurobands.com\/","logo":{"@type":"ImageObject","inLanguage":"fr-BE","@id":"https:\/\/eurobands.com\/#\/schema\/logo\/image\/","url":"https:\/\/eurobands.com\/wp-content\/uploads\/2024\/03\/EUROBANDS-LOGO_RGB.png","contentUrl":"https:\/\/eurobands.com\/wp-content\/uploads\/2024\/03\/EUROBANDS-LOGO_RGB.png","width":12098,"height":3014,"caption":"Eurobands"},"image":{"@id":"https:\/\/eurobands.com\/#\/schema\/logo\/image\/"}}]}},"_links":{"self":[{"href":"https:\/\/eurobands.com\/fr\/wp-json\/wp\/v2\/product\/1055","targetHints":{"allow":["GET"]}}],"collection":[{"href":"https:\/\/eurobands.com\/fr\/wp-json\/wp\/v2\/product"}],"about":[{"href":"https:\/\/eurobands.com\/fr\/wp-json\/wp\/v2\/types\/product"}],"replies":[{"embeddable":true,"href":"https:\/\/eurobands.com\/fr\/wp-json\/wp\/v2\/comments?post=1055"}],"wp:featuredmedia":[{"embeddable":true,"href":"https:\/\/eurobands.com\/fr\/wp-json\/wp\/v2\/media\/1105"}],"wp:attachment":[{"href":"https:\/\/eurobands.com\/fr\/wp-json\/wp\/v2\/media?parent=1055"}],"wp:term":[{"taxonomy":"product_cat","embeddable":true,"href":"https:\/\/eurobands.com\/fr\/wp-json\/wp\/v2\/product_cat?post=1055"},{"taxonomy":"product_tag","embeddable":true,"href":"https:\/\/eurobands.com\/fr\/wp-json\/wp\/v2\/product_tag?post=1055"}],"curies":[{"name":"wp","href":"https:\/\/api.w.org\/{rel}","templated":true}]}}