{"id":1051,"date":"2024-10-25T11:40:46","date_gmt":"2024-10-25T11:40:46","guid":{"rendered":"https:\/\/eurobands.com\/?post_type=product&#038;p=1051"},"modified":"2025-01-31T09:30:49","modified_gmt":"2025-01-31T09:30:49","slug":"rubans-en-butyle-38042","status":"publish","type":"product","link":"https:\/\/eurobands.com\/fr\/product\/butyl-tapes-38042\/","title":{"rendered":"Rubans en butyle - 38042"},"content":{"rendered":"<p>Rubans butyles utilis\u00e9s pour l'\u00e9tanch\u00e9it\u00e9 des joints de recouvrement dans les syst\u00e8mes de toiture et de bardage<br \/>\nPour les applications d'insonorisation, en particulier dans la construction de v\u00e9hicules<br \/>\nA utiliser comme joint d'\u00e9tanch\u00e9it\u00e9 \u00e0 l'air, \u00e0 la poussi\u00e8re ou \u00e0 l'eau pour les joints de compression et les raccords.<br \/>\nPour l'\u00e9tanch\u00e9it\u00e9 des brides de conduits dans les syst\u00e8mes CVC<\/p>","protected":false},"excerpt":{"rendered":"<p>Rubans butyles utilis\u00e9s pour l'\u00e9tanch\u00e9it\u00e9 des joints de recouvrement dans les syst\u00e8mes de toiture et de bardage Pour les applications d'insonorisation, en particulier dans la construction automobile Pour l'\u00e9tanch\u00e9it\u00e9 \u00e0 l'air, \u00e0 la poussi\u00e8re ou \u00e0 l'eau des joints de compression et des raccords Pour l'\u00e9tanch\u00e9it\u00e9 des brides de conduits dans les syst\u00e8mes HVAC<\/p>","protected":false},"featured_media":1013,"comment_status":"open","ping_status":"closed","template":"","meta":[],"product_cat":[31],"product_tag":[],"class_list":{"0":"post-1051","1":"product","2":"type-product","3":"status-publish","4":"has-post-thumbnail","6":"product_cat-assembly","8":"first","9":"instock","10":"shipping-taxable","11":"product-type-simple"},"yoast_head":"<!-- This site is optimized with the Yoast SEO plugin v26.1.1 - https:\/\/yoast.com\/wordpress\/plugins\/seo\/ -->\n<title>Butyl tapes - 38042 - Eurobands<\/title>\n<meta name=\"description\" content=\"Butyl tapes for sealing lap joints in roofing, soundproofing in vehicles, and air, dust, or water seals in HVAC systems.\" \/>\n<meta name=\"robots\" content=\"index, follow, max-snippet:-1, max-image-preview:large, max-video-preview:-1\" \/>\n<link rel=\"canonical\" href=\"https:\/\/eurobands.com\/fr\/produit\/rubans-en-butyle-38042\/\" \/>\n<meta property=\"og:locale\" content=\"fr_FR\" \/>\n<meta property=\"og:type\" content=\"article\" \/>\n<meta property=\"og:title\" content=\"Butyl tapes - 38042 - Eurobands\" \/>\n<meta property=\"og:description\" content=\"Butyl tapes for sealing lap joints in roofing, soundproofing in vehicles, and air, dust, or water seals in HVAC systems.\" \/>\n<meta property=\"og:url\" content=\"https:\/\/eurobands.com\/fr\/produit\/rubans-en-butyle-38042\/\" \/>\n<meta property=\"og:site_name\" content=\"Eurobands\" \/>\n<meta property=\"article:modified_time\" content=\"2025-01-31T09:30:49+00:00\" \/>\n<meta property=\"og:image\" content=\"https:\/\/eurobands.com\/wp-content\/uploads\/2024\/10\/38042-1024x1024.png\" \/>\n\t<meta property=\"og:image:width\" content=\"1024\" \/>\n\t<meta property=\"og:image:height\" content=\"1024\" \/>\n\t<meta property=\"og:image:type\" content=\"image\/png\" \/>\n<meta name=\"twitter:card\" content=\"summary_large_image\" \/>\n<meta name=\"twitter:label1\" content=\"Dur\u00e9e de lecture est.\" \/>\n\t<meta name=\"twitter:data1\" content=\"1 minute\" \/>\n<script type=\"application\/ld+json\" class=\"yoast-schema-graph\">{\"@context\":\"https:\/\/schema.org\",\"@graph\":[{\"@type\":\"WebPage\",\"@id\":\"https:\/\/eurobands.com\/product\/butyl-tapes-38042\/\",\"url\":\"https:\/\/eurobands.com\/product\/butyl-tapes-38042\/\",\"name\":\"Butyl tapes - 38042 - Eurobands\",\"isPartOf\":{\"@id\":\"https:\/\/eurobands.com\/#website\"},\"primaryImageOfPage\":{\"@id\":\"https:\/\/eurobands.com\/product\/butyl-tapes-38042\/#primaryimage\"},\"image\":{\"@id\":\"https:\/\/eurobands.com\/product\/butyl-tapes-38042\/#primaryimage\"},\"thumbnailUrl\":\"https:\/\/eurobands.com\/wp-content\/uploads\/2024\/10\/38042.png\",\"datePublished\":\"2024-10-25T11:40:46+00:00\",\"dateModified\":\"2025-01-31T09:30:49+00:00\",\"description\":\"Butyl tapes for sealing lap joints in roofing, soundproofing in vehicles, and air, dust, or water seals in HVAC systems.\",\"breadcrumb\":{\"@id\":\"https:\/\/eurobands.com\/product\/butyl-tapes-38042\/#breadcrumb\"},\"inLanguage\":\"fr-BE\",\"potentialAction\":[{\"@type\":\"ReadAction\",\"target\":[\"https:\/\/eurobands.com\/product\/butyl-tapes-38042\/\"]}]},{\"@type\":\"ImageObject\",\"inLanguage\":\"fr-BE\",\"@id\":\"https:\/\/eurobands.com\/product\/butyl-tapes-38042\/#primaryimage\",\"url\":\"https:\/\/eurobands.com\/wp-content\/uploads\/2024\/10\/38042.png\",\"contentUrl\":\"https:\/\/eurobands.com\/wp-content\/uploads\/2024\/10\/38042.png\",\"width\":400,\"height\":400,\"caption\":\"Tape for sealing air, dust and water in compression joints and seams, with strong adhesion for vehicle construction applications.\"},{\"@type\":\"BreadcrumbList\",\"@id\":\"https:\/\/eurobands.com\/product\/butyl-tapes-38042\/#breadcrumb\",\"itemListElement\":[{\"@type\":\"ListItem\",\"position\":1,\"name\":\"Home\",\"item\":\"https:\/\/eurobands.com\/\"},{\"@type\":\"ListItem\",\"position\":2,\"name\":\"Shop\",\"item\":\"https:\/\/eurobands.com\/shop\/\"},{\"@type\":\"ListItem\",\"position\":3,\"name\":\"Butyl tapes &#8211; 38042\"}]},{\"@type\":\"WebSite\",\"@id\":\"https:\/\/eurobands.com\/#website\",\"url\":\"https:\/\/eurobands.com\/\",\"name\":\"Eurobands\",\"description\":\"\",\"publisher\":{\"@id\":\"https:\/\/eurobands.com\/#organization\"},\"potentialAction\":[{\"@type\":\"SearchAction\",\"target\":{\"@type\":\"EntryPoint\",\"urlTemplate\":\"https:\/\/eurobands.com\/?s={search_term_string}\"},\"query-input\":{\"@type\":\"PropertyValueSpecification\",\"valueRequired\":true,\"valueName\":\"search_term_string\"}}],\"inLanguage\":\"fr-BE\"},{\"@type\":\"Organization\",\"@id\":\"https:\/\/eurobands.com\/#organization\",\"name\":\"Eurobands\",\"url\":\"https:\/\/eurobands.com\/\",\"logo\":{\"@type\":\"ImageObject\",\"inLanguage\":\"fr-BE\",\"@id\":\"https:\/\/eurobands.com\/#\/schema\/logo\/image\/\",\"url\":\"https:\/\/eurobands.com\/wp-content\/uploads\/2024\/03\/EUROBANDS-LOGO_RGB.png\",\"contentUrl\":\"https:\/\/eurobands.com\/wp-content\/uploads\/2024\/03\/EUROBANDS-LOGO_RGB.png\",\"width\":12098,\"height\":3014,\"caption\":\"Eurobands\"},\"image\":{\"@id\":\"https:\/\/eurobands.com\/#\/schema\/logo\/image\/\"}}]}<\/script>\n<!-- \/ Yoast SEO plugin. -->","yoast_head_json":{"title":"Rubans butyles - 38042 - Eurobands","description":"Rubans butyles pour l'\u00e9tanch\u00e9it\u00e9 des joints de recouvrement des toitures, l'insonorisation des v\u00e9hicules et l'\u00e9tanch\u00e9it\u00e9 \u00e0 l'air, \u00e0 la poussi\u00e8re ou \u00e0 l'eau des syst\u00e8mes de chauffage, de ventilation et de climatisation.","robots":{"index":"index","follow":"follow","max-snippet":"max-snippet:-1","max-image-preview":"max-image-preview:large","max-video-preview":"max-video-preview:-1"},"canonical":"https:\/\/eurobands.com\/fr\/produit\/rubans-en-butyle-38042\/","og_locale":"fr_FR","og_type":"article","og_title":"Butyl tapes - 38042 - Eurobands","og_description":"Butyl tapes for sealing lap joints in roofing, soundproofing in vehicles, and air, dust, or water seals in HVAC systems.","og_url":"https:\/\/eurobands.com\/fr\/produit\/rubans-en-butyle-38042\/","og_site_name":"Eurobands","article_modified_time":"2025-01-31T09:30:49+00:00","og_image":[{"width":1024,"height":1024,"url":"https:\/\/eurobands.com\/wp-content\/uploads\/2024\/10\/38042-1024x1024.png","type":"image\/png"}],"twitter_card":"summary_large_image","twitter_misc":{"Dur\u00e9e de lecture est.":"1 minute"},"schema":{"@context":"https:\/\/schema.org","@graph":[{"@type":"WebPage","@id":"https:\/\/eurobands.com\/product\/butyl-tapes-38042\/","url":"https:\/\/eurobands.com\/product\/butyl-tapes-38042\/","name":"Rubans butyles - 38042 - Eurobands","isPartOf":{"@id":"https:\/\/eurobands.com\/#website"},"primaryImageOfPage":{"@id":"https:\/\/eurobands.com\/product\/butyl-tapes-38042\/#primaryimage"},"image":{"@id":"https:\/\/eurobands.com\/product\/butyl-tapes-38042\/#primaryimage"},"thumbnailUrl":"https:\/\/eurobands.com\/wp-content\/uploads\/2024\/10\/38042.png","datePublished":"2024-10-25T11:40:46+00:00","dateModified":"2025-01-31T09:30:49+00:00","description":"Rubans butyles pour l'\u00e9tanch\u00e9it\u00e9 des joints de recouvrement des toitures, l'insonorisation des v\u00e9hicules et l'\u00e9tanch\u00e9it\u00e9 \u00e0 l'air, \u00e0 la poussi\u00e8re ou \u00e0 l'eau des syst\u00e8mes de chauffage, de ventilation et de climatisation.","breadcrumb":{"@id":"https:\/\/eurobands.com\/product\/butyl-tapes-38042\/#breadcrumb"},"inLanguage":"fr-BE","potentialAction":[{"@type":"ReadAction","target":["https:\/\/eurobands.com\/product\/butyl-tapes-38042\/"]}]},{"@type":"ImageObject","inLanguage":"fr-BE","@id":"https:\/\/eurobands.com\/product\/butyl-tapes-38042\/#primaryimage","url":"https:\/\/eurobands.com\/wp-content\/uploads\/2024\/10\/38042.png","contentUrl":"https:\/\/eurobands.com\/wp-content\/uploads\/2024\/10\/38042.png","width":400,"height":400,"caption":"Tape for sealing air, dust and water in compression joints and seams, with strong adhesion for vehicle construction applications."},{"@type":"BreadcrumbList","@id":"https:\/\/eurobands.com\/product\/butyl-tapes-38042\/#breadcrumb","itemListElement":[{"@type":"ListItem","position":1,"name":"Home","item":"https:\/\/eurobands.com\/"},{"@type":"ListItem","position":2,"name":"Shop","item":"https:\/\/eurobands.com\/shop\/"},{"@type":"ListItem","position":3,"name":"Butyl tapes &#8211; 38042"}]},{"@type":"WebSite","@id":"https:\/\/eurobands.com\/#website","url":"https:\/\/eurobands.com\/","name":"Eurobands","description":"","publisher":{"@id":"https:\/\/eurobands.com\/#organization"},"potentialAction":[{"@type":"SearchAction","target":{"@type":"EntryPoint","urlTemplate":"https:\/\/eurobands.com\/?s={search_term_string}"},"query-input":{"@type":"PropertyValueSpecification","valueRequired":true,"valueName":"search_term_string"}}],"inLanguage":"fr-BE"},{"@type":"Organization","@id":"https:\/\/eurobands.com\/#organization","name":"Eurobands","url":"https:\/\/eurobands.com\/","logo":{"@type":"ImageObject","inLanguage":"fr-BE","@id":"https:\/\/eurobands.com\/#\/schema\/logo\/image\/","url":"https:\/\/eurobands.com\/wp-content\/uploads\/2024\/03\/EUROBANDS-LOGO_RGB.png","contentUrl":"https:\/\/eurobands.com\/wp-content\/uploads\/2024\/03\/EUROBANDS-LOGO_RGB.png","width":12098,"height":3014,"caption":"Eurobands"},"image":{"@id":"https:\/\/eurobands.com\/#\/schema\/logo\/image\/"}}]}},"_links":{"self":[{"href":"https:\/\/eurobands.com\/fr\/wp-json\/wp\/v2\/product\/1051","targetHints":{"allow":["GET"]}}],"collection":[{"href":"https:\/\/eurobands.com\/fr\/wp-json\/wp\/v2\/product"}],"about":[{"href":"https:\/\/eurobands.com\/fr\/wp-json\/wp\/v2\/types\/product"}],"replies":[{"embeddable":true,"href":"https:\/\/eurobands.com\/fr\/wp-json\/wp\/v2\/comments?post=1051"}],"wp:featuredmedia":[{"embeddable":true,"href":"https:\/\/eurobands.com\/fr\/wp-json\/wp\/v2\/media\/1013"}],"wp:attachment":[{"href":"https:\/\/eurobands.com\/fr\/wp-json\/wp\/v2\/media?parent=1051"}],"wp:term":[{"taxonomy":"product_cat","embeddable":true,"href":"https:\/\/eurobands.com\/fr\/wp-json\/wp\/v2\/product_cat?post=1051"},{"taxonomy":"product_tag","embeddable":true,"href":"https:\/\/eurobands.com\/fr\/wp-json\/wp\/v2\/product_tag?post=1051"}],"curies":[{"name":"wp","href":"https:\/\/api.w.org\/{rel}","templated":true}]}}