{"id":1038,"date":"2024-10-25T11:40:46","date_gmt":"2024-10-25T11:40:46","guid":{"rendered":"https:\/\/eurobands.com\/?post_type=product&#038;p=1038"},"modified":"2025-01-31T09:28:11","modified_gmt":"2025-01-31T09:28:11","slug":"rubans-pp-a-usage-general-36150","status":"publish","type":"product","link":"https:\/\/eurobands.com\/fr\/product\/general-use-pp-tapes-36150\/","title":{"rendered":"Rubans PP \u00e0 usage g\u00e9n\u00e9ral - 36150"},"content":{"rendered":"<p>Rubans PP \u00e0 usage g\u00e9n\u00e9ral<\/p>\n<p>R\u00e9sistance \u00e0 la temp\u00e9rature jusqu'\u00e0 60\u00b0C<br \/>\nAdh\u00e9sion agressive<\/p>","protected":false},"excerpt":{"rendered":"<p>General-use PP tapes Temperature resistance up to 60\u00b0C Aggressive adhesion<\/p>","protected":false},"featured_media":1088,"comment_status":"open","ping_status":"closed","template":"","meta":[],"product_cat":[31],"product_tag":[],"class_list":{"0":"post-1038","1":"product","2":"type-product","3":"status-publish","4":"has-post-thumbnail","6":"product_cat-assembly","8":"first","9":"instock","10":"shipping-taxable","11":"product-type-simple"},"yoast_head":"<!-- This site is optimized with the Yoast SEO plugin v26.1.1 - https:\/\/yoast.com\/wordpress\/plugins\/seo\/ -->\n<title>General-use PP tapes - 36150 - Eurobands<\/title>\n<meta name=\"description\" content=\"General-use PP tapes with aggressive adhesion and temperature resistance up to 60\u00b0C.\" \/>\n<meta name=\"robots\" content=\"index, follow, max-snippet:-1, max-image-preview:large, max-video-preview:-1\" \/>\n<link rel=\"canonical\" href=\"https:\/\/eurobands.com\/fr\/produit\/rubans-pp-a-usage-general-36150\/\" \/>\n<meta property=\"og:locale\" content=\"fr_FR\" \/>\n<meta property=\"og:type\" content=\"article\" \/>\n<meta property=\"og:title\" content=\"General-use PP tapes - 36150 - Eurobands\" \/>\n<meta property=\"og:description\" content=\"General-use PP tapes with aggressive adhesion and temperature resistance up to 60\u00b0C.\" \/>\n<meta property=\"og:url\" content=\"https:\/\/eurobands.com\/fr\/produit\/rubans-pp-a-usage-general-36150\/\" \/>\n<meta property=\"og:site_name\" content=\"Eurobands\" \/>\n<meta property=\"article:modified_time\" content=\"2025-01-31T09:28:11+00:00\" \/>\n<meta property=\"og:image\" content=\"https:\/\/eurobands.com\/wp-content\/uploads\/2024\/10\/36150-1024x1024.png\" \/>\n\t<meta property=\"og:image:width\" content=\"1024\" \/>\n\t<meta property=\"og:image:height\" content=\"1024\" \/>\n\t<meta property=\"og:image:type\" content=\"image\/png\" \/>\n<meta name=\"twitter:card\" content=\"summary_large_image\" \/>\n<meta name=\"twitter:label1\" content=\"Dur\u00e9e de lecture est.\" \/>\n\t<meta name=\"twitter:data1\" content=\"1 minute\" \/>\n<script type=\"application\/ld+json\" class=\"yoast-schema-graph\">{\"@context\":\"https:\/\/schema.org\",\"@graph\":[{\"@type\":\"WebPage\",\"@id\":\"https:\/\/eurobands.com\/product\/general-use-pp-tapes-36150\/\",\"url\":\"https:\/\/eurobands.com\/product\/general-use-pp-tapes-36150\/\",\"name\":\"General-use PP tapes - 36150 - Eurobands\",\"isPartOf\":{\"@id\":\"https:\/\/eurobands.com\/#website\"},\"primaryImageOfPage\":{\"@id\":\"https:\/\/eurobands.com\/product\/general-use-pp-tapes-36150\/#primaryimage\"},\"image\":{\"@id\":\"https:\/\/eurobands.com\/product\/general-use-pp-tapes-36150\/#primaryimage\"},\"thumbnailUrl\":\"https:\/\/eurobands.com\/wp-content\/uploads\/2024\/10\/36150.png\",\"datePublished\":\"2024-10-25T11:40:46+00:00\",\"dateModified\":\"2025-01-31T09:28:11+00:00\",\"description\":\"General-use PP tapes with aggressive adhesion and temperature resistance up to 60\u00b0C.\",\"breadcrumb\":{\"@id\":\"https:\/\/eurobands.com\/product\/general-use-pp-tapes-36150\/#breadcrumb\"},\"inLanguage\":\"fr-BE\",\"potentialAction\":[{\"@type\":\"ReadAction\",\"target\":[\"https:\/\/eurobands.com\/product\/general-use-pp-tapes-36150\/\"]}]},{\"@type\":\"ImageObject\",\"inLanguage\":\"fr-BE\",\"@id\":\"https:\/\/eurobands.com\/product\/general-use-pp-tapes-36150\/#primaryimage\",\"url\":\"https:\/\/eurobands.com\/wp-content\/uploads\/2024\/10\/36150.png\",\"contentUrl\":\"https:\/\/eurobands.com\/wp-content\/uploads\/2024\/10\/36150.png\",\"width\":400,\"height\":400,\"caption\":\"General-use tape with aggressive adhesion and temperature resistance up to 60\u00b0C.\"},{\"@type\":\"BreadcrumbList\",\"@id\":\"https:\/\/eurobands.com\/product\/general-use-pp-tapes-36150\/#breadcrumb\",\"itemListElement\":[{\"@type\":\"ListItem\",\"position\":1,\"name\":\"Home\",\"item\":\"https:\/\/eurobands.com\/\"},{\"@type\":\"ListItem\",\"position\":2,\"name\":\"Shop\",\"item\":\"https:\/\/eurobands.com\/shop\/\"},{\"@type\":\"ListItem\",\"position\":3,\"name\":\"General-use PP tapes &#8211; 36150\"}]},{\"@type\":\"WebSite\",\"@id\":\"https:\/\/eurobands.com\/#website\",\"url\":\"https:\/\/eurobands.com\/\",\"name\":\"Eurobands\",\"description\":\"\",\"publisher\":{\"@id\":\"https:\/\/eurobands.com\/#organization\"},\"potentialAction\":[{\"@type\":\"SearchAction\",\"target\":{\"@type\":\"EntryPoint\",\"urlTemplate\":\"https:\/\/eurobands.com\/?s={search_term_string}\"},\"query-input\":{\"@type\":\"PropertyValueSpecification\",\"valueRequired\":true,\"valueName\":\"search_term_string\"}}],\"inLanguage\":\"fr-BE\"},{\"@type\":\"Organization\",\"@id\":\"https:\/\/eurobands.com\/#organization\",\"name\":\"Eurobands\",\"url\":\"https:\/\/eurobands.com\/\",\"logo\":{\"@type\":\"ImageObject\",\"inLanguage\":\"fr-BE\",\"@id\":\"https:\/\/eurobands.com\/#\/schema\/logo\/image\/\",\"url\":\"https:\/\/eurobands.com\/wp-content\/uploads\/2024\/03\/EUROBANDS-LOGO_RGB.png\",\"contentUrl\":\"https:\/\/eurobands.com\/wp-content\/uploads\/2024\/03\/EUROBANDS-LOGO_RGB.png\",\"width\":12098,\"height\":3014,\"caption\":\"Eurobands\"},\"image\":{\"@id\":\"https:\/\/eurobands.com\/#\/schema\/logo\/image\/\"}}]}<\/script>\n<!-- \/ Yoast SEO plugin. -->","yoast_head_json":{"title":"Rubans PP \u00e0 usage g\u00e9n\u00e9ral - 36150 - Eurobands","description":"Rubans en PP \u00e0 usage g\u00e9n\u00e9ral avec une adh\u00e9rence agressive et une r\u00e9sistance \u00e0 la temp\u00e9rature jusqu'\u00e0 60\u00b0C.","robots":{"index":"index","follow":"follow","max-snippet":"max-snippet:-1","max-image-preview":"max-image-preview:large","max-video-preview":"max-video-preview:-1"},"canonical":"https:\/\/eurobands.com\/fr\/produit\/rubans-pp-a-usage-general-36150\/","og_locale":"fr_FR","og_type":"article","og_title":"General-use PP tapes - 36150 - Eurobands","og_description":"General-use PP tapes with aggressive adhesion and temperature resistance up to 60\u00b0C.","og_url":"https:\/\/eurobands.com\/fr\/produit\/rubans-pp-a-usage-general-36150\/","og_site_name":"Eurobands","article_modified_time":"2025-01-31T09:28:11+00:00","og_image":[{"width":1024,"height":1024,"url":"https:\/\/eurobands.com\/wp-content\/uploads\/2024\/10\/36150-1024x1024.png","type":"image\/png"}],"twitter_card":"summary_large_image","twitter_misc":{"Dur\u00e9e de lecture est.":"1 minute"},"schema":{"@context":"https:\/\/schema.org","@graph":[{"@type":"WebPage","@id":"https:\/\/eurobands.com\/product\/general-use-pp-tapes-36150\/","url":"https:\/\/eurobands.com\/product\/general-use-pp-tapes-36150\/","name":"Rubans PP \u00e0 usage g\u00e9n\u00e9ral - 36150 - Eurobands","isPartOf":{"@id":"https:\/\/eurobands.com\/#website"},"primaryImageOfPage":{"@id":"https:\/\/eurobands.com\/product\/general-use-pp-tapes-36150\/#primaryimage"},"image":{"@id":"https:\/\/eurobands.com\/product\/general-use-pp-tapes-36150\/#primaryimage"},"thumbnailUrl":"https:\/\/eurobands.com\/wp-content\/uploads\/2024\/10\/36150.png","datePublished":"2024-10-25T11:40:46+00:00","dateModified":"2025-01-31T09:28:11+00:00","description":"Rubans en PP \u00e0 usage g\u00e9n\u00e9ral avec une adh\u00e9rence agressive et une r\u00e9sistance \u00e0 la temp\u00e9rature jusqu'\u00e0 60\u00b0C.","breadcrumb":{"@id":"https:\/\/eurobands.com\/product\/general-use-pp-tapes-36150\/#breadcrumb"},"inLanguage":"fr-BE","potentialAction":[{"@type":"ReadAction","target":["https:\/\/eurobands.com\/product\/general-use-pp-tapes-36150\/"]}]},{"@type":"ImageObject","inLanguage":"fr-BE","@id":"https:\/\/eurobands.com\/product\/general-use-pp-tapes-36150\/#primaryimage","url":"https:\/\/eurobands.com\/wp-content\/uploads\/2024\/10\/36150.png","contentUrl":"https:\/\/eurobands.com\/wp-content\/uploads\/2024\/10\/36150.png","width":400,"height":400,"caption":"General-use tape with aggressive adhesion and temperature resistance up to 60\u00b0C."},{"@type":"BreadcrumbList","@id":"https:\/\/eurobands.com\/product\/general-use-pp-tapes-36150\/#breadcrumb","itemListElement":[{"@type":"ListItem","position":1,"name":"Home","item":"https:\/\/eurobands.com\/"},{"@type":"ListItem","position":2,"name":"Shop","item":"https:\/\/eurobands.com\/shop\/"},{"@type":"ListItem","position":3,"name":"General-use PP tapes &#8211; 36150"}]},{"@type":"WebSite","@id":"https:\/\/eurobands.com\/#website","url":"https:\/\/eurobands.com\/","name":"Eurobands","description":"","publisher":{"@id":"https:\/\/eurobands.com\/#organization"},"potentialAction":[{"@type":"SearchAction","target":{"@type":"EntryPoint","urlTemplate":"https:\/\/eurobands.com\/?s={search_term_string}"},"query-input":{"@type":"PropertyValueSpecification","valueRequired":true,"valueName":"search_term_string"}}],"inLanguage":"fr-BE"},{"@type":"Organization","@id":"https:\/\/eurobands.com\/#organization","name":"Eurobands","url":"https:\/\/eurobands.com\/","logo":{"@type":"ImageObject","inLanguage":"fr-BE","@id":"https:\/\/eurobands.com\/#\/schema\/logo\/image\/","url":"https:\/\/eurobands.com\/wp-content\/uploads\/2024\/03\/EUROBANDS-LOGO_RGB.png","contentUrl":"https:\/\/eurobands.com\/wp-content\/uploads\/2024\/03\/EUROBANDS-LOGO_RGB.png","width":12098,"height":3014,"caption":"Eurobands"},"image":{"@id":"https:\/\/eurobands.com\/#\/schema\/logo\/image\/"}}]}},"_links":{"self":[{"href":"https:\/\/eurobands.com\/fr\/wp-json\/wp\/v2\/product\/1038","targetHints":{"allow":["GET"]}}],"collection":[{"href":"https:\/\/eurobands.com\/fr\/wp-json\/wp\/v2\/product"}],"about":[{"href":"https:\/\/eurobands.com\/fr\/wp-json\/wp\/v2\/types\/product"}],"replies":[{"embeddable":true,"href":"https:\/\/eurobands.com\/fr\/wp-json\/wp\/v2\/comments?post=1038"}],"wp:featuredmedia":[{"embeddable":true,"href":"https:\/\/eurobands.com\/fr\/wp-json\/wp\/v2\/media\/1088"}],"wp:attachment":[{"href":"https:\/\/eurobands.com\/fr\/wp-json\/wp\/v2\/media?parent=1038"}],"wp:term":[{"taxonomy":"product_cat","embeddable":true,"href":"https:\/\/eurobands.com\/fr\/wp-json\/wp\/v2\/product_cat?post=1038"},{"taxonomy":"product_tag","embeddable":true,"href":"https:\/\/eurobands.com\/fr\/wp-json\/wp\/v2\/product_tag?post=1038"}],"curies":[{"name":"wp","href":"https:\/\/api.w.org\/{rel}","templated":true}]}}