{"id":1035,"date":"2024-10-25T11:40:46","date_gmt":"2024-10-25T11:40:46","guid":{"rendered":"https:\/\/eurobands.com\/?post_type=product&#038;p=1035"},"modified":"2025-01-31T09:29:14","modified_gmt":"2025-01-31T09:29:14","slug":"ruban-double-face-en-film-pour-moquette-36135","status":"publish","type":"product","link":"https:\/\/eurobands.com\/fr\/product\/double-sided-filmic-carpet-tape-36135\/","title":{"rendered":"Ruban adh\u00e9sif double face pour tapis - 36135"},"content":{"rendered":"<p>Ruban adh\u00e9sif double face pour tapis pour de nombreuses applications industrielles<br \/>\nConvient \u00e9galement \u00e0 la fixation d'\u00e9chantillons, d'articles g\u00e9n\u00e9raux et de tampons de feutre.<br \/>\nBonne adh\u00e9rence sur diff\u00e9rentes surfaces<\/p>","protected":false},"excerpt":{"rendered":"<p>Double sided filmic carpet tape for many industrial applications Suitable even for fixing samples, general items and felt pads Good adhesion on different surfaces<\/p>","protected":false},"featured_media":1087,"comment_status":"open","ping_status":"closed","template":"","meta":[],"product_cat":[31],"product_tag":[],"class_list":{"0":"post-1035","1":"product","2":"type-product","3":"status-publish","4":"has-post-thumbnail","6":"product_cat-assembly","8":"first","9":"instock","10":"shipping-taxable","11":"product-type-simple"},"yoast_head":"<!-- This site is optimized with the Yoast SEO plugin v26.1.1 - https:\/\/yoast.com\/wordpress\/plugins\/seo\/ -->\n<title>Double sided filmic carpet tape - 36135 - Eurobands<\/title>\n<meta name=\"description\" content=\"Double-sided filmic carpet tape for industrial use, ideal for fixing samples, items, and felt pads. Provides strong adhesion on various surfaces.\" \/>\n<meta name=\"robots\" content=\"index, follow, max-snippet:-1, max-image-preview:large, max-video-preview:-1\" \/>\n<link rel=\"canonical\" href=\"https:\/\/eurobands.com\/fr\/produit\/ruban-double-face-en-film-pour-moquette-36135\/\" \/>\n<meta property=\"og:locale\" content=\"fr_FR\" \/>\n<meta property=\"og:type\" content=\"article\" \/>\n<meta property=\"og:title\" content=\"Double sided filmic carpet tape - 36135 - Eurobands\" \/>\n<meta property=\"og:description\" content=\"Double-sided filmic carpet tape for industrial use, ideal for fixing samples, items, and felt pads. Provides strong adhesion on various surfaces.\" \/>\n<meta property=\"og:url\" content=\"https:\/\/eurobands.com\/fr\/produit\/ruban-double-face-en-film-pour-moquette-36135\/\" \/>\n<meta property=\"og:site_name\" content=\"Eurobands\" \/>\n<meta property=\"article:modified_time\" content=\"2025-01-31T09:29:14+00:00\" \/>\n<meta property=\"og:image\" content=\"https:\/\/eurobands.com\/wp-content\/uploads\/2024\/10\/36135-1024x1024.png\" \/>\n\t<meta property=\"og:image:width\" content=\"1024\" \/>\n\t<meta property=\"og:image:height\" content=\"1024\" \/>\n\t<meta property=\"og:image:type\" content=\"image\/png\" \/>\n<meta name=\"twitter:card\" content=\"summary_large_image\" \/>\n<meta name=\"twitter:label1\" content=\"Dur\u00e9e de lecture est.\" \/>\n\t<meta name=\"twitter:data1\" content=\"1 minute\" \/>\n<script type=\"application\/ld+json\" class=\"yoast-schema-graph\">{\"@context\":\"https:\/\/schema.org\",\"@graph\":[{\"@type\":\"WebPage\",\"@id\":\"https:\/\/eurobands.com\/product\/double-sided-filmic-carpet-tape-36135\/\",\"url\":\"https:\/\/eurobands.com\/product\/double-sided-filmic-carpet-tape-36135\/\",\"name\":\"Double sided filmic carpet tape - 36135 - Eurobands\",\"isPartOf\":{\"@id\":\"https:\/\/eurobands.com\/#website\"},\"primaryImageOfPage\":{\"@id\":\"https:\/\/eurobands.com\/product\/double-sided-filmic-carpet-tape-36135\/#primaryimage\"},\"image\":{\"@id\":\"https:\/\/eurobands.com\/product\/double-sided-filmic-carpet-tape-36135\/#primaryimage\"},\"thumbnailUrl\":\"https:\/\/eurobands.com\/wp-content\/uploads\/2024\/10\/36135.png\",\"datePublished\":\"2024-10-25T11:40:46+00:00\",\"dateModified\":\"2025-01-31T09:29:14+00:00\",\"description\":\"Double-sided filmic carpet tape for industrial use, ideal for fixing samples, items, and felt pads. Provides strong adhesion on various surfaces.\",\"breadcrumb\":{\"@id\":\"https:\/\/eurobands.com\/product\/double-sided-filmic-carpet-tape-36135\/#breadcrumb\"},\"inLanguage\":\"fr-BE\",\"potentialAction\":[{\"@type\":\"ReadAction\",\"target\":[\"https:\/\/eurobands.com\/product\/double-sided-filmic-carpet-tape-36135\/\"]}]},{\"@type\":\"ImageObject\",\"inLanguage\":\"fr-BE\",\"@id\":\"https:\/\/eurobands.com\/product\/double-sided-filmic-carpet-tape-36135\/#primaryimage\",\"url\":\"https:\/\/eurobands.com\/wp-content\/uploads\/2024\/10\/36135.png\",\"contentUrl\":\"https:\/\/eurobands.com\/wp-content\/uploads\/2024\/10\/36135.png\",\"width\":400,\"height\":400,\"caption\":\"Double-sided filmic carpet tape for industrial use, ideal for fixing samples, items and felt pads, with good adhesion on multiple surfaces.\"},{\"@type\":\"BreadcrumbList\",\"@id\":\"https:\/\/eurobands.com\/product\/double-sided-filmic-carpet-tape-36135\/#breadcrumb\",\"itemListElement\":[{\"@type\":\"ListItem\",\"position\":1,\"name\":\"Home\",\"item\":\"https:\/\/eurobands.com\/\"},{\"@type\":\"ListItem\",\"position\":2,\"name\":\"Shop\",\"item\":\"https:\/\/eurobands.com\/shop\/\"},{\"@type\":\"ListItem\",\"position\":3,\"name\":\"Double sided filmic carpet tape &#8211; 36135\"}]},{\"@type\":\"WebSite\",\"@id\":\"https:\/\/eurobands.com\/#website\",\"url\":\"https:\/\/eurobands.com\/\",\"name\":\"Eurobands\",\"description\":\"\",\"publisher\":{\"@id\":\"https:\/\/eurobands.com\/#organization\"},\"potentialAction\":[{\"@type\":\"SearchAction\",\"target\":{\"@type\":\"EntryPoint\",\"urlTemplate\":\"https:\/\/eurobands.com\/?s={search_term_string}\"},\"query-input\":{\"@type\":\"PropertyValueSpecification\",\"valueRequired\":true,\"valueName\":\"search_term_string\"}}],\"inLanguage\":\"fr-BE\"},{\"@type\":\"Organization\",\"@id\":\"https:\/\/eurobands.com\/#organization\",\"name\":\"Eurobands\",\"url\":\"https:\/\/eurobands.com\/\",\"logo\":{\"@type\":\"ImageObject\",\"inLanguage\":\"fr-BE\",\"@id\":\"https:\/\/eurobands.com\/#\/schema\/logo\/image\/\",\"url\":\"https:\/\/eurobands.com\/wp-content\/uploads\/2024\/03\/EUROBANDS-LOGO_RGB.png\",\"contentUrl\":\"https:\/\/eurobands.com\/wp-content\/uploads\/2024\/03\/EUROBANDS-LOGO_RGB.png\",\"width\":12098,\"height\":3014,\"caption\":\"Eurobands\"},\"image\":{\"@id\":\"https:\/\/eurobands.com\/#\/schema\/logo\/image\/\"}}]}<\/script>\n<!-- \/ Yoast SEO plugin. -->","yoast_head_json":{"title":"Ruban adh\u00e9sif double face pour tapis - 36135 - Eurobands","description":"Ruban adh\u00e9sif double face pour moquette \u00e0 usage industriel, id\u00e9al pour la fixation d'\u00e9chantillons, d'articles et de feutres. Offre une forte adh\u00e9rence sur diverses surfaces.","robots":{"index":"index","follow":"follow","max-snippet":"max-snippet:-1","max-image-preview":"max-image-preview:large","max-video-preview":"max-video-preview:-1"},"canonical":"https:\/\/eurobands.com\/fr\/produit\/ruban-double-face-en-film-pour-moquette-36135\/","og_locale":"fr_FR","og_type":"article","og_title":"Double sided filmic carpet tape - 36135 - Eurobands","og_description":"Double-sided filmic carpet tape for industrial use, ideal for fixing samples, items, and felt pads. Provides strong adhesion on various surfaces.","og_url":"https:\/\/eurobands.com\/fr\/produit\/ruban-double-face-en-film-pour-moquette-36135\/","og_site_name":"Eurobands","article_modified_time":"2025-01-31T09:29:14+00:00","og_image":[{"width":1024,"height":1024,"url":"https:\/\/eurobands.com\/wp-content\/uploads\/2024\/10\/36135-1024x1024.png","type":"image\/png"}],"twitter_card":"summary_large_image","twitter_misc":{"Dur\u00e9e de lecture est.":"1 minute"},"schema":{"@context":"https:\/\/schema.org","@graph":[{"@type":"WebPage","@id":"https:\/\/eurobands.com\/product\/double-sided-filmic-carpet-tape-36135\/","url":"https:\/\/eurobands.com\/product\/double-sided-filmic-carpet-tape-36135\/","name":"Ruban adh\u00e9sif double face pour tapis - 36135 - Eurobands","isPartOf":{"@id":"https:\/\/eurobands.com\/#website"},"primaryImageOfPage":{"@id":"https:\/\/eurobands.com\/product\/double-sided-filmic-carpet-tape-36135\/#primaryimage"},"image":{"@id":"https:\/\/eurobands.com\/product\/double-sided-filmic-carpet-tape-36135\/#primaryimage"},"thumbnailUrl":"https:\/\/eurobands.com\/wp-content\/uploads\/2024\/10\/36135.png","datePublished":"2024-10-25T11:40:46+00:00","dateModified":"2025-01-31T09:29:14+00:00","description":"Ruban adh\u00e9sif double face pour moquette \u00e0 usage industriel, id\u00e9al pour la fixation d'\u00e9chantillons, d'articles et de feutres. Offre une forte adh\u00e9rence sur diverses surfaces.","breadcrumb":{"@id":"https:\/\/eurobands.com\/product\/double-sided-filmic-carpet-tape-36135\/#breadcrumb"},"inLanguage":"fr-BE","potentialAction":[{"@type":"ReadAction","target":["https:\/\/eurobands.com\/product\/double-sided-filmic-carpet-tape-36135\/"]}]},{"@type":"ImageObject","inLanguage":"fr-BE","@id":"https:\/\/eurobands.com\/product\/double-sided-filmic-carpet-tape-36135\/#primaryimage","url":"https:\/\/eurobands.com\/wp-content\/uploads\/2024\/10\/36135.png","contentUrl":"https:\/\/eurobands.com\/wp-content\/uploads\/2024\/10\/36135.png","width":400,"height":400,"caption":"Double-sided filmic carpet tape for industrial use, ideal for fixing samples, items and felt pads, with good adhesion on multiple surfaces."},{"@type":"BreadcrumbList","@id":"https:\/\/eurobands.com\/product\/double-sided-filmic-carpet-tape-36135\/#breadcrumb","itemListElement":[{"@type":"ListItem","position":1,"name":"Home","item":"https:\/\/eurobands.com\/"},{"@type":"ListItem","position":2,"name":"Shop","item":"https:\/\/eurobands.com\/shop\/"},{"@type":"ListItem","position":3,"name":"Double sided filmic carpet tape &#8211; 36135"}]},{"@type":"WebSite","@id":"https:\/\/eurobands.com\/#website","url":"https:\/\/eurobands.com\/","name":"Eurobands","description":"","publisher":{"@id":"https:\/\/eurobands.com\/#organization"},"potentialAction":[{"@type":"SearchAction","target":{"@type":"EntryPoint","urlTemplate":"https:\/\/eurobands.com\/?s={search_term_string}"},"query-input":{"@type":"PropertyValueSpecification","valueRequired":true,"valueName":"search_term_string"}}],"inLanguage":"fr-BE"},{"@type":"Organization","@id":"https:\/\/eurobands.com\/#organization","name":"Eurobands","url":"https:\/\/eurobands.com\/","logo":{"@type":"ImageObject","inLanguage":"fr-BE","@id":"https:\/\/eurobands.com\/#\/schema\/logo\/image\/","url":"https:\/\/eurobands.com\/wp-content\/uploads\/2024\/03\/EUROBANDS-LOGO_RGB.png","contentUrl":"https:\/\/eurobands.com\/wp-content\/uploads\/2024\/03\/EUROBANDS-LOGO_RGB.png","width":12098,"height":3014,"caption":"Eurobands"},"image":{"@id":"https:\/\/eurobands.com\/#\/schema\/logo\/image\/"}}]}},"_links":{"self":[{"href":"https:\/\/eurobands.com\/fr\/wp-json\/wp\/v2\/product\/1035","targetHints":{"allow":["GET"]}}],"collection":[{"href":"https:\/\/eurobands.com\/fr\/wp-json\/wp\/v2\/product"}],"about":[{"href":"https:\/\/eurobands.com\/fr\/wp-json\/wp\/v2\/types\/product"}],"replies":[{"embeddable":true,"href":"https:\/\/eurobands.com\/fr\/wp-json\/wp\/v2\/comments?post=1035"}],"wp:featuredmedia":[{"embeddable":true,"href":"https:\/\/eurobands.com\/fr\/wp-json\/wp\/v2\/media\/1087"}],"wp:attachment":[{"href":"https:\/\/eurobands.com\/fr\/wp-json\/wp\/v2\/media?parent=1035"}],"wp:term":[{"taxonomy":"product_cat","embeddable":true,"href":"https:\/\/eurobands.com\/fr\/wp-json\/wp\/v2\/product_cat?post=1035"},{"taxonomy":"product_tag","embeddable":true,"href":"https:\/\/eurobands.com\/fr\/wp-json\/wp\/v2\/product_tag?post=1035"}],"curies":[{"name":"wp","href":"https:\/\/api.w.org\/{rel}","templated":true}]}}