{"id":1033,"date":"2024-10-25T11:40:46","date_gmt":"2024-10-25T11:40:46","guid":{"rendered":"https:\/\/eurobands.com\/?post_type=product&#038;p=1033"},"modified":"2025-01-31T09:28:40","modified_gmt":"2025-01-31T09:28:40","slug":"rubans-en-pet-37438","status":"publish","type":"product","link":"https:\/\/eurobands.com\/fr\/product\/pet-tapes-37438\/","title":{"rendered":"Rubans en PET - 37438"},"content":{"rendered":"<p>Rubans en PET pour le montage de plaques en plastique ABS et PP dans des applications industrielles<br \/>\nStratifi\u00e9 auto-adh\u00e9sif en caoutchouc et EPDM<br \/>\nPerformance exceptionnelle de collage sur des substrats \u00e0 faible \u00e9nergie de surface et excellente r\u00e9sistance \u00e0 la temp\u00e9rature<\/p>","protected":false},"excerpt":{"rendered":"<p>Rubans PET pour le montage de plaques en plastique ABS et PP dans des applications de qualit\u00e9 industrielle Auto-adh\u00e9sifs stratifi\u00e9s de mat\u00e9riaux en caoutchouc et EPDM Performances de collage exceptionnelles sur substrats \u00e0 faible \u00e9nergie de surface et excellente r\u00e9sistance \u00e0 la temp\u00e9rature<\/p>","protected":false},"featured_media":1082,"comment_status":"open","ping_status":"closed","template":"","meta":[],"product_cat":[31],"product_tag":[],"class_list":{"0":"post-1033","1":"product","2":"type-product","3":"status-publish","4":"has-post-thumbnail","6":"product_cat-assembly","8":"first","9":"instock","10":"shipping-taxable","11":"product-type-simple"},"yoast_head":"<!-- This site is optimized with the Yoast SEO plugin v26.1.1 - https:\/\/yoast.com\/wordpress\/plugins\/seo\/ -->\n<title>PET tapes - 37438 - Eurobands<\/title>\n<meta name=\"description\" content=\"PET tapes for mounting ABS, PP, rubber, and EPDM in industrial applications. Strong bonding to low-energy surfaces with excellent temperature resistance.\" \/>\n<meta name=\"robots\" content=\"index, follow, max-snippet:-1, max-image-preview:large, max-video-preview:-1\" \/>\n<link rel=\"canonical\" href=\"https:\/\/eurobands.com\/fr\/produit\/rubans-en-pet-37438\/\" \/>\n<meta property=\"og:locale\" content=\"fr_FR\" \/>\n<meta property=\"og:type\" content=\"article\" \/>\n<meta property=\"og:title\" content=\"PET tapes - 37438 - Eurobands\" \/>\n<meta property=\"og:description\" content=\"PET tapes for mounting ABS, PP, rubber, and EPDM in industrial applications. Strong bonding to low-energy surfaces with excellent temperature resistance.\" \/>\n<meta property=\"og:url\" content=\"https:\/\/eurobands.com\/fr\/produit\/rubans-en-pet-37438\/\" \/>\n<meta property=\"og:site_name\" content=\"Eurobands\" \/>\n<meta property=\"article:modified_time\" content=\"2025-01-31T09:28:40+00:00\" \/>\n<meta property=\"og:image\" content=\"https:\/\/eurobands.com\/wp-content\/uploads\/2024\/10\/37438-1024x1024.png\" \/>\n\t<meta property=\"og:image:width\" content=\"1024\" \/>\n\t<meta property=\"og:image:height\" content=\"1024\" \/>\n\t<meta property=\"og:image:type\" content=\"image\/png\" \/>\n<meta name=\"twitter:card\" content=\"summary_large_image\" \/>\n<meta name=\"twitter:label1\" content=\"Dur\u00e9e de lecture est.\" \/>\n\t<meta name=\"twitter:data1\" content=\"1 minute\" \/>\n<script type=\"application\/ld+json\" class=\"yoast-schema-graph\">{\"@context\":\"https:\/\/schema.org\",\"@graph\":[{\"@type\":\"WebPage\",\"@id\":\"https:\/\/eurobands.com\/product\/pet-tapes-37438\/\",\"url\":\"https:\/\/eurobands.com\/product\/pet-tapes-37438\/\",\"name\":\"PET tapes - 37438 - Eurobands\",\"isPartOf\":{\"@id\":\"https:\/\/eurobands.com\/#website\"},\"primaryImageOfPage\":{\"@id\":\"https:\/\/eurobands.com\/product\/pet-tapes-37438\/#primaryimage\"},\"image\":{\"@id\":\"https:\/\/eurobands.com\/product\/pet-tapes-37438\/#primaryimage\"},\"thumbnailUrl\":\"https:\/\/eurobands.com\/wp-content\/uploads\/2024\/10\/37438.png\",\"datePublished\":\"2024-10-25T11:40:46+00:00\",\"dateModified\":\"2025-01-31T09:28:40+00:00\",\"description\":\"PET tapes for mounting ABS, PP, rubber, and EPDM in industrial applications. Strong bonding to low-energy surfaces with excellent temperature resistance.\",\"breadcrumb\":{\"@id\":\"https:\/\/eurobands.com\/product\/pet-tapes-37438\/#breadcrumb\"},\"inLanguage\":\"fr-BE\",\"potentialAction\":[{\"@type\":\"ReadAction\",\"target\":[\"https:\/\/eurobands.com\/product\/pet-tapes-37438\/\"]}]},{\"@type\":\"ImageObject\",\"inLanguage\":\"fr-BE\",\"@id\":\"https:\/\/eurobands.com\/product\/pet-tapes-37438\/#primaryimage\",\"url\":\"https:\/\/eurobands.com\/wp-content\/uploads\/2024\/10\/37438.png\",\"contentUrl\":\"https:\/\/eurobands.com\/wp-content\/uploads\/2024\/10\/37438.png\",\"width\":400,\"height\":400,\"caption\":\"Mounting tape for ABS and PP plates, adheres to rubber and EPDM. Strong bonding on low surface energy substrates, with excellent temperature resistance.\"},{\"@type\":\"BreadcrumbList\",\"@id\":\"https:\/\/eurobands.com\/product\/pet-tapes-37438\/#breadcrumb\",\"itemListElement\":[{\"@type\":\"ListItem\",\"position\":1,\"name\":\"Home\",\"item\":\"https:\/\/eurobands.com\/\"},{\"@type\":\"ListItem\",\"position\":2,\"name\":\"Shop\",\"item\":\"https:\/\/eurobands.com\/shop\/\"},{\"@type\":\"ListItem\",\"position\":3,\"name\":\"PET tapes &#8211; 37438\"}]},{\"@type\":\"WebSite\",\"@id\":\"https:\/\/eurobands.com\/#website\",\"url\":\"https:\/\/eurobands.com\/\",\"name\":\"Eurobands\",\"description\":\"\",\"publisher\":{\"@id\":\"https:\/\/eurobands.com\/#organization\"},\"potentialAction\":[{\"@type\":\"SearchAction\",\"target\":{\"@type\":\"EntryPoint\",\"urlTemplate\":\"https:\/\/eurobands.com\/?s={search_term_string}\"},\"query-input\":{\"@type\":\"PropertyValueSpecification\",\"valueRequired\":true,\"valueName\":\"search_term_string\"}}],\"inLanguage\":\"fr-BE\"},{\"@type\":\"Organization\",\"@id\":\"https:\/\/eurobands.com\/#organization\",\"name\":\"Eurobands\",\"url\":\"https:\/\/eurobands.com\/\",\"logo\":{\"@type\":\"ImageObject\",\"inLanguage\":\"fr-BE\",\"@id\":\"https:\/\/eurobands.com\/#\/schema\/logo\/image\/\",\"url\":\"https:\/\/eurobands.com\/wp-content\/uploads\/2024\/03\/EUROBANDS-LOGO_RGB.png\",\"contentUrl\":\"https:\/\/eurobands.com\/wp-content\/uploads\/2024\/03\/EUROBANDS-LOGO_RGB.png\",\"width\":12098,\"height\":3014,\"caption\":\"Eurobands\"},\"image\":{\"@id\":\"https:\/\/eurobands.com\/#\/schema\/logo\/image\/\"}}]}<\/script>\n<!-- \/ Yoast SEO plugin. -->","yoast_head_json":{"title":"Rubans PET - 37438 - Eurobands","description":"Rubans en PET pour le montage d'ABS, de PP, de caoutchouc et d'EPDM dans les applications industrielles. Forte adh\u00e9rence aux surfaces \u00e0 faible \u00e9nergie avec une excellente r\u00e9sistance \u00e0 la temp\u00e9rature.","robots":{"index":"index","follow":"follow","max-snippet":"max-snippet:-1","max-image-preview":"max-image-preview:large","max-video-preview":"max-video-preview:-1"},"canonical":"https:\/\/eurobands.com\/fr\/produit\/rubans-en-pet-37438\/","og_locale":"fr_FR","og_type":"article","og_title":"PET tapes - 37438 - Eurobands","og_description":"PET tapes for mounting ABS, PP, rubber, and EPDM in industrial applications. Strong bonding to low-energy surfaces with excellent temperature resistance.","og_url":"https:\/\/eurobands.com\/fr\/produit\/rubans-en-pet-37438\/","og_site_name":"Eurobands","article_modified_time":"2025-01-31T09:28:40+00:00","og_image":[{"width":1024,"height":1024,"url":"https:\/\/eurobands.com\/wp-content\/uploads\/2024\/10\/37438-1024x1024.png","type":"image\/png"}],"twitter_card":"summary_large_image","twitter_misc":{"Dur\u00e9e de lecture est.":"1 minute"},"schema":{"@context":"https:\/\/schema.org","@graph":[{"@type":"WebPage","@id":"https:\/\/eurobands.com\/product\/pet-tapes-37438\/","url":"https:\/\/eurobands.com\/product\/pet-tapes-37438\/","name":"Rubans PET - 37438 - Eurobands","isPartOf":{"@id":"https:\/\/eurobands.com\/#website"},"primaryImageOfPage":{"@id":"https:\/\/eurobands.com\/product\/pet-tapes-37438\/#primaryimage"},"image":{"@id":"https:\/\/eurobands.com\/product\/pet-tapes-37438\/#primaryimage"},"thumbnailUrl":"https:\/\/eurobands.com\/wp-content\/uploads\/2024\/10\/37438.png","datePublished":"2024-10-25T11:40:46+00:00","dateModified":"2025-01-31T09:28:40+00:00","description":"Rubans en PET pour le montage d'ABS, de PP, de caoutchouc et d'EPDM dans les applications industrielles. Forte adh\u00e9rence aux surfaces \u00e0 faible \u00e9nergie avec une excellente r\u00e9sistance \u00e0 la temp\u00e9rature.","breadcrumb":{"@id":"https:\/\/eurobands.com\/product\/pet-tapes-37438\/#breadcrumb"},"inLanguage":"fr-BE","potentialAction":[{"@type":"ReadAction","target":["https:\/\/eurobands.com\/product\/pet-tapes-37438\/"]}]},{"@type":"ImageObject","inLanguage":"fr-BE","@id":"https:\/\/eurobands.com\/product\/pet-tapes-37438\/#primaryimage","url":"https:\/\/eurobands.com\/wp-content\/uploads\/2024\/10\/37438.png","contentUrl":"https:\/\/eurobands.com\/wp-content\/uploads\/2024\/10\/37438.png","width":400,"height":400,"caption":"Mounting tape for ABS and PP plates, adheres to rubber and EPDM. Strong bonding on low surface energy substrates, with excellent temperature resistance."},{"@type":"BreadcrumbList","@id":"https:\/\/eurobands.com\/product\/pet-tapes-37438\/#breadcrumb","itemListElement":[{"@type":"ListItem","position":1,"name":"Home","item":"https:\/\/eurobands.com\/"},{"@type":"ListItem","position":2,"name":"Shop","item":"https:\/\/eurobands.com\/shop\/"},{"@type":"ListItem","position":3,"name":"PET tapes &#8211; 37438"}]},{"@type":"WebSite","@id":"https:\/\/eurobands.com\/#website","url":"https:\/\/eurobands.com\/","name":"Eurobands","description":"","publisher":{"@id":"https:\/\/eurobands.com\/#organization"},"potentialAction":[{"@type":"SearchAction","target":{"@type":"EntryPoint","urlTemplate":"https:\/\/eurobands.com\/?s={search_term_string}"},"query-input":{"@type":"PropertyValueSpecification","valueRequired":true,"valueName":"search_term_string"}}],"inLanguage":"fr-BE"},{"@type":"Organization","@id":"https:\/\/eurobands.com\/#organization","name":"Eurobands","url":"https:\/\/eurobands.com\/","logo":{"@type":"ImageObject","inLanguage":"fr-BE","@id":"https:\/\/eurobands.com\/#\/schema\/logo\/image\/","url":"https:\/\/eurobands.com\/wp-content\/uploads\/2024\/03\/EUROBANDS-LOGO_RGB.png","contentUrl":"https:\/\/eurobands.com\/wp-content\/uploads\/2024\/03\/EUROBANDS-LOGO_RGB.png","width":12098,"height":3014,"caption":"Eurobands"},"image":{"@id":"https:\/\/eurobands.com\/#\/schema\/logo\/image\/"}}]}},"_links":{"self":[{"href":"https:\/\/eurobands.com\/fr\/wp-json\/wp\/v2\/product\/1033","targetHints":{"allow":["GET"]}}],"collection":[{"href":"https:\/\/eurobands.com\/fr\/wp-json\/wp\/v2\/product"}],"about":[{"href":"https:\/\/eurobands.com\/fr\/wp-json\/wp\/v2\/types\/product"}],"replies":[{"embeddable":true,"href":"https:\/\/eurobands.com\/fr\/wp-json\/wp\/v2\/comments?post=1033"}],"wp:featuredmedia":[{"embeddable":true,"href":"https:\/\/eurobands.com\/fr\/wp-json\/wp\/v2\/media\/1082"}],"wp:attachment":[{"href":"https:\/\/eurobands.com\/fr\/wp-json\/wp\/v2\/media?parent=1033"}],"wp:term":[{"taxonomy":"product_cat","embeddable":true,"href":"https:\/\/eurobands.com\/fr\/wp-json\/wp\/v2\/product_cat?post=1033"},{"taxonomy":"product_tag","embeddable":true,"href":"https:\/\/eurobands.com\/fr\/wp-json\/wp\/v2\/product_tag?post=1033"}],"curies":[{"name":"wp","href":"https:\/\/api.w.org\/{rel}","templated":true}]}}