{"id":1018,"date":"2024-10-25T11:40:47","date_gmt":"2024-10-25T11:40:47","guid":{"rendered":"https:\/\/eurobands.com\/?post_type=product&#038;p=1018"},"modified":"2025-02-03T14:37:10","modified_gmt":"2025-02-03T14:37:10","slug":"bandes-pe-32105-2","status":"publish","type":"product","link":"https:\/\/eurobands.com\/fr\/product\/pe-tapes-32105-2\/","title":{"rendered":"Rubans PE - 32105"},"content":{"rendered":"<p>Rubans PE utilis\u00e9s pour la pose temporaire de sols, en particulier pour les tapis antid\u00e9rapants ou la pose de moquettes, m\u00eame en cas de fond rugueux et irr\u00e9gulier sur des sols d\u00e9licats tels que le parquet, la c\u00e9ramique, le marbre et les surfaces s\u00e8ches en g\u00e9n\u00e9ral<br \/>\nAdh\u00e9sif agressif, haute adh\u00e9rence et coh\u00e9sion sur la face permanente ; haute adh\u00e9rence et tr\u00e8s coh\u00e9sif sur la face amovible<\/p>","protected":false},"excerpt":{"rendered":"<p>PE tapes used for temporary floor laying, especially for non-slip mats or carpet laying, even rough and uneven bottom on delicate floors such as parquet, ceramic, marble and dry surfaces in general Aggressive adhesive, high tack and cohesion on the permanent side; high tack and very cohesive on the removable side<\/p>","protected":false},"featured_media":1062,"comment_status":"open","ping_status":"closed","template":"","meta":[],"product_cat":[31],"product_tag":[],"class_list":{"0":"post-1018","1":"product","2":"type-product","3":"status-publish","4":"has-post-thumbnail","6":"product_cat-assembly","8":"first","9":"instock","10":"shipping-taxable","11":"product-type-simple"},"yoast_head":"<!-- This site is optimized with the Yoast SEO plugin v26.1.1 - https:\/\/yoast.com\/wordpress\/plugins\/seo\/ -->\n<title>PE tapes - 32105 - Eurobands<\/title>\n<meta name=\"description\" content=\"PE tapes for temporary floor laying on delicate surfaces like parquet, ceramic, and marble. High tack and cohesion on both permanent and removable sides\" \/>\n<meta name=\"robots\" content=\"index, follow, max-snippet:-1, max-image-preview:large, max-video-preview:-1\" \/>\n<link rel=\"canonical\" href=\"https:\/\/eurobands.com\/fr\/produit\/bandes-pe-32105-2\/\" \/>\n<meta property=\"og:locale\" content=\"fr_FR\" \/>\n<meta property=\"og:type\" content=\"article\" \/>\n<meta property=\"og:title\" content=\"PE tapes - 32105 - Eurobands\" \/>\n<meta property=\"og:description\" content=\"PE tapes for temporary floor laying on delicate surfaces like parquet, ceramic, and marble. High tack and cohesion on both permanent and removable sides\" \/>\n<meta property=\"og:url\" content=\"https:\/\/eurobands.com\/fr\/produit\/bandes-pe-32105-2\/\" \/>\n<meta property=\"og:site_name\" content=\"Eurobands\" \/>\n<meta property=\"article:modified_time\" content=\"2025-02-03T14:37:10+00:00\" \/>\n<meta property=\"og:image\" content=\"https:\/\/eurobands.com\/wp-content\/uploads\/2024\/10\/32105-1024x1024.png\" \/>\n\t<meta property=\"og:image:width\" content=\"1024\" \/>\n\t<meta property=\"og:image:height\" content=\"1024\" \/>\n\t<meta property=\"og:image:type\" content=\"image\/png\" \/>\n<meta name=\"twitter:card\" content=\"summary_large_image\" \/>\n<meta name=\"twitter:label1\" content=\"Dur\u00e9e de lecture est.\" \/>\n\t<meta name=\"twitter:data1\" content=\"1 minute\" \/>\n<script type=\"application\/ld+json\" class=\"yoast-schema-graph\">{\"@context\":\"https:\/\/schema.org\",\"@graph\":[{\"@type\":\"WebPage\",\"@id\":\"https:\/\/eurobands.com\/product\/pe-tapes-32105-2\/\",\"url\":\"https:\/\/eurobands.com\/product\/pe-tapes-32105-2\/\",\"name\":\"PE tapes - 32105 - Eurobands\",\"isPartOf\":{\"@id\":\"https:\/\/eurobands.com\/#website\"},\"primaryImageOfPage\":{\"@id\":\"https:\/\/eurobands.com\/product\/pe-tapes-32105-2\/#primaryimage\"},\"image\":{\"@id\":\"https:\/\/eurobands.com\/product\/pe-tapes-32105-2\/#primaryimage\"},\"thumbnailUrl\":\"https:\/\/eurobands.com\/wp-content\/uploads\/2024\/10\/32105.png\",\"datePublished\":\"2024-10-25T11:40:47+00:00\",\"dateModified\":\"2025-02-03T14:37:10+00:00\",\"description\":\"PE tapes for temporary floor laying on delicate surfaces like parquet, ceramic, and marble. High tack and cohesion on both permanent and removable sides\",\"breadcrumb\":{\"@id\":\"https:\/\/eurobands.com\/product\/pe-tapes-32105-2\/#breadcrumb\"},\"inLanguage\":\"fr-BE\",\"potentialAction\":[{\"@type\":\"ReadAction\",\"target\":[\"https:\/\/eurobands.com\/product\/pe-tapes-32105-2\/\"]}]},{\"@type\":\"ImageObject\",\"inLanguage\":\"fr-BE\",\"@id\":\"https:\/\/eurobands.com\/product\/pe-tapes-32105-2\/#primaryimage\",\"url\":\"https:\/\/eurobands.com\/wp-content\/uploads\/2024\/10\/32105.png\",\"contentUrl\":\"https:\/\/eurobands.com\/wp-content\/uploads\/2024\/10\/32105.png\",\"width\":400,\"height\":400,\"caption\":\"Temporary floor laying tape for carpets and non-slip mats, safe on parquet, ceramic, marble and rough floors, with permanent and removable sides.\"},{\"@type\":\"BreadcrumbList\",\"@id\":\"https:\/\/eurobands.com\/product\/pe-tapes-32105-2\/#breadcrumb\",\"itemListElement\":[{\"@type\":\"ListItem\",\"position\":1,\"name\":\"Home\",\"item\":\"https:\/\/eurobands.com\/\"},{\"@type\":\"ListItem\",\"position\":2,\"name\":\"Shop\",\"item\":\"https:\/\/eurobands.com\/shop\/\"},{\"@type\":\"ListItem\",\"position\":3,\"name\":\"PE tapes &#8211; 32105\"}]},{\"@type\":\"WebSite\",\"@id\":\"https:\/\/eurobands.com\/#website\",\"url\":\"https:\/\/eurobands.com\/\",\"name\":\"Eurobands\",\"description\":\"\",\"publisher\":{\"@id\":\"https:\/\/eurobands.com\/#organization\"},\"potentialAction\":[{\"@type\":\"SearchAction\",\"target\":{\"@type\":\"EntryPoint\",\"urlTemplate\":\"https:\/\/eurobands.com\/?s={search_term_string}\"},\"query-input\":{\"@type\":\"PropertyValueSpecification\",\"valueRequired\":true,\"valueName\":\"search_term_string\"}}],\"inLanguage\":\"fr-BE\"},{\"@type\":\"Organization\",\"@id\":\"https:\/\/eurobands.com\/#organization\",\"name\":\"Eurobands\",\"url\":\"https:\/\/eurobands.com\/\",\"logo\":{\"@type\":\"ImageObject\",\"inLanguage\":\"fr-BE\",\"@id\":\"https:\/\/eurobands.com\/#\/schema\/logo\/image\/\",\"url\":\"https:\/\/eurobands.com\/wp-content\/uploads\/2024\/03\/EUROBANDS-LOGO_RGB.png\",\"contentUrl\":\"https:\/\/eurobands.com\/wp-content\/uploads\/2024\/03\/EUROBANDS-LOGO_RGB.png\",\"width\":12098,\"height\":3014,\"caption\":\"Eurobands\"},\"image\":{\"@id\":\"https:\/\/eurobands.com\/#\/schema\/logo\/image\/\"}}]}<\/script>\n<!-- \/ Yoast SEO plugin. -->","yoast_head_json":{"title":"Rubans PE - 32105 - Eurobands","description":"Rubans PE pour la pose temporaire de sols sur des surfaces d\u00e9licates comme le parquet, la c\u00e9ramique et le marbre. Haute adh\u00e9rence et coh\u00e9sion sur les faces permanentes et amovibles.","robots":{"index":"index","follow":"follow","max-snippet":"max-snippet:-1","max-image-preview":"max-image-preview:large","max-video-preview":"max-video-preview:-1"},"canonical":"https:\/\/eurobands.com\/fr\/produit\/bandes-pe-32105-2\/","og_locale":"fr_FR","og_type":"article","og_title":"PE tapes - 32105 - Eurobands","og_description":"PE tapes for temporary floor laying on delicate surfaces like parquet, ceramic, and marble. High tack and cohesion on both permanent and removable sides","og_url":"https:\/\/eurobands.com\/fr\/produit\/bandes-pe-32105-2\/","og_site_name":"Eurobands","article_modified_time":"2025-02-03T14:37:10+00:00","og_image":[{"width":1024,"height":1024,"url":"https:\/\/eurobands.com\/wp-content\/uploads\/2024\/10\/32105-1024x1024.png","type":"image\/png"}],"twitter_card":"summary_large_image","twitter_misc":{"Dur\u00e9e de lecture est.":"1 minute"},"schema":{"@context":"https:\/\/schema.org","@graph":[{"@type":"WebPage","@id":"https:\/\/eurobands.com\/product\/pe-tapes-32105-2\/","url":"https:\/\/eurobands.com\/product\/pe-tapes-32105-2\/","name":"Rubans PE - 32105 - Eurobands","isPartOf":{"@id":"https:\/\/eurobands.com\/#website"},"primaryImageOfPage":{"@id":"https:\/\/eurobands.com\/product\/pe-tapes-32105-2\/#primaryimage"},"image":{"@id":"https:\/\/eurobands.com\/product\/pe-tapes-32105-2\/#primaryimage"},"thumbnailUrl":"https:\/\/eurobands.com\/wp-content\/uploads\/2024\/10\/32105.png","datePublished":"2024-10-25T11:40:47+00:00","dateModified":"2025-02-03T14:37:10+00:00","description":"Rubans PE pour la pose temporaire de sols sur des surfaces d\u00e9licates comme le parquet, la c\u00e9ramique et le marbre. Haute adh\u00e9rence et coh\u00e9sion sur les faces permanentes et amovibles.","breadcrumb":{"@id":"https:\/\/eurobands.com\/product\/pe-tapes-32105-2\/#breadcrumb"},"inLanguage":"fr-BE","potentialAction":[{"@type":"ReadAction","target":["https:\/\/eurobands.com\/product\/pe-tapes-32105-2\/"]}]},{"@type":"ImageObject","inLanguage":"fr-BE","@id":"https:\/\/eurobands.com\/product\/pe-tapes-32105-2\/#primaryimage","url":"https:\/\/eurobands.com\/wp-content\/uploads\/2024\/10\/32105.png","contentUrl":"https:\/\/eurobands.com\/wp-content\/uploads\/2024\/10\/32105.png","width":400,"height":400,"caption":"Temporary floor laying tape for carpets and non-slip mats, safe on parquet, ceramic, marble and rough floors, with permanent and removable sides."},{"@type":"BreadcrumbList","@id":"https:\/\/eurobands.com\/product\/pe-tapes-32105-2\/#breadcrumb","itemListElement":[{"@type":"ListItem","position":1,"name":"Home","item":"https:\/\/eurobands.com\/"},{"@type":"ListItem","position":2,"name":"Shop","item":"https:\/\/eurobands.com\/shop\/"},{"@type":"ListItem","position":3,"name":"PE tapes &#8211; 32105"}]},{"@type":"WebSite","@id":"https:\/\/eurobands.com\/#website","url":"https:\/\/eurobands.com\/","name":"Eurobands","description":"","publisher":{"@id":"https:\/\/eurobands.com\/#organization"},"potentialAction":[{"@type":"SearchAction","target":{"@type":"EntryPoint","urlTemplate":"https:\/\/eurobands.com\/?s={search_term_string}"},"query-input":{"@type":"PropertyValueSpecification","valueRequired":true,"valueName":"search_term_string"}}],"inLanguage":"fr-BE"},{"@type":"Organization","@id":"https:\/\/eurobands.com\/#organization","name":"Eurobands","url":"https:\/\/eurobands.com\/","logo":{"@type":"ImageObject","inLanguage":"fr-BE","@id":"https:\/\/eurobands.com\/#\/schema\/logo\/image\/","url":"https:\/\/eurobands.com\/wp-content\/uploads\/2024\/03\/EUROBANDS-LOGO_RGB.png","contentUrl":"https:\/\/eurobands.com\/wp-content\/uploads\/2024\/03\/EUROBANDS-LOGO_RGB.png","width":12098,"height":3014,"caption":"Eurobands"},"image":{"@id":"https:\/\/eurobands.com\/#\/schema\/logo\/image\/"}}]}},"_links":{"self":[{"href":"https:\/\/eurobands.com\/fr\/wp-json\/wp\/v2\/product\/1018","targetHints":{"allow":["GET"]}}],"collection":[{"href":"https:\/\/eurobands.com\/fr\/wp-json\/wp\/v2\/product"}],"about":[{"href":"https:\/\/eurobands.com\/fr\/wp-json\/wp\/v2\/types\/product"}],"replies":[{"embeddable":true,"href":"https:\/\/eurobands.com\/fr\/wp-json\/wp\/v2\/comments?post=1018"}],"wp:featuredmedia":[{"embeddable":true,"href":"https:\/\/eurobands.com\/fr\/wp-json\/wp\/v2\/media\/1062"}],"wp:attachment":[{"href":"https:\/\/eurobands.com\/fr\/wp-json\/wp\/v2\/media?parent=1018"}],"wp:term":[{"taxonomy":"product_cat","embeddable":true,"href":"https:\/\/eurobands.com\/fr\/wp-json\/wp\/v2\/product_cat?post=1018"},{"taxonomy":"product_tag","embeddable":true,"href":"https:\/\/eurobands.com\/fr\/wp-json\/wp\/v2\/product_tag?post=1018"}],"curies":[{"name":"wp","href":"https:\/\/api.w.org\/{rel}","templated":true}]}}