{"id":1011,"date":"2024-10-25T11:41:19","date_gmt":"2024-10-25T11:41:19","guid":{"rendered":"https:\/\/eurobands.com\/?post_type=product&#038;p=1011"},"modified":"2025-01-30T14:53:13","modified_gmt":"2025-01-30T14:53:13","slug":"ruban-universel-en-papier-de-soie-34313","status":"publish","type":"product","link":"https:\/\/eurobands.com\/fr\/product\/universal-tissue-paper-tape-34313\/","title":{"rendered":"Ruban adh\u00e9sif universel pour papier de soie - 34313"},"content":{"rendered":"<p>Ruban de papier de soie universel pour la plupart des applications de collage<br \/>\nGr\u00e2ce \u00e0 son adh\u00e9sif agressif et \u00e9pais, convient au collage de surfaces rugueuses et de caoutchoucs cellulaires, feutres et plastiques.<\/p>","protected":false},"excerpt":{"rendered":"<p>Universal tissue paper tape for most bonding applications Thanks to its aggressive and thick adhesive, suitable of bonding of rough surfaces and cellular rubbers, felts and plastics<\/p>","protected":false},"featured_media":1058,"comment_status":"open","ping_status":"closed","template":"","meta":[],"product_cat":[31],"product_tag":[],"class_list":{"0":"post-1011","1":"product","2":"type-product","3":"status-publish","4":"has-post-thumbnail","6":"product_cat-assembly","8":"first","9":"instock","10":"shipping-taxable","11":"product-type-simple"},"yoast_head":"<!-- This site is optimized with the Yoast SEO plugin v26.1.1 - https:\/\/yoast.com\/wordpress\/plugins\/seo\/ -->\n<title>Universal tissue paper tape - 34313 - Eurobands<\/title>\n<meta name=\"description\" content=\"Universal tissue tape suitable for most bonding applications, ideal for rough surfaces, cellular rubbers, felts, and plastics thanks to its thick and aggressive adhesive\" \/>\n<meta name=\"robots\" content=\"index, follow, max-snippet:-1, max-image-preview:large, max-video-preview:-1\" \/>\n<link rel=\"canonical\" href=\"https:\/\/eurobands.com\/fr\/produit\/ruban-universel-en-papier-de-soie-34313\/\" \/>\n<meta property=\"og:locale\" content=\"fr_FR\" \/>\n<meta property=\"og:type\" content=\"article\" \/>\n<meta property=\"og:title\" content=\"Universal tissue paper tape - 34313 - Eurobands\" \/>\n<meta property=\"og:description\" content=\"Universal tissue tape suitable for most bonding applications, ideal for rough surfaces, cellular rubbers, felts, and plastics thanks to its thick and aggressive adhesive\" \/>\n<meta property=\"og:url\" content=\"https:\/\/eurobands.com\/fr\/produit\/ruban-universel-en-papier-de-soie-34313\/\" \/>\n<meta property=\"og:site_name\" content=\"Eurobands\" \/>\n<meta property=\"article:modified_time\" content=\"2025-01-30T14:53:13+00:00\" \/>\n<meta property=\"og:image\" content=\"https:\/\/eurobands.com\/wp-content\/uploads\/2024\/10\/34313-1024x1024.png\" \/>\n\t<meta property=\"og:image:width\" content=\"1024\" \/>\n\t<meta property=\"og:image:height\" content=\"1024\" \/>\n\t<meta property=\"og:image:type\" content=\"image\/png\" \/>\n<meta name=\"twitter:card\" content=\"summary_large_image\" \/>\n<meta name=\"twitter:label1\" content=\"Dur\u00e9e de lecture est.\" \/>\n\t<meta name=\"twitter:data1\" content=\"1 minute\" \/>\n<script type=\"application\/ld+json\" class=\"yoast-schema-graph\">{\"@context\":\"https:\/\/schema.org\",\"@graph\":[{\"@type\":\"WebPage\",\"@id\":\"https:\/\/eurobands.com\/product\/universal-tissue-paper-tape-34313\/\",\"url\":\"https:\/\/eurobands.com\/product\/universal-tissue-paper-tape-34313\/\",\"name\":\"Universal tissue paper tape - 34313 - Eurobands\",\"isPartOf\":{\"@id\":\"https:\/\/eurobands.com\/#website\"},\"primaryImageOfPage\":{\"@id\":\"https:\/\/eurobands.com\/product\/universal-tissue-paper-tape-34313\/#primaryimage\"},\"image\":{\"@id\":\"https:\/\/eurobands.com\/product\/universal-tissue-paper-tape-34313\/#primaryimage\"},\"thumbnailUrl\":\"https:\/\/eurobands.com\/wp-content\/uploads\/2024\/10\/34313.png\",\"datePublished\":\"2024-10-25T11:41:19+00:00\",\"dateModified\":\"2025-01-30T14:53:13+00:00\",\"description\":\"Universal tissue tape suitable for most bonding applications, ideal for rough surfaces, cellular rubbers, felts, and plastics thanks to its thick and aggressive adhesive\",\"breadcrumb\":{\"@id\":\"https:\/\/eurobands.com\/product\/universal-tissue-paper-tape-34313\/#breadcrumb\"},\"inLanguage\":\"fr-BE\",\"potentialAction\":[{\"@type\":\"ReadAction\",\"target\":[\"https:\/\/eurobands.com\/product\/universal-tissue-paper-tape-34313\/\"]}]},{\"@type\":\"ImageObject\",\"inLanguage\":\"fr-BE\",\"@id\":\"https:\/\/eurobands.com\/product\/universal-tissue-paper-tape-34313\/#primaryimage\",\"url\":\"https:\/\/eurobands.com\/wp-content\/uploads\/2024\/10\/34313.png\",\"contentUrl\":\"https:\/\/eurobands.com\/wp-content\/uploads\/2024\/10\/34313.png\",\"width\":400,\"height\":400,\"caption\":\"Universal bonding tape with thick, aggressive adhesive for rough surfaces, cellular rubbers, felts and plastics.\"},{\"@type\":\"BreadcrumbList\",\"@id\":\"https:\/\/eurobands.com\/product\/universal-tissue-paper-tape-34313\/#breadcrumb\",\"itemListElement\":[{\"@type\":\"ListItem\",\"position\":1,\"name\":\"Home\",\"item\":\"https:\/\/eurobands.com\/\"},{\"@type\":\"ListItem\",\"position\":2,\"name\":\"Shop\",\"item\":\"https:\/\/eurobands.com\/shop\/\"},{\"@type\":\"ListItem\",\"position\":3,\"name\":\"Universal tissue paper tape &#8211; 34313\"}]},{\"@type\":\"WebSite\",\"@id\":\"https:\/\/eurobands.com\/#website\",\"url\":\"https:\/\/eurobands.com\/\",\"name\":\"Eurobands\",\"description\":\"\",\"publisher\":{\"@id\":\"https:\/\/eurobands.com\/#organization\"},\"potentialAction\":[{\"@type\":\"SearchAction\",\"target\":{\"@type\":\"EntryPoint\",\"urlTemplate\":\"https:\/\/eurobands.com\/?s={search_term_string}\"},\"query-input\":{\"@type\":\"PropertyValueSpecification\",\"valueRequired\":true,\"valueName\":\"search_term_string\"}}],\"inLanguage\":\"fr-BE\"},{\"@type\":\"Organization\",\"@id\":\"https:\/\/eurobands.com\/#organization\",\"name\":\"Eurobands\",\"url\":\"https:\/\/eurobands.com\/\",\"logo\":{\"@type\":\"ImageObject\",\"inLanguage\":\"fr-BE\",\"@id\":\"https:\/\/eurobands.com\/#\/schema\/logo\/image\/\",\"url\":\"https:\/\/eurobands.com\/wp-content\/uploads\/2024\/03\/EUROBANDS-LOGO_RGB.png\",\"contentUrl\":\"https:\/\/eurobands.com\/wp-content\/uploads\/2024\/03\/EUROBANDS-LOGO_RGB.png\",\"width\":12098,\"height\":3014,\"caption\":\"Eurobands\"},\"image\":{\"@id\":\"https:\/\/eurobands.com\/#\/schema\/logo\/image\/\"}}]}<\/script>\n<!-- \/ Yoast SEO plugin. -->","yoast_head_json":{"title":"Ruban adh\u00e9sif universel pour papier de soie - 34313 - Eurobands","description":"Ruban de tissu universel convenant \u00e0 la plupart des applications de collage, id\u00e9al pour les surfaces rugueuses, les caoutchoucs cellulaires, les feutres et les plastiques gr\u00e2ce \u00e0 son adh\u00e9sif \u00e9pais et agressif.","robots":{"index":"index","follow":"follow","max-snippet":"max-snippet:-1","max-image-preview":"max-image-preview:large","max-video-preview":"max-video-preview:-1"},"canonical":"https:\/\/eurobands.com\/fr\/produit\/ruban-universel-en-papier-de-soie-34313\/","og_locale":"fr_FR","og_type":"article","og_title":"Universal tissue paper tape - 34313 - Eurobands","og_description":"Universal tissue tape suitable for most bonding applications, ideal for rough surfaces, cellular rubbers, felts, and plastics thanks to its thick and aggressive adhesive","og_url":"https:\/\/eurobands.com\/fr\/produit\/ruban-universel-en-papier-de-soie-34313\/","og_site_name":"Eurobands","article_modified_time":"2025-01-30T14:53:13+00:00","og_image":[{"width":1024,"height":1024,"url":"https:\/\/eurobands.com\/wp-content\/uploads\/2024\/10\/34313-1024x1024.png","type":"image\/png"}],"twitter_card":"summary_large_image","twitter_misc":{"Dur\u00e9e de lecture est.":"1 minute"},"schema":{"@context":"https:\/\/schema.org","@graph":[{"@type":"WebPage","@id":"https:\/\/eurobands.com\/product\/universal-tissue-paper-tape-34313\/","url":"https:\/\/eurobands.com\/product\/universal-tissue-paper-tape-34313\/","name":"Ruban adh\u00e9sif universel pour papier de soie - 34313 - Eurobands","isPartOf":{"@id":"https:\/\/eurobands.com\/#website"},"primaryImageOfPage":{"@id":"https:\/\/eurobands.com\/product\/universal-tissue-paper-tape-34313\/#primaryimage"},"image":{"@id":"https:\/\/eurobands.com\/product\/universal-tissue-paper-tape-34313\/#primaryimage"},"thumbnailUrl":"https:\/\/eurobands.com\/wp-content\/uploads\/2024\/10\/34313.png","datePublished":"2024-10-25T11:41:19+00:00","dateModified":"2025-01-30T14:53:13+00:00","description":"Ruban de tissu universel convenant \u00e0 la plupart des applications de collage, id\u00e9al pour les surfaces rugueuses, les caoutchoucs cellulaires, les feutres et les plastiques gr\u00e2ce \u00e0 son adh\u00e9sif \u00e9pais et agressif.","breadcrumb":{"@id":"https:\/\/eurobands.com\/product\/universal-tissue-paper-tape-34313\/#breadcrumb"},"inLanguage":"fr-BE","potentialAction":[{"@type":"ReadAction","target":["https:\/\/eurobands.com\/product\/universal-tissue-paper-tape-34313\/"]}]},{"@type":"ImageObject","inLanguage":"fr-BE","@id":"https:\/\/eurobands.com\/product\/universal-tissue-paper-tape-34313\/#primaryimage","url":"https:\/\/eurobands.com\/wp-content\/uploads\/2024\/10\/34313.png","contentUrl":"https:\/\/eurobands.com\/wp-content\/uploads\/2024\/10\/34313.png","width":400,"height":400,"caption":"Universal bonding tape with thick, aggressive adhesive for rough surfaces, cellular rubbers, felts and plastics."},{"@type":"BreadcrumbList","@id":"https:\/\/eurobands.com\/product\/universal-tissue-paper-tape-34313\/#breadcrumb","itemListElement":[{"@type":"ListItem","position":1,"name":"Home","item":"https:\/\/eurobands.com\/"},{"@type":"ListItem","position":2,"name":"Shop","item":"https:\/\/eurobands.com\/shop\/"},{"@type":"ListItem","position":3,"name":"Universal tissue paper tape &#8211; 34313"}]},{"@type":"WebSite","@id":"https:\/\/eurobands.com\/#website","url":"https:\/\/eurobands.com\/","name":"Eurobands","description":"","publisher":{"@id":"https:\/\/eurobands.com\/#organization"},"potentialAction":[{"@type":"SearchAction","target":{"@type":"EntryPoint","urlTemplate":"https:\/\/eurobands.com\/?s={search_term_string}"},"query-input":{"@type":"PropertyValueSpecification","valueRequired":true,"valueName":"search_term_string"}}],"inLanguage":"fr-BE"},{"@type":"Organization","@id":"https:\/\/eurobands.com\/#organization","name":"Eurobands","url":"https:\/\/eurobands.com\/","logo":{"@type":"ImageObject","inLanguage":"fr-BE","@id":"https:\/\/eurobands.com\/#\/schema\/logo\/image\/","url":"https:\/\/eurobands.com\/wp-content\/uploads\/2024\/03\/EUROBANDS-LOGO_RGB.png","contentUrl":"https:\/\/eurobands.com\/wp-content\/uploads\/2024\/03\/EUROBANDS-LOGO_RGB.png","width":12098,"height":3014,"caption":"Eurobands"},"image":{"@id":"https:\/\/eurobands.com\/#\/schema\/logo\/image\/"}}]}},"_links":{"self":[{"href":"https:\/\/eurobands.com\/fr\/wp-json\/wp\/v2\/product\/1011","targetHints":{"allow":["GET"]}}],"collection":[{"href":"https:\/\/eurobands.com\/fr\/wp-json\/wp\/v2\/product"}],"about":[{"href":"https:\/\/eurobands.com\/fr\/wp-json\/wp\/v2\/types\/product"}],"replies":[{"embeddable":true,"href":"https:\/\/eurobands.com\/fr\/wp-json\/wp\/v2\/comments?post=1011"}],"wp:featuredmedia":[{"embeddable":true,"href":"https:\/\/eurobands.com\/fr\/wp-json\/wp\/v2\/media\/1058"}],"wp:attachment":[{"href":"https:\/\/eurobands.com\/fr\/wp-json\/wp\/v2\/media?parent=1011"}],"wp:term":[{"taxonomy":"product_cat","embeddable":true,"href":"https:\/\/eurobands.com\/fr\/wp-json\/wp\/v2\/product_cat?post=1011"},{"taxonomy":"product_tag","embeddable":true,"href":"https:\/\/eurobands.com\/fr\/wp-json\/wp\/v2\/product_tag?post=1011"}],"curies":[{"name":"wp","href":"https:\/\/api.w.org\/{rel}","templated":true}]}}