{"id":1007,"date":"2024-10-25T11:41:20","date_gmt":"2024-10-25T11:41:20","guid":{"rendered":"https:\/\/eurobands.com\/?post_type=product&#038;p=1007"},"modified":"2025-01-30T14:55:54","modified_gmt":"2025-01-30T14:55:54","slug":"ruban-de-papier-de-soie-34106","status":"publish","type":"product","link":"https:\/\/eurobands.com\/fr\/product\/tissue-paper-tape-34106\/","title":{"rendered":"Ruban adh\u00e9sif en papier de soie - 34106"},"content":{"rendered":"<p>Ruban de papier de soie utilis\u00e9 pour les pr\u00e9-fixations dans l'industrie de la chaussure et du carton<br \/>\nConvient pour le laminage des mousses, du papier et des plastiques. Utilis\u00e9 \u00e9galement pour les \u00e9pissures \u00e0 froid.<br \/>\nAdh\u00e9sif plastique agressif avec un tack \u00e9lev\u00e9, un cisaillement mod\u00e9r\u00e9 et une forte adh\u00e9sivit\u00e9<\/p>","protected":false},"excerpt":{"rendered":"<p>Ruban de papier de soie utilis\u00e9 pour les pr\u00e9-fixations dans l'industrie de la chaussure et du carton. Convient pour le laminage des mousses, du papier et des plastiques. Utilis\u00e9 \u00e9galement pour les jonctions \u00e0 froid. Adh\u00e9sif plastique agressif avec un tack \u00e9lev\u00e9, un cisaillement mod\u00e9r\u00e9 et une forte adh\u00e9sivit\u00e9.<\/p>","protected":false},"featured_media":1053,"comment_status":"open","ping_status":"closed","template":"","meta":[],"product_cat":[31],"product_tag":[],"class_list":{"0":"post-1007","1":"product","2":"type-product","3":"status-publish","4":"has-post-thumbnail","6":"product_cat-assembly","8":"first","9":"instock","10":"shipping-taxable","11":"product-type-simple"},"yoast_head":"<!-- This site is optimized with the Yoast SEO plugin v26.1.1 - https:\/\/yoast.com\/wordpress\/plugins\/seo\/ -->\n<title>Tissue paper tape - 34106 - Eurobands<\/title>\n<meta name=\"description\" content=\"Tissue paper tape for pre-fixings in footwear and cardboard industries, laminating foams, paper, and plastics. High tack and strong adhesion.\" \/>\n<meta name=\"robots\" content=\"index, follow, max-snippet:-1, max-image-preview:large, max-video-preview:-1\" \/>\n<link rel=\"canonical\" href=\"https:\/\/eurobands.com\/fr\/produit\/ruban-de-papier-de-soie-34106\/\" \/>\n<meta property=\"og:locale\" content=\"fr_FR\" \/>\n<meta property=\"og:type\" content=\"article\" \/>\n<meta property=\"og:title\" content=\"Tissue paper tape - 34106 - Eurobands\" \/>\n<meta property=\"og:description\" content=\"Tissue paper tape for pre-fixings in footwear and cardboard industries, laminating foams, paper, and plastics. High tack and strong adhesion.\" \/>\n<meta property=\"og:url\" content=\"https:\/\/eurobands.com\/fr\/produit\/ruban-de-papier-de-soie-34106\/\" \/>\n<meta property=\"og:site_name\" content=\"Eurobands\" \/>\n<meta property=\"article:modified_time\" content=\"2025-01-30T14:55:54+00:00\" \/>\n<meta property=\"og:image\" content=\"https:\/\/eurobands.com\/wp-content\/uploads\/2024\/10\/34106-1024x1024.png\" \/>\n\t<meta property=\"og:image:width\" content=\"1024\" \/>\n\t<meta property=\"og:image:height\" content=\"1024\" \/>\n\t<meta property=\"og:image:type\" content=\"image\/png\" \/>\n<meta name=\"twitter:card\" content=\"summary_large_image\" \/>\n<meta name=\"twitter:label1\" content=\"Dur\u00e9e de lecture est.\" \/>\n\t<meta name=\"twitter:data1\" content=\"1 minute\" \/>\n<script type=\"application\/ld+json\" class=\"yoast-schema-graph\">{\"@context\":\"https:\/\/schema.org\",\"@graph\":[{\"@type\":\"WebPage\",\"@id\":\"https:\/\/eurobands.com\/product\/tissue-paper-tape-34106\/\",\"url\":\"https:\/\/eurobands.com\/product\/tissue-paper-tape-34106\/\",\"name\":\"Tissue paper tape - 34106 - Eurobands\",\"isPartOf\":{\"@id\":\"https:\/\/eurobands.com\/#website\"},\"primaryImageOfPage\":{\"@id\":\"https:\/\/eurobands.com\/product\/tissue-paper-tape-34106\/#primaryimage\"},\"image\":{\"@id\":\"https:\/\/eurobands.com\/product\/tissue-paper-tape-34106\/#primaryimage\"},\"thumbnailUrl\":\"https:\/\/eurobands.com\/wp-content\/uploads\/2024\/10\/34106.png\",\"datePublished\":\"2024-10-25T11:41:20+00:00\",\"dateModified\":\"2025-01-30T14:55:54+00:00\",\"description\":\"Tissue paper tape for pre-fixings in footwear and cardboard industries, laminating foams, paper, and plastics. High tack and strong adhesion.\",\"breadcrumb\":{\"@id\":\"https:\/\/eurobands.com\/product\/tissue-paper-tape-34106\/#breadcrumb\"},\"inLanguage\":\"fr-BE\",\"potentialAction\":[{\"@type\":\"ReadAction\",\"target\":[\"https:\/\/eurobands.com\/product\/tissue-paper-tape-34106\/\"]}]},{\"@type\":\"ImageObject\",\"inLanguage\":\"fr-BE\",\"@id\":\"https:\/\/eurobands.com\/product\/tissue-paper-tape-34106\/#primaryimage\",\"url\":\"https:\/\/eurobands.com\/wp-content\/uploads\/2024\/10\/34106.png\",\"contentUrl\":\"https:\/\/eurobands.com\/wp-content\/uploads\/2024\/10\/34106.png\",\"width\":400,\"height\":400,\"caption\":\"Industrial tape for pre-fixings in footwear and cardboard, also for laminating foams, paper and plastics, with aggressive adhesive and strong tack.\"},{\"@type\":\"BreadcrumbList\",\"@id\":\"https:\/\/eurobands.com\/product\/tissue-paper-tape-34106\/#breadcrumb\",\"itemListElement\":[{\"@type\":\"ListItem\",\"position\":1,\"name\":\"Home\",\"item\":\"https:\/\/eurobands.com\/\"},{\"@type\":\"ListItem\",\"position\":2,\"name\":\"Shop\",\"item\":\"https:\/\/eurobands.com\/shop\/\"},{\"@type\":\"ListItem\",\"position\":3,\"name\":\"Tissue paper tape &#8211; 34106\"}]},{\"@type\":\"WebSite\",\"@id\":\"https:\/\/eurobands.com\/#website\",\"url\":\"https:\/\/eurobands.com\/\",\"name\":\"Eurobands\",\"description\":\"\",\"publisher\":{\"@id\":\"https:\/\/eurobands.com\/#organization\"},\"potentialAction\":[{\"@type\":\"SearchAction\",\"target\":{\"@type\":\"EntryPoint\",\"urlTemplate\":\"https:\/\/eurobands.com\/?s={search_term_string}\"},\"query-input\":{\"@type\":\"PropertyValueSpecification\",\"valueRequired\":true,\"valueName\":\"search_term_string\"}}],\"inLanguage\":\"fr-BE\"},{\"@type\":\"Organization\",\"@id\":\"https:\/\/eurobands.com\/#organization\",\"name\":\"Eurobands\",\"url\":\"https:\/\/eurobands.com\/\",\"logo\":{\"@type\":\"ImageObject\",\"inLanguage\":\"fr-BE\",\"@id\":\"https:\/\/eurobands.com\/#\/schema\/logo\/image\/\",\"url\":\"https:\/\/eurobands.com\/wp-content\/uploads\/2024\/03\/EUROBANDS-LOGO_RGB.png\",\"contentUrl\":\"https:\/\/eurobands.com\/wp-content\/uploads\/2024\/03\/EUROBANDS-LOGO_RGB.png\",\"width\":12098,\"height\":3014,\"caption\":\"Eurobands\"},\"image\":{\"@id\":\"https:\/\/eurobands.com\/#\/schema\/logo\/image\/\"}}]}<\/script>\n<!-- \/ Yoast SEO plugin. -->","yoast_head_json":{"title":"Ruban de papier de soie - 34106 - Eurobands","description":"Ruban de papier de soie pour les pr\u00e9-fixations dans les industries de la chaussure et du carton, pour le laminage des mousses, du papier et des plastiques. Pouvoir adh\u00e9sif \u00e9lev\u00e9 et forte adh\u00e9rence.","robots":{"index":"index","follow":"follow","max-snippet":"max-snippet:-1","max-image-preview":"max-image-preview:large","max-video-preview":"max-video-preview:-1"},"canonical":"https:\/\/eurobands.com\/fr\/produit\/ruban-de-papier-de-soie-34106\/","og_locale":"fr_FR","og_type":"article","og_title":"Tissue paper tape - 34106 - Eurobands","og_description":"Tissue paper tape for pre-fixings in footwear and cardboard industries, laminating foams, paper, and plastics. High tack and strong adhesion.","og_url":"https:\/\/eurobands.com\/fr\/produit\/ruban-de-papier-de-soie-34106\/","og_site_name":"Eurobands","article_modified_time":"2025-01-30T14:55:54+00:00","og_image":[{"width":1024,"height":1024,"url":"https:\/\/eurobands.com\/wp-content\/uploads\/2024\/10\/34106-1024x1024.png","type":"image\/png"}],"twitter_card":"summary_large_image","twitter_misc":{"Dur\u00e9e de lecture est.":"1 minute"},"schema":{"@context":"https:\/\/schema.org","@graph":[{"@type":"WebPage","@id":"https:\/\/eurobands.com\/product\/tissue-paper-tape-34106\/","url":"https:\/\/eurobands.com\/product\/tissue-paper-tape-34106\/","name":"Ruban de papier de soie - 34106 - Eurobands","isPartOf":{"@id":"https:\/\/eurobands.com\/#website"},"primaryImageOfPage":{"@id":"https:\/\/eurobands.com\/product\/tissue-paper-tape-34106\/#primaryimage"},"image":{"@id":"https:\/\/eurobands.com\/product\/tissue-paper-tape-34106\/#primaryimage"},"thumbnailUrl":"https:\/\/eurobands.com\/wp-content\/uploads\/2024\/10\/34106.png","datePublished":"2024-10-25T11:41:20+00:00","dateModified":"2025-01-30T14:55:54+00:00","description":"Ruban de papier de soie pour les pr\u00e9-fixations dans les industries de la chaussure et du carton, pour le laminage des mousses, du papier et des plastiques. Pouvoir adh\u00e9sif \u00e9lev\u00e9 et forte adh\u00e9rence.","breadcrumb":{"@id":"https:\/\/eurobands.com\/product\/tissue-paper-tape-34106\/#breadcrumb"},"inLanguage":"fr-BE","potentialAction":[{"@type":"ReadAction","target":["https:\/\/eurobands.com\/product\/tissue-paper-tape-34106\/"]}]},{"@type":"ImageObject","inLanguage":"fr-BE","@id":"https:\/\/eurobands.com\/product\/tissue-paper-tape-34106\/#primaryimage","url":"https:\/\/eurobands.com\/wp-content\/uploads\/2024\/10\/34106.png","contentUrl":"https:\/\/eurobands.com\/wp-content\/uploads\/2024\/10\/34106.png","width":400,"height":400,"caption":"Industrial tape for pre-fixings in footwear and cardboard, also for laminating foams, paper and plastics, with aggressive adhesive and strong tack."},{"@type":"BreadcrumbList","@id":"https:\/\/eurobands.com\/product\/tissue-paper-tape-34106\/#breadcrumb","itemListElement":[{"@type":"ListItem","position":1,"name":"Home","item":"https:\/\/eurobands.com\/"},{"@type":"ListItem","position":2,"name":"Shop","item":"https:\/\/eurobands.com\/shop\/"},{"@type":"ListItem","position":3,"name":"Tissue paper tape &#8211; 34106"}]},{"@type":"WebSite","@id":"https:\/\/eurobands.com\/#website","url":"https:\/\/eurobands.com\/","name":"Eurobands","description":"","publisher":{"@id":"https:\/\/eurobands.com\/#organization"},"potentialAction":[{"@type":"SearchAction","target":{"@type":"EntryPoint","urlTemplate":"https:\/\/eurobands.com\/?s={search_term_string}"},"query-input":{"@type":"PropertyValueSpecification","valueRequired":true,"valueName":"search_term_string"}}],"inLanguage":"fr-BE"},{"@type":"Organization","@id":"https:\/\/eurobands.com\/#organization","name":"Eurobands","url":"https:\/\/eurobands.com\/","logo":{"@type":"ImageObject","inLanguage":"fr-BE","@id":"https:\/\/eurobands.com\/#\/schema\/logo\/image\/","url":"https:\/\/eurobands.com\/wp-content\/uploads\/2024\/03\/EUROBANDS-LOGO_RGB.png","contentUrl":"https:\/\/eurobands.com\/wp-content\/uploads\/2024\/03\/EUROBANDS-LOGO_RGB.png","width":12098,"height":3014,"caption":"Eurobands"},"image":{"@id":"https:\/\/eurobands.com\/#\/schema\/logo\/image\/"}}]}},"_links":{"self":[{"href":"https:\/\/eurobands.com\/fr\/wp-json\/wp\/v2\/product\/1007","targetHints":{"allow":["GET"]}}],"collection":[{"href":"https:\/\/eurobands.com\/fr\/wp-json\/wp\/v2\/product"}],"about":[{"href":"https:\/\/eurobands.com\/fr\/wp-json\/wp\/v2\/types\/product"}],"replies":[{"embeddable":true,"href":"https:\/\/eurobands.com\/fr\/wp-json\/wp\/v2\/comments?post=1007"}],"wp:featuredmedia":[{"embeddable":true,"href":"https:\/\/eurobands.com\/fr\/wp-json\/wp\/v2\/media\/1053"}],"wp:attachment":[{"href":"https:\/\/eurobands.com\/fr\/wp-json\/wp\/v2\/media?parent=1007"}],"wp:term":[{"taxonomy":"product_cat","embeddable":true,"href":"https:\/\/eurobands.com\/fr\/wp-json\/wp\/v2\/product_cat?post=1007"},{"taxonomy":"product_tag","embeddable":true,"href":"https:\/\/eurobands.com\/fr\/wp-json\/wp\/v2\/product_tag?post=1007"}],"curies":[{"name":"wp","href":"https:\/\/api.w.org\/{rel}","templated":true}]}}