{"id":92,"date":"2024-03-18T13:34:21","date_gmt":"2024-03-18T13:34:21","guid":{"rendered":"https:\/\/eurobands.com\/?page_id=92"},"modified":"2024-11-18T14:32:29","modified_gmt":"2024-11-18T14:32:29","slug":"marque-privee","status":"publish","type":"page","link":"https:\/\/eurobands.com\/fr\/private-label\/","title":{"rendered":"Label priv\u00e9"},"content":{"rendered":"<div data-elementor-type=\"wp-page\" data-elementor-id=\"92\" class=\"elementor elementor-92\" data-elementor-post-type=\"page\">\n\t\t\t\t\t\t<section class=\"elementor-section elementor-top-section elementor-element elementor-element-6b64c5a4 elementor-section-boxed elementor-section-height-default elementor-section-height-default\" data-id=\"6b64c5a4\" data-element_type=\"section\" data-e-type=\"section\" data-settings=\"{&quot;background_background&quot;:&quot;classic&quot;}\">\n\t\t\t\t\t\t\t<div class=\"elementor-background-overlay\"><\/div>\n\t\t\t\t\t\t\t<div class=\"elementor-container elementor-column-gap-default\">\n\t\t\t\t\t<div class=\"elementor-column elementor-col-100 elementor-top-column elementor-element elementor-element-6fbcb5c3\" data-id=\"6fbcb5c3\" data-element_type=\"column\" data-e-type=\"column\">\n\t\t\t<div class=\"elementor-widget-wrap elementor-element-populated\">\n\t\t\t\t\t\t<div class=\"elementor-element elementor-element-3da5a2a9 elementor-widget elementor-widget-heading\" data-id=\"3da5a2a9\" data-element_type=\"widget\" data-e-type=\"widget\" data-widget_type=\"heading.default\">\n\t\t\t\t<div class=\"elementor-widget-container\">\n\t\t\t\t\t<h1 class=\"elementor-heading-title elementor-size-default\">Label priv\u00e9<\/h1>\t\t\t\t<\/div>\n\t\t\t\t<\/div>\n\t\t\t\t<div class=\"elementor-element elementor-element-870d0a0 elementor-widget elementor-widget-text-editor\" data-id=\"870d0a0\" data-element_type=\"widget\" data-e-type=\"widget\" data-widget_type=\"text-editor.default\">\n\t\t\t\t<div class=\"elementor-widget-container\">\n\t\t\t\t\t\t\t\t\t<p>Notre service de marque priv\u00e9e permet \u00e0 votre marque de se d\u00e9marquer gr\u00e2ce \u00e0 des solutions de rubans adh\u00e9sifs personnalis\u00e9es. Nous vous aidons \u00e0 s\u00e9lectionner les rubans les mieux adapt\u00e9s \u00e0 vos applications et \u00e0 concevoir des logos et des emballages personnalis\u00e9s. Par cons\u00e9quent, nous travaillons en \u00e9troite collaboration avec vous pour cr\u00e9er des produits qui refl\u00e8tent votre identit\u00e9 unique. Laissez Eurobands\u00ae vous aider \u00e0 cr\u00e9er une ligne de produits coh\u00e9rente et personnalis\u00e9e qui r\u00e9ponde \u00e0 vos exigences techniques et renforce votre pr\u00e9sence sur le march\u00e9.<\/p>\t\t\t\t\t\t\t\t<\/div>\n\t\t\t\t<\/div>\n\t\t\t\t\t<\/div>\n\t\t<\/div>\n\t\t\t\t\t<\/div>\n\t\t<\/section>\n\t\t<div class=\"elementor-element elementor-element-fb6ca73 e-flex e-con-boxed e-con e-parent\" data-id=\"fb6ca73\" data-element_type=\"container\" data-e-type=\"container\">\n\t\t\t\t\t<div class=\"e-con-inner\">\n\t\t<div class=\"elementor-element elementor-element-573afe0 e-con-full e-flex e-con e-child\" data-id=\"573afe0\" data-element_type=\"container\" data-e-type=\"container\">\n\t\t\t\t<div class=\"elementor-element elementor-element-fa38500 elementor-widget elementor-widget-image\" data-id=\"fa38500\" data-element_type=\"widget\" data-e-type=\"widget\" data-widget_type=\"image.default\">\n\t\t\t\t<div class=\"elementor-widget-container\">\n\t\t\t\t\t\t\t\t\t\t\t\t\t\t\t<img decoding=\"async\" width=\"100\" height=\"100\" src=\"https:\/\/eurobands.com\/wp-content\/uploads\/2024\/04\/1.png\" class=\"attachment-large size-large wp-image-574\" alt=\"\" \/>\t\t\t\t\t\t\t\t\t\t\t\t\t\t\t<\/div>\n\t\t\t\t<\/div>\n\t\t\t\t<\/div>\n\t\t<div class=\"elementor-element elementor-element-dd0d1fb e-con-full e-flex e-con e-child\" data-id=\"dd0d1fb\" data-element_type=\"container\" data-e-type=\"container\">\n\t\t\t\t<div class=\"elementor-element elementor-element-611ae9d elementor-widget elementor-widget-text-editor\" data-id=\"611ae9d\" data-element_type=\"widget\" data-e-type=\"widget\" data-widget_type=\"text-editor.default\">\n\t\t\t\t<div class=\"elementor-widget-container\">\n\t\t\t\t\t\t\t\t\t<p><strong>Expertise technique<\/strong> : Nos experts techniques Eurobands\u00ae vous aident \u00e0 recommander et \u00e0 s\u00e9lectionner le bon produit pour la bonne application. En effet, nous avons une forte exp\u00e9rience dans l'industrie du ruban adh\u00e9sif. Par cons\u00e9quent, cette exp\u00e9rience est combin\u00e9e \u00e0 notre large gamme de solutions de rubans adh\u00e9sifs. Cela nous permet de trouver pour vous, le meilleur produit pour r\u00e9pondre \u00e0 vos d\u00e9fis les plus exigeants.<\/p>\t\t\t\t\t\t\t\t<\/div>\n\t\t\t\t<\/div>\n\t\t\t\t<\/div>\n\t\t<div class=\"elementor-element elementor-element-0f26577 e-con-full e-flex e-con e-child\" data-id=\"0f26577\" data-element_type=\"container\" data-e-type=\"container\">\n\t\t\t\t<div class=\"elementor-element elementor-element-5901a3a elementor-widget elementor-widget-image\" data-id=\"5901a3a\" data-element_type=\"widget\" data-e-type=\"widget\" data-widget_type=\"image.default\">\n\t\t\t\t<div class=\"elementor-widget-container\">\n\t\t\t\t\t\t\t\t\t\t\t\t\t\t\t<img fetchpriority=\"high\" decoding=\"async\" width=\"500\" height=\"293\" src=\"https:\/\/eurobands.com\/wp-content\/uploads\/2024\/03\/visuel-YOUR-LOGO-2-e1711029783838.jpg\" class=\"attachment-large size-large wp-image-189\" alt=\"Eurobands propose des rubans adh\u00e9sifs de marque priv\u00e9e avec un marquage personnalis\u00e9, mettant en valeur les mandrins et les emballages imprim\u00e9s.\" srcset=\"https:\/\/eurobands.com\/wp-content\/uploads\/2024\/03\/visuel-YOUR-LOGO-2-e1711029783838.jpg 500w, https:\/\/eurobands.com\/wp-content\/uploads\/2024\/03\/visuel-YOUR-LOGO-2-e1711029783838-300x176.jpg 300w\" sizes=\"(max-width: 500px) 100vw, 500px\" \/>\t\t\t\t\t\t\t\t\t\t\t\t\t\t\t<\/div>\n\t\t\t\t<\/div>\n\t\t\t\t<\/div>\n\t\t\t\t\t<\/div>\n\t\t\t\t<\/div>\n\t\t<div class=\"elementor-element elementor-element-41696c3 e-flex e-con-boxed e-con e-parent\" data-id=\"41696c3\" data-element_type=\"container\" data-e-type=\"container\">\n\t\t\t\t\t<div class=\"e-con-inner\">\n\t\t<div class=\"elementor-element elementor-element-03b5e6f e-con-full e-flex e-con e-child\" data-id=\"03b5e6f\" data-element_type=\"container\" data-e-type=\"container\">\n\t\t\t\t<div class=\"elementor-element elementor-element-7da439c elementor-widget elementor-widget-image\" data-id=\"7da439c\" data-element_type=\"widget\" data-e-type=\"widget\" data-widget_type=\"image.default\">\n\t\t\t\t<div class=\"elementor-widget-container\">\n\t\t\t\t\t\t\t\t\t\t\t\t\t\t\t<img decoding=\"async\" width=\"100\" height=\"100\" src=\"https:\/\/eurobands.com\/wp-content\/uploads\/2024\/04\/2.png\" class=\"attachment-large size-large wp-image-575\" alt=\"\" \/>\t\t\t\t\t\t\t\t\t\t\t\t\t\t\t<\/div>\n\t\t\t\t<\/div>\n\t\t\t\t<\/div>\n\t\t<div class=\"elementor-element elementor-element-bc72397 e-con-full e-flex e-con e-child\" data-id=\"bc72397\" data-element_type=\"container\" data-e-type=\"container\">\n\t\t\t\t<div class=\"elementor-element elementor-element-ad51802 elementor-widget elementor-widget-text-editor\" data-id=\"ad51802\" data-element_type=\"widget\" data-e-type=\"widget\" data-widget_type=\"text-editor.default\">\n\t\t\t\t<div class=\"elementor-widget-container\">\n\t\t\t\t\t\t\t\t\t<p><strong>Personnalisation<\/strong>:<br \/>Nos capacit\u00e9s de transformation et d'\u00e9tiquetage priv\u00e9 nous permettent d'offrir le plus haut degr\u00e9 de personnalisation pour vos produits de ruban adh\u00e9sif. Nous pouvons imprimer votre logo directement sur les rouleaux de ruban adh\u00e9sif, ce qui garantit que votre marque reste visible chaque fois que le ruban est appliqu\u00e9. En outre, nous offrons une grande souplesse en mati\u00e8re d'emballage, d'impression et d'ajustement des dimensions. En bref, cela vous permet d'adapter chaque aspect de votre ruban adh\u00e9sif \u00e0 l'identit\u00e9 de votre marque et \u00e0 vos besoins fonctionnels. Qu'il s'agisse d'options de couleurs uniques ou de longueurs de rouleaux sp\u00e9cifiques, nous facilitons la cr\u00e9ation d'une solution enti\u00e8rement personnalis\u00e9e qui se d\u00e9marque dans n'importe quel contexte.<\/p>\t\t\t\t\t\t\t\t<\/div>\n\t\t\t\t<\/div>\n\t\t\t\t<\/div>\n\t\t\t\t\t<\/div>\n\t\t\t\t<\/div>\n\t\t<div class=\"elementor-element elementor-element-5251cc8 e-flex e-con-boxed e-con e-parent\" data-id=\"5251cc8\" data-element_type=\"container\" data-e-type=\"container\">\n\t\t\t\t\t<div class=\"e-con-inner\">\n\t\t<div class=\"elementor-element elementor-element-7e40534 e-con-full e-flex e-con e-child\" data-id=\"7e40534\" data-element_type=\"container\" data-e-type=\"container\">\n\t\t\t\t<div class=\"elementor-element elementor-element-e974b78 elementor-widget elementor-widget-image\" data-id=\"e974b78\" data-element_type=\"widget\" data-e-type=\"widget\" data-widget_type=\"image.default\">\n\t\t\t\t<div class=\"elementor-widget-container\">\n\t\t\t\t\t\t\t\t\t\t\t\t\t\t\t<img loading=\"lazy\" decoding=\"async\" width=\"100\" height=\"100\" src=\"https:\/\/eurobands.com\/wp-content\/uploads\/2024\/04\/3.png\" class=\"attachment-large size-large wp-image-576\" alt=\"\" \/>\t\t\t\t\t\t\t\t\t\t\t\t\t\t\t<\/div>\n\t\t\t\t<\/div>\n\t\t\t\t<\/div>\n\t\t<div class=\"elementor-element elementor-element-935ef80 e-con-full e-flex e-con e-child\" data-id=\"935ef80\" data-element_type=\"container\" data-e-type=\"container\">\n\t\t\t\t<div class=\"elementor-element elementor-element-4310687 elementor-widget elementor-widget-text-editor\" data-id=\"4310687\" data-element_type=\"widget\" data-e-type=\"widget\" data-widget_type=\"text-editor.default\">\n\t\t\t\t<div class=\"elementor-widget-container\">\n\t\t\t\t\t\t\t\t\t<p><strong>Emballage<\/strong>: L'emballage faisant partie de nos comp\u00e9tences, nous vous aidons \u00e0 choisir la meilleure option pour la livraison de vos produits. Notre large gamme d'emballages nous permet de fournir des solutions qui r\u00e9pondent \u00e0 vos exigences sp\u00e9cifiques en mati\u00e8re de stockage et de livraison. De l'emballage protecteur pour le transport \u00e0 l'emballage compact pour un stockage efficace, nous veillons \u00e0 ce que vos rubans adh\u00e9sifs arrivent en parfait \u00e9tat. En outre, nous proposons des options d'emballage personnalisables qui refl\u00e8tent votre marque, am\u00e9liorant ainsi la pr\u00e9sentation et le professionnalisme de vos produits de marque priv\u00e9e.<\/p>\t\t\t\t\t\t\t\t<\/div>\n\t\t\t\t<\/div>\n\t\t\t\t<\/div>\n\t\t\t\t\t<\/div>\n\t\t\t\t<\/div>\n\t\t<div class=\"elementor-element elementor-element-f73c9fa e-flex e-con-boxed e-con e-parent\" data-id=\"f73c9fa\" data-element_type=\"container\" data-e-type=\"container\">\n\t\t\t\t\t<div class=\"e-con-inner\">\n\t\t<div class=\"elementor-element elementor-element-3b9111c e-con-full e-flex e-con e-child\" data-id=\"3b9111c\" data-element_type=\"container\" data-e-type=\"container\">\n\t\t\t\t<div class=\"elementor-element elementor-element-28652cf elementor-widget elementor-widget-image\" data-id=\"28652cf\" data-element_type=\"widget\" data-e-type=\"widget\" data-widget_type=\"image.default\">\n\t\t\t\t<div class=\"elementor-widget-container\">\n\t\t\t\t\t\t\t\t\t\t\t\t\t\t\t<img loading=\"lazy\" decoding=\"async\" width=\"100\" height=\"100\" src=\"https:\/\/eurobands.com\/wp-content\/uploads\/2024\/04\/4.png\" class=\"attachment-large size-large wp-image-577\" alt=\"\" \/>\t\t\t\t\t\t\t\t\t\t\t\t\t\t\t<\/div>\n\t\t\t\t<\/div>\n\t\t\t\t<\/div>\n\t\t<div class=\"elementor-element elementor-element-bdbe795 e-con-full e-flex e-con e-child\" data-id=\"bdbe795\" data-element_type=\"container\" data-e-type=\"container\">\n\t\t\t\t<div class=\"elementor-element elementor-element-74a67bc elementor-widget elementor-widget-text-editor\" data-id=\"74a67bc\" data-element_type=\"widget\" data-e-type=\"widget\" data-widget_type=\"text-editor.default\">\n\t\t\t\t<div class=\"elementor-widget-container\">\n\t\t\t\t\t\t\t\t\t<p><strong>Empreinte internationale<\/strong> : Eurobands\u00ae faisant partie d'ADDEV Materials, nos impl\u00e9mentations internationales en Europe nous permettent de garantir :<\/p><ul><li>D\u00e9lais de livraison rapides<\/li><li>Proximit\u00e9 avec les sites industriels de nos clients<\/li><li>Une qualit\u00e9 de service \u00e9lev\u00e9e<\/li><\/ul>\t\t\t\t\t\t\t\t<\/div>\n\t\t\t\t<\/div>\n\t\t\t\t<\/div>\n\t\t\t\t\t<\/div>\n\t\t\t\t<\/div>\n\t\t<div class=\"elementor-element elementor-element-553f5a2 e-flex e-con-boxed e-con e-parent\" data-id=\"553f5a2\" data-element_type=\"container\" data-e-type=\"container\">\n\t\t\t\t\t<div class=\"e-con-inner\">\n\t\t<div class=\"elementor-element elementor-element-fca9da2 e-con-full e-flex e-con e-child\" data-id=\"fca9da2\" data-element_type=\"container\" data-e-type=\"container\">\n\t\t\t\t<div class=\"elementor-element elementor-element-0be7fce elementor-align-center elementor-widget elementor-widget-button\" data-id=\"0be7fce\" data-element_type=\"widget\" data-e-type=\"widget\" data-widget_type=\"button.default\">\n\t\t\t\t<div class=\"elementor-widget-container\">\n\t\t\t\t\t\t\t\t\t<div class=\"elementor-button-wrapper\">\n\t\t\t\t\t<a class=\"elementor-button elementor-button-link elementor-size-sm\" href=\"https:\/\/eurobands.com\/fr\/nous-contacter\/\">\n\t\t\t\t\t\t<span class=\"elementor-button-content-wrapper\">\n\t\t\t\t\t\t<span class=\"elementor-button-icon\">\n\t\t\t\t<svg aria-hidden=\"true\" class=\"e-font-icon-svg e-fas-long-arrow-alt-right\" viewbox=\"0 0 448 512\" xmlns=\"http:\/\/www.w3.org\/2000\/svg\"><path d=\"M313.941 216H12c-6.627 0-12 5.373-12 12v56c0 6.627 5.373 12 12 12h301.941v46.059c0 21.382 25.851 32.09 40.971 16.971l86.059-86.059c9.373-9.373 9.373-24.569 0-33.941l-86.059-86.059c-15.119-15.119-40.971-4.411-40.971 16.971V216z\"><\/path><\/svg>\t\t\t<\/span>\n\t\t\t\t\t\t\t\t\t<span class=\"elementor-button-text\">Cr\u00e9ez votre propre label priv\u00e9<\/span>\n\t\t\t\t\t<\/span>\n\t\t\t\t\t<\/a>\n\t\t\t\t<\/div>\n\t\t\t\t\t\t\t\t<\/div>\n\t\t\t\t<\/div>\n\t\t\t\t<\/div>\n\t\t\t\t\t<\/div>\n\t\t\t\t<\/div>\n\t\t\t\t<\/div>","protected":false},"excerpt":{"rendered":"<p>Private label Our private label service empowers your brand to stand out with customized adhesive tape solutions. We help you to select the best tapes for your applications to designing personalized logos and packaging. Consequently, we work closely with you to create products that reflect your unique identity. Let Eurobands\u00ae help you build a cohesive, [&hellip;]<\/p>\n","protected":false},"author":1,"featured_media":189,"parent":0,"menu_order":0,"comment_status":"closed","ping_status":"closed","template":"","meta":{"footnotes":""},"class_list":["post-92","page","type-page","status-publish","has-post-thumbnail","hentry"],"yoast_head":"<!-- This site is optimized with the Yoast SEO plugin v26.1.1 - https:\/\/yoast.com\/wordpress\/plugins\/seo\/ -->\n<title>Private label - Eurobands<\/title>\n<meta name=\"description\" content=\"Create your own branded adhesive tape with Eurobands private label solutions. We help you build a unique product line for your brand.\" \/>\n<meta name=\"robots\" content=\"index, follow, max-snippet:-1, max-image-preview:large, max-video-preview:-1\" \/>\n<link rel=\"canonical\" href=\"https:\/\/eurobands.com\/fr\/marque-privee\/\" \/>\n<meta property=\"og:locale\" content=\"fr_FR\" \/>\n<meta property=\"og:type\" content=\"article\" \/>\n<meta property=\"og:title\" content=\"Private label - Eurobands\" \/>\n<meta property=\"og:description\" content=\"Create your own branded adhesive tape with Eurobands private label solutions. We help you build a unique product line for your brand.\" \/>\n<meta property=\"og:url\" content=\"https:\/\/eurobands.com\/fr\/marque-privee\/\" \/>\n<meta property=\"og:site_name\" content=\"Eurobands\" \/>\n<meta property=\"article:modified_time\" content=\"2024-11-18T14:32:29+00:00\" \/>\n<meta property=\"og:image\" content=\"https:\/\/eurobands.com\/wp-content\/uploads\/2024\/03\/visuel-YOUR-LOGO-2-e1711029783838.jpg\" \/>\n\t<meta property=\"og:image:width\" content=\"500\" \/>\n\t<meta property=\"og:image:height\" content=\"293\" \/>\n\t<meta property=\"og:image:type\" content=\"image\/jpeg\" \/>\n<meta name=\"twitter:card\" content=\"summary_large_image\" \/>\n<meta name=\"twitter:label1\" content=\"Dur\u00e9e de lecture est.\" \/>\n\t<meta name=\"twitter:data1\" content=\"3 minutes\" \/>\n<script type=\"application\/ld+json\" class=\"yoast-schema-graph\">{\"@context\":\"https:\/\/schema.org\",\"@graph\":[{\"@type\":\"WebPage\",\"@id\":\"https:\/\/eurobands.com\/private-label\/\",\"url\":\"https:\/\/eurobands.com\/private-label\/\",\"name\":\"Private label - Eurobands\",\"isPartOf\":{\"@id\":\"https:\/\/eurobands.com\/#website\"},\"primaryImageOfPage\":{\"@id\":\"https:\/\/eurobands.com\/private-label\/#primaryimage\"},\"image\":{\"@id\":\"https:\/\/eurobands.com\/private-label\/#primaryimage\"},\"thumbnailUrl\":\"https:\/\/eurobands.com\/wp-content\/uploads\/2024\/03\/visuel-YOUR-LOGO-2-e1711029783838.jpg\",\"datePublished\":\"2024-03-18T13:34:21+00:00\",\"dateModified\":\"2024-11-18T14:32:29+00:00\",\"description\":\"Create your own branded adhesive tape with Eurobands private label solutions. We help you build a unique product line for your brand.\",\"breadcrumb\":{\"@id\":\"https:\/\/eurobands.com\/private-label\/#breadcrumb\"},\"inLanguage\":\"fr-BE\",\"potentialAction\":[{\"@type\":\"ReadAction\",\"target\":[\"https:\/\/eurobands.com\/private-label\/\"]}]},{\"@type\":\"ImageObject\",\"inLanguage\":\"fr-BE\",\"@id\":\"https:\/\/eurobands.com\/private-label\/#primaryimage\",\"url\":\"https:\/\/eurobands.com\/wp-content\/uploads\/2024\/03\/visuel-YOUR-LOGO-2-e1711029783838.jpg\",\"contentUrl\":\"https:\/\/eurobands.com\/wp-content\/uploads\/2024\/03\/visuel-YOUR-LOGO-2-e1711029783838.jpg\",\"width\":500,\"height\":293,\"caption\":\"Eurobands private label adhesive tapes with custom branding, showcasing personalized printed cores and packaging.\"},{\"@type\":\"BreadcrumbList\",\"@id\":\"https:\/\/eurobands.com\/private-label\/#breadcrumb\",\"itemListElement\":[{\"@type\":\"ListItem\",\"position\":1,\"name\":\"Home\",\"item\":\"https:\/\/eurobands.com\/\"},{\"@type\":\"ListItem\",\"position\":2,\"name\":\"Private label\"}]},{\"@type\":\"WebSite\",\"@id\":\"https:\/\/eurobands.com\/#website\",\"url\":\"https:\/\/eurobands.com\/\",\"name\":\"Eurobands\",\"description\":\"\",\"publisher\":{\"@id\":\"https:\/\/eurobands.com\/#organization\"},\"potentialAction\":[{\"@type\":\"SearchAction\",\"target\":{\"@type\":\"EntryPoint\",\"urlTemplate\":\"https:\/\/eurobands.com\/?s={search_term_string}\"},\"query-input\":{\"@type\":\"PropertyValueSpecification\",\"valueRequired\":true,\"valueName\":\"search_term_string\"}}],\"inLanguage\":\"fr-BE\"},{\"@type\":\"Organization\",\"@id\":\"https:\/\/eurobands.com\/#organization\",\"name\":\"Eurobands\",\"url\":\"https:\/\/eurobands.com\/\",\"logo\":{\"@type\":\"ImageObject\",\"inLanguage\":\"fr-BE\",\"@id\":\"https:\/\/eurobands.com\/#\/schema\/logo\/image\/\",\"url\":\"https:\/\/eurobands.com\/wp-content\/uploads\/2024\/03\/EUROBANDS-LOGO_RGB.png\",\"contentUrl\":\"https:\/\/eurobands.com\/wp-content\/uploads\/2024\/03\/EUROBANDS-LOGO_RGB.png\",\"width\":12098,\"height\":3014,\"caption\":\"Eurobands\"},\"image\":{\"@id\":\"https:\/\/eurobands.com\/#\/schema\/logo\/image\/\"}}]}<\/script>\n<!-- \/ Yoast SEO plugin. -->","yoast_head_json":{"title":"Marque priv\u00e9e - Eurobands","description":"Cr\u00e9ez votre propre marque de ruban adh\u00e9sif avec les solutions de marque priv\u00e9e d'Eurobands. Nous vous aidons \u00e0 cr\u00e9er une ligne de produits unique pour votre marque.","robots":{"index":"index","follow":"follow","max-snippet":"max-snippet:-1","max-image-preview":"max-image-preview:large","max-video-preview":"max-video-preview:-1"},"canonical":"https:\/\/eurobands.com\/fr\/marque-privee\/","og_locale":"fr_FR","og_type":"article","og_title":"Private label - Eurobands","og_description":"Create your own branded adhesive tape with Eurobands private label solutions. We help you build a unique product line for your brand.","og_url":"https:\/\/eurobands.com\/fr\/marque-privee\/","og_site_name":"Eurobands","article_modified_time":"2024-11-18T14:32:29+00:00","og_image":[{"width":500,"height":293,"url":"https:\/\/eurobands.com\/wp-content\/uploads\/2024\/03\/visuel-YOUR-LOGO-2-e1711029783838.jpg","type":"image\/jpeg"}],"twitter_card":"summary_large_image","twitter_misc":{"Dur\u00e9e de lecture est.":"3 minutes"},"schema":{"@context":"https:\/\/schema.org","@graph":[{"@type":"WebPage","@id":"https:\/\/eurobands.com\/private-label\/","url":"https:\/\/eurobands.com\/private-label\/","name":"Marque priv\u00e9e - Eurobands","isPartOf":{"@id":"https:\/\/eurobands.com\/#website"},"primaryImageOfPage":{"@id":"https:\/\/eurobands.com\/private-label\/#primaryimage"},"image":{"@id":"https:\/\/eurobands.com\/private-label\/#primaryimage"},"thumbnailUrl":"https:\/\/eurobands.com\/wp-content\/uploads\/2024\/03\/visuel-YOUR-LOGO-2-e1711029783838.jpg","datePublished":"2024-03-18T13:34:21+00:00","dateModified":"2024-11-18T14:32:29+00:00","description":"Cr\u00e9ez votre propre marque de ruban adh\u00e9sif avec les solutions de marque priv\u00e9e d'Eurobands. Nous vous aidons \u00e0 cr\u00e9er une ligne de produits unique pour votre marque.","breadcrumb":{"@id":"https:\/\/eurobands.com\/private-label\/#breadcrumb"},"inLanguage":"fr-BE","potentialAction":[{"@type":"ReadAction","target":["https:\/\/eurobands.com\/private-label\/"]}]},{"@type":"ImageObject","inLanguage":"fr-BE","@id":"https:\/\/eurobands.com\/private-label\/#primaryimage","url":"https:\/\/eurobands.com\/wp-content\/uploads\/2024\/03\/visuel-YOUR-LOGO-2-e1711029783838.jpg","contentUrl":"https:\/\/eurobands.com\/wp-content\/uploads\/2024\/03\/visuel-YOUR-LOGO-2-e1711029783838.jpg","width":500,"height":293,"caption":"Eurobands private label adhesive tapes with custom branding, showcasing personalized printed cores and packaging."},{"@type":"BreadcrumbList","@id":"https:\/\/eurobands.com\/private-label\/#breadcrumb","itemListElement":[{"@type":"ListItem","position":1,"name":"Home","item":"https:\/\/eurobands.com\/"},{"@type":"ListItem","position":2,"name":"Private label"}]},{"@type":"WebSite","@id":"https:\/\/eurobands.com\/#website","url":"https:\/\/eurobands.com\/","name":"Eurobands","description":"","publisher":{"@id":"https:\/\/eurobands.com\/#organization"},"potentialAction":[{"@type":"SearchAction","target":{"@type":"EntryPoint","urlTemplate":"https:\/\/eurobands.com\/?s={search_term_string}"},"query-input":{"@type":"PropertyValueSpecification","valueRequired":true,"valueName":"search_term_string"}}],"inLanguage":"fr-BE"},{"@type":"Organization","@id":"https:\/\/eurobands.com\/#organization","name":"Eurobands","url":"https:\/\/eurobands.com\/","logo":{"@type":"ImageObject","inLanguage":"fr-BE","@id":"https:\/\/eurobands.com\/#\/schema\/logo\/image\/","url":"https:\/\/eurobands.com\/wp-content\/uploads\/2024\/03\/EUROBANDS-LOGO_RGB.png","contentUrl":"https:\/\/eurobands.com\/wp-content\/uploads\/2024\/03\/EUROBANDS-LOGO_RGB.png","width":12098,"height":3014,"caption":"Eurobands"},"image":{"@id":"https:\/\/eurobands.com\/#\/schema\/logo\/image\/"}}]}},"_links":{"self":[{"href":"https:\/\/eurobands.com\/fr\/wp-json\/wp\/v2\/pages\/92","targetHints":{"allow":["GET"]}}],"collection":[{"href":"https:\/\/eurobands.com\/fr\/wp-json\/wp\/v2\/pages"}],"about":[{"href":"https:\/\/eurobands.com\/fr\/wp-json\/wp\/v2\/types\/page"}],"author":[{"embeddable":true,"href":"https:\/\/eurobands.com\/fr\/wp-json\/wp\/v2\/users\/1"}],"replies":[{"embeddable":true,"href":"https:\/\/eurobands.com\/fr\/wp-json\/wp\/v2\/comments?post=92"}],"version-history":[{"count":75,"href":"https:\/\/eurobands.com\/fr\/wp-json\/wp\/v2\/pages\/92\/revisions"}],"predecessor-version":[{"id":1744,"href":"https:\/\/eurobands.com\/fr\/wp-json\/wp\/v2\/pages\/92\/revisions\/1744"}],"wp:featuredmedia":[{"embeddable":true,"href":"https:\/\/eurobands.com\/fr\/wp-json\/wp\/v2\/media\/189"}],"wp:attachment":[{"href":"https:\/\/eurobands.com\/fr\/wp-json\/wp\/v2\/media?parent=92"}],"curies":[{"name":"wp","href":"https:\/\/api.w.org\/{rel}","templated":true}]}}