{"id":744,"date":"2024-09-18T10:56:48","date_gmt":"2024-09-18T10:56:48","guid":{"rendered":"https:\/\/eurobands.com\/?page_id=744"},"modified":"2024-11-15T15:18:23","modified_gmt":"2024-11-15T15:18:23","slug":"electronique","status":"publish","type":"page","link":"https:\/\/eurobands.com\/fr\/electronics\/","title":{"rendered":"\u00c9lectronique"},"content":{"rendered":"<div data-elementor-type=\"wp-page\" data-elementor-id=\"744\" class=\"elementor elementor-744\" data-elementor-post-type=\"page\">\n\t\t\t\t\t\t<section class=\"elementor-section elementor-top-section elementor-element elementor-element-4ecfc1ea elementor-section-boxed elementor-section-height-default elementor-section-height-default\" data-id=\"4ecfc1ea\" data-element_type=\"section\" data-e-type=\"section\" data-settings=\"{&quot;background_background&quot;:&quot;classic&quot;}\">\n\t\t\t\t\t\t\t<div class=\"elementor-background-overlay\"><\/div>\n\t\t\t\t\t\t\t<div class=\"elementor-container elementor-column-gap-default\">\n\t\t\t\t\t<div class=\"elementor-column elementor-col-100 elementor-top-column elementor-element elementor-element-1d6d794d\" data-id=\"1d6d794d\" data-element_type=\"column\" data-e-type=\"column\">\n\t\t\t<div class=\"elementor-widget-wrap elementor-element-populated\">\n\t\t\t\t\t\t<div class=\"elementor-element elementor-element-4f33d17e elementor-widget elementor-widget-heading\" data-id=\"4f33d17e\" data-element_type=\"widget\" data-e-type=\"widget\" data-widget_type=\"heading.default\">\n\t\t\t\t<div class=\"elementor-widget-container\">\n\t\t\t\t\t<h1 class=\"elementor-heading-title elementor-size-default\">Rubans adh\u00e9sifs pour l'\u00e9lectronique<\/h1>\t\t\t\t<\/div>\n\t\t\t\t<\/div>\n\t\t\t\t<div class=\"elementor-element elementor-element-8fa24ce elementor-widget elementor-widget-text-editor\" data-id=\"8fa24ce\" data-element_type=\"widget\" data-e-type=\"widget\" data-widget_type=\"text-editor.default\">\n\t\t\t\t<div class=\"elementor-widget-container\">\n\t\t\t\t\t\t\t\t\t<p>Dans le secteur de l'\u00e9lectronique, la pr\u00e9cision et la fiabilit\u00e9 des mat\u00e9riaux sont primordiales pour garantir des performances optimales et une protection durable. Nos rubans adh\u00e9sifs pour l'\u00e9lectronique sont sp\u00e9cialement con\u00e7us pour r\u00e9pondre aux exigences sp\u00e9cifiques des composants \u00e9lectroniques, offrant des solutions pour l'assemblage, l'isolation et la protection contre les influences environnementales telles que l'humidit\u00e9 et les temp\u00e9ratures extr\u00eames. Adapt\u00e9s aux besoins de fabrication et de r\u00e9paration, nos rubans offrent une adh\u00e9sion pr\u00e9cise tout en pr\u00e9servant l'int\u00e9grit\u00e9 des circuits et des appareils \u00e9lectroniques.<\/p>\t\t\t\t\t\t\t\t<\/div>\n\t\t\t\t<\/div>\n\t\t\t\t\t<\/div>\n\t\t<\/div>\n\t\t\t\t\t<\/div>\n\t\t<\/section>\n\t\t<div class=\"elementor-element elementor-element-65052d8 e-flex e-con-boxed e-con e-parent\" data-id=\"65052d8\" data-element_type=\"container\" data-e-type=\"container\">\n\t\t\t\t\t<div class=\"e-con-inner\">\n\t\t\t\t<div class=\"elementor-element elementor-element-8a16a27 elementor-widget elementor-widget-menu-anchor\" data-id=\"8a16a27\" data-element_type=\"widget\" data-e-type=\"widget\" data-widget_type=\"menu-anchor.default\">\n\t\t\t\t<div class=\"elementor-widget-container\">\n\t\t\t\t\t\t\t<div class=\"elementor-menu-anchor\" id=\"masking\"><\/div>\n\t\t\t\t\t\t<\/div>\n\t\t\t\t<\/div>\n\t\t\t\t\t<\/div>\n\t\t\t\t<\/div>\n\t\t<div class=\"elementor-element elementor-element-e322dd5 e-flex e-con-boxed e-con e-parent\" data-id=\"e322dd5\" data-element_type=\"container\" data-e-type=\"container\">\n\t\t\t\t\t<div class=\"e-con-inner\">\n\t\t<div class=\"elementor-element elementor-element-bc51fff e-con-full e-flex e-con e-child\" data-id=\"bc51fff\" data-element_type=\"container\" data-e-type=\"container\">\n\t\t\t\t<div class=\"elementor-element elementor-element-b9ffecc elementor-widget elementor-widget-image\" data-id=\"b9ffecc\" data-element_type=\"widget\" data-e-type=\"widget\" data-widget_type=\"image.default\">\n\t\t\t\t<div class=\"elementor-widget-container\">\n\t\t\t\t\t\t\t\t\t\t\t\t\t\t\t<img fetchpriority=\"high\" decoding=\"async\" width=\"500\" height=\"334\" src=\"https:\/\/eurobands.com\/wp-content\/uploads\/2024\/03\/2010.jpg\" class=\"attachment-large size-large wp-image-196\" alt=\"Deux mains enroulent soigneusement du ruban isolant \u00e9lectrique autour des c\u00e2bles pour assurer la s\u00e9curit\u00e9.\" srcset=\"https:\/\/eurobands.com\/wp-content\/uploads\/2024\/03\/2010.jpg 500w, https:\/\/eurobands.com\/wp-content\/uploads\/2024\/03\/2010-300x200.jpg 300w\" sizes=\"(max-width: 500px) 100vw, 500px\" \/>\t\t\t\t\t\t\t\t\t\t\t\t\t\t\t<\/div>\n\t\t\t\t<\/div>\n\t\t\t\t<\/div>\n\t\t<div class=\"elementor-element elementor-element-82f85c0 e-con-full e-flex e-con e-child\" data-id=\"82f85c0\" data-element_type=\"container\" data-e-type=\"container\">\n\t\t\t\t<div class=\"elementor-element elementor-element-2659828 elementor-widget elementor-widget-heading\" data-id=\"2659828\" data-element_type=\"widget\" data-e-type=\"widget\" data-widget_type=\"heading.default\">\n\t\t\t\t<div class=\"elementor-widget-container\">\n\t\t\t\t\t<h2 class=\"elementor-heading-title elementor-size-default\">Rubans adh\u00e9sifs d'isolation \u00e9lectrique pour l'\u00e9lectronique<\/h2>\t\t\t\t<\/div>\n\t\t\t\t<\/div>\n\t\t\t\t<div class=\"elementor-element elementor-element-41d427a elementor-widget elementor-widget-text-editor\" data-id=\"41d427a\" data-element_type=\"widget\" data-e-type=\"widget\" data-widget_type=\"text-editor.default\">\n\t\t\t\t<div class=\"elementor-widget-container\">\n\t\t\t\t\t\t\t\t\t<p>Le ruban d'isolation \u00e9lectrique est un \u00e9l\u00e9ment essentiel dans le domaine de l'\u00e9lectronique, garantissant la s\u00e9curit\u00e9 et la protection des circuits et des composants \u00e9lectriques sensibles. Faisant partie de nos rubans adh\u00e9sifs pour l'\u00e9lectronique, il est con\u00e7u pour isoler efficacement les fils et les connexions, \u00e9vitant ainsi les courts-circuits, les chocs \u00e9lectriques et les dommages caus\u00e9s par l'humidit\u00e9 ou les variations de temp\u00e9rature. R\u00e9sistant aux environnements difficiles, il garantit des performances durables dans les appareils \u00e9lectroniques complexes et offre une application facile et fiable pour les techniciens et les ing\u00e9nieurs. Un choix essentiel pour prot\u00e9ger et prolonger la dur\u00e9e de vie des \u00e9quipements \u00e9lectroniques.<\/p>\t\t\t\t\t\t\t\t<\/div>\n\t\t\t\t<\/div>\n\t\t\t\t<div class=\"elementor-element elementor-element-a242fa7 elementor-align-center elementor-widget elementor-widget-button\" data-id=\"a242fa7\" data-element_type=\"widget\" data-e-type=\"widget\" data-widget_type=\"button.default\">\n\t\t\t\t<div class=\"elementor-widget-container\">\n\t\t\t\t\t\t\t\t\t<div class=\"elementor-button-wrapper\">\n\t\t\t\t\t<a class=\"elementor-button elementor-button-link elementor-size-sm\" href=\"https:\/\/eurobands.com\/fr\/isolation-electrique\/\">\n\t\t\t\t\t\t<span class=\"elementor-button-content-wrapper\">\n\t\t\t\t\t\t\t\t\t<span class=\"elementor-button-text\">Voir les produits<\/span>\n\t\t\t\t\t<\/span>\n\t\t\t\t\t<\/a>\n\t\t\t\t<\/div>\n\t\t\t\t\t\t\t\t<\/div>\n\t\t\t\t<\/div>\n\t\t\t\t<\/div>\n\t\t\t\t\t<\/div>\n\t\t\t\t<\/div>\n\t\t<div class=\"elementor-element elementor-element-53be70b e-flex e-con-boxed e-con e-parent\" data-id=\"53be70b\" data-element_type=\"container\" data-e-type=\"container\">\n\t\t\t\t\t<div class=\"e-con-inner\">\n\t\t<div class=\"elementor-element elementor-element-7af3152 e-con-full e-flex e-con e-child\" data-id=\"7af3152\" data-element_type=\"container\" data-e-type=\"container\">\n\t\t\t\t<div class=\"elementor-element elementor-element-6b70f3b elementor-widget elementor-widget-heading\" data-id=\"6b70f3b\" data-element_type=\"widget\" data-e-type=\"widget\" data-widget_type=\"heading.default\">\n\t\t\t\t<div class=\"elementor-widget-container\">\n\t\t\t\t\t<h2 class=\"elementor-heading-title elementor-size-default\">Vous avez une question ?<\/h2>\t\t\t\t<\/div>\n\t\t\t\t<\/div>\n\t\t\t\t<\/div>\n\t\t\t\t<div class=\"elementor-element elementor-element-2b2713f elementor-widget elementor-widget-text-editor\" data-id=\"2b2713f\" data-element_type=\"widget\" data-e-type=\"widget\" data-widget_type=\"text-editor.default\">\n\t\t\t\t<div class=\"elementor-widget-container\">\n\t\t\t\t\t\t\t\t\t<p>Vous souhaitez parler \u00e0 nos experts ? Vous avez des questions \u00e0 poser ? Vous souhaitez recevoir un \u00e9chantillon ?<\/p>\t\t\t\t\t\t\t\t<\/div>\n\t\t\t\t<\/div>\n\t\t\t\t<div class=\"elementor-element elementor-element-1b5ded1 elementor-align-center elementor-widget elementor-widget-button\" data-id=\"1b5ded1\" data-element_type=\"widget\" data-e-type=\"widget\" data-widget_type=\"button.default\">\n\t\t\t\t<div class=\"elementor-widget-container\">\n\t\t\t\t\t\t\t\t\t<div class=\"elementor-button-wrapper\">\n\t\t\t\t\t<a class=\"elementor-button elementor-button-link elementor-size-sm\" href=\"#\">\n\t\t\t\t\t\t<span class=\"elementor-button-content-wrapper\">\n\t\t\t\t\t\t\t\t\t<span class=\"elementor-button-text\">Cliquez ici pour contacter un expert<\/span>\n\t\t\t\t\t<\/span>\n\t\t\t\t\t<\/a>\n\t\t\t\t<\/div>\n\t\t\t\t\t\t\t\t<\/div>\n\t\t\t\t<\/div>\n\t\t\t\t<div class=\"elementor-element elementor-element-3127b81 elementor-widget-divider--view-line elementor-widget elementor-widget-divider\" data-id=\"3127b81\" data-element_type=\"widget\" data-e-type=\"widget\" data-widget_type=\"divider.default\">\n\t\t\t\t<div class=\"elementor-widget-container\">\n\t\t\t\t\t\t\t<div class=\"elementor-divider\">\n\t\t\t<span class=\"elementor-divider-separator\">\n\t\t\t\t\t\t<\/span>\n\t\t<\/div>\n\t\t\t\t\t\t<\/div>\n\t\t\t\t<\/div>\n\t\t\t\t<div class=\"elementor-element elementor-element-884af64 elementor-widget-divider--view-line elementor-widget elementor-widget-divider\" data-id=\"884af64\" data-element_type=\"widget\" data-e-type=\"widget\" data-widget_type=\"divider.default\">\n\t\t\t\t<div class=\"elementor-widget-container\">\n\t\t\t\t\t\t\t<div class=\"elementor-divider\">\n\t\t\t<span class=\"elementor-divider-separator\">\n\t\t\t\t\t\t<\/span>\n\t\t<\/div>\n\t\t\t\t\t\t<\/div>\n\t\t\t\t<\/div>\n\t\t\t\t\t<\/div>\n\t\t\t\t<\/div>\n\t\t<div class=\"elementor-element elementor-element-5802d4e e-flex e-con-boxed e-con e-parent\" data-id=\"5802d4e\" data-element_type=\"container\" data-e-type=\"container\">\n\t\t\t\t\t<div class=\"e-con-inner\">\n\t\t\t\t<div class=\"elementor-element elementor-element-5bee7f0 elementor-widget elementor-widget-heading\" data-id=\"5bee7f0\" data-element_type=\"widget\" data-e-type=\"widget\" data-widget_type=\"heading.default\">\n\t\t\t\t<div class=\"elementor-widget-container\">\n\t\t\t\t\t<h2 class=\"elementor-heading-title elementor-size-default\">FAQ - Rubans adh\u00e9sifs pour l'\u00e9lectronique<\/h2>\t\t\t\t<\/div>\n\t\t\t\t<\/div>\n\t\t\t\t<div class=\"elementor-element elementor-element-b1f0cd2 elementor-widget elementor-widget-toggle\" data-id=\"b1f0cd2\" data-element_type=\"widget\" data-e-type=\"widget\" data-widget_type=\"toggle.default\">\n\t\t\t\t<div class=\"elementor-widget-container\">\n\t\t\t\t\t\t\t<div class=\"elementor-toggle\">\n\t\t\t\t\t\t\t<div class=\"elementor-toggle-item\">\n\t\t\t\t\t<div id=\"elementor-tab-title-1861\" class=\"elementor-tab-title\" data-tab=\"1\" role=\"button\" aria-controls=\"elementor-tab-content-1861\" aria-expanded=\"false\">\n\t\t\t\t\t\t\t\t\t\t\t\t<span class=\"elementor-toggle-icon elementor-toggle-icon-left\" aria-hidden=\"true\">\n\t\t\t\t\t\t\t\t\t\t\t\t\t\t\t<span class=\"elementor-toggle-icon-closed\"><svg class=\"e-font-icon-svg e-fas-caret-right\" viewbox=\"0 0 192 512\" xmlns=\"http:\/\/www.w3.org\/2000\/svg\"><path d=\"M0 384.662V127.338c0-17.818 21.543-26.741 34.142-14.142l128.662 128.662c7.81 7.81 7.81 20.474 0 28.284L34.142 398.804C21.543 411.404 0 402.48 0 384.662z\"><\/path><\/svg><\/span>\n\t\t\t\t\t\t\t\t<span class=\"elementor-toggle-icon-opened\"><svg class=\"elementor-toggle-icon-opened e-font-icon-svg e-fas-caret-up\" viewbox=\"0 0 320 512\" xmlns=\"http:\/\/www.w3.org\/2000\/svg\"><path d=\"M288.662 352H31.338c-17.818 0-26.741-21.543-14.142-34.142l128.662-128.662c7.81-7.81 20.474-7.81 28.284 0l128.662 128.662c12.6 12.599 3.676 34.142-14.142 34.142z\"><\/path><\/svg><\/span>\n\t\t\t\t\t\t\t\t\t\t\t\t\t<\/span>\n\t\t\t\t\t\t\t\t\t\t\t\t<a class=\"elementor-toggle-title\" tabindex=\"0\">Quel ruban adh\u00e9sif puis-je utiliser pour l'\u00e9lectronique ?<\/a>\n\t\t\t\t\t<\/div>\n\n\t\t\t\t\t<div id=\"elementor-tab-content-1861\" class=\"elementor-tab-content elementor-clearfix\" data-tab=\"1\" role=\"region\" aria-labelledby=\"elementor-tab-title-1861\"><p>Pour les applications \u00e9lectroniques, le <strong>Ruban d'isolation \u00e9lectrique<\/strong> est le ruban le plus couramment utilis\u00e9. Il est con\u00e7u pour isoler et prot\u00e9ger les c\u00e2blages et les composants \u00e9lectroniques contre les courts-circuits, les d\u00e9charges \u00e9lectriques et l'humidit\u00e9. Il r\u00e9siste \u00e9galement \u00e0 la chaleur, ce qui le rend id\u00e9al pour les circuits expos\u00e9s \u00e0 des temp\u00e9ratures \u00e9lev\u00e9es. Pour des t\u00e2ches sp\u00e9cifiques comme la fixation de composants, le <strong>Ruban de Kapton<\/strong> (un ruban en polyimide) est souvent utilis\u00e9 dans l'\u00e9lectronique pour sa r\u00e9sistance \u00e0 la chaleur et son adh\u00e9rence \u00e0 long terme.<\/p><\/div>\n\t\t\t\t<\/div>\n\t\t\t\t\t\t\t<div class=\"elementor-toggle-item\">\n\t\t\t\t\t<div id=\"elementor-tab-title-1862\" class=\"elementor-tab-title\" data-tab=\"2\" role=\"button\" aria-controls=\"elementor-tab-content-1862\" aria-expanded=\"false\">\n\t\t\t\t\t\t\t\t\t\t\t\t<span class=\"elementor-toggle-icon elementor-toggle-icon-left\" aria-hidden=\"true\">\n\t\t\t\t\t\t\t\t\t\t\t\t\t\t\t<span class=\"elementor-toggle-icon-closed\"><svg class=\"e-font-icon-svg e-fas-caret-right\" viewbox=\"0 0 192 512\" xmlns=\"http:\/\/www.w3.org\/2000\/svg\"><path d=\"M0 384.662V127.338c0-17.818 21.543-26.741 34.142-14.142l128.662 128.662c7.81 7.81 7.81 20.474 0 28.284L34.142 398.804C21.543 411.404 0 402.48 0 384.662z\"><\/path><\/svg><\/span>\n\t\t\t\t\t\t\t\t<span class=\"elementor-toggle-icon-opened\"><svg class=\"elementor-toggle-icon-opened e-font-icon-svg e-fas-caret-up\" viewbox=\"0 0 320 512\" xmlns=\"http:\/\/www.w3.org\/2000\/svg\"><path d=\"M288.662 352H31.338c-17.818 0-26.741-21.543-14.142-34.142l128.662-128.662c7.81-7.81 20.474-7.81 28.284 0l128.662 128.662c12.6 12.599 3.676 34.142-14.142 34.142z\"><\/path><\/svg><\/span>\n\t\t\t\t\t\t\t\t\t\t\t\t\t<\/span>\n\t\t\t\t\t\t\t\t\t\t\t\t<a class=\"elementor-toggle-title\" tabindex=\"0\">Le ruban adh\u00e9sif est-il identique au ruban \u00e9lectrique ?<\/a>\n\t\t\t\t\t<\/div>\n\n\t\t\t\t\t<div id=\"elementor-tab-content-1862\" class=\"elementor-tab-content elementor-clearfix\" data-tab=\"2\" role=\"region\" aria-labelledby=\"elementor-tab-title-1862\"><p>Non, le ruban adh\u00e9sif et le ruban d'isolation \u00e9lectrique ne sont pas la m\u00eame chose. Le ruban adh\u00e9sif est un terme g\u00e9n\u00e9ral qui englobe de nombreux types de rubans con\u00e7us pour diverses t\u00e2ches, telles que l'assemblage, l'emballage ou la fixation. Le ruban isolant \u00e9lectrique, quant \u00e0 lui, est sp\u00e9cialement con\u00e7u pour isoler les c\u00e2bles et les composants \u00e9lectriques. Il est fabriqu\u00e9 \u00e0 partir de mat\u00e9riaux r\u00e9sistants aux temp\u00e9ratures \u00e9lev\u00e9es et \u00e0 l'humidit\u00e9 afin de garantir la s\u00e9curit\u00e9 des installations \u00e9lectriques.<\/p><\/div>\n\t\t\t\t<\/div>\n\t\t\t\t\t\t\t<div class=\"elementor-toggle-item\">\n\t\t\t\t\t<div id=\"elementor-tab-title-1863\" class=\"elementor-tab-title\" data-tab=\"3\" role=\"button\" aria-controls=\"elementor-tab-content-1863\" aria-expanded=\"false\">\n\t\t\t\t\t\t\t\t\t\t\t\t<span class=\"elementor-toggle-icon elementor-toggle-icon-left\" aria-hidden=\"true\">\n\t\t\t\t\t\t\t\t\t\t\t\t\t\t\t<span class=\"elementor-toggle-icon-closed\"><svg class=\"e-font-icon-svg e-fas-caret-right\" viewbox=\"0 0 192 512\" xmlns=\"http:\/\/www.w3.org\/2000\/svg\"><path d=\"M0 384.662V127.338c0-17.818 21.543-26.741 34.142-14.142l128.662 128.662c7.81 7.81 7.81 20.474 0 28.284L34.142 398.804C21.543 411.404 0 402.48 0 384.662z\"><\/path><\/svg><\/span>\n\t\t\t\t\t\t\t\t<span class=\"elementor-toggle-icon-opened\"><svg class=\"elementor-toggle-icon-opened e-font-icon-svg e-fas-caret-up\" viewbox=\"0 0 320 512\" xmlns=\"http:\/\/www.w3.org\/2000\/svg\"><path d=\"M288.662 352H31.338c-17.818 0-26.741-21.543-14.142-34.142l128.662-128.662c7.81-7.81 20.474-7.81 28.284 0l128.662 128.662c12.6 12.599 3.676 34.142-14.142 34.142z\"><\/path><\/svg><\/span>\n\t\t\t\t\t\t\t\t\t\t\t\t\t<\/span>\n\t\t\t\t\t\t\t\t\t\t\t\t<a class=\"elementor-toggle-title\" tabindex=\"0\">Le ruban adh\u00e9sif est-il sans danger pour l'\u00e9lectronique ?<\/a>\n\t\t\t\t\t<\/div>\n\n\t\t\t\t\t<div id=\"elementor-tab-content-1863\" class=\"elementor-tab-content elementor-clearfix\" data-tab=\"3\" role=\"region\" aria-labelledby=\"elementor-tab-title-1863\"><p>Le ruban de masquage n'est g\u00e9n\u00e9ralement pas recommand\u00e9 pour les applications \u00e9lectroniques, car il n'offre pas une isolation fiable contre les d\u00e9charges \u00e9lectriques et la chaleur. En outre, le ruban de masquage peut laisser des r\u00e9sidus d'adh\u00e9sif s'il est expos\u00e9 \u00e0 des temp\u00e9ratures \u00e9lev\u00e9es ou \u00e0 l'humidit\u00e9, ce qui pourrait endommager les composants \u00e9lectroniques. Il est pr\u00e9f\u00e9rable d'utiliser du ruban d'isolation \u00e9lectrique ou du ruban sp\u00e9cialement con\u00e7u pour les applications \u00e9lectroniques afin de garantir la s\u00e9curit\u00e9 et la protection des circuits.<\/p><\/div>\n\t\t\t\t<\/div>\n\t\t\t\t\t\t\t\t<\/div>\n\t\t\t\t\t\t<\/div>\n\t\t\t\t<\/div>\n\t\t\t\t\t<\/div>\n\t\t\t\t<\/div>\n\t\t\t\t<\/div>","protected":false},"excerpt":{"rendered":"<p>Adhesive tapes for electronics In the electronics sector, precision and reliability of materials are paramount to ensure optimum performance and long-lasting protection. Our adhesive tapes for electronics are specially designed to meet the specific requirements of electronic components, offering solutions for assembly, insulation, and protection against environmental influences such as humidity and extreme temperatures. Adapted [&hellip;]<\/p>\n","protected":false},"author":2,"featured_media":0,"parent":0,"menu_order":0,"comment_status":"closed","ping_status":"closed","template":"","meta":{"footnotes":""},"class_list":["post-744","page","type-page","status-publish","hentry"],"yoast_head":"<!-- This site is optimized with the Yoast SEO plugin v26.1.1 - https:\/\/yoast.com\/wordpress\/plugins\/seo\/ -->\n<title>Adhesive tapes for electronics - Eurobands<\/title>\n<meta name=\"description\" content=\"Explore Eurobands adhesive tapes for electronics, offering solutions for bonding, insulating, and protecting electronic components.\" \/>\n<meta name=\"robots\" content=\"index, follow, max-snippet:-1, max-image-preview:large, max-video-preview:-1\" \/>\n<link rel=\"canonical\" href=\"https:\/\/eurobands.com\/fr\/electronique\/\" \/>\n<meta property=\"og:locale\" content=\"fr_FR\" \/>\n<meta property=\"og:type\" content=\"article\" \/>\n<meta property=\"og:title\" content=\"Adhesive tapes for electronics - Eurobands\" \/>\n<meta property=\"og:description\" content=\"Explore Eurobands adhesive tapes for electronics, offering solutions for bonding, insulating, and protecting electronic components.\" \/>\n<meta property=\"og:url\" content=\"https:\/\/eurobands.com\/fr\/electronique\/\" \/>\n<meta property=\"og:site_name\" content=\"Eurobands\" \/>\n<meta property=\"article:modified_time\" content=\"2024-11-15T15:18:23+00:00\" \/>\n<meta property=\"og:image\" content=\"https:\/\/eurobands.com\/wp-content\/uploads\/2024\/03\/2010.jpg\" \/>\n<meta name=\"twitter:card\" content=\"summary_large_image\" \/>\n<meta name=\"twitter:label1\" content=\"Dur\u00e9e de lecture est.\" \/>\n\t<meta name=\"twitter:data1\" content=\"3 minutes\" \/>\n<script type=\"application\/ld+json\" class=\"yoast-schema-graph\">{\"@context\":\"https:\/\/schema.org\",\"@graph\":[{\"@type\":\"WebPage\",\"@id\":\"https:\/\/eurobands.com\/electronics\/\",\"url\":\"https:\/\/eurobands.com\/electronics\/\",\"name\":\"Adhesive tapes for electronics - Eurobands\",\"isPartOf\":{\"@id\":\"https:\/\/eurobands.com\/#website\"},\"primaryImageOfPage\":{\"@id\":\"https:\/\/eurobands.com\/electronics\/#primaryimage\"},\"image\":{\"@id\":\"https:\/\/eurobands.com\/electronics\/#primaryimage\"},\"thumbnailUrl\":\"https:\/\/eurobands.com\/wp-content\/uploads\/2024\/03\/2010.jpg\",\"datePublished\":\"2024-09-18T10:56:48+00:00\",\"dateModified\":\"2024-11-15T15:18:23+00:00\",\"description\":\"Explore Eurobands adhesive tapes for electronics, offering solutions for bonding, insulating, and protecting electronic components.\",\"breadcrumb\":{\"@id\":\"https:\/\/eurobands.com\/electronics\/#breadcrumb\"},\"inLanguage\":\"fr-BE\",\"potentialAction\":[{\"@type\":\"ReadAction\",\"target\":[\"https:\/\/eurobands.com\/electronics\/\"]}]},{\"@type\":\"ImageObject\",\"inLanguage\":\"fr-BE\",\"@id\":\"https:\/\/eurobands.com\/electronics\/#primaryimage\",\"url\":\"https:\/\/eurobands.com\/wp-content\/uploads\/2024\/03\/2010.jpg\",\"contentUrl\":\"https:\/\/eurobands.com\/wp-content\/uploads\/2024\/03\/2010.jpg\"},{\"@type\":\"BreadcrumbList\",\"@id\":\"https:\/\/eurobands.com\/electronics\/#breadcrumb\",\"itemListElement\":[{\"@type\":\"ListItem\",\"position\":1,\"name\":\"Home\",\"item\":\"https:\/\/eurobands.com\/\"},{\"@type\":\"ListItem\",\"position\":2,\"name\":\"Electronics\"}]},{\"@type\":\"WebSite\",\"@id\":\"https:\/\/eurobands.com\/#website\",\"url\":\"https:\/\/eurobands.com\/\",\"name\":\"Eurobands\",\"description\":\"\",\"publisher\":{\"@id\":\"https:\/\/eurobands.com\/#organization\"},\"potentialAction\":[{\"@type\":\"SearchAction\",\"target\":{\"@type\":\"EntryPoint\",\"urlTemplate\":\"https:\/\/eurobands.com\/?s={search_term_string}\"},\"query-input\":{\"@type\":\"PropertyValueSpecification\",\"valueRequired\":true,\"valueName\":\"search_term_string\"}}],\"inLanguage\":\"fr-BE\"},{\"@type\":\"Organization\",\"@id\":\"https:\/\/eurobands.com\/#organization\",\"name\":\"Eurobands\",\"url\":\"https:\/\/eurobands.com\/\",\"logo\":{\"@type\":\"ImageObject\",\"inLanguage\":\"fr-BE\",\"@id\":\"https:\/\/eurobands.com\/#\/schema\/logo\/image\/\",\"url\":\"https:\/\/eurobands.com\/wp-content\/uploads\/2024\/03\/EUROBANDS-LOGO_RGB.png\",\"contentUrl\":\"https:\/\/eurobands.com\/wp-content\/uploads\/2024\/03\/EUROBANDS-LOGO_RGB.png\",\"width\":12098,\"height\":3014,\"caption\":\"Eurobands\"},\"image\":{\"@id\":\"https:\/\/eurobands.com\/#\/schema\/logo\/image\/\"}}]}<\/script>\n<!-- \/ Yoast SEO plugin. -->","yoast_head_json":{"title":"Rubans adh\u00e9sifs pour l'\u00e9lectronique - Eurobands","description":"D\u00e9couvrez les rubans adh\u00e9sifs Eurobands pour l'\u00e9lectronique, qui offrent des solutions pour le collage, l'isolation et la protection des composants \u00e9lectroniques.","robots":{"index":"index","follow":"follow","max-snippet":"max-snippet:-1","max-image-preview":"max-image-preview:large","max-video-preview":"max-video-preview:-1"},"canonical":"https:\/\/eurobands.com\/fr\/electronique\/","og_locale":"fr_FR","og_type":"article","og_title":"Adhesive tapes for electronics - Eurobands","og_description":"Explore Eurobands adhesive tapes for electronics, offering solutions for bonding, insulating, and protecting electronic components.","og_url":"https:\/\/eurobands.com\/fr\/electronique\/","og_site_name":"Eurobands","article_modified_time":"2024-11-15T15:18:23+00:00","og_image":[{"url":"https:\/\/eurobands.com\/wp-content\/uploads\/2024\/03\/2010.jpg","type":"","width":"","height":""}],"twitter_card":"summary_large_image","twitter_misc":{"Dur\u00e9e de lecture est.":"3 minutes"},"schema":{"@context":"https:\/\/schema.org","@graph":[{"@type":"WebPage","@id":"https:\/\/eurobands.com\/electronics\/","url":"https:\/\/eurobands.com\/electronics\/","name":"Rubans adh\u00e9sifs pour l'\u00e9lectronique - Eurobands","isPartOf":{"@id":"https:\/\/eurobands.com\/#website"},"primaryImageOfPage":{"@id":"https:\/\/eurobands.com\/electronics\/#primaryimage"},"image":{"@id":"https:\/\/eurobands.com\/electronics\/#primaryimage"},"thumbnailUrl":"https:\/\/eurobands.com\/wp-content\/uploads\/2024\/03\/2010.jpg","datePublished":"2024-09-18T10:56:48+00:00","dateModified":"2024-11-15T15:18:23+00:00","description":"D\u00e9couvrez les rubans adh\u00e9sifs Eurobands pour l'\u00e9lectronique, qui offrent des solutions pour le collage, l'isolation et la protection des composants \u00e9lectroniques.","breadcrumb":{"@id":"https:\/\/eurobands.com\/electronics\/#breadcrumb"},"inLanguage":"fr-BE","potentialAction":[{"@type":"ReadAction","target":["https:\/\/eurobands.com\/electronics\/"]}]},{"@type":"ImageObject","inLanguage":"fr-BE","@id":"https:\/\/eurobands.com\/electronics\/#primaryimage","url":"https:\/\/eurobands.com\/wp-content\/uploads\/2024\/03\/2010.jpg","contentUrl":"https:\/\/eurobands.com\/wp-content\/uploads\/2024\/03\/2010.jpg"},{"@type":"BreadcrumbList","@id":"https:\/\/eurobands.com\/electronics\/#breadcrumb","itemListElement":[{"@type":"ListItem","position":1,"name":"Home","item":"https:\/\/eurobands.com\/"},{"@type":"ListItem","position":2,"name":"Electronics"}]},{"@type":"WebSite","@id":"https:\/\/eurobands.com\/#website","url":"https:\/\/eurobands.com\/","name":"Eurobands","description":"","publisher":{"@id":"https:\/\/eurobands.com\/#organization"},"potentialAction":[{"@type":"SearchAction","target":{"@type":"EntryPoint","urlTemplate":"https:\/\/eurobands.com\/?s={search_term_string}"},"query-input":{"@type":"PropertyValueSpecification","valueRequired":true,"valueName":"search_term_string"}}],"inLanguage":"fr-BE"},{"@type":"Organization","@id":"https:\/\/eurobands.com\/#organization","name":"Eurobands","url":"https:\/\/eurobands.com\/","logo":{"@type":"ImageObject","inLanguage":"fr-BE","@id":"https:\/\/eurobands.com\/#\/schema\/logo\/image\/","url":"https:\/\/eurobands.com\/wp-content\/uploads\/2024\/03\/EUROBANDS-LOGO_RGB.png","contentUrl":"https:\/\/eurobands.com\/wp-content\/uploads\/2024\/03\/EUROBANDS-LOGO_RGB.png","width":12098,"height":3014,"caption":"Eurobands"},"image":{"@id":"https:\/\/eurobands.com\/#\/schema\/logo\/image\/"}}]}},"_links":{"self":[{"href":"https:\/\/eurobands.com\/fr\/wp-json\/wp\/v2\/pages\/744","targetHints":{"allow":["GET"]}}],"collection":[{"href":"https:\/\/eurobands.com\/fr\/wp-json\/wp\/v2\/pages"}],"about":[{"href":"https:\/\/eurobands.com\/fr\/wp-json\/wp\/v2\/types\/page"}],"author":[{"embeddable":true,"href":"https:\/\/eurobands.com\/fr\/wp-json\/wp\/v2\/users\/2"}],"replies":[{"embeddable":true,"href":"https:\/\/eurobands.com\/fr\/wp-json\/wp\/v2\/comments?post=744"}],"version-history":[{"count":23,"href":"https:\/\/eurobands.com\/fr\/wp-json\/wp\/v2\/pages\/744\/revisions"}],"predecessor-version":[{"id":1688,"href":"https:\/\/eurobands.com\/fr\/wp-json\/wp\/v2\/pages\/744\/revisions\/1688"}],"wp:attachment":[{"href":"https:\/\/eurobands.com\/fr\/wp-json\/wp\/v2\/media?parent=744"}],"curies":[{"name":"wp","href":"https:\/\/api.w.org\/{rel}","templated":true}]}}